{"id":8680,"date":"2024-10-18T09:59:13","date_gmt":"2024-10-18T09:59:13","guid":{"rendered":"https:\/\/www.board.com\/cloud\/"},"modified":"2025-02-26T20:28:00","modified_gmt":"2025-02-26T20:28:00","slug":"cloud-or-premise","status":"publish","type":"page","link":"https:\/\/wwwstg.board.com\/it\/cloud-or-premise","title":{"rendered":"Cloud o On Premise"},"content":{"rendered":"\t<section id=\"block_d43d6e4411de0fc63f29122eefda905f-\" class=\"block block--spc columns-block block-hero-bubble grid grid--2\">\n\t\t<div class=\"breadcrumb-bar bg-brand-pearl\">\n\t\t\t<div class=\"container\">\n\t\t\t\t\t\t\t\t\t\t\t<nav aria-label=\"Breadcrumb\" class=\"d-flex flex-wrap list-unstyled mb-0 breadcrumbs\"><ol class=\"d-flex mb-0 align-items-center list-unstyled gap-1\"><li><a href=\"https:\/\/wwwstg.board.com\/it\">Home<\/a><\/li><\/ol><li class=\"mb-0 d-flex breadcrumb-back-to-link\"><a href=\"https:\/\/wwwstg.board.com\/it\">Torna a Home<\/a><\/li><\/nav>\t\t\t\t\t\t\t\t\t<\/div>\n\t\t<\/div>\n\t\t<div class=\"container\">\n\t\t\t<div class=\"columns-block-row\">\n\t\t\t\t\t\t\t\t\n\t<div class=\"column-content d-flex align-items-center\">\n\t\t<div class=\"hero-grad-left\">\n\t\t\t<div class=\"hero-grad-copy\">\n\t\t\t\t\t\t\t\t\n\n<h1 class=\"wp-block-heading\">Tutta la flessibilit\u00e0 del Cloud,<br\/>Tutta la potenza di Board. <\/h1>\n\n\n\n<p>La Piattaforma cloud di Enterprise Planning, hosted su Microsoft Azure, rende operative le tue applicazioni di pianificazione pi\u00f9 velocemente, offrendo al contempo sicurezza, affidabilit\u00e0, scalabilit\u00e0 e prestazioni di livello mondiale.<\/p>\n\n\n\t<div class=\"hero-grad-nav\">\n\t\t\n\t\t<a href=\"\/it\/watch-demo\" class=\"btn-link btn-link--primary\"  target=\"\"\t\t\t\t\t\t>\n\t\t\t<span>Scopri com&#039;\u00e8 Board in azione<\/span>\n\t\t<\/a>\n\t\n\n\t\t<a aria-label=\"Richiedi una demo\" href=\"https:\/\/wwwstg.board.com\/it\/richiedi-demo\" class=\"full-link full-link__arrow\"  target=\"\"><\/a>\n\n\t\t<a href=\"https:\/\/wwwstg.board.com\/it\/richiedi-demo\" class=\"btn-link btn-link--primary btn-link--arrow\"  target=\"\"\t\t\t>\n\t\t\t<span>Richiedi una demo<\/span>\n\t\t\t<span class=\"ico icon-chevron-right\" aria-hidden=\"true\"><\/span>\n\t\t<\/a>\n\t\n\n\t<\/div>\n\n\n\n\t\t\t\t\n\t\t\t\t\t\t\t<\/div>\n\t\t<\/div>\n\t<\/div>\n\n\n\t<div class=\"column-content text-start align-self-start\">\n\t\t<div class=\"hero-grad-right\">\n\t\t\n\t\t\t\t\t<img decoding=\"async\" class=\"hero-bubbles-bg hero-bubbles-bg--large\" src=\"https:\/\/wwwstg.board.com\/wp-content\/themes\/board\/assets\/images\/bubbles.svg\" alt=\"\" \/>\n\t\t\n\t\t\n\t\t\t\t\t\n\t\t\t\n\t\t\t<img decoding=\"async\" class=\"hero-bubbles-feature \" src=\"https:\/\/wwwstg.board.com\/wp-content\/uploads\/2024\/11\/Azure_hosted.png\" alt=\"\" \/>\n\t\t\t\n\n\t\t<\/div>\n\t<\/div>\n\t\n\n\t\t\t<\/div>\n\t\t<\/div>\n\t<\/section>\n\t\t<section id=\"block_40357a5f1e1dc7261903430ad82539cf-1\" class=\"block block--spc columns-block columns-grid grid grid--3 colonne bg-neutral-50\">\n\t\t<div class=\"container position-relative\">\n\t\t\t<div class=\"columns-block-row\">\n\t\t\t\t\t\t\t\t\n\t<article class=\"card card--column\">\n\t\t\t\t\t<div class=\"ratio ratio-1x1\">\n\t\t\t\t<img decoding=\"async\" src=\"https:\/\/wwwstg.board.com\/wp-content\/uploads\/2024\/11\/icon-intuitive-and-easy-to-use.svg\" alt=\"\" loading=\"lazy\">\n\t\t\t<\/div>\n\t\t\t\t<div class=\"card-body\">\n\t\t\t\n\n<h4 class=\"wp-block-heading card-title display-6 has-visual-h-6-font-size\">Intuitivo e facile da utilizzare<\/h4>\n\n\n\n<p class=\"card-text\">Un&#8217;interfaccia drag and drop intuitiva consente agli utenti aziendali di creare all\u2019istante report e analisi, senza il supporto dell&#8217;IT. La console di comando \u00e8 talmente semplice da rendere estremamente piacevole la gestione. <\/p>\n\n\n\t\t<\/div>\t\t\n\t<\/article>\n\t\n\n\t<article class=\"card card--column\">\n\t\t\t\t\t<div class=\"ratio ratio-1x1\">\n\t\t\t\t<img decoding=\"async\" src=\"https:\/\/wwwstg.board.com\/wp-content\/uploads\/2024\/11\/icon-reliable.svg\" alt=\"\" loading=\"lazy\">\n\t\t\t<\/div>\n\t\t\t\t<div class=\"card-body\">\n\t\t\t\n\n<h4 class=\"wp-block-heading card-title display-6 has-visual-h-6-font-size\">Affidabile<\/h4>\n\n\n\n<p class=\"card-text\">Board Cloud \u00e8 sostenuto da Microsoft Azure, piattaforma tecnologica leader sul mercato che supporta oltre un milione di clienti in 190 Paesi.<\/p>\n\n\n\t\t<\/div>\t\t\n\t<\/article>\n\t\n\n\t<article class=\"card card--column\">\n\t\t\t\t\t<div class=\"ratio ratio-1x1\">\n\t\t\t\t<img decoding=\"async\" src=\"https:\/\/wwwstg.board.com\/wp-content\/uploads\/2024\/11\/icon-cost-effective.svg\" alt=\"\" loading=\"lazy\">\n\t\t\t<\/div>\n\t\t\t\t<div class=\"card-body\">\n\t\t\t\n\n<h4 class=\"wp-block-heading card-title display-6 has-visual-h-6-font-size\">Economicamente vantaggiosa<\/h4>\n\n\n\n<p class=\"card-text\">Non \u00e8 richiesto alcun investimento in infrastrutture, si paga solo ci\u00f2 che si usa, per un ambiente unificato di BI e CPM pi\u00f9 conveniente e meno rischioso che mai. <\/p>\n\n\n\t\t<\/div>\t\t\n\t<\/article>\n\t\n\n\t<article class=\"card card--column\">\n\t\t\t\t\t<div class=\"ratio ratio-1x1\">\n\t\t\t\t<img decoding=\"async\" src=\"https:\/\/wwwstg.board.com\/wp-content\/uploads\/2024\/11\/icon-always-up-to-date.svg\" alt=\"\" loading=\"lazy\">\n\t\t\t<\/div>\n\t\t\t\t<div class=\"card-body\">\n\t\t\t\n\n<h4 class=\"wp-block-heading card-title display-6 has-visual-h-6-font-size\">Sempre aggiornata<\/h4>\n\n\n\n<p class=\"card-text\">Con Board Cloud non occorrono installazioni o download, e le funzioni sono sempre aggiornate. Inizia pure e rilassati: le preoccupazioni per gli upgrade alle nuove versioni e le release diverranno subito un ricordo del passato. <\/p>\n\n\n\t\t<\/div>\t\t\n\t<\/article>\n\t\n\n\t<article class=\"card card--column\">\n\t\t\t\t\t<div class=\"ratio ratio-1x1\">\n\t\t\t\t<img decoding=\"async\" src=\"https:\/\/wwwstg.board.com\/wp-content\/uploads\/2024\/11\/icon-future-ready-1.svg\" alt=\"\" loading=\"lazy\">\n\t\t\t<\/div>\n\t\t\t\t<div class=\"card-body\">\n\t\t\t\n\n<h4 class=\"wp-block-heading card-title display-6 has-visual-h-6-font-size\">A prova di futuro<\/h4>\n\n\n\n<p class=\"card-text\">Board Cloud offre la flessibilit\u00e0 indispensabile per adattare al meglio la tecnologia al tuo business, e non viceversa. Sarai in grado di gestire potenza, capacit\u00e0 e utenti aggiuntivi secondo quanto richiesto dall\u2019evoluzione del tuo business e in modo da potenziare i processi decisionali nella tua organizzazione.<\/p>\n\n\n\t\t<\/div>\t\t\n\t<\/article>\n\t\n\n\t<article class=\"card card--column\">\n\t\t\t\t\t<div class=\"ratio ratio-1x1\">\n\t\t\t\t<img decoding=\"async\" src=\"https:\/\/wwwstg.board.com\/wp-content\/uploads\/2024\/11\/icon-global-rapid-reach.svg\" alt=\"\" loading=\"lazy\">\n\t\t\t<\/div>\n\t\t\t\t<div class=\"card-body\">\n\t\t\t\n\n<h4 class=\"wp-block-heading card-title display-6 has-visual-h-6-font-size\">Utilizzo globale in pochi minuti<\/h4>\n\n\n\n<p class=\"card-text\">Board Cloud \u00e8 utilizzabile in modo rapido ed \u00e8 immediatamente accessibile a tutti gli utenti sparsi in varie sedi. Con 26 data center in 5 continenti diversi tra cui scegliere, \u00e8 possibile trovare l&#8217;ubicazione pi\u00f9 adatta per l&#8217;hosting di Board Cloud al fine di ridurre al minimo la latenza e offrire ai propri utenti la miglior esperienza possibile, semplice e ad un costo contenuto. <\/p>\n\n\n\t\t<\/div>\t\t\n\t<\/article>\n\t\n\n\t\t\t<\/div>\n\t\t<\/div>\n\t<\/section>\n\t<section id=\"block_2d908a21906e9e31a59e04fee3e7569b-2\" class=\"block block--spc columns-block image-text\">\n\n\t\t\n\t\t<div class=\"container position-relative\">\n\t\t\t<div class=\"columns-block-row\">\n\t\t\t\t\t\t\t\t\n\t<div class=\"column-content \">\n\t\t\n\n<h2 class=\"wp-block-heading\">Cloud data center con I livelli pi\u00f9 elevati di sicurezza certificata.<\/h2>\n\n\n\n<p>I Clienti di Board possono contare sui pi\u00f9 alti livelli di sicurezza offerti dai Data Center di Microsoft Azure che forniscono l\u2019hosting a Board Cloud. Infatti Azure prevede tutte le pi\u00f9 importanti certificazioni e attestazioni per la compliance normativa, come ISO 27001, HIPAA, FedRAMP, SOC 1 e SOC 2, Australia IRAP, UK G-Cloud, e Singapore MTCS.<\/p>\n\n\n\t<\/div>\n\n\n\t<div class=\"column-content \">\n\t\t\n\n<figure class=\"wp-block-image size-large is-resized\"><img loading=\"lazy\" decoding=\"async\" width=\"1600\" height=\"284\" src=\"https:\/\/wwwstg.board.com\/wp-content\/uploads\/2024\/11\/board-cloud-logo-rgb-1600x284.webp\" alt=\"\" class=\"wp-image-7150\" style=\"width:457px;height:auto\" srcset=\"https:\/\/wwwstg.board.com\/wp-content\/uploads\/2024\/11\/board-cloud-logo-rgb-1600x284.webp 1600w, https:\/\/wwwstg.board.com\/wp-content\/uploads\/2024\/11\/board-cloud-logo-rgb-215x38.webp 215w, https:\/\/wwwstg.board.com\/wp-content\/uploads\/2024\/11\/board-cloud-logo-rgb-768x136.webp 768w, https:\/\/wwwstg.board.com\/wp-content\/uploads\/2024\/11\/board-cloud-logo-rgb-1536x273.webp 1536w, https:\/\/wwwstg.board.com\/wp-content\/uploads\/2024\/11\/board-cloud-logo-rgb-480x85.webp 480w, https:\/\/wwwstg.board.com\/wp-content\/uploads\/2024\/11\/board-cloud-logo-rgb.webp 1920w\" sizes=\"auto, (max-width: 1600px) 100vw, 1600px\" \/><\/figure>\n\n\t\n\t<\/div>\n\t\n\n\t\t\t<\/div>\n\t\t<\/div>\n\t<\/section>\n\n\t<section id=\"block_fa89ad1fc34e9a9548a73aeb52a7f3bf-5\" class=\"block block--spc two-columns-block columns-block pt-0\">\n\t\t<div class=\"container position-relative\">\n\t\t\t<div class=\"columns-block-row\">\n\t\t\t\t\t\t\t\t\n\t<div id=\"block_9208761f0e245716d398556c8ce13f85\" class=\"column-content   testo allineato a sinistra testo allineato all&#039;inizio\">\n\t\t\n\t<section class=\"block wp-block-acf-testimonial-single block--spc columns-block font-size-xl\" id=\"block_68bd0f9112b9b1ff71f9cb32134f549c\"\t\tclass=\"\">\n\n\t\t\t\t\t<article class=\"card card--testimonial\">\n\t\t\t\t\n\t\t\t\t<div class=\"testimonial-quote\">\n\t\t\t\t\t<div class=\"testimonial-quote__wrap\">\n\t\t\t\t\t\t<p>La scalabilit\u00e0 e la sicurezza di Microsoft Azure aiutano Board a fornire potenti soluzioni di pianificazione per i suoi clienti globali.<\/p>\n\t\t\t\t\t\t\n\t\t\t\t\t\t\t\t\t\t\t\t\t<div class=\"testimonial-info-bottom\">\n\t\t\t\t\t\t\t\t\t\t\t\t\t\t\t\t\t\t\t\t\t\t\t\t\t<div class=\"testimonial-data\">\n\t\t\t\t\t\t\t\t\t\t\t\t\t\t\t\t\t\t\t\t\t<p class=\"testimonial-name\">Nicole Herskowitz<\/p>\n\t\t\t\t\t\t\t\t\t\t\t\t\t\t\t\t\t\t\t\t\t\t\t\t\t\t\t\t\t\t\t<div class=\"testimonial-job-info\">\n\t\t\t\t\t\t\t\t\t\t\t\t\t\t\t\t\t\t\t\t\t\t\t\t\t<span class=\"testimonial-role\">Senior Director of Product Marketing Microsoft Azure, Microsoft Corp<\/span>\n\t\t\t\t\t\t\t\t\t\t\t\t\t\t\t\t\t\t\t\t\t\t\t\t\t\t\t\t\t\t\t\t\t\t\t<\/div>\n\t\t\t\t\t\t\t\t\t\t\t\t\t\t\t\t\t\t\t<\/div>\n\t\t\t\t\t\t\t\t\t\t\t\t\t\t\t<\/div>\n\t\t\t\t\t\t\n\t\t\t\t\t<\/div>\n\t\t\t\t<\/div>\n\t\t\t<\/article>\n\t\t\t<\/section>\n\n\n\n\t<\/div>\n\n\n\t<div id=\"block_9208761f0e245716d398556c8ce13f85\" class=\"column-content   testo allineato a sinistra testo allineato all&#039;inizio\">\n\t\t\n\t<section class=\"block wp-block-acf-testimonial-single block--spc columns-block font-size-xl\" id=\"block_4c57b335e50fa86165a9c0479c2b5c5a\"\t\tclass=\"\">\n\n\t\t\t\t\t<article class=\"card card--testimonial\">\n\t\t\t\t\n\t\t\t\t<div class=\"testimonial-quote\">\n\t\t\t\t\t<div class=\"testimonial-quote__wrap\">\n\t\t\t\t\t\t<p>I data center di Microsoft controllano e gestiscono i dati del cliente, potendo far leva su oltre due decenni di esperienza nel mantenere i dati al sicuro e rispettare i requisiti di privacy e compliance.<\/p>\n\t\t\t\t\t\t\n\t\t\t\t\t\t\t\t\t\t\t\t\t<div class=\"testimonial-info-bottom\">\n\t\t\t\t\t\t\t\t\t\t\t\t\t\t\t\t\t\t\t\t\t\t\t\t\t<div class=\"testimonial-data\">\n\t\t\t\t\t\t\t\t\t\t\t\t\t\t\t\t\t\t\t\t\t<p class=\"testimonial-name\">David Marmer<\/p>\n\t\t\t\t\t\t\t\t\t\t\t\t\t\t\t\t\t\t\t\t\t\t\t\t\t\t\t\t\t\t\t<div class=\"testimonial-job-info\">\n\t\t\t\t\t\t\t\t\t\t\t\t\t\t\t\t\t\t\t\t\t\t\t\t\t<span class=\"testimonial-role\">SVP of Product, Board<\/span>\n\t\t\t\t\t\t\t\t\t\t\t\t\t\t\t\t\t\t\t\t\t\t\t\t\t\t\t\t\t\t\t\t\t\t\t<\/div>\n\t\t\t\t\t\t\t\t\t\t\t\t\t\t\t\t\t\t\t<\/div>\n\t\t\t\t\t\t\t\t\t\t\t\t\t\t\t<\/div>\n\t\t\t\t\t\t\n\t\t\t\t\t<\/div>\n\t\t\t\t<\/div>\n\t\t\t<\/article>\n\t\t\t<\/section>\n\n\n\n\t<\/div>\n\n\n\t\t\t<\/div>\n\t\t<\/div>\n\t<\/section>\n\n\t\t<section id=\"block_b0baff7faa0ef240e0fe7e74fffac636-6\" class=\"block block--spc columns-block image-text bg-neutral-50\">\n\n\t\t\n\t\t<div class=\"container position-relative\">\n\t\t\t<div class=\"columns-block-row\">\n\t\t\t\t\t\t\t\t\n\t<div class=\"column-content \">\n\t\t\n\n<figure class=\"wp-block-image size-full is-resized\"><img decoding=\"async\" src=\"https:\/\/wwwstg.board.com\/wp-content\/uploads\/2024\/11\/cloud-onpremise.svg\" alt=\"\" class=\"wp-image-7156\" style=\"width:374px;height:auto\"\/><\/figure>\n\n\t\n\t<\/div>\n\t\n\n\t<div class=\"column-content \">\n\t\t\n\n<h2 class=\"wp-block-heading\">Board consente di scegliere il modello di fornitura desiderato.<\/h2>\n\n\n\n<p>Qualsiasi soluzione, on-premise, hosting o cloud, permette ai clienti di implementare Board garantendo la stessa affidabilit\u00e0, sicurezza e solidit\u00e0. Con Board puoi scegliere il modello che meglio si adatta al tuo business in fase di roll-out, conservando tutta la libert\u00e0 di passare a un modello diverso se, e qualora le vostre esigenze dovessero cambiare.<\/p>\n\n\n\t<\/div>\n\n\n\t\t\t<\/div>\n\t\t<\/div>\n\t<\/section>\n\n\t<section id=\"block_26b04aaa857acf1462e0bda1b3091cd4-7\" class=\"block block--spc columns-block spacing-md footer-cta bg-violet-700\">\n\t\t\n\t\t\t<img loading=\"lazy\" decoding=\"async\" src=\"https:\/\/wwwstg.board.com\/wp-content\/uploads\/2024\/08\/pre-footersvg.svg\" class=\"shape-bg-image shape-bg-image-left\" alt=\"Background image shape - left\" height=\"510\" width=\"930\" aria-hidden=\"true\">\n\t\t\t<div class=\"overlay-gradient\"><\/div>\n\t\t<div class=\"container position-relative columns-70-30\">\n\t\t\t<div class=\"columns-block-row\">\n\t\t\t\t\t\t\t\t\n\t<div class=\"column-content \">\n\t\t\n\n<h2 class=\"wp-block-heading\">Scopri cosa pu\u00f2 fare Board per te.<\/h2>\n\n\n\n<p>Scopri la nostra Piattaforma di Enterprise Planning in azione.<\/p>\n\n\n\t<\/div>\n\n\n\t<div class=\"column-content \">\n\t\t\n\t\t<a href=\"https:\/\/wwwstg.board.com\/it\/richiedi-demo\" class=\"btn-link btn-link--white\"  target=\"\"\t\t\t>\n\t\t\t<span>Parla con un esperto<\/span>\n\t\t<\/a>\n\t\n\n\t<\/div>\n\n\n\t\t\t<\/div>\n\t\t<\/div>\n\t<\/section>\n\n\t","protected":false},"excerpt":{"rendered":"","protected":false},"author":3,"featured_media":0,"parent":0,"menu_order":0,"comment_status":"closed","ping_status":"closed","template":"","meta":{"_acf_changed":false,"_themeisle_gutenberg_block_has_review":false,"footnotes":""},"line_of_business":[4384],"page_score_tier":[],"class_list":["post-8680","page","type-page","status-publish","hentry","line_of_business-not-assigned-it"],"acf":[],"yoast_head":"<!-- This site is optimized with the Yoast SEO plugin v27.4 - https:\/\/yoast.com\/product\/yoast-seo-wordpress\/ -->\n<title>Business Intelligence nel Cloud | SaaS<\/title>\n<meta name=\"description\" content=\"In quanto piattaforma di Enterprise Planning basata su cloud, Board offre la potenza e la flessibilit\u00e0 necessaria per crescere insieme alla tua organizzazione\" \/>\n<meta name=\"robots\" content=\"noindex, follow, max-snippet:-1, max-image-preview:large, max-video-preview:-1\" \/>\n<meta property=\"og:locale\" content=\"it_IT\" \/>\n<meta property=\"og:type\" content=\"article\" \/>\n<meta property=\"og:title\" content=\"Business Intelligence nel Cloud | SaaS\" \/>\n<meta property=\"og:description\" content=\"In quanto piattaforma di Enterprise Planning basata su cloud, Board offre la potenza e la flessibilit\u00e0 necessaria per crescere insieme alla tua organizzazione\" \/>\n<meta property=\"og:url\" content=\"https:\/\/wwwstg.board.com\/it\/cloud-or-premise\" \/>\n<meta property=\"og:site_name\" content=\"Board\" \/>\n<meta property=\"article:publisher\" content=\"https:\/\/www.facebook.com\/BOARD.International\" \/>\n<meta property=\"article:modified_time\" content=\"2025-02-26T20:28:00+00:00\" \/>\n<meta property=\"og:image\" content=\"https:\/\/wwwstg.board.com\/wp-content\/uploads\/2024\/11\/1200x627_opengraph_cloud-or-premise.jpg\" \/>\n<meta name=\"twitter:card\" content=\"summary_large_image\" \/>\n<meta name=\"twitter:site\" content=\"@BOARDSoftware\" \/>\n<meta name=\"twitter:label1\" content=\"Tempo di lettura stimato\" \/>\n\t<meta name=\"twitter:data1\" content=\"2 minuti\" \/>\n<script type=\"application\/ld+json\" class=\"yoast-schema-graph\">{\"@context\":\"https:\\\/\\\/schema.org\",\"@graph\":[{\"@type\":\"WebPage\",\"@id\":\"https:\\\/\\\/wwwstg.board.com\\\/it\\\/cloud-or-premise\",\"url\":\"https:\\\/\\\/wwwstg.board.com\\\/it\\\/cloud-or-premise\",\"name\":\"Business Intelligence nel Cloud | SaaS\",\"isPartOf\":{\"@id\":\"https:\\\/\\\/wwwstg.board.com\\\/it#website\"},\"primaryImageOfPage\":{\"@id\":\"https:\\\/\\\/wwwstg.board.com\\\/it\\\/cloud-or-premise#primaryimage\"},\"image\":{\"@id\":\"https:\\\/\\\/wwwstg.board.com\\\/it\\\/cloud-or-premise#primaryimage\"},\"thumbnailUrl\":\"https:\\\/\\\/wwwstg.board.com\\\/wp-content\\\/uploads\\\/2024\\\/11\\\/board-cloud-logo-rgb-1600x284.webp\",\"datePublished\":\"2024-10-18T09:59:13+00:00\",\"dateModified\":\"2025-02-26T20:28:00+00:00\",\"description\":\"In quanto piattaforma di Enterprise Planning basata su cloud, Board offre la potenza e la flessibilit\u00e0 necessaria per crescere insieme alla tua organizzazione\",\"breadcrumb\":{\"@id\":\"https:\\\/\\\/wwwstg.board.com\\\/it\\\/cloud-or-premise#breadcrumb\"},\"inLanguage\":\"it-IT\",\"potentialAction\":[{\"@type\":\"ReadAction\",\"target\":[\"https:\\\/\\\/wwwstg.board.com\\\/it\\\/cloud-or-premise\"]}]},{\"@type\":\"ImageObject\",\"inLanguage\":\"it-IT\",\"@id\":\"https:\\\/\\\/wwwstg.board.com\\\/it\\\/cloud-or-premise#primaryimage\",\"url\":\"https:\\\/\\\/wwwstg.board.com\\\/wp-content\\\/uploads\\\/2024\\\/11\\\/board-cloud-logo-rgb-1600x284.webp\",\"contentUrl\":\"https:\\\/\\\/wwwstg.board.com\\\/wp-content\\\/uploads\\\/2024\\\/11\\\/board-cloud-logo-rgb-1600x284.webp\"},{\"@type\":\"BreadcrumbList\",\"@id\":\"https:\\\/\\\/wwwstg.board.com\\\/it\\\/cloud-or-premise#breadcrumb\",\"itemListElement\":[{\"@type\":\"ListItem\",\"position\":1,\"name\":\"Home\",\"item\":\"https:\\\/\\\/wwwstg.board.com\\\/it\"},{\"@type\":\"ListItem\",\"position\":2,\"name\":\"Cloud o On Premise\"}]},{\"@type\":\"WebSite\",\"@id\":\"https:\\\/\\\/wwwstg.board.com\\\/it#website\",\"url\":\"https:\\\/\\\/wwwstg.board.com\\\/it\",\"name\":\"Board\",\"description\":\"The Enterprise Planning Platform\",\"publisher\":{\"@id\":\"https:\\\/\\\/wwwstg.board.com\\\/it#organization\"},\"potentialAction\":[{\"@type\":\"SearchAction\",\"target\":{\"@type\":\"EntryPoint\",\"urlTemplate\":\"https:\\\/\\\/wwwstg.board.com\\\/it?s={search_term_string}\"},\"query-input\":{\"@type\":\"PropertyValueSpecification\",\"valueRequired\":true,\"valueName\":\"search_term_string\"}}],\"inLanguage\":\"it-IT\"},{\"@type\":\"Organization\",\"@id\":\"https:\\\/\\\/wwwstg.board.com\\\/it#organization\",\"name\":\"Board\",\"url\":\"https:\\\/\\\/wwwstg.board.com\\\/it\",\"logo\":{\"@type\":\"ImageObject\",\"inLanguage\":\"it-IT\",\"@id\":\"https:\\\/\\\/wwwstg.board.com\\\/it#\\\/schema\\\/logo\\\/image\\\/\",\"url\":\"https:\\\/\\\/wwwstg.board.com\\\/wp-content\\\/uploads\\\/2024\\\/08\\\/board-footer-logo-grey-0-1.png\",\"contentUrl\":\"https:\\\/\\\/wwwstg.board.com\\\/wp-content\\\/uploads\\\/2024\\\/08\\\/board-footer-logo-grey-0-1.png\",\"width\":297,\"height\":103,\"caption\":\"Board\"},\"image\":{\"@id\":\"https:\\\/\\\/wwwstg.board.com\\\/it#\\\/schema\\\/logo\\\/image\\\/\"},\"sameAs\":[\"https:\\\/\\\/www.facebook.com\\\/BOARD.International\",\"https:\\\/\\\/x.com\\\/BOARDSoftware\",\"https:\\\/\\\/www.linkedin.com\\\/company\\\/board\\\/\",\"https:\\\/\\\/www.youtube.com\\\/user\\\/BOARDInternationalSA\",\"https:\\\/\\\/en.wikipedia.org\\\/wiki\\\/Board_International\"]}]}<\/script>\n<!-- \/ Yoast SEO plugin. -->","yoast_head_json":{"title":"Business Intelligence nel Cloud | SaaS","description":"In quanto piattaforma di Enterprise Planning basata su cloud, Board offre la potenza e la flessibilit\u00e0 necessaria per crescere insieme alla tua organizzazione","robots":{"index":"noindex","follow":"follow","max-snippet":"max-snippet:-1","max-image-preview":"max-image-preview:large","max-video-preview":"max-video-preview:-1"},"og_locale":"it_IT","og_type":"article","og_title":"Business Intelligence nel Cloud | SaaS","og_description":"In quanto piattaforma di Enterprise Planning basata su cloud, Board offre la potenza e la flessibilit\u00e0 necessaria per crescere insieme alla tua organizzazione","og_url":"https:\/\/wwwstg.board.com\/it\/cloud-or-premise","og_site_name":"Board","article_publisher":"https:\/\/www.facebook.com\/BOARD.International","article_modified_time":"2025-02-26T20:28:00+00:00","og_image":[{"url":"https:\/\/wwwstg.board.com\/wp-content\/uploads\/2024\/11\/1200x627_opengraph_cloud-or-premise.jpg","type":"","width":"","height":""}],"twitter_card":"summary_large_image","twitter_site":"@BOARDSoftware","twitter_misc":{"Tempo di lettura stimato":"2 minuti"},"schema":{"@context":"https:\/\/schema.org","@graph":[{"@type":"WebPage","@id":"https:\/\/wwwstg.board.com\/it\/cloud-or-premise","url":"https:\/\/wwwstg.board.com\/it\/cloud-or-premise","name":"Business Intelligence nel Cloud | SaaS","isPartOf":{"@id":"https:\/\/wwwstg.board.com\/it#website"},"primaryImageOfPage":{"@id":"https:\/\/wwwstg.board.com\/it\/cloud-or-premise#primaryimage"},"image":{"@id":"https:\/\/wwwstg.board.com\/it\/cloud-or-premise#primaryimage"},"thumbnailUrl":"https:\/\/wwwstg.board.com\/wp-content\/uploads\/2024\/11\/board-cloud-logo-rgb-1600x284.webp","datePublished":"2024-10-18T09:59:13+00:00","dateModified":"2025-02-26T20:28:00+00:00","description":"In quanto piattaforma di Enterprise Planning basata su cloud, Board offre la potenza e la flessibilit\u00e0 necessaria per crescere insieme alla tua organizzazione","breadcrumb":{"@id":"https:\/\/wwwstg.board.com\/it\/cloud-or-premise#breadcrumb"},"inLanguage":"it-IT","potentialAction":[{"@type":"ReadAction","target":["https:\/\/wwwstg.board.com\/it\/cloud-or-premise"]}]},{"@type":"ImageObject","inLanguage":"it-IT","@id":"https:\/\/wwwstg.board.com\/it\/cloud-or-premise#primaryimage","url":"https:\/\/wwwstg.board.com\/wp-content\/uploads\/2024\/11\/board-cloud-logo-rgb-1600x284.webp","contentUrl":"https:\/\/wwwstg.board.com\/wp-content\/uploads\/2024\/11\/board-cloud-logo-rgb-1600x284.webp"},{"@type":"BreadcrumbList","@id":"https:\/\/wwwstg.board.com\/it\/cloud-or-premise#breadcrumb","itemListElement":[{"@type":"ListItem","position":1,"name":"Home","item":"https:\/\/wwwstg.board.com\/it"},{"@type":"ListItem","position":2,"name":"Cloud o On Premise"}]},{"@type":"WebSite","@id":"https:\/\/wwwstg.board.com\/it#website","url":"https:\/\/wwwstg.board.com\/it","name":"Board","description":"The Enterprise Planning Platform","publisher":{"@id":"https:\/\/wwwstg.board.com\/it#organization"},"potentialAction":[{"@type":"SearchAction","target":{"@type":"EntryPoint","urlTemplate":"https:\/\/wwwstg.board.com\/it?s={search_term_string}"},"query-input":{"@type":"PropertyValueSpecification","valueRequired":true,"valueName":"search_term_string"}}],"inLanguage":"it-IT"},{"@type":"Organization","@id":"https:\/\/wwwstg.board.com\/it#organization","name":"Board","url":"https:\/\/wwwstg.board.com\/it","logo":{"@type":"ImageObject","inLanguage":"it-IT","@id":"https:\/\/wwwstg.board.com\/it#\/schema\/logo\/image\/","url":"https:\/\/wwwstg.board.com\/wp-content\/uploads\/2024\/08\/board-footer-logo-grey-0-1.png","contentUrl":"https:\/\/wwwstg.board.com\/wp-content\/uploads\/2024\/08\/board-footer-logo-grey-0-1.png","width":297,"height":103,"caption":"Board"},"image":{"@id":"https:\/\/wwwstg.board.com\/it#\/schema\/logo\/image\/"},"sameAs":["https:\/\/www.facebook.com\/BOARD.International","https:\/\/x.com\/BOARDSoftware","https:\/\/www.linkedin.com\/company\/board\/","https:\/\/www.youtube.com\/user\/BOARDInternationalSA","https:\/\/en.wikipedia.org\/wiki\/Board_International"]}]}},"_links":{"self":[{"href":"https:\/\/wwwstg.board.com\/it\/wp-json\/wp\/v2\/pages\/8680","targetHints":{"allow":["GET"]}}],"collection":[{"href":"https:\/\/wwwstg.board.com\/it\/wp-json\/wp\/v2\/pages"}],"about":[{"href":"https:\/\/wwwstg.board.com\/it\/wp-json\/wp\/v2\/types\/page"}],"author":[{"embeddable":true,"href":"https:\/\/wwwstg.board.com\/it\/wp-json\/wp\/v2\/users\/3"}],"replies":[{"embeddable":true,"href":"https:\/\/wwwstg.board.com\/it\/wp-json\/wp\/v2\/comments?post=8680"}],"version-history":[{"count":0,"href":"https:\/\/wwwstg.board.com\/it\/wp-json\/wp\/v2\/pages\/8680\/revisions"}],"wp:attachment":[{"href":"https:\/\/wwwstg.board.com\/it\/wp-json\/wp\/v2\/media?parent=8680"}],"wp:term":[{"taxonomy":"line_of_business","embeddable":true,"href":"https:\/\/wwwstg.board.com\/it\/wp-json\/wp\/v2\/line_of_business?post=8680"},{"taxonomy":"page_score_tier","embeddable":true,"href":"https:\/\/wwwstg.board.com\/it\/wp-json\/wp\/v2\/page_score_tier?post=8680"}],"curies":[{"name":"wp","href":"https:\/\/api.w.org\/{rel}","templated":true}]}}