{"id":7783,"date":"2024-10-18T05:41:26","date_gmt":"2024-10-18T05:41:26","guid":{"rendered":"https:\/\/www.board.com\/luoghi\/"},"modified":"2025-08-18T15:38:54","modified_gmt":"2025-08-18T15:38:54","slug":"sedi","status":"publish","type":"page","link":"https:\/\/wwwstg.board.com\/it\/sedi","title":{"rendered":"Sedi"},"content":{"rendered":"\t<section id=\"block_87a7f29e9e59cb06d601634f6cc143a7-\" class=\"block block--spc columns-block block-hero-grad grid grid--2 bg-primary-gradient-01\">\n\t\t<div class=\"container\">\n\t\t\t<div class=\"columns-block-row\">\n\t\t\t\t\n\t<div class=\"column-content d-flex align-items-center\">\n\t\t<div class=\"hero-grad-left\">\n\t\t\t<div class=\"hero-grad-copy\">\n\t\t\t\t\t\t\t\t\n\n<p><strong>Sedi<\/strong><\/p>\n\n\n\n<h1 class=\"wp-block-heading\">Stai cercando un ufficio di Board?<\/h1>\n\n\n\n<p class=\"has-visual-h-6-font-size\">Siamo presenti in tutto il mondo. Trova la sede di Board pi\u00f9 vicina a te qui sotto. <\/p>\n\n\n\n\t\t\t\t\n\t\t\t\t\t\t\t<\/div>\n\t\t<\/div>\n\t<\/div>\n\n\n\t\t<div class=\"column-content text-start align-self-start\">\n\t\t\t<div class=\"hero-grad-right\">\n\t\t\t\t\t\t\t\t\t<img decoding=\"async\" src=\"https:\/\/wwwstg.board.com\/wp-content\/uploads\/2024\/10\/world-location-map-768x392.webp\" alt=\"\" \/>\n\t\t\t\t\t\t\t<\/div>\n\t\t<\/div>\n\t\n\n\t\t\t<\/div>\n\t\t<\/div>\n\t<\/section>\n\t<section id=\"block_64c3421d136a4e881db5e7fa4c038b33-1\" class=\"block block--spc columns-block pb-0 bg-shade-50 \">\n\t\t<div class=\"container position-relative\">\n\t\t\t<div class=\"columns-block-row\">\n\t\t\t\t\t\t\t\t\n\t<div id=\"block_0cc501884fde642148be803526d8ec00\" class=\"column-content   testo allineato a sinistra testo allineato all&#039;inizio\">\n\t\t\n\n<h2 class=\"wp-block-heading has-visual-h-3-font-size\">Sede centrale<\/h2>\n\n\n\t<\/div>\n\n\n\t\t\t<\/div>\n\t\t<\/div>\n\t<\/section>\n\n\t\t\t<section id=\"block_047e7dbbc43042aa5456473e38b4f201-2\" class=\"block block--spc columns-block grid grid--3 colonne spacing-md bg-shade-50\">\n\t\t\t<div class=\"container position-relative\">\n\t\t\t\t<div class=\"columns-block-row\">\n\t\t\t\t\t\t\t\t\t\t\n\t<article class=\"card card--location\">\n\t\t<div class=\"card-body\">\n\t\t\t\t\t\t\t\t\t<p class=\"card-title\">USA<\/p>\n\t\t\t\t\t\t\t\t\t\t<p class=\"card-country\">Board Americas, INC.<\/p>\n\t\t\t\t\t\t\t\t\t\t<p class=\"card-address\">888 Boylston St. Suite 600 Boston MA 02199<\/p>\n\t\t\t\t\t\t\t\t<p>\n\t\t\tTelefono: <a href=\"tel:+1617203-2173\">+1 617 203-2173<\/a>\n\t\t<\/p>\n\t\t\t\t\t\t\t\t\t\t<\/div>\t\n\t<\/article>\n\t\n\n\t<article class=\"card card--location\">\n\t\t<div class=\"card-body\">\n\t\t\t\t\t\t\t\t\t<p class=\"card-title\">Svizzera<\/p>\n\t\t\t\t\t\t\t\t\t\t<p class=\"card-country\">Board International SA<\/p>\n\t\t\t\t\t\t\t\t\t\t<p class=\"card-address\">Via Maestri Comacini, 4 &#8211; 6830 Chiasso<\/p>\n\t\t\t\t\t\t\t\t<p>\n\t\t\tTelefono: <a href=\"tel:+41916975410\">+41 91 697 54 10<\/a>\n\t\t<\/p>\n\t\t\t\t\t\t\t\t\t\t<\/div>\t\n\t<\/article>\n\t\n\n\t\t\t\t<\/div>\n\t\t\t<\/div>\n\t\t<\/section>\n\t\t<section id=\"block_1766342a59e414c35a4ed5fd3f3ec665-3\" class=\"block block--spc columns-block pb-0 \">\n\t\t<div class=\"container position-relative\">\n\t\t\t<div class=\"columns-block-row\">\n\t\t\t\t\t\t\t\t\n\t<div id=\"block_0cc501884fde642148be803526d8ec00\" class=\"column-content   testo allineato a sinistra testo allineato all&#039;inizio\">\n\t\t\n\n<h2 class=\"wp-block-heading has-visual-h-3-font-size\"><strong>Europa<\/strong><\/h2>\n\n\n\t<\/div>\n\n\n\t\t\t<\/div>\n\t\t<\/div>\n\t<\/section>\n\n\t\t\t<section id=\"block_bba6dcdc841877031df45066058f26e1-4\" class=\"block block--spc columns-block grid grid--3 colonne spacing-md\">\n\t\t\t<div class=\"container position-relative\">\n\t\t\t\t<div class=\"columns-block-row\">\n\t\t\t\t\t\t\t\t\t\t\n\t<article class=\"card card--location\">\n\t\t<div class=\"card-body\">\n\t\t\t\t\t\t\t\t\t<p class=\"card-title\">ITALIA<\/p>\n\t\t\t\t\t\t\t\t\t\t<p class=\"card-country\">Board Italia<\/p>\n\t\t\t\t\t\t\t\t\t\t<p class=\"card-address\">Via Caduti di Marcinelle, 5 20134 Milan<\/p>\n\t\t\t\t\t\t\t\t<p>\n\t\t\tTelefono: <a href=\"tel:+39022108071\">+39 022108071<\/a>\n\t\t<\/p>\n\t\t\t\t\t\t\t\t\t<p class=\"card-fax\">Fax: 390221098550<\/p>\n\t\t\t\t\t\t\t\t<\/div>\t\n\t<\/article>\n\t\n\n\t<article class=\"card card--location\">\n\t\t<div class=\"card-body\">\n\t\t\t\t\t\t\t\t\t<p class=\"card-title\">ITALIA<\/p>\n\t\t\t\t\t\t\t\t\t\t<p class=\"card-country\">Board Italia<\/p>\n\t\t\t\t\t\t\t\t\t\t<p class=\"card-address\">Business Centre Parco d\u00e9 Medici Via Castello della Magliana, 3800148 Roma<\/p>\n\t\t\t\t\t\t\t\t<p>\n\t\t\tTelefono: <a href=\"tel:+390665970268\">+39 06 65 97 02 68<\/a>\n\t\t<\/p>\n\t\t\t\t\t\t\t\t\t\t<\/div>\t\n\t<\/article>\n\t\n\n\t<article class=\"card card--location\">\n\t\t<div class=\"card-body\">\n\t\t\t\t\t\t\t\t\t<p class=\"card-title\">FRANCIA<\/p>\n\t\t\t\t\t\t\t\t\t\t<p class=\"card-country\">Board France<\/p>\n\t\t\t\t\t\t\t\t\t\t<p class=\"card-address\">2-4 rue Paul C\u00e9zanne 75008 Parigi<\/p>\n\t\t\t\t\t\t\t\t<p>\n\t\t\tTelefono: <a href=\"tel:+33143873736\">+33 143873736<\/a>\n\t\t<\/p>\n\t\t\t\t\t\t\t\t\t\t<\/div>\t\n\t<\/article>\n\t\n\n\t<article class=\"card card--location\">\n\t\t<div class=\"card-body\">\n\t\t\t\t\t\t\t\t\t<p class=\"card-title\">GERMANIA E AUSTRIA<\/p>\n\t\t\t\t\t\t\t\t\t\t<p class=\"card-country\">Board Deutschland GmbH<\/p>\n\t\t\t\t\t\t\t\t\t\t<p class=\"card-address\">Hanauer Landstr. 176,<br \/>\r\n60314 Frankfurt am Main <\/p>\n\t\t\t\t\t\t\t\t<p>\n\t\t\tTelefono: <a href=\"tel:+49696051015-00\">+49 69 6051015-00<\/a>\n\t\t<\/p>\n\t\t\t\t\t\t\t\t\t\t<\/div>\t\n\t<\/article>\n\t\n\n\t<article class=\"card card--location\">\n\t\t<div class=\"card-body\">\n\t\t\t\t\t\t\t\t\t<p class=\"card-title\">REGNO UNITO E IRLANDA<\/p>\n\t\t\t\t\t\t\t\t\t\t<p class=\"card-country\">Board MIT Ltd.<\/p>\n\t\t\t\t\t\t\t\t\t\t<p class=\"card-address\">LDN:W, 8\u00b0 piano, 3 Noble Street, Londra EC2V 7EE<\/p>\n\t\t\t\t\t\t\t\t<p>\n\t\t\tTelefono: <a href=\"tel:+442037272222\">+44 203 727 2222<\/a>\n\t\t<\/p>\n\t\t\t\t\t\t\t\t\t\t<\/div>\t\n\t<\/article>\n\t\n\n\t<article class=\"card card--location\">\n\t\t<div class=\"card-body\">\n\t\t\t\t\t\t\t\t\t<p class=\"card-title\">SPAGNA E PORTOGALLO<\/p>\n\t\t\t\t\t\t\t\t\t\t<p class=\"card-country\">Board Ib\u00e9rica<\/p>\n\t\t\t\t\t\t\t\t\t\t<p class=\"card-address\">Calle De M\u00e9ndez \u00c1lvaro, 20<br \/>\r\n28045, Madrid<\/p>\n\t\t\t\t\t\t\t\t<p>\n\t\t\tTelefono: <a href=\"tel:+34919053222\">+34 91 9053222<\/a>\n\t\t<\/p>\n\t\t\t\t\t\t\t\t\t\t<\/div>\t\n\t<\/article>\n\t\n\n\t<article class=\"card card--location\">\n\t\t<div class=\"card-body\">\n\t\t\t\t\t\t\t\t\t<p class=\"card-title\">PAESI BASSI<\/p>\n\t\t\t\t\t\t\t\t\t\t<p class=\"card-country\">Board Netherlands<\/p>\n\t\t\t\t\t\t\t\t\t\t<p class=\"card-address\">De Entree 232 &#8211; 4\u00b0 piano, 1101 EE Amsterdam<\/p>\n\t\t\t\t\t\t\t\t<p>\n\t\t\tTelefono: <a href=\"tel:+31202295672\">+31 20 2295672<\/a>\n\t\t<\/p>\n\t\t\t\t\t\t\t\t\t\t<\/div>\t\n\t<\/article>\n\t\n\n\t<article class=\"card card--location\">\n\t\t<div class=\"card-body\">\n\t\t\t\t\t\t\t\t\t<p class=\"card-title\">BELGIO<\/p>\n\t\t\t\t\t\t\t\t\t\t<p class=\"card-country\">Board Belgium<\/p>\n\t\t\t\t\t\t\t\t\t\t<p class=\"card-address\">Unit\u00e0 2.29<br \/>\r\nThe Office Operators<br \/>\r\nLeonardo Da Vincilaan 9<br \/>\r\nB-1930 Zaventem<\/p>\n\t\t\t\t\t\t\t\t<p>\n\t\t\tTelefono: <a href=\"tel:+3228930273\">+32 2 893 02 73<\/a>\n\t\t<\/p>\n\t\t\t\t\t\t\t\t\t\t<\/div>\t\n\t<\/article>\n\t\n\n\t<article class=\"card card--location\">\n\t\t<div class=\"card-body\">\n\t\t\t\t\t\t\t\t\t<p class=\"card-title\">SVEZIA<\/p>\n\t\t\t\t\t\t\t\t\t\t<p class=\"card-country\">Board Nordics<\/p>\n\t\t\t\t\t\t\t\t\t\t<p class=\"card-address\">V\u00e4stra Tr\u00e4dg\u00e5rdsgatan 15<br \/>\r\n111 53 Stoccolma<\/p>\n\t\t\t\t\t\t\t\t<p>\n\t\t\tTelefono: <a href=\"tel:+468919790\">+46 8 91 97 90<\/a>\n\t\t<\/p>\n\t\t\t\t\t\t\t\t\t\t<\/div>\t\n\t<\/article>\n\t\n\n\t<article class=\"card card--location\">\n\t\t<div class=\"card-body\">\n\t\t\t\t\t\t\t\t\t<p class=\"card-title\">SVIZZERA (DE)<\/p>\n\t\t\t\t\t\t\t\t\t\t<p class=\"card-country\">Board Switzerland<\/p>\n\t\t\t\t\t\t\t\t\t\t<p class=\"card-address\">Wright-Strasse 9<br \/>\r\n8152 Opfikon<\/p>\n\t\t\t\t\t\t\t\t<p>\n\t\t\tTelefono: <a href=\"tel:+41433212322\">+41 43 321 23 22<\/a>\n\t\t<\/p>\n\t\t\t\t\t\t\t\t\t\t<\/div>\t\n\t<\/article>\n\t\n\n\t<article class=\"card card--location\">\n\t\t<div class=\"card-body\">\n\t\t\t\t\t\t\t\t\t<p class=\"card-title\">SVIZZERA (FR)<\/p>\n\t\t\t\t\t\t\t\t\t\t<p class=\"card-country\">Board Switzerland<\/p>\n\t\t\t\t\t\t\t\t\t\t<p class=\"card-address\">Route de Meyrin 123<br \/>\r\n1219 &#8211; Vernier<\/p>\n\t\t\t\t\t\t\t\t<p>\n\t\t\tTelefono: <a href=\"tel:+41433212322\">+41 43 321 23 22<\/a>\n\t\t<\/p>\n\t\t\t\t\t\t\t\t\t\t<\/div>\t\n\t<\/article>\n\t\n\n\t\t\t\t<\/div>\n\t\t\t<\/div>\n\t\t<\/section>\n\t\t<section id=\"block_64c3421d136a4e881db5e7fa4c038b33-5\" class=\"block block--spc columns-block pb-0 bg-shade-50 \">\n\t\t<div class=\"container position-relative\">\n\t\t\t<div class=\"columns-block-row\">\n\t\t\t\t\t\t\t\t\n\t<div id=\"block_0cc501884fde642148be803526d8ec00\" class=\"column-content   testo allineato a sinistra testo allineato all&#039;inizio\">\n\t\t\n\n<h2 class=\"wp-block-heading has-visual-h-3-font-size\"><strong>Americhe<\/strong><\/h2>\n\n\n\t<\/div>\n\n\n\t\t\t<\/div>\n\t\t<\/div>\n\t<\/section>\n\n\t\t\t<section id=\"block_047e7dbbc43042aa5456473e38b4f201-6\" class=\"block block--spc columns-block grid grid--3 colonne spacing-md bg-shade-50\">\n\t\t\t<div class=\"container position-relative\">\n\t\t\t\t<div class=\"columns-block-row\">\n\t\t\t\t\t\t\t\t\t\t\n\t<article class=\"card card--location\">\n\t\t<div class=\"card-body\">\n\t\t\t\t\t\t\t\t\t<p class=\"card-title\">CANADA<\/p>\n\t\t\t\t\t\t\t\t\t\t<p class=\"card-country\">Board Canada<\/p>\n\t\t\t\t\t\t\t\t\t\t<p class=\"card-address\">Waterpark Place 88 Queens Quay West Suite 2500 Toronto, Ontario, M5J 0B8<\/p>\n\t\t\t\t\t\t\t\t<p>\n\t\t\tTelefono: <a href=\"tel:+1647-256-5128\">+1 647-256-5128<\/a>\n\t\t<\/p>\n\t\t\t\t\t\t\t\t\t\t<\/div>\t\n\t<\/article>\n\t\n\n\t\t\t\t<\/div>\n\t\t\t<\/div>\n\t\t<\/section>\n\t\t<section id=\"block_1766342a59e414c35a4ed5fd3f3ec665-7\" class=\"block block--spc columns-block pb-0 \">\n\t\t<div class=\"container position-relative\">\n\t\t\t<div class=\"columns-block-row\">\n\t\t\t\t\t\t\t\t\n\t<div id=\"block_0cc501884fde642148be803526d8ec00\" class=\"column-content   testo allineato a sinistra testo allineato all&#039;inizio\">\n\t\t\n\n<h2 class=\"wp-block-heading has-visual-h-3-font-size\">Asia<\/h2>\n\n\n\t<\/div>\n\n\n\t\t\t<\/div>\n\t\t<\/div>\n\t<\/section>\n\n\t\t\t<section id=\"block_bba6dcdc841877031df45066058f26e1-8\" class=\"block block--spc columns-block grid grid--3 colonne spacing-md\">\n\t\t\t<div class=\"container position-relative\">\n\t\t\t\t<div class=\"columns-block-row\">\n\t\t\t\t\t\t\t\t\t\t\n\t<article class=\"card card--location\">\n\t\t<div class=\"card-body\">\n\t\t\t\t\t\t\t\t\t<p class=\"card-title\">CINA<\/p>\n\t\t\t\t\t\t\t\t\t\t<p class=\"card-country\">Board Hong Kong<\/p>\n\t\t\t\t\t\t\t\t\t\t<p class=\"card-address\">16\u00b0 piano, Wing On Centre<br \/>\r\n111 Connaught Road Central, Hong Kong<br \/>\r\n\u9999\u6e2f \u5e72\u8bfa\u9053\u4e2d111\u53f7\u6c38\u5b89\u4e2d\u5fc316\u697c<\/p>\n\t\t\t\t\t\t\t\t<p>\n\t\t\tTelefono: <a href=\"tel:+85222188553\">+852 2218 8553<\/a>\n\t\t<\/p>\n\t\t\t\t\t\t\t\t\t\t<\/div>\t\n\t<\/article>\n\t\n\n\t<article class=\"card card--location\">\n\t\t<div class=\"card-body\">\n\t\t\t\t\t\t\t\t\t<p class=\"card-title\">INDIA<\/p>\n\t\t\t\t\t\t\t\t\t\t<p class=\"card-country\">Board Software (India) Pvt Ltd<\/p>\n\t\t\t\t\t\t\t\t\t\t<p class=\"card-address\">The Business Quarter Studio 520,<br \/>\r\n5th Floor, North Annex Tower 2A,<br \/>\r\nOne World Centre, Senapati Bapat Marg, Lower Parel<br \/>\r\nMumbai &#8211; 400 013<\/p>\n\t\t\t\t\t\t\t\t<p>\n\t\t\tTelefono: <a href=\"tel:+91-22-69826937\">+91-22-69826937<\/a>\n\t\t<\/p>\n\t\t\t\t\t\t\t\t\t\t<\/div>\t\n\t<\/article>\n\t\n\n\t<article class=\"card card--location\">\n\t\t<div class=\"card-body\">\n\t\t\t\t\t\t\t\t\t<p class=\"card-title\">GIAPPONE<\/p>\n\t\t\t\t\t\t\t\t\t\t<p class=\"card-country\">Board Japan Inc.<\/p>\n\t\t\t\t\t\t\t\t\t\t<p class=\"card-address\">9F Marunouchi Kitaguchi Bldg.<br \/>\r\n1-6-5 Marunouchi, Chiyoda-ku<br \/>\r\nTokyo 100-0005<\/p>\n\t\t\t\t\t\t\t\t<p>\n\t\t\tTelefono: <a href=\"tel:+81364782070\">+81 3 6478 2070<\/a>\n\t\t<\/p>\n\t\t\t\t\t\t\t\t\t\t<\/div>\t\n\t<\/article>\n\t\n\n\t<article class=\"card card--location\">\n\t\t<div class=\"card-body\">\n\t\t\t\t\t\t\t\t\t<p class=\"card-title\">MEDIO ORIENTE<\/p>\n\t\t\t\t\t\t\t\t\t\t<p class=\"card-country\">Board Middle East<\/p>\n\t\t\t\t\t\t\t\t\t\t<p class=\"card-address\">Livello 29, Marina Plaza<br \/>\r\nDubai Marina, Dubai, UAE<br \/>\r\nP.O Box 112229<\/p>\n\t\t\t\t\t\t\t\t<p>\n\t\t\tTelefono: <a href=\"tel:+97145595651\">+971 4 559 5651<\/a>\n\t\t<\/p>\n\t\t\t\t\t\t\t\t\t\t<\/div>\t\n\t<\/article>\n\t\n\n\t<article class=\"card card--location\">\n\t\t<div class=\"card-body\">\n\t\t\t\t\t\t\t\t\t<p class=\"card-title\">SINGAPORE<\/p>\n\t\t\t\t\t\t\t\t\t\t<p class=\"card-country\">Board Asia Pacific<\/p>\n\t\t\t\t\t\t\t\t\t\t<p class=\"card-address\">1 Paya Lebar Link<br \/>\r\nPaya Lebar Quarter 1<br \/>\r\n#04-01<br \/>\r\nSingapore 408533<\/p>\n\t\t\t\t\t\t\t\t<p>\n\t\t\tTelefono: <a href=\"tel:+6569558322\">+65 6955 8322<\/a>\n\t\t<\/p>\n\t\t\t\t\t\t\t\t\t\t<\/div>\t\n\t<\/article>\n\t\n\n\t\t\t\t<\/div>\n\t\t\t<\/div>\n\t\t<\/section>\n\t\t<section id=\"block_64c3421d136a4e881db5e7fa4c038b33-9\" class=\"block block--spc columns-block pb-0 bg-shade-50 \">\n\t\t<div class=\"container position-relative\">\n\t\t\t<div class=\"columns-block-row\">\n\t\t\t\t\t\t\t\t\n\t<div id=\"block_0cc501884fde642148be803526d8ec00\" class=\"column-content   testo allineato a sinistra testo allineato all&#039;inizio\">\n\t\t\n\n<h2 class=\"wp-block-heading has-visual-h-3-font-size\"><strong>Oceania<\/strong><\/h2>\n\n\n\t<\/div>\n\n\n\t\t\t<\/div>\n\t\t<\/div>\n\t<\/section>\n\n\t\t\t<section id=\"block_047e7dbbc43042aa5456473e38b4f201-10\" class=\"block block--spc columns-block grid grid--3 colonne spacing-md bg-shade-50\">\n\t\t\t<div class=\"container position-relative\">\n\t\t\t\t<div class=\"columns-block-row\">\n\t\t\t\t\t\t\t\t\t\t\n\t<article class=\"card card--location\">\n\t\t<div class=\"card-body\">\n\t\t\t\t\t\t\t\t\t<p class=\"card-title\">SYDNEY<\/p>\n\t\t\t\t\t\t\t\t\t\t<p class=\"card-country\">Board Australia<\/p>\n\t\t\t\t\t\t\t\t\t\t<p class=\"card-address\">Suite 22.03, Livello 22,<br \/>\r\n111 Pacific Highway,<br \/>\r\nNorth Sydney, NSW 2060<\/p>\n\t\t\t\t\t\t\t\t<p>\n\t\t\tTelefono: <a href=\"tel:+61(0)289049777\">+61 (0) 2 8904 9777<\/a>\n\t\t<\/p>\n\t\t\t\t\t\t\t\t\t\t<\/div>\t\n\t<\/article>\n\t\n\n\t<article class=\"card card--location\">\n\t\t<div class=\"card-body\">\n\t\t\t\t\t\t\t\t\t<p class=\"card-title\">MELBOURNE<\/p>\n\t\t\t\t\t\t\t\t\t\t<p class=\"card-country\">Board Australia<\/p>\n\t\t\t\t\t\t\t\t\t\t<p class=\"card-address\">Livello 35<br \/>\r\n477 Collins St.<br \/>\r\nMelbourne 3000<\/p>\n\t\t\t\t\t\t\t\t<p>\n\t\t\tTelefono: <a href=\"tel:+61(0)386379997\">+61 (0) 3 8637 9997<\/a>\n\t\t<\/p>\n\t\t\t\t\t\t\t\t\t\t<\/div>\t\n\t<\/article>\n\t\n\n\t\t\t\t<\/div>\n\t\t\t<\/div>\n\t\t<\/section>\n\t\t<section id=\"block_01db695e868dab14175a01e210df23ff-11\" class=\"block block--spc columns-block spacing-md footer-cta bg-violet-700\">\n\t\t\n\t\t\t<img loading=\"lazy\" decoding=\"async\" src=\"https:\/\/wwwstg.board.com\/wp-content\/uploads\/2024\/08\/pre-footersvg.svg\" class=\"shape-bg-image shape-bg-image-left\" alt=\"Background image shape - left\" height=\"510\" width=\"930\" aria-hidden=\"true\">\n\t\t\t<div class=\"overlay-gradient\"><\/div>\n\t\t<div class=\"container position-relative columns-70-30\">\n\t\t\t<div class=\"columns-block-row\">\n\t\t\t\t\t\t\t\t\n\t<div class=\"column-content \">\n\t\t\n\n<h2 class=\"wp-block-heading\">Scopri cosa pu\u00f2 fare Board per te.<\/h2>\n\n\n\n<p>Scopri la nostra Piattaforma di Enterprise Planning in azione.<\/p>\n\n\n\t<\/div>\n\n\n\t<div class=\"column-content \">\n\t\t\n\t\t<a href=\"https:\/\/wwwstg.board.com\/it\/richiedi-demo\" class=\"btn-link btn-link--white\"  target=\"\"\t\t\t>\n\t\t\t<span>Parla con un esperto<\/span>\n\t\t<\/a>\n\t\n\n\t<\/div>\n\n\n\t\t\t<\/div>\n\t\t<\/div>\n\t<\/section>\n\n\t","protected":false},"excerpt":{"rendered":"","protected":false},"author":3,"featured_media":0,"parent":0,"menu_order":0,"comment_status":"closed","ping_status":"closed","template":"","meta":{"_acf_changed":false,"_themeisle_gutenberg_block_has_review":false,"footnotes":""},"line_of_business":[4384],"page_score_tier":[],"class_list":["post-7783","page","type-page","status-publish","hentry","line_of_business-not-assigned-it"],"acf":[],"yoast_head":"<!-- This site is optimized with the Yoast SEO plugin v27.4 - https:\/\/yoast.com\/product\/yoast-seo-wordpress\/ -->\n<title>Sedi centrali e operative di Board International<\/title>\n<meta name=\"description\" content=\"Sedi e contatti degli uffici di Board International nel mondo\" \/>\n<meta name=\"robots\" content=\"noindex, follow, max-snippet:-1, max-image-preview:large, max-video-preview:-1\" \/>\n<meta property=\"og:locale\" content=\"it_IT\" \/>\n<meta property=\"og:type\" content=\"article\" \/>\n<meta property=\"og:title\" content=\"Sedi centrali e operative di Board International\" \/>\n<meta property=\"og:description\" content=\"Sedi e contatti degli uffici di Board International nel mondo\" \/>\n<meta property=\"og:url\" content=\"https:\/\/wwwstg.board.com\/it\/sedi\" \/>\n<meta property=\"og:site_name\" content=\"Board\" \/>\n<meta property=\"article:publisher\" content=\"https:\/\/www.facebook.com\/BOARD.International\" \/>\n<meta property=\"article:modified_time\" content=\"2025-08-18T15:38:54+00:00\" \/>\n<meta property=\"og:image\" content=\"https:\/\/wwwstg.board.com\/wp-content\/uploads\/2025\/01\/1200x627_board_opengraph_locations_v2.jpg\" \/>\n<meta name=\"twitter:card\" content=\"summary_large_image\" \/>\n<meta name=\"twitter:site\" content=\"@BOARDSoftware\" \/>\n<meta name=\"twitter:label1\" content=\"Tempo di lettura stimato\" \/>\n\t<meta name=\"twitter:data1\" content=\"1 minuto\" \/>\n<script type=\"application\/ld+json\" class=\"yoast-schema-graph\">{\"@context\":\"https:\\\/\\\/schema.org\",\"@graph\":[{\"@type\":\"WebPage\",\"@id\":\"https:\\\/\\\/wwwstg.board.com\\\/it\\\/sedi\",\"url\":\"https:\\\/\\\/wwwstg.board.com\\\/it\\\/sedi\",\"name\":\"Sedi centrali e operative di Board International\",\"isPartOf\":{\"@id\":\"https:\\\/\\\/wwwstg.board.com\\\/it#website\"},\"datePublished\":\"2024-10-18T05:41:26+00:00\",\"dateModified\":\"2025-08-18T15:38:54+00:00\",\"description\":\"Sedi e contatti degli uffici di Board International nel mondo\",\"breadcrumb\":{\"@id\":\"https:\\\/\\\/wwwstg.board.com\\\/it\\\/sedi#breadcrumb\"},\"inLanguage\":\"it-IT\",\"potentialAction\":[{\"@type\":\"ReadAction\",\"target\":[\"https:\\\/\\\/wwwstg.board.com\\\/it\\\/sedi\"]}]},{\"@type\":\"BreadcrumbList\",\"@id\":\"https:\\\/\\\/wwwstg.board.com\\\/it\\\/sedi#breadcrumb\",\"itemListElement\":[{\"@type\":\"ListItem\",\"position\":1,\"name\":\"Home\",\"item\":\"https:\\\/\\\/wwwstg.board.com\\\/it\"},{\"@type\":\"ListItem\",\"position\":2,\"name\":\"Sedi\"}]},{\"@type\":\"WebSite\",\"@id\":\"https:\\\/\\\/wwwstg.board.com\\\/it#website\",\"url\":\"https:\\\/\\\/wwwstg.board.com\\\/it\",\"name\":\"Board\",\"description\":\"The Enterprise Planning Platform\",\"publisher\":{\"@id\":\"https:\\\/\\\/wwwstg.board.com\\\/it#organization\"},\"potentialAction\":[{\"@type\":\"SearchAction\",\"target\":{\"@type\":\"EntryPoint\",\"urlTemplate\":\"https:\\\/\\\/wwwstg.board.com\\\/it?s={search_term_string}\"},\"query-input\":{\"@type\":\"PropertyValueSpecification\",\"valueRequired\":true,\"valueName\":\"search_term_string\"}}],\"inLanguage\":\"it-IT\"},{\"@type\":\"Organization\",\"@id\":\"https:\\\/\\\/wwwstg.board.com\\\/it#organization\",\"name\":\"Board\",\"url\":\"https:\\\/\\\/wwwstg.board.com\\\/it\",\"logo\":{\"@type\":\"ImageObject\",\"inLanguage\":\"it-IT\",\"@id\":\"https:\\\/\\\/wwwstg.board.com\\\/it#\\\/schema\\\/logo\\\/image\\\/\",\"url\":\"https:\\\/\\\/wwwstg.board.com\\\/wp-content\\\/uploads\\\/2024\\\/08\\\/board-footer-logo-grey-0-1.png\",\"contentUrl\":\"https:\\\/\\\/wwwstg.board.com\\\/wp-content\\\/uploads\\\/2024\\\/08\\\/board-footer-logo-grey-0-1.png\",\"width\":297,\"height\":103,\"caption\":\"Board\"},\"image\":{\"@id\":\"https:\\\/\\\/wwwstg.board.com\\\/it#\\\/schema\\\/logo\\\/image\\\/\"},\"sameAs\":[\"https:\\\/\\\/www.facebook.com\\\/BOARD.International\",\"https:\\\/\\\/x.com\\\/BOARDSoftware\",\"https:\\\/\\\/www.linkedin.com\\\/company\\\/board\\\/\",\"https:\\\/\\\/www.youtube.com\\\/user\\\/BOARDInternationalSA\",\"https:\\\/\\\/en.wikipedia.org\\\/wiki\\\/Board_International\"]}]}<\/script>\n<!-- \/ Yoast SEO plugin. -->","yoast_head_json":{"title":"Sedi centrali e operative di Board International","description":"Sedi e contatti degli uffici di Board International nel mondo","robots":{"index":"noindex","follow":"follow","max-snippet":"max-snippet:-1","max-image-preview":"max-image-preview:large","max-video-preview":"max-video-preview:-1"},"og_locale":"it_IT","og_type":"article","og_title":"Sedi centrali e operative di Board International","og_description":"Sedi e contatti degli uffici di Board International nel mondo","og_url":"https:\/\/wwwstg.board.com\/it\/sedi","og_site_name":"Board","article_publisher":"https:\/\/www.facebook.com\/BOARD.International","article_modified_time":"2025-08-18T15:38:54+00:00","og_image":[{"url":"https:\/\/wwwstg.board.com\/wp-content\/uploads\/2025\/01\/1200x627_board_opengraph_locations_v2.jpg","type":"","width":"","height":""}],"twitter_card":"summary_large_image","twitter_site":"@BOARDSoftware","twitter_misc":{"Tempo di lettura stimato":"1 minuto"},"schema":{"@context":"https:\/\/schema.org","@graph":[{"@type":"WebPage","@id":"https:\/\/wwwstg.board.com\/it\/sedi","url":"https:\/\/wwwstg.board.com\/it\/sedi","name":"Sedi centrali e operative di Board International","isPartOf":{"@id":"https:\/\/wwwstg.board.com\/it#website"},"datePublished":"2024-10-18T05:41:26+00:00","dateModified":"2025-08-18T15:38:54+00:00","description":"Sedi e contatti degli uffici di Board International nel mondo","breadcrumb":{"@id":"https:\/\/wwwstg.board.com\/it\/sedi#breadcrumb"},"inLanguage":"it-IT","potentialAction":[{"@type":"ReadAction","target":["https:\/\/wwwstg.board.com\/it\/sedi"]}]},{"@type":"BreadcrumbList","@id":"https:\/\/wwwstg.board.com\/it\/sedi#breadcrumb","itemListElement":[{"@type":"ListItem","position":1,"name":"Home","item":"https:\/\/wwwstg.board.com\/it"},{"@type":"ListItem","position":2,"name":"Sedi"}]},{"@type":"WebSite","@id":"https:\/\/wwwstg.board.com\/it#website","url":"https:\/\/wwwstg.board.com\/it","name":"Board","description":"The Enterprise Planning Platform","publisher":{"@id":"https:\/\/wwwstg.board.com\/it#organization"},"potentialAction":[{"@type":"SearchAction","target":{"@type":"EntryPoint","urlTemplate":"https:\/\/wwwstg.board.com\/it?s={search_term_string}"},"query-input":{"@type":"PropertyValueSpecification","valueRequired":true,"valueName":"search_term_string"}}],"inLanguage":"it-IT"},{"@type":"Organization","@id":"https:\/\/wwwstg.board.com\/it#organization","name":"Board","url":"https:\/\/wwwstg.board.com\/it","logo":{"@type":"ImageObject","inLanguage":"it-IT","@id":"https:\/\/wwwstg.board.com\/it#\/schema\/logo\/image\/","url":"https:\/\/wwwstg.board.com\/wp-content\/uploads\/2024\/08\/board-footer-logo-grey-0-1.png","contentUrl":"https:\/\/wwwstg.board.com\/wp-content\/uploads\/2024\/08\/board-footer-logo-grey-0-1.png","width":297,"height":103,"caption":"Board"},"image":{"@id":"https:\/\/wwwstg.board.com\/it#\/schema\/logo\/image\/"},"sameAs":["https:\/\/www.facebook.com\/BOARD.International","https:\/\/x.com\/BOARDSoftware","https:\/\/www.linkedin.com\/company\/board\/","https:\/\/www.youtube.com\/user\/BOARDInternationalSA","https:\/\/en.wikipedia.org\/wiki\/Board_International"]}]}},"_links":{"self":[{"href":"https:\/\/wwwstg.board.com\/it\/wp-json\/wp\/v2\/pages\/7783","targetHints":{"allow":["GET"]}}],"collection":[{"href":"https:\/\/wwwstg.board.com\/it\/wp-json\/wp\/v2\/pages"}],"about":[{"href":"https:\/\/wwwstg.board.com\/it\/wp-json\/wp\/v2\/types\/page"}],"author":[{"embeddable":true,"href":"https:\/\/wwwstg.board.com\/it\/wp-json\/wp\/v2\/users\/3"}],"replies":[{"embeddable":true,"href":"https:\/\/wwwstg.board.com\/it\/wp-json\/wp\/v2\/comments?post=7783"}],"version-history":[{"count":0,"href":"https:\/\/wwwstg.board.com\/it\/wp-json\/wp\/v2\/pages\/7783\/revisions"}],"wp:attachment":[{"href":"https:\/\/wwwstg.board.com\/it\/wp-json\/wp\/v2\/media?parent=7783"}],"wp:term":[{"taxonomy":"line_of_business","embeddable":true,"href":"https:\/\/wwwstg.board.com\/it\/wp-json\/wp\/v2\/line_of_business?post=7783"},{"taxonomy":"page_score_tier","embeddable":true,"href":"https:\/\/wwwstg.board.com\/it\/wp-json\/wp\/v2\/page_score_tier?post=7783"}],"curies":[{"name":"wp","href":"https:\/\/api.w.org\/{rel}","templated":true}]}}