{"id":2928,"date":"2024-09-26T12:31:15","date_gmt":"2024-09-26T12:31:15","guid":{"rendered":"https:\/\/www.board.com\/carriere\/"},"modified":"2025-05-05T07:09:56","modified_gmt":"2025-05-05T07:09:56","slug":"carriere","status":"publish","type":"page","link":"https:\/\/wwwstg.board.com\/it\/carriere","title":{"rendered":"Carriere"},"content":{"rendered":"\t<section id=\"block_9fe64ce9045a752402b930659cd2a5ff-\" class=\"block block--spc columns-block block-hero-bubble grid grid--2 bg-web-gradient-light\">\n\t\t<div class=\"breadcrumb-bar bg-brand-pearl\">\n\t\t\t<div class=\"container\">\n\t\t\t\t\t\t\t\t\t\t\t<nav aria-label=\"Breadcrumb\" class=\"d-flex flex-wrap list-unstyled mb-0 breadcrumbs\"><ol class=\"d-flex mb-0 align-items-center list-unstyled gap-1\"><li><a href=\"https:\/\/wwwstg.board.com\/it\">Home<\/a><\/li><\/ol><li class=\"mb-0 d-flex breadcrumb-back-to-link\"><a href=\"https:\/\/wwwstg.board.com\/it\">Torna a Home<\/a><\/li><\/nav>\t\t\t\t\t\t\t\t\t<\/div>\n\t\t<\/div>\n\t\t<div class=\"container\">\n\t\t\t<div class=\"columns-block-row\">\n\t\t\t\t\t\t\t\t\n\t<div class=\"column-content d-flex align-items-center\">\n\t\t<div class=\"hero-grad-left\">\n\t\t\t<div class=\"hero-grad-copy\">\n\t\t\t\t\t\t\t\t\n\n<h1 class=\"wp-block-heading\">Una carriera di successo.<br\/>Pianificala. Unisciti all&#8217;azienda che sta rivoluzionando l&#8217;Enterprise Planning.<\/h1>\n\n\n\n<p>Unisciti all&#8217;azienda che sta rivoluzionando l&#8217;enterprise planning.<\/p>\n\n\n\t<div class=\"hero-grad-nav\">\n\t\t\n\t\t<a href=\"https:\/\/wwwstg.board.com\/it\/posizioni-aperte\" class=\"btn-link btn-link--blue\"  target=\"\"\t\t\t>\n\t\t\t<span>Scopri le posizioni aperte<\/span>\n\t\t<\/a>\n\t\n\n\t<\/div>\n\n\n\n\t\t\t\t\n\t\t\t\t\t\t\t<\/div>\n\t\t<\/div>\n\t<\/div>\n\n\n\t<div class=\"column-content text-start align-self-start\">\n\t\t<div class=\"hero-grad-right\">\n\t\t\n\t\t\t\t\t<img decoding=\"async\" class=\"hero-bubbles-bg hero-bubbles-bg--large\" src=\"https:\/\/wwwstg.board.com\/wp-content\/themes\/board\/assets\/images\/bubbles.svg\" alt=\"\" \/>\n\t\t\n\t\t\n\t\t\t\t\t\n\t\t\t\n\t\t\t<img decoding=\"async\" class=\"hero-bubbles-feature \" src=\"https:\/\/wwwstg.board.com\/wp-content\/uploads\/2024\/10\/careers-block.png\" alt=\"\" \/>\n\t\t\t\n\n\t\t<\/div>\n\t<\/div>\n\t\n\n\t\t\t<\/div>\n\t\t<\/div>\n\t<\/section>\n\t\t<section id=\"block_7a40d40736405ffc313c795bd55b295b-1\" class=\"block block--spc columns-block image-text\">\n\n\t\t\n\t\t<div class=\"container position-relative\">\n\t\t\t<div class=\"columns-block-row\">\n\t\t\t\t\t\t\t\t\n\t<div class=\"column-content \">\n\t\t\n\n<h2 class=\"wp-block-heading\">Siamo innovatori nella pianificazione.<br\/>Anche tu potresti esserlo.<\/h2>\n\n\n\n<p>La nostra missione \u00e8 fornire a ogni impresa una piattaforma unica che abbatta i silos e consenta loro di pianificare in modo pi\u00f9 intelligente, ottenere risultati migliori e trasformarsi pi\u00f9 velocemente in un contesto di cambiamento e discontinuit\u00e0 costanti.<\/p>\n\n\n\t<ul class=\"list-unstyled list-with-ticks\">\n\t\t\n\t<li class=\"primary\">\n\t\t\t\t\t<span class=\"ico icon-controlla\" aria-hidden=\"true\"><\/span>\n\t\t\t\t\n\n<p><strong>Crescita rapida<\/strong><\/p>\n\n\n\t<\/li>\n\t\n\n\t<li class=\"primary\">\n\t\t\t\t\t<span class=\"ico icon-controlla\" aria-hidden=\"true\"><\/span>\n\t\t\t\t\n\n<p><strong>Presenza globale<\/strong><\/p>\n\n\n\t<\/li>\n\t\n\n\t<li class=\"primary\">\n\t\t\t\t\t<span class=\"ico icon-controlla\" aria-hidden=\"true\"><\/span>\n\t\t\t\t\n\n<p><strong>Diverse team<\/strong><\/p>\n\n\n\t<\/li>\n\t\n\n\t<li class=\"primary\">\n\t\t\t\t\t<span class=\"ico icon-controlla\" aria-hidden=\"true\"><\/span>\n\t\t\t\t\n\n<p><strong>Cultura collaborativa<\/strong><\/p>\n\n\n\t<\/li>\n\t\n\n\t<\/ul>\n\t\n\n\n<p>La chiamiamo la Piattaforma di Enterprise Planning di Board. Ha gi\u00e0 trasformato pi\u00f9 di 2.000 organizzazioni in tutto il mondo e siamo regolarmente riconosciuti dagli analisti leader del settore. Abbiamo bisogno di persone talentuose come te per continuare ad avere successo.  <\/p>\n\n\n\t<\/div>\n\n\n\t<div class=\"column-content \">\n\t\t\n\n<figure class=\"wp-block-image size-full\"><img loading=\"lazy\" decoding=\"async\" width=\"541\" height=\"490\" src=\"https:\/\/wwwstg.board.com\/wp-content\/uploads\/2024\/09\/hero_careers_middle.png\" alt=\"\" class=\"wp-image-1753\" srcset=\"https:\/\/wwwstg.board.com\/wp-content\/uploads\/2024\/09\/hero_careers_middle.png 541w, https:\/\/wwwstg.board.com\/wp-content\/uploads\/2024\/09\/hero_careers_middle-215x195.png 215w, https:\/\/wwwstg.board.com\/wp-content\/uploads\/2024\/09\/hero_careers_middle-480x435.png 480w\" sizes=\"auto, (max-width: 541px) 100vw, 541px\" \/><\/figure>\n\n\t\n\t<\/div>\n\t\n\n\t\t\t<\/div>\n\t\t<\/div>\n\t<\/section>\n\n\t<section id=\"block_d2857bca40eaa147603581c7efe78dd3-2\" class=\"block block--spc columns-block bg-shade-50 \">\n\t\t<div class=\"container position-relative\">\n\t\t\t<div class=\"columns-block-row\">\n\t\t\t\t\t\t\t\t\n\t<div id=\"block_54e1eded8cd01ad7486029293403929f\" class=\"column-content   testo allineato a sinistra testo allineato all&#039;inizio\">\n\t\t\n\n\n\n<h2 class=\"wp-block-heading has-visual-h-1-font-size\"><strong>Cinque valori fondamentali guidano<br\/>tutto ci\u00f2 che facciamo.<\/strong><\/h2>\n\n\n\t<\/div>\n\n\n\t\t\t<\/div>\n\t\t<\/div>\n\t<\/section>\n\n\t\t\t<section id=\"block_bdd3eb59e3be51c42466874a1e5d1cbb-3\" class=\"block block--spc columns-block grid grid--3 colonne bg-shade-50\">\n\t\t\t<div class=\"container position-relative\">\n\t\t\t\t<div class=\"columns-block-row\">\n\t\t\t\t\t\t\t\t\t\t\n\t<article class=\"card card--default\">\n\t\t\t\t\t<div class=\"ratio ratio-1x1\">\n\t\t\t\t<img decoding=\"async\" src=\"https:\/\/wwwstg.board.com\/wp-content\/uploads\/2024\/10\/icon-open-collaboration-1.svg\" alt=\"\" loading=\"lazy\">\n\t\t\t<\/div>\n\t\t\t\t<div class=\"card-body\">\n\t\t\t\n\n<h4 class=\"wp-block-heading card-title visual-h6 has-visual-h-6-font-size\"><strong>Collaborazione aperta<\/strong><\/h4>\n\n\n\n<p class=\"card-text\">Lavorare all&#8217;unisono, tra diversi team, funzioni e aree geografiche, per raggiungere un obiettivo comune.<\/p>\n\n\n\t\t<\/div>\t\t\n\t<\/article>\n\t\n\n\t<article class=\"card card--default\">\n\t\t\t\t\t<div class=\"ratio ratio-1x1\">\n\t\t\t\t<img decoding=\"async\" src=\"https:\/\/wwwstg.board.com\/wp-content\/uploads\/2024\/10\/icon-growth-mindset-1.svg\" alt=\"\" loading=\"lazy\">\n\t\t\t<\/div>\n\t\t\t\t<div class=\"card-body\">\n\t\t\t\n\n<h4 class=\"wp-block-heading card-title visual-h6 has-visual-h-6-font-size\"><strong>Mentalit\u00e0 orientata alla crescita<\/strong><\/h4>\n\n\n\n<p class=\"card-text\">Accogliere il cambiamento, le opportunit\u00e0 di apprendimento e le nuove esperienze rafforza il nostro impegno verso il successo.<\/p>\n\n\n\t\t<\/div>\t\t\n\t<\/article>\n\t\n\n\t<article class=\"card card--default\">\n\t\t\t\t\t<div class=\"ratio ratio-1x1\">\n\t\t\t\t<img decoding=\"async\" src=\"https:\/\/wwwstg.board.com\/wp-content\/uploads\/2024\/10\/icon-customer-commitment-1.svg\" alt=\"\" loading=\"lazy\">\n\t\t\t<\/div>\n\t\t\t\t<div class=\"card-body\">\n\t\t\t\n\n<h4 class=\"wp-block-heading card-title visual-h6 has-visual-h-6-font-size\"><strong>Impegno verso i clienti<\/strong><\/h4>\n\n\n\n<p class=\"card-text\">Creare partnership solide per superare le sfide e implementare soluzioni che vadano oltre le aspettative.<\/p>\n\n\n\t\t<\/div>\t\t\n\t<\/article>\n\t\n\n\t<article class=\"card card--default\">\n\t\t\t\t\t<div class=\"ratio ratio-1x1\">\n\t\t\t\t<img decoding=\"async\" src=\"https:\/\/wwwstg.board.com\/wp-content\/uploads\/2024\/10\/icon-results-oriented-1.svg\" alt=\"\" loading=\"lazy\">\n\t\t\t<\/div>\n\t\t\t\t<div class=\"card-body\">\n\t\t\t\n\n<h4 class=\"wp-block-heading card-title visual-h6 has-visual-h-6-font-size\"><strong>Concentrati sugli insight<\/strong><\/h4>\n\n\n\n<p class=\"card-text\">Fornire tecnologia e servizi che sono audaci e ambiziosi quanto le aspirazioni dei nostri clienti<\/p>\n\n\n\t\t<\/div>\t\t\n\t<\/article>\n\t\n\n\t<article class=\"card card--default\">\n\t\t\t\t\t<div class=\"ratio ratio-1x1\">\n\t\t\t\t<img decoding=\"async\" src=\"https:\/\/wwwstg.board.com\/wp-content\/uploads\/2024\/10\/icon-relentless-innovation-1.svg\" alt=\"\" loading=\"lazy\">\n\t\t\t<\/div>\n\t\t\t\t<div class=\"card-body\">\n\t\t\t\n\n<h4 class=\"wp-block-heading card-title visual-h6 has-visual-h-6-font-size\"><strong>Innovazione incessante<\/strong><\/h4>\n\n\n\n<p class=\"card-text\">Promuovendo una cultura con l&#8217;innovazione al centro, le persone e i partner di Board hanno la passione per creare.<\/p>\n\n\n\t\t<\/div>\t\t\n\t<\/article>\n\t\n\n\t\t\t\t<\/div>\n\t\t\t<\/div>\n\t\t<\/section>\n\t\t<section id=\"block_4788a6164bdcec55a48d2c84e9e9689f-4\" class=\"block block--spc columns-block \">\n\t\t<div class=\"container position-relative\">\n\t\t\t<div class=\"columns-block-row\">\n\t\t\t\t\t\t\t\t\n\t<div id=\"block_54e1eded8cd01ad7486029293403929f\" class=\"column-content   testo allineato a sinistra testo allineato all&#039;inizio\">\n\t\t\n\n<h2 class=\"wp-block-heading has-visual-h-1-font-size\"><strong>Opportunit\u00e0 di crescita professionale?<br\/>Abbiamo tutto ci\u00f2 che serve.<\/strong><\/h2>\n\n\n\t<\/div>\n\n\n\t\t\t<\/div>\n\t\t<\/div>\n\t<\/section>\n\n\t\t<section id=\"block_3452c5091a6ef1d47bebb19b8720293f-5\" class=\"block block--spc columns-block\">\n\t\t<div class=\"container position-relative\">\n\t\t\t<div class=\"columns-block-row\">\n\t\t\t\t\t\t\t\t\n\t<div id=\"block_54e1eded8cd01ad7486029293403929f\" class=\"column-content   testo allineato a sinistra testo allineato all&#039;inizio\">\n\t\t\n\n<h6 class=\"wp-block-heading\"><strong>Sales and Marketing<\/strong><\/h6>\n\n\n\n<p>Guidare i clienti nel loro percorso di trasformazione digitale.<\/p>\n\n\n\t<\/div>\n\n\n\t<div id=\"block_54e1eded8cd01ad7486029293403929f\" class=\"column-content   testo allineato a sinistra testo allineato all&#039;inizio\">\n\t\t\n\n<h6 class=\"wp-block-heading\"><strong>Customer Success<\/strong><\/h6>\n\n\n\n<p>Garantire che l&#8217;esperienza dei clienti con Board sia eccezionale.<\/p>\n\n\n\t<\/div>\n\n\n\t<div id=\"block_54e1eded8cd01ad7486029293403929f\" class=\"column-content   testo allineato a sinistra testo allineato all&#039;inizio\">\n\t\t\n\n<h6 class=\"wp-block-heading\"><strong>RD and Product<\/strong><\/h6>\n\n\n\n<p>Sfruttare la potenza della tecnologia per guidare l&#8217;innovazione utilizzando la piattaforma Board.<\/p>\n\n\n\t<\/div>\n\n\n\t<div id=\"block_d28eb5d1b563e8144f6fbb616c8d5d77\" class=\"column-content   text-start align-self-start\">\n\t\t\n\n<h6 class=\"wp-block-heading\"><strong>HR, Strategy and Finance<\/strong><\/h6>\n\n\n\n<p>Supportare l&#8217;organizzazione di Board nel suo percorso di crescita rapida con processi e strategie best-in-class.<\/p>\n\n\n\t<\/div>\n\n\n\t\t\t<\/div>\n\t\t<\/div>\n\t<\/section>\n\n\t\t<section id=\"block_62479d90d845371a4ce68e611c4bc35b-6\" class=\"block block--spc columns-block spacing-md footer-cta bg-primary-gradient-02\">\n\t\t\n\t\t\t<img loading=\"lazy\" decoding=\"async\" src=\"https:\/\/wwwstg.board.com\/wp-content\/uploads\/2024\/10\/bg_shape.svg\" class=\"shape-bg-image shape-bg-image-left\" alt=\"Background image shape - left\" height=\"510\" width=\"930\" aria-hidden=\"true\">\n\t\t\t<div class=\"overlay-gradient\"><\/div>\n\t\t<div class=\"container position-relative columns-70-30\">\n\t\t\t<div class=\"columns-block-row\">\n\t\t\t\t\t\t\t\t\n\t<div class=\"column-content \">\n\t\t\n\n<h2 class=\"wp-block-heading\">Sei pronto ad unirti a noi?<\/h2>\n\n\n\n<p>Scopri le nostre posizioni aperte<\/p>\n\n\n\t<\/div>\n\n\n\t<div class=\"column-content \">\n\t\t\n\t\t<a href=\"https:\/\/wwwstg.board.com\/it\/posizioni-aperte\" class=\"btn-link btn-link--white\"  target=\"\"\t\t\t>\n\t\t\t<span>Scopri le posizioni aperte<\/span>\n\t\t<\/a>\n\t\n\n\t<\/div>\n\n\n\t\t\t<\/div>\n\t\t<\/div>\n\t<\/section>\n\n\t","protected":false},"excerpt":{"rendered":"","protected":false},"author":3,"featured_media":0,"parent":0,"menu_order":0,"comment_status":"closed","ping_status":"closed","template":"","meta":{"_acf_changed":false,"_themeisle_gutenberg_block_has_review":false,"footnotes":""},"line_of_business":[4384],"page_score_tier":[],"class_list":["post-2928","page","type-page","status-publish","hentry","line_of_business-not-assigned-it"],"acf":[],"yoast_head":"<!-- This site is optimized with the Yoast SEO plugin v27.4 - https:\/\/yoast.com\/product\/yoast-seo-wordpress\/ -->\n<title>Board | Carriere<\/title>\n<meta name=\"description\" content=\"Una carriera di successo. Pianificala. Unisciti all&#039;azienda che sta rivoluzionando l&#039;Enterprise Planning. Unisciti all&#039;azienda che sta rivoluzionando l&#039;enterprise planning.\" \/>\n<meta name=\"robots\" content=\"noindex, follow, max-snippet:-1, max-image-preview:large, max-video-preview:-1\" \/>\n<meta property=\"og:locale\" content=\"it_IT\" \/>\n<meta property=\"og:type\" content=\"article\" \/>\n<meta property=\"og:title\" content=\"Board | Carriere\" \/>\n<meta property=\"og:description\" content=\"Una carriera di successo. Pianificala. Unisciti all&#039;azienda che sta rivoluzionando l&#039;Enterprise Planning. Unisciti all&#039;azienda che sta rivoluzionando l&#039;enterprise planning.\" \/>\n<meta property=\"og:url\" content=\"https:\/\/wwwstg.board.com\/it\/carriere\" \/>\n<meta property=\"og:site_name\" content=\"Board\" \/>\n<meta property=\"article:publisher\" content=\"https:\/\/www.facebook.com\/BOARD.International\" \/>\n<meta property=\"article:modified_time\" content=\"2025-05-05T07:09:56+00:00\" \/>\n<meta property=\"og:image\" content=\"https:\/\/wwwstg.board.com\/wp-content\/uploads\/2025\/01\/1200x627_board_opengraph_careers_0.jpg\" \/>\n<meta name=\"twitter:card\" content=\"summary_large_image\" \/>\n<meta name=\"twitter:site\" content=\"@BOARDSoftware\" \/>\n<meta name=\"twitter:label1\" content=\"Tempo di lettura stimato\" \/>\n\t<meta name=\"twitter:data1\" content=\"2 minuti\" \/>\n<script type=\"application\/ld+json\" class=\"yoast-schema-graph\">{\"@context\":\"https:\\\/\\\/schema.org\",\"@graph\":[{\"@type\":\"WebPage\",\"@id\":\"https:\\\/\\\/wwwstg.board.com\\\/it\\\/carriere\",\"url\":\"https:\\\/\\\/wwwstg.board.com\\\/it\\\/carriere\",\"name\":\"Board | Carriere\",\"isPartOf\":{\"@id\":\"https:\\\/\\\/wwwstg.board.com\\\/it#website\"},\"primaryImageOfPage\":{\"@id\":\"https:\\\/\\\/wwwstg.board.com\\\/it\\\/carriere#primaryimage\"},\"image\":{\"@id\":\"https:\\\/\\\/wwwstg.board.com\\\/it\\\/carriere#primaryimage\"},\"thumbnailUrl\":\"https:\\\/\\\/wwwstg.board.com\\\/wp-content\\\/uploads\\\/2024\\\/09\\\/hero_careers_middle.png\",\"datePublished\":\"2024-09-26T12:31:15+00:00\",\"dateModified\":\"2025-05-05T07:09:56+00:00\",\"description\":\"Una carriera di successo. Pianificala. Unisciti all'azienda che sta rivoluzionando l'Enterprise Planning. Unisciti all'azienda che sta rivoluzionando l'enterprise planning.\",\"breadcrumb\":{\"@id\":\"https:\\\/\\\/wwwstg.board.com\\\/it\\\/carriere#breadcrumb\"},\"inLanguage\":\"it-IT\",\"potentialAction\":[{\"@type\":\"ReadAction\",\"target\":[\"https:\\\/\\\/wwwstg.board.com\\\/it\\\/carriere\"]}]},{\"@type\":\"ImageObject\",\"inLanguage\":\"it-IT\",\"@id\":\"https:\\\/\\\/wwwstg.board.com\\\/it\\\/carriere#primaryimage\",\"url\":\"https:\\\/\\\/wwwstg.board.com\\\/wp-content\\\/uploads\\\/2024\\\/09\\\/hero_careers_middle.png\",\"contentUrl\":\"https:\\\/\\\/wwwstg.board.com\\\/wp-content\\\/uploads\\\/2024\\\/09\\\/hero_careers_middle.png\"},{\"@type\":\"BreadcrumbList\",\"@id\":\"https:\\\/\\\/wwwstg.board.com\\\/it\\\/carriere#breadcrumb\",\"itemListElement\":[{\"@type\":\"ListItem\",\"position\":1,\"name\":\"Home\",\"item\":\"https:\\\/\\\/wwwstg.board.com\\\/it\"},{\"@type\":\"ListItem\",\"position\":2,\"name\":\"Carriere\"}]},{\"@type\":\"WebSite\",\"@id\":\"https:\\\/\\\/wwwstg.board.com\\\/it#website\",\"url\":\"https:\\\/\\\/wwwstg.board.com\\\/it\",\"name\":\"Board\",\"description\":\"The Enterprise Planning Platform\",\"publisher\":{\"@id\":\"https:\\\/\\\/wwwstg.board.com\\\/it#organization\"},\"potentialAction\":[{\"@type\":\"SearchAction\",\"target\":{\"@type\":\"EntryPoint\",\"urlTemplate\":\"https:\\\/\\\/wwwstg.board.com\\\/it?s={search_term_string}\"},\"query-input\":{\"@type\":\"PropertyValueSpecification\",\"valueRequired\":true,\"valueName\":\"search_term_string\"}}],\"inLanguage\":\"it-IT\"},{\"@type\":\"Organization\",\"@id\":\"https:\\\/\\\/wwwstg.board.com\\\/it#organization\",\"name\":\"Board\",\"url\":\"https:\\\/\\\/wwwstg.board.com\\\/it\",\"logo\":{\"@type\":\"ImageObject\",\"inLanguage\":\"it-IT\",\"@id\":\"https:\\\/\\\/wwwstg.board.com\\\/it#\\\/schema\\\/logo\\\/image\\\/\",\"url\":\"https:\\\/\\\/wwwstg.board.com\\\/wp-content\\\/uploads\\\/2024\\\/08\\\/board-footer-logo-grey-0-1.png\",\"contentUrl\":\"https:\\\/\\\/wwwstg.board.com\\\/wp-content\\\/uploads\\\/2024\\\/08\\\/board-footer-logo-grey-0-1.png\",\"width\":297,\"height\":103,\"caption\":\"Board\"},\"image\":{\"@id\":\"https:\\\/\\\/wwwstg.board.com\\\/it#\\\/schema\\\/logo\\\/image\\\/\"},\"sameAs\":[\"https:\\\/\\\/www.facebook.com\\\/BOARD.International\",\"https:\\\/\\\/x.com\\\/BOARDSoftware\",\"https:\\\/\\\/www.linkedin.com\\\/company\\\/board\\\/\",\"https:\\\/\\\/www.youtube.com\\\/user\\\/BOARDInternationalSA\",\"https:\\\/\\\/en.wikipedia.org\\\/wiki\\\/Board_International\"]}]}<\/script>\n<!-- \/ Yoast SEO plugin. -->","yoast_head_json":{"title":"Board | Carriere","description":"Una carriera di successo. Pianificala. Unisciti all'azienda che sta rivoluzionando l'Enterprise Planning. Unisciti all'azienda che sta rivoluzionando l'enterprise planning.","robots":{"index":"noindex","follow":"follow","max-snippet":"max-snippet:-1","max-image-preview":"max-image-preview:large","max-video-preview":"max-video-preview:-1"},"og_locale":"it_IT","og_type":"article","og_title":"Board | Carriere","og_description":"Una carriera di successo. Pianificala. Unisciti all'azienda che sta rivoluzionando l'Enterprise Planning. Unisciti all'azienda che sta rivoluzionando l'enterprise planning.","og_url":"https:\/\/wwwstg.board.com\/it\/carriere","og_site_name":"Board","article_publisher":"https:\/\/www.facebook.com\/BOARD.International","article_modified_time":"2025-05-05T07:09:56+00:00","og_image":[{"url":"https:\/\/wwwstg.board.com\/wp-content\/uploads\/2025\/01\/1200x627_board_opengraph_careers_0.jpg","type":"","width":"","height":""}],"twitter_card":"summary_large_image","twitter_site":"@BOARDSoftware","twitter_misc":{"Tempo di lettura stimato":"2 minuti"},"schema":{"@context":"https:\/\/schema.org","@graph":[{"@type":"WebPage","@id":"https:\/\/wwwstg.board.com\/it\/carriere","url":"https:\/\/wwwstg.board.com\/it\/carriere","name":"Board | Carriere","isPartOf":{"@id":"https:\/\/wwwstg.board.com\/it#website"},"primaryImageOfPage":{"@id":"https:\/\/wwwstg.board.com\/it\/carriere#primaryimage"},"image":{"@id":"https:\/\/wwwstg.board.com\/it\/carriere#primaryimage"},"thumbnailUrl":"https:\/\/wwwstg.board.com\/wp-content\/uploads\/2024\/09\/hero_careers_middle.png","datePublished":"2024-09-26T12:31:15+00:00","dateModified":"2025-05-05T07:09:56+00:00","description":"Una carriera di successo. Pianificala. Unisciti all'azienda che sta rivoluzionando l'Enterprise Planning. Unisciti all'azienda che sta rivoluzionando l'enterprise planning.","breadcrumb":{"@id":"https:\/\/wwwstg.board.com\/it\/carriere#breadcrumb"},"inLanguage":"it-IT","potentialAction":[{"@type":"ReadAction","target":["https:\/\/wwwstg.board.com\/it\/carriere"]}]},{"@type":"ImageObject","inLanguage":"it-IT","@id":"https:\/\/wwwstg.board.com\/it\/carriere#primaryimage","url":"https:\/\/wwwstg.board.com\/wp-content\/uploads\/2024\/09\/hero_careers_middle.png","contentUrl":"https:\/\/wwwstg.board.com\/wp-content\/uploads\/2024\/09\/hero_careers_middle.png"},{"@type":"BreadcrumbList","@id":"https:\/\/wwwstg.board.com\/it\/carriere#breadcrumb","itemListElement":[{"@type":"ListItem","position":1,"name":"Home","item":"https:\/\/wwwstg.board.com\/it"},{"@type":"ListItem","position":2,"name":"Carriere"}]},{"@type":"WebSite","@id":"https:\/\/wwwstg.board.com\/it#website","url":"https:\/\/wwwstg.board.com\/it","name":"Board","description":"The Enterprise Planning Platform","publisher":{"@id":"https:\/\/wwwstg.board.com\/it#organization"},"potentialAction":[{"@type":"SearchAction","target":{"@type":"EntryPoint","urlTemplate":"https:\/\/wwwstg.board.com\/it?s={search_term_string}"},"query-input":{"@type":"PropertyValueSpecification","valueRequired":true,"valueName":"search_term_string"}}],"inLanguage":"it-IT"},{"@type":"Organization","@id":"https:\/\/wwwstg.board.com\/it#organization","name":"Board","url":"https:\/\/wwwstg.board.com\/it","logo":{"@type":"ImageObject","inLanguage":"it-IT","@id":"https:\/\/wwwstg.board.com\/it#\/schema\/logo\/image\/","url":"https:\/\/wwwstg.board.com\/wp-content\/uploads\/2024\/08\/board-footer-logo-grey-0-1.png","contentUrl":"https:\/\/wwwstg.board.com\/wp-content\/uploads\/2024\/08\/board-footer-logo-grey-0-1.png","width":297,"height":103,"caption":"Board"},"image":{"@id":"https:\/\/wwwstg.board.com\/it#\/schema\/logo\/image\/"},"sameAs":["https:\/\/www.facebook.com\/BOARD.International","https:\/\/x.com\/BOARDSoftware","https:\/\/www.linkedin.com\/company\/board\/","https:\/\/www.youtube.com\/user\/BOARDInternationalSA","https:\/\/en.wikipedia.org\/wiki\/Board_International"]}]}},"_links":{"self":[{"href":"https:\/\/wwwstg.board.com\/it\/wp-json\/wp\/v2\/pages\/2928","targetHints":{"allow":["GET"]}}],"collection":[{"href":"https:\/\/wwwstg.board.com\/it\/wp-json\/wp\/v2\/pages"}],"about":[{"href":"https:\/\/wwwstg.board.com\/it\/wp-json\/wp\/v2\/types\/page"}],"author":[{"embeddable":true,"href":"https:\/\/wwwstg.board.com\/it\/wp-json\/wp\/v2\/users\/3"}],"replies":[{"embeddable":true,"href":"https:\/\/wwwstg.board.com\/it\/wp-json\/wp\/v2\/comments?post=2928"}],"version-history":[{"count":0,"href":"https:\/\/wwwstg.board.com\/it\/wp-json\/wp\/v2\/pages\/2928\/revisions"}],"wp:attachment":[{"href":"https:\/\/wwwstg.board.com\/it\/wp-json\/wp\/v2\/media?parent=2928"}],"wp:term":[{"taxonomy":"line_of_business","embeddable":true,"href":"https:\/\/wwwstg.board.com\/it\/wp-json\/wp\/v2\/line_of_business?post=2928"},{"taxonomy":"page_score_tier","embeddable":true,"href":"https:\/\/wwwstg.board.com\/it\/wp-json\/wp\/v2\/page_score_tier?post=2928"}],"curies":[{"name":"wp","href":"https:\/\/api.w.org\/{rel}","templated":true}]}}