{"id":10207,"date":"2024-11-01T14:42:53","date_gmt":"2024-11-01T14:42:53","guid":{"rendered":"https:\/\/www.board.com\/capacita-simulazione\/"},"modified":"2025-02-26T20:37:36","modified_gmt":"2025-02-26T20:37:36","slug":"simulazione","status":"publish","type":"page","link":"https:\/\/wwwstg.board.com\/it\/simulazione","title":{"rendered":"Capacit\u00e0: Simulazione"},"content":{"rendered":"\t<section id=\"block_98245467dd0ce8283f6beee1df7ac8e1-\" class=\"block block--spc columns-block block-hero-grad grid grid--2 bg-primary-gradient-02\">\n\t\t<div class=\"container\">\n\t\t\t<div class=\"columns-block-row\">\n\t\t\t\t\n\t<div class=\"column-content d-flex align-items-center\">\n\t\t<div class=\"hero-grad-left\">\n\t\t\t<div class=\"hero-grad-copy\">\n\t\t\t\t\t\t\t\t\n\n<h1 class=\"wp-block-heading\">Board capability: Simulazione<\/h1>\n\n\n\n<p>Comprendi all&#8217;istante l&#8217;impatto che hanno le tue decisioni sul business<\/p>\n\n\n\t<div class=\"hero-grad-nav\">\n\t\t\n\t\t<a href=\"\/it\/watch-demo\" class=\"btn-link btn-link--white\"  target=\"\"\t\t\t>\n\t\t\t<span>Scopri com&#039;\u00e8 Board in azione<\/span>\n\t\t<\/a>\n\t\n\n\t\t<a href=\"https:\/\/wwwstg.board.com\/it\/richiedi-demo\" class=\"btn-link btn-link--white btn-link--arrow\"  target=\"\"\t\t\t>\n\t\t\t<span>Richiedi una demo<\/span>\n\t\t\t<span class=\"ico icon-chevron-right\" aria-hidden=\"true\"><\/span>\n\t\t<\/a>\n\t\n\n\t<\/div>\n\n\n\n\t\t\t\t\n\t\t\t\t\t\t\t<\/div>\n\t\t<\/div>\n\t<\/div>\n\n\n\t\t\t<\/div>\n\t\t<\/div>\n\t<\/section>\n\t<section id=\"block_d5ac485490692321d8e96cb0b2d4f297-1\" class=\"block block--spc columns-block image-text\">\n\n\t\t\n\t\t<div class=\"container position-relative\">\n\t\t\t<div class=\"columns-block-row\">\n\t\t\t\t\t\t\t\t\n\t<div class=\"column-content \">\n\t\t\n\n<p>Board consente di creare facilmente e velocemente modelli di simulazione che riflettono esattamente le sfide aziendali, dotandoti dell&#8217;intelligenza analitica per valutare l&#8217;impatto potenziale delle tue decisioni prima che siano messe in atto. La tecnologia all&#8217;avanguardia di Board supera tutti i limiti delle soluzioni tradizionali, rendendo qualsiasi processo di simulazione veloce, snello e semplice da realizzare. <\/p>\n\n\n\t<\/div>\n\n\n\t<div class=\"column-content \">\n\t\t\n\n<figure class=\"wp-block-image size-full\"><img loading=\"lazy\" decoding=\"async\" width=\"827\" height=\"465\" src=\"https:\/\/wwwstg.board.com\/wp-content\/uploads\/2024\/11\/Scenario-Comparison-Dashboard.jpg\" alt=\"A Board dashboard showing comparison of business scenarios.\" class=\"wp-image-6196\" srcset=\"https:\/\/wwwstg.board.com\/wp-content\/uploads\/2024\/11\/Scenario-Comparison-Dashboard.jpg 827w, https:\/\/wwwstg.board.com\/wp-content\/uploads\/2024\/11\/Scenario-Comparison-Dashboard-215x121.jpg 215w, https:\/\/wwwstg.board.com\/wp-content\/uploads\/2024\/11\/Scenario-Comparison-Dashboard-768x432.jpg 768w, https:\/\/wwwstg.board.com\/wp-content\/uploads\/2024\/11\/Scenario-Comparison-Dashboard-480x270.jpg 480w, https:\/\/wwwstg.board.com\/wp-content\/uploads\/2024\/11\/Scenario-Comparison-Dashboard-224x126.jpg 224w\" sizes=\"auto, (max-width: 827px) 100vw, 827px\" \/><\/figure>\n\n\t\n\t<\/div>\n\t\n\n\t\t\t<\/div>\n\t\t<\/div>\n\t<\/section>\n\n\t<section id=\"block_e62e0231ca751bb63babe863917278fa-2\" class=\"block block--spc columns-block image-text bg-neutral-50\">\n\n\t\t\n\t\t<div class=\"container position-relative\">\n\t\t\t<div class=\"columns-block-row\">\n\t\t\t\t\t\t\t\t\n\t<div class=\"column-content \">\n\t\t\n\n<figure class=\"wp-block-image size-full\"><img loading=\"lazy\" decoding=\"async\" width=\"827\" height=\"465\" src=\"https:\/\/wwwstg.board.com\/wp-content\/uploads\/2024\/11\/Local-Actual-Dashboard.jpg\" alt=\"Board dashboard showing actual financial performance\" class=\"wp-image-6184\" srcset=\"https:\/\/wwwstg.board.com\/wp-content\/uploads\/2024\/11\/Local-Actual-Dashboard.jpg 827w, https:\/\/wwwstg.board.com\/wp-content\/uploads\/2024\/11\/Local-Actual-Dashboard-215x121.jpg 215w, https:\/\/wwwstg.board.com\/wp-content\/uploads\/2024\/11\/Local-Actual-Dashboard-768x432.jpg 768w, https:\/\/wwwstg.board.com\/wp-content\/uploads\/2024\/11\/Local-Actual-Dashboard-480x270.jpg 480w, https:\/\/wwwstg.board.com\/wp-content\/uploads\/2024\/11\/Local-Actual-Dashboard-224x126.jpg 224w\" sizes=\"auto, (max-width: 827px) 100vw, 827px\" \/><\/figure>\n\n\t\n\t<\/div>\n\t\n\n\t<div class=\"column-content \">\n\t\t\n\n<h2 class=\"wp-block-heading\">Crea in tutta semplicit\u00e0 modelli aziendali sofisticati<\/h2>\n\n\n\n<p>Board ti offre la capacit\u00e0 di tradurre i processi aziendali in modelli analitici sofisticati che consentono agli utenti di valutare l&#8217;impatto delle loro decisioni sulle performance aziendali. Una potente combinazione di caratteristiche native (come aggregazione, calcoli e assegnazioni di dati in tempo reale, celle che gestiscono contemporaneamente formule e valori, regole aziendali) permette di comprendere facilmente i risultati potenziali al variare delle assunzioni fondamentali su cui si basano scenari alternativi di business (e viceversa). <\/p>\n\n\n\n<p>Ad <strong>esempio<\/strong>, in un classico modello di Board \u00e8 possibile simulare immediatamentel&#8217;impatto che una modifica nell&#8217;assegnazione dei costi fissi avr\u00e0 nel calcolo dell\u2019EBIT per prodotti, canali e clienti, e viceversa. \u00c8 possibile creare modelli simili sia a scopo strategico, come modelli di pianificazione ad hoc, pianificazione dello scenario e analisi di sensitivit\u00e0, sia per migliorare l&#8217;accuratezza e l&#8217;efficacia dei processi della pianificazione finanziaria, cos\u00ec come della pianificazione delle risorse umane o di quella di vendite e operations.<br\/><\/p>\n\n\n\t<\/div>\n\n\n\t\t\t<\/div>\n\t\t<\/div>\n\t<\/section>\n\n\t<section id=\"block_d5ac485490692321d8e96cb0b2d4f297-3\" class=\"block block--spc columns-block image-text\">\n\n\t\t\n\t\t<div class=\"container position-relative\">\n\t\t\t<div class=\"columns-block-row\">\n\t\t\t\t\t\t\t\t\n\t<div class=\"column-content \">\n\t\t\n\n<h2 class=\"wp-block-heading\">Smetti di aspettare, passa alla creazione di modelli in tempo reale<\/h2>\n\n\n\n<p>A differenza delle soluzioni tradizionali di simulazione e pianificazione, caratterizzate da rigidit\u00e0 strutturale e incapacit\u00e0 di garantire performance elevate nel caso di set di dati ampi o complessi, Board \u00e8 in grado di gestire in tempo reale modifiche ai modelli, assegnazione dati attraverso dimensione e gerarchie, e calcolo e aggregazione di dati. Una nuova Business Unit, un nuovo prodotto, un nuovo mercato o un investimento diverso possono essere inseriti in maniera controllata durante un processo di simulazione o pianificazione, riproducendo l&#8217;effetto di uno scenario nuovo sull&#8217;intero modello aziendale. Di fatto, quando gli utenti inseriscono dati numerici a qualsiasi livello di aggregazione (ad es. Vendite per linee di prodotto), le modifiche si propagano automaticamente fino alla struttura pi\u00f9 alta (Vendite totali) e fino al livello pi\u00f9 basso di dettaglio (Codice articolo), attraverso tutte le dimensioni correlate (ad es. una volta che un utente aggiorna le Vendite per linee di prodotto, le modifiche saranno distribuite anche attraverso le aree geografiche, i canali, i clienti etc.). <\/p>\n\n\n\t<\/div>\n\n\n\t<div class=\"column-content \">\n\t\t\n\n<figure class=\"wp-block-image size-full\"><img loading=\"lazy\" decoding=\"async\" width=\"827\" height=\"465\" src=\"https:\/\/wwwstg.board.com\/wp-content\/uploads\/2024\/11\/Create-Product-Dashboard.jpg\" alt=\"Board dashboard enabling the easy addition of a new product\" class=\"wp-image-6178\" srcset=\"https:\/\/wwwstg.board.com\/wp-content\/uploads\/2024\/11\/Create-Product-Dashboard.jpg 827w, https:\/\/wwwstg.board.com\/wp-content\/uploads\/2024\/11\/Create-Product-Dashboard-215x121.jpg 215w, https:\/\/wwwstg.board.com\/wp-content\/uploads\/2024\/11\/Create-Product-Dashboard-768x432.jpg 768w, https:\/\/wwwstg.board.com\/wp-content\/uploads\/2024\/11\/Create-Product-Dashboard-480x270.jpg 480w, https:\/\/wwwstg.board.com\/wp-content\/uploads\/2024\/11\/Create-Product-Dashboard-224x126.jpg 224w\" sizes=\"auto, (max-width: 827px) 100vw, 827px\" \/><\/figure>\n\n\t\n\t<\/div>\n\t\n\n\t\t\t<\/div>\n\t\t<\/div>\n\t<\/section>\n\n\t<section id=\"block_e62e0231ca751bb63babe863917278fa-4\" class=\"block block--spc columns-block image-text bg-neutral-50\">\n\n\t\t\n\t\t<div class=\"container position-relative\">\n\t\t\t<div class=\"columns-block-row\">\n\t\t\t\t\t\t\t\t\n\t<div class=\"column-content \">\n\t\t\n\n<figure class=\"wp-block-image size-full\"><img loading=\"lazy\" decoding=\"async\" width=\"827\" height=\"465\" src=\"https:\/\/wwwstg.board.com\/wp-content\/uploads\/2024\/11\/Promotion-Planning-Dashboard.jpg\" alt=\"Board promotion planning dashboard enabling comparison of potential scenario outcomes\" class=\"wp-image-6190\" srcset=\"https:\/\/wwwstg.board.com\/wp-content\/uploads\/2024\/11\/Promotion-Planning-Dashboard.jpg 827w, https:\/\/wwwstg.board.com\/wp-content\/uploads\/2024\/11\/Promotion-Planning-Dashboard-215x121.jpg 215w, https:\/\/wwwstg.board.com\/wp-content\/uploads\/2024\/11\/Promotion-Planning-Dashboard-768x432.jpg 768w, https:\/\/wwwstg.board.com\/wp-content\/uploads\/2024\/11\/Promotion-Planning-Dashboard-480x270.jpg 480w, https:\/\/wwwstg.board.com\/wp-content\/uploads\/2024\/11\/Promotion-Planning-Dashboard-224x126.jpg 224w\" sizes=\"auto, (max-width: 827px) 100vw, 827px\" \/><\/figure>\n\n\t\n\t<\/div>\n\t\n\n\t<div class=\"column-content \">\n\t\t\n\n<h2 class=\"wp-block-heading\">Rivoluziona l&#8217;analisi what-if e what-for: utilizza qualsiasi cella sia per le formule sia, per l&#8217;inserimento di dati<\/h2>\n\n\n\n<p>Paragonato agli altri software di BI e CPM, Board offre una efficacia ineguagliata nella gestione dei processi di simulazione, da cima a fondo. Qualsiasi modifica ai dati si propaga quindi dall&#8217;alto verso il basso, dal basso verso l&#8217;alto o dall\u2019interno verso l&#8217;esterno attraverso qualsiasi dimensione (mentre la maggior parte dei concorrenti supporta soltanto l&#8217;aggregazione &#8220;bottom-up&#8221; dal livello pi\u00f9 basso di dettaglio). Non solo: una caratteristica unica chiamata Algoritmo Inverso estende questa capacit\u00e0 anche ai campi calcolati. Ci\u00f2 significa che se, per esempio, si modifica un valore in percentuale, questa modifica si rifletter\u00e0 automaticamente sulle quantit\u00e0 da cui \u00e8 stata calcolata la percentuale. Consentendo di utilizzare le stesse celle in input e in output, Board supera uno dei limiti pi\u00f9 evidenti dei fogli di calcolo, dove una cella \u00e8 in grado di gestire o un valore, o una formula, ma non entrambi. Questo meccanismo basilare, che si applica a qualsiasi valore, compresi i totali e i subtotali, rivoluzioner\u00e0 la tua esperienza durante i processi di simulazione e pianificazione. <\/p>\n\n\n\t<\/div>\n\n\n\t\t\t<\/div>\n\t\t<\/div>\n\t<\/section>\n\n\t<section id=\"block_d5ac485490692321d8e96cb0b2d4f297-5\" class=\"block block--spc columns-block image-text\">\n\n\t\t\n\t\t<div class=\"container position-relative\">\n\t\t\t<div class=\"columns-block-row\">\n\t\t\t\t\t\t\t\t\n\t<div class=\"column-content \">\n\t\t\n\n<h2 class=\"wp-block-heading\">Automatizza il modeling predittivo<\/h2>\n\n\n\n<p>Le capacit\u00e0 di simulazione di Board derivano da Board BEAM, una soluzione innovativa per il modeling predittivo automatizzato. Board BEAM pu\u00f2 valutare automaticamente le caratteristiche di qualsiasi serie temporale, producendo di conseguenza il modello pi\u00f9 appropriato, ed \u00e8 in grado di effettuare previsioni estremamente accurate migliaia di volte pi\u00f9 velocemente rispetto ai principali concorrenti. I risultati delle previsioni sono disponibili immediatamente nell&#8217;ambiente Board sotto forma di misure e ci\u00f2 consente di incorporare con facilit\u00e0 le analisi predittive in qualsiasi applicazione di simulazione. <\/p>\n\n\n\t<\/div>\n\n\n\t<div class=\"column-content \">\n\t\t\n\n<figure class=\"wp-block-image size-full is-resized\"><img loading=\"lazy\" decoding=\"async\" width=\"536\" height=\"524\" src=\"https:\/\/wwwstg.board.com\/wp-content\/uploads\/2024\/09\/thumbnail-beam-brochure.png\" alt=\"\" class=\"wp-image-717\" style=\"width:252px;height:auto\" srcset=\"https:\/\/wwwstg.board.com\/wp-content\/uploads\/2024\/09\/thumbnail-beam-brochure.png 536w, https:\/\/wwwstg.board.com\/wp-content\/uploads\/2024\/09\/thumbnail-beam-brochure-208x203.png 208w, https:\/\/wwwstg.board.com\/wp-content\/uploads\/2024\/09\/thumbnail-beam-brochure-480x469.png 480w\" sizes=\"auto, (max-width: 536px) 100vw, 536px\" \/><\/figure>\n\n\t\n\t<\/div>\n\t\n\n\t\t\t<\/div>\n\t\t<\/div>\n\t<\/section>\n\n\t<section id=\"block_040c4470280e78c8c8e45004d6f710bb-6\" class=\"block block--spc columns-block \">\n\t\t<div class=\"container position-relative\">\n\t\t\t<div class=\"columns-block-row\">\n\t\t\t\t\t\t\t\t\n\t<div id=\"block_89b282df7f25c678916b330ad8f2b114\" class=\"column-content   testo al centro testo allineato all&#039;inizio column-center\">\n\t\t\n\t\t<a aria-label=\"Next capability: Reporting\" href=\"https:\/\/wwwstg.board.com\/it\/reporting\/\" class=\"full-link full-link__icon\"  target=\"\"><\/a>\n\n\t\t<a href=\"https:\/\/wwwstg.board.com\/it\/reporting\/\" class=\"btn-link btn-link--primary btn-link--icon\"  target=\"\"\t\t\t>\n\t\t\t<span>Next capability: Reporting<\/span>\n\t\t\t<span class=\"ico icon-chevron-right\" aria-hidden=\"true\"><\/span>\n\t\t<\/a>\n\t\n\n\t<\/div>\n\n\n\t\t\t<\/div>\n\t\t<\/div>\n\t<\/section>\n\n\t\t<section id=\"block_513bdbb848f54716eaa7849f9ac18997-7\" class=\"block block--spc columns-block spacing-md footer-cta bg-violet-700\">\n\t\t\n\t\t\t<img loading=\"lazy\" decoding=\"async\" src=\"https:\/\/wwwstg.board.com\/wp-content\/uploads\/2024\/08\/pre-footersvg.svg\" class=\"shape-bg-image shape-bg-image-left\" alt=\"Background image shape - left\" height=\"510\" width=\"930\" aria-hidden=\"true\">\n\t\t\t<div class=\"overlay-gradient\"><\/div>\n\t\t<div class=\"container position-relative columns-70-30\">\n\t\t\t<div class=\"columns-block-row\">\n\t\t\t\t\t\t\t\t\n\t<div class=\"column-content \">\n\t\t\n\n<h2 class=\"wp-block-heading\">Scopri cosa pu\u00f2 fare Board per te.<\/h2>\n\n\n\n<p>Scopri la nostra Piattaforma di Enterprise Planning in azione.<\/p>\n\n\n\t<\/div>\n\n\n\t<div class=\"column-content \">\n\t\t\n\t\t<a href=\"https:\/\/wwwstg.board.com\/it\/richiedi-demo\" class=\"btn-link btn-link--white\"  target=\"\"\t\t\t>\n\t\t\t<span>Parla con un esperto<\/span>\n\t\t<\/a>\n\t\n\n\t<\/div>\n\n\n\t\t\t<\/div>\n\t\t<\/div>\n\t<\/section>\n\n\t","protected":false},"excerpt":{"rendered":"","protected":false},"author":5,"featured_media":0,"parent":0,"menu_order":0,"comment_status":"closed","ping_status":"closed","template":"","meta":{"_acf_changed":false,"_themeisle_gutenberg_block_has_review":false,"footnotes":""},"line_of_business":[4384],"page_score_tier":[],"class_list":["post-10207","page","type-page","status-publish","hentry","line_of_business-not-assigned-it"],"acf":[],"yoast_head":"<!-- This site is optimized with the Yoast SEO plugin v27.4 - https:\/\/yoast.com\/product\/yoast-seo-wordpress\/ -->\n<title>Software di simulazione BI e CPM: scenario management proattivo<\/title>\n<meta name=\"description\" content=\"Software per business process modeling che ti aiuta a effettuare analisi what-if per comprendere l\u2019impatto delle tue decisioni prima che siano messe in atto\" \/>\n<meta name=\"robots\" content=\"noindex, follow, max-snippet:-1, max-image-preview:large, max-video-preview:-1\" \/>\n<meta property=\"og:locale\" content=\"it_IT\" \/>\n<meta property=\"og:type\" content=\"article\" \/>\n<meta property=\"og:title\" content=\"Software di simulazione BI e CPM: scenario management proattivo\" \/>\n<meta property=\"og:description\" content=\"Software per business process modeling che ti aiuta a effettuare analisi what-if per comprendere l\u2019impatto delle tue decisioni prima che siano messe in atto\" \/>\n<meta property=\"og:url\" content=\"https:\/\/wwwstg.board.com\/it\/simulazione\" \/>\n<meta property=\"og:site_name\" content=\"Board\" \/>\n<meta property=\"article:publisher\" content=\"https:\/\/www.facebook.com\/BOARD.International\" \/>\n<meta property=\"article:modified_time\" content=\"2025-02-26T20:37:36+00:00\" \/>\n<meta property=\"og:image\" content=\"https:\/\/wwwstg.board.com\/wp-content\/uploads\/2024\/10\/1200x627_opengraph_Board_Simulation-capability.jpg\" \/>\n<meta name=\"twitter:card\" content=\"summary_large_image\" \/>\n<meta name=\"twitter:site\" content=\"@BOARDSoftware\" \/>\n<meta name=\"twitter:label1\" content=\"Tempo di lettura stimato\" \/>\n\t<meta name=\"twitter:data1\" content=\"8 minuti\" \/>\n<script type=\"application\/ld+json\" class=\"yoast-schema-graph\">{\"@context\":\"https:\\\/\\\/schema.org\",\"@graph\":[{\"@type\":\"WebPage\",\"@id\":\"https:\\\/\\\/wwwstg.board.com\\\/it\\\/simulazione\",\"url\":\"https:\\\/\\\/wwwstg.board.com\\\/it\\\/simulazione\",\"name\":\"Software di simulazione BI e CPM: scenario management proattivo\",\"isPartOf\":{\"@id\":\"https:\\\/\\\/wwwstg.board.com\\\/it#website\"},\"primaryImageOfPage\":{\"@id\":\"https:\\\/\\\/wwwstg.board.com\\\/it\\\/simulazione#primaryimage\"},\"image\":{\"@id\":\"https:\\\/\\\/wwwstg.board.com\\\/it\\\/simulazione#primaryimage\"},\"thumbnailUrl\":\"https:\\\/\\\/wwwstg.board.com\\\/wp-content\\\/uploads\\\/2024\\\/11\\\/Scenario-Comparison-Dashboard.jpg\",\"datePublished\":\"2024-11-01T14:42:53+00:00\",\"dateModified\":\"2025-02-26T20:37:36+00:00\",\"description\":\"Software per business process modeling che ti aiuta a effettuare analisi what-if per comprendere l\u2019impatto delle tue decisioni prima che siano messe in atto\",\"breadcrumb\":{\"@id\":\"https:\\\/\\\/wwwstg.board.com\\\/it\\\/simulazione#breadcrumb\"},\"inLanguage\":\"it-IT\",\"potentialAction\":[{\"@type\":\"ReadAction\",\"target\":[\"https:\\\/\\\/wwwstg.board.com\\\/it\\\/simulazione\"]}]},{\"@type\":\"ImageObject\",\"inLanguage\":\"it-IT\",\"@id\":\"https:\\\/\\\/wwwstg.board.com\\\/it\\\/simulazione#primaryimage\",\"url\":\"https:\\\/\\\/wwwstg.board.com\\\/wp-content\\\/uploads\\\/2024\\\/11\\\/Scenario-Comparison-Dashboard.jpg\",\"contentUrl\":\"https:\\\/\\\/wwwstg.board.com\\\/wp-content\\\/uploads\\\/2024\\\/11\\\/Scenario-Comparison-Dashboard.jpg\"},{\"@type\":\"BreadcrumbList\",\"@id\":\"https:\\\/\\\/wwwstg.board.com\\\/it\\\/simulazione#breadcrumb\",\"itemListElement\":[{\"@type\":\"ListItem\",\"position\":1,\"name\":\"Home\",\"item\":\"https:\\\/\\\/wwwstg.board.com\\\/it\"},{\"@type\":\"ListItem\",\"position\":2,\"name\":\"Capacit\u00e0: Simulazione\"}]},{\"@type\":\"WebSite\",\"@id\":\"https:\\\/\\\/wwwstg.board.com\\\/it#website\",\"url\":\"https:\\\/\\\/wwwstg.board.com\\\/it\",\"name\":\"Board\",\"description\":\"The Enterprise Planning Platform\",\"publisher\":{\"@id\":\"https:\\\/\\\/wwwstg.board.com\\\/it#organization\"},\"potentialAction\":[{\"@type\":\"SearchAction\",\"target\":{\"@type\":\"EntryPoint\",\"urlTemplate\":\"https:\\\/\\\/wwwstg.board.com\\\/it?s={search_term_string}\"},\"query-input\":{\"@type\":\"PropertyValueSpecification\",\"valueRequired\":true,\"valueName\":\"search_term_string\"}}],\"inLanguage\":\"it-IT\"},{\"@type\":\"Organization\",\"@id\":\"https:\\\/\\\/wwwstg.board.com\\\/it#organization\",\"name\":\"Board\",\"url\":\"https:\\\/\\\/wwwstg.board.com\\\/it\",\"logo\":{\"@type\":\"ImageObject\",\"inLanguage\":\"it-IT\",\"@id\":\"https:\\\/\\\/wwwstg.board.com\\\/it#\\\/schema\\\/logo\\\/image\\\/\",\"url\":\"https:\\\/\\\/wwwstg.board.com\\\/wp-content\\\/uploads\\\/2024\\\/08\\\/board-footer-logo-grey-0-1.png\",\"contentUrl\":\"https:\\\/\\\/wwwstg.board.com\\\/wp-content\\\/uploads\\\/2024\\\/08\\\/board-footer-logo-grey-0-1.png\",\"width\":297,\"height\":103,\"caption\":\"Board\"},\"image\":{\"@id\":\"https:\\\/\\\/wwwstg.board.com\\\/it#\\\/schema\\\/logo\\\/image\\\/\"},\"sameAs\":[\"https:\\\/\\\/www.facebook.com\\\/BOARD.International\",\"https:\\\/\\\/x.com\\\/BOARDSoftware\",\"https:\\\/\\\/www.linkedin.com\\\/company\\\/board\\\/\",\"https:\\\/\\\/www.youtube.com\\\/user\\\/BOARDInternationalSA\",\"https:\\\/\\\/en.wikipedia.org\\\/wiki\\\/Board_International\"]}]}<\/script>\n<!-- \/ Yoast SEO plugin. -->","yoast_head_json":{"title":"Software di simulazione BI e CPM: scenario management proattivo","description":"Software per business process modeling che ti aiuta a effettuare analisi what-if per comprendere l\u2019impatto delle tue decisioni prima che siano messe in atto","robots":{"index":"noindex","follow":"follow","max-snippet":"max-snippet:-1","max-image-preview":"max-image-preview:large","max-video-preview":"max-video-preview:-1"},"og_locale":"it_IT","og_type":"article","og_title":"Software di simulazione BI e CPM: scenario management proattivo","og_description":"Software per business process modeling che ti aiuta a effettuare analisi what-if per comprendere l\u2019impatto delle tue decisioni prima che siano messe in atto","og_url":"https:\/\/wwwstg.board.com\/it\/simulazione","og_site_name":"Board","article_publisher":"https:\/\/www.facebook.com\/BOARD.International","article_modified_time":"2025-02-26T20:37:36+00:00","og_image":[{"url":"https:\/\/wwwstg.board.com\/wp-content\/uploads\/2024\/10\/1200x627_opengraph_Board_Simulation-capability.jpg","type":"","width":"","height":""}],"twitter_card":"summary_large_image","twitter_site":"@BOARDSoftware","twitter_misc":{"Tempo di lettura stimato":"8 minuti"},"schema":{"@context":"https:\/\/schema.org","@graph":[{"@type":"WebPage","@id":"https:\/\/wwwstg.board.com\/it\/simulazione","url":"https:\/\/wwwstg.board.com\/it\/simulazione","name":"Software di simulazione BI e CPM: scenario management proattivo","isPartOf":{"@id":"https:\/\/wwwstg.board.com\/it#website"},"primaryImageOfPage":{"@id":"https:\/\/wwwstg.board.com\/it\/simulazione#primaryimage"},"image":{"@id":"https:\/\/wwwstg.board.com\/it\/simulazione#primaryimage"},"thumbnailUrl":"https:\/\/wwwstg.board.com\/wp-content\/uploads\/2024\/11\/Scenario-Comparison-Dashboard.jpg","datePublished":"2024-11-01T14:42:53+00:00","dateModified":"2025-02-26T20:37:36+00:00","description":"Software per business process modeling che ti aiuta a effettuare analisi what-if per comprendere l\u2019impatto delle tue decisioni prima che siano messe in atto","breadcrumb":{"@id":"https:\/\/wwwstg.board.com\/it\/simulazione#breadcrumb"},"inLanguage":"it-IT","potentialAction":[{"@type":"ReadAction","target":["https:\/\/wwwstg.board.com\/it\/simulazione"]}]},{"@type":"ImageObject","inLanguage":"it-IT","@id":"https:\/\/wwwstg.board.com\/it\/simulazione#primaryimage","url":"https:\/\/wwwstg.board.com\/wp-content\/uploads\/2024\/11\/Scenario-Comparison-Dashboard.jpg","contentUrl":"https:\/\/wwwstg.board.com\/wp-content\/uploads\/2024\/11\/Scenario-Comparison-Dashboard.jpg"},{"@type":"BreadcrumbList","@id":"https:\/\/wwwstg.board.com\/it\/simulazione#breadcrumb","itemListElement":[{"@type":"ListItem","position":1,"name":"Home","item":"https:\/\/wwwstg.board.com\/it"},{"@type":"ListItem","position":2,"name":"Capacit\u00e0: Simulazione"}]},{"@type":"WebSite","@id":"https:\/\/wwwstg.board.com\/it#website","url":"https:\/\/wwwstg.board.com\/it","name":"Board","description":"The Enterprise Planning Platform","publisher":{"@id":"https:\/\/wwwstg.board.com\/it#organization"},"potentialAction":[{"@type":"SearchAction","target":{"@type":"EntryPoint","urlTemplate":"https:\/\/wwwstg.board.com\/it?s={search_term_string}"},"query-input":{"@type":"PropertyValueSpecification","valueRequired":true,"valueName":"search_term_string"}}],"inLanguage":"it-IT"},{"@type":"Organization","@id":"https:\/\/wwwstg.board.com\/it#organization","name":"Board","url":"https:\/\/wwwstg.board.com\/it","logo":{"@type":"ImageObject","inLanguage":"it-IT","@id":"https:\/\/wwwstg.board.com\/it#\/schema\/logo\/image\/","url":"https:\/\/wwwstg.board.com\/wp-content\/uploads\/2024\/08\/board-footer-logo-grey-0-1.png","contentUrl":"https:\/\/wwwstg.board.com\/wp-content\/uploads\/2024\/08\/board-footer-logo-grey-0-1.png","width":297,"height":103,"caption":"Board"},"image":{"@id":"https:\/\/wwwstg.board.com\/it#\/schema\/logo\/image\/"},"sameAs":["https:\/\/www.facebook.com\/BOARD.International","https:\/\/x.com\/BOARDSoftware","https:\/\/www.linkedin.com\/company\/board\/","https:\/\/www.youtube.com\/user\/BOARDInternationalSA","https:\/\/en.wikipedia.org\/wiki\/Board_International"]}]}},"_links":{"self":[{"href":"https:\/\/wwwstg.board.com\/it\/wp-json\/wp\/v2\/pages\/10207","targetHints":{"allow":["GET"]}}],"collection":[{"href":"https:\/\/wwwstg.board.com\/it\/wp-json\/wp\/v2\/pages"}],"about":[{"href":"https:\/\/wwwstg.board.com\/it\/wp-json\/wp\/v2\/types\/page"}],"author":[{"embeddable":true,"href":"https:\/\/wwwstg.board.com\/it\/wp-json\/wp\/v2\/users\/5"}],"replies":[{"embeddable":true,"href":"https:\/\/wwwstg.board.com\/it\/wp-json\/wp\/v2\/comments?post=10207"}],"version-history":[{"count":0,"href":"https:\/\/wwwstg.board.com\/it\/wp-json\/wp\/v2\/pages\/10207\/revisions"}],"wp:attachment":[{"href":"https:\/\/wwwstg.board.com\/it\/wp-json\/wp\/v2\/media?parent=10207"}],"wp:term":[{"taxonomy":"line_of_business","embeddable":true,"href":"https:\/\/wwwstg.board.com\/it\/wp-json\/wp\/v2\/line_of_business?post=10207"},{"taxonomy":"page_score_tier","embeddable":true,"href":"https:\/\/wwwstg.board.com\/it\/wp-json\/wp\/v2\/page_score_tier?post=10207"}],"curies":[{"name":"wp","href":"https:\/\/api.w.org\/{rel}","templated":true}]}}