{"id":8776,"date":"2024-10-23T09:37:01","date_gmt":"2024-10-23T09:37:01","guid":{"rendered":"https:\/\/www.board.com\/contactez-nous\/"},"modified":"2025-02-26T19:02:16","modified_gmt":"2025-02-26T19:02:16","slug":"contactez-nous","status":"publish","type":"page","link":"https:\/\/wwwstg.board.com\/fr\/contactez-nous","title":{"rendered":"Contact"},"content":{"rendered":"\t<section id=\"block_748b67bbccac1316f697f68ef6b8f978-\" class=\"block block--spc columns-block block-hero-grad grid grid--2 bg-web-gradient-dark\">\n\t\t<div class=\"container\">\n\t\t\t<div class=\"columns-block-row\">\n\t\t\t\t\n\t<div class=\"column-content d-flex align-items-center\">\n\t\t<div class=\"hero-grad-left\">\n\t\t\t<div class=\"hero-grad-copy\">\n\t\t\t\t\t\t\t\t\n\n<h1 class=\"wp-block-heading\">Comment pouvons nous aider?<\/h1>\n\n\n\n\t\t\t\t\n\t\t\t\t\t\t\t<\/div>\n\t\t<\/div>\n\t<\/div>\n\n\n\t\t\t<\/div>\n\t\t<\/div>\n\t<\/section>\n\t<section id=\"block_fd3cfe1ac77debf52954a1aa64d65d48-1\" class=\"block block--spc two-columns-block columns-block bg-web-gradient-light\">\n\t\t<div class=\"container position-relative\">\n\t\t\t<div class=\"columns-block-row\">\n\t\t\t\t\t\t\t\t\n\t<div id=\"block_83397ed2c540e0832de3e1994cf9a437\" class=\"column-content   text-start align-self-start\">\n\t\t\n\n<h2 class=\"wp-block-heading\">J&rsquo;ai une demande commerciale&#8230;<\/h2>\n\n\n\n<p>Nous serions ravis de vous rencontrer ! <\/p>\n\n\n\n<p>Compl\u00e9tez le formulaire ci-contre, et notre \u00e9quipe vous recontactera dans les plus brefs d\u00e9lais. <\/p>\n\n\n\n<figure class=\"wp-block-image size-full\"><img loading=\"lazy\" decoding=\"async\" width=\"914\" height=\"656\" src=\"https:\/\/wwwstg.board.com\/wp-content\/uploads\/2024\/10\/request-a-demo.png\" alt=\"\" class=\"wp-image-3787\" srcset=\"https:\/\/wwwstg.board.com\/wp-content\/uploads\/2024\/10\/request-a-demo.png 914w, https:\/\/wwwstg.board.com\/wp-content\/uploads\/2024\/10\/request-a-demo-215x154.png 215w, https:\/\/wwwstg.board.com\/wp-content\/uploads\/2024\/10\/request-a-demo-768x551.png 768w, https:\/\/wwwstg.board.com\/wp-content\/uploads\/2024\/10\/request-a-demo-480x345.png 480w\" sizes=\"auto, (max-width: 914px) 100vw, 914px\" \/><\/figure>\n\n\n\t<\/div>\n\n\n\t<div id=\"block_83397ed2c540e0832de3e1994cf9a437\" class=\"column-content   text-start align-self-start\">\n\t\t\n\n\n\n\t<\/div>\n\n\n\t\t\t<\/div>\n\t\t<\/div>\n\t<\/section>\n\n\t\t<section id=\"block_0b07ab9f27d6b47175cf58793985db02-2\" class=\"block block--spc columns-block pb-0 \">\n\t\t<div class=\"container position-relative\">\n\t\t\t<div class=\"columns-block-row\">\n\t\t\t\t\t\t\t\t\n\t<div id=\"block_b721ac9e64edce0dc747d85623ed1b6e\" class=\"column-content   text-start align-self-start\">\n\t\t\n\n<h2 class=\"wp-block-heading\">Je cherche \u00e0\u2026<\/h2>\n\n\n\t<\/div>\n\n\n\t\t\t<\/div>\n\t\t<\/div>\n\t<\/section>\n\n\t\t\t<section id=\"block_702f5c2c390f8b85be424b01bfd2282a-3\" class=\"block block--spc columns-block grid grid--2 columns\">\n\t\t\t<div class=\"container position-relative\">\n\t\t\t\t<div class=\"columns-block-row\">\n\t\t\t\t\t\t\t\t\t\t\n\t<article class=\"card card--default\">\n\t\t\t\t\t<div class=\"ratio ratio-1x1\">\n\t\t\t\t<img decoding=\"async\" src=\"https:\/\/wwwstg.board.com\/wp-content\/uploads\/2024\/10\/icon-get-product-support.svg\" alt=\"\" loading=\"lazy\">\n\t\t\t<\/div>\n\t\t\t\t<div class=\"card-body\">\n\t\t\t\n\n<h4 class=\"wp-block-heading card-title visual-h6\">Obtenir une assistance produit<\/h4>\n\n\n\t\t<a aria-label=\"Visitez le portail d&#039;assistance Board\" href=\"https:\/\/support.board.com\/\" class=\"full-link full-link__arrow\"  target=\"\"><\/a>\n\n\t\t<a href=\"https:\/\/support.board.com\/\" class=\"btn-link btn-link--primary btn-link--arrow\"  target=\"\"\t\t\t>\n\t\t\t<span>Visitez le portail d&#039;assistance Board<\/span>\n\t\t\t<span class=\"ico icon-chevron-right\" aria-hidden=\"true\"><\/span>\n\t\t<\/a>\n\t\n\n\t\t<\/div>\t\t\n\t<\/article>\n\t\n\n\t<article class=\"card card--default\">\n\t\t\t\t\t<div class=\"ratio ratio-1x1\">\n\t\t\t\t<img decoding=\"async\" src=\"https:\/\/wwwstg.board.com\/wp-content\/uploads\/2024\/10\/icon-locate-an-office.svg\" alt=\"\" loading=\"lazy\">\n\t\t\t<\/div>\n\t\t\t\t<div class=\"card-body\">\n\t\t\t\n\n<h4 class=\"wp-block-heading card-title visual-h6\">Trouvez le bureau Board de votre r\u00e9gion<\/h4>\n\n\n\t\t<a aria-label=\"D\u00e9couvrez nos \u00e9tablissements r\u00e9partis aux quatre coins du monde\" href=\"\/fr\/bureaux\/\" class=\"full-link full-link__arrow\"  target=\"\"><\/a>\n\n\t\t<a href=\"\/fr\/bureaux\/\" class=\"btn-link btn-link--primary btn-link--arrow\"  target=\"\"\t\t\t>\n\t\t\t<span>D\u00e9couvrez nos \u00e9tablissements r\u00e9partis aux quatre coins du monde<\/span>\n\t\t\t<span class=\"ico icon-chevron-right\" aria-hidden=\"true\"><\/span>\n\t\t<\/a>\n\t\n\n\t\t<\/div>\t\t\n\t<\/article>\n\t\n\n\t<article class=\"card card--default\">\n\t\t\t\t\t<div class=\"ratio ratio-1x1\">\n\t\t\t\t<img decoding=\"async\" src=\"https:\/\/wwwstg.board.com\/wp-content\/uploads\/2024\/10\/icon-visit-the-community.svg\" alt=\"\" loading=\"lazy\">\n\t\t\t<\/div>\n\t\t\t\t<div class=\"card-body\">\n\t\t\t\n\n<h4 class=\"wp-block-heading card-title visual-h6\">Visiter la plateforme Community<\/h4>\n\n\n\t\t<a aria-label=\"Networker et collaborer avec les utilisateurs du Board\" href=\"https:\/\/community.board.com\/\" class=\"full-link full-link__arrow\"  target=\"\"><\/a>\n\n\t\t<a href=\"https:\/\/community.board.com\/\" class=\"btn-link btn-link--primary btn-link--arrow\"  target=\"\"\t\t\t>\n\t\t\t<span>Networker et collaborer avec les utilisateurs du Board<\/span>\n\t\t\t<span class=\"ico icon-chevron-right\" aria-hidden=\"true\"><\/span>\n\t\t<\/a>\n\t\n\n\t\t<\/div>\t\t\n\t<\/article>\n\t\n\n\t<article class=\"card card--default\">\n\t\t\t\t\t<div class=\"ratio ratio-1x1\">\n\t\t\t\t<img decoding=\"async\" src=\"https:\/\/wwwstg.board.com\/wp-content\/uploads\/2024\/10\/icon-join-the-board-team.svg\" alt=\"\" loading=\"lazy\">\n\t\t\t<\/div>\n\t\t\t\t<div class=\"card-body\">\n\t\t\t\n\n<h4 class=\"wp-block-heading card-title visual-h6\">Rejoindre l&rsquo;\u00e9quipe Board<\/h4>\n\n\n\t\t<a aria-label=\"Consultez nos opportunit\u00e9s de carri\u00e8re\" href=\"\/fr\/carriere\/\" class=\"full-link full-link__arrow\"  target=\"\"><\/a>\n\n\t\t<a href=\"\/fr\/carriere\/\" class=\"btn-link btn-link--primary btn-link--arrow\"  target=\"\"\t\t\t>\n\t\t\t<span>Consultez nos opportunit\u00e9s de carri\u00e8re<\/span>\n\t\t\t<span class=\"ico icon-chevron-right\" aria-hidden=\"true\"><\/span>\n\t\t<\/a>\n\t\n\n\t\t<\/div>\t\t\n\t<\/article>\n\t\n\n\t<article class=\"card card--default\">\n\t\t\t\t\t<div class=\"ratio ratio-1x1\">\n\t\t\t\t<img decoding=\"async\" src=\"https:\/\/wwwstg.board.com\/wp-content\/uploads\/2024\/10\/icon-access-the-partner-hub.svg\" alt=\"\" loading=\"lazy\">\n\t\t\t<\/div>\n\t\t\t\t<div class=\"card-body\">\n\t\t\t\n\n<h4 class=\"wp-block-heading card-title visual-h6\">Acc\u00e9der au Hub Partenaire<\/h4>\n\n\n\t\t<a aria-label=\"Explorez nos ressources partenaires\" href=\"https:\/\/community.board.com\/categories\/partner-hub\" class=\"full-link full-link__arrow\"  target=\"\"><\/a>\n\n\t\t<a href=\"https:\/\/community.board.com\/categories\/partner-hub\" class=\"btn-link btn-link--primary btn-link--arrow\"  target=\"\"\t\t\t>\n\t\t\t<span>Explorez nos ressources partenaires<\/span>\n\t\t\t<span class=\"ico icon-chevron-right\" aria-hidden=\"true\"><\/span>\n\t\t<\/a>\n\t\n\n\t\t<\/div>\t\t\n\t<\/article>\n\t\n\n\t\t\t\t<\/div>\n\t\t\t<\/div>\n\t\t<\/section>\n\t","protected":false},"excerpt":{"rendered":"","protected":false},"author":3,"featured_media":0,"parent":0,"menu_order":0,"comment_status":"closed","ping_status":"closed","template":"","meta":{"_acf_changed":false,"_themeisle_gutenberg_block_has_review":false,"footnotes":""},"line_of_business":[4385],"page_score_tier":[],"class_list":["post-8776","page","type-page","status-publish","hentry","line_of_business-not-assigned-fr"],"acf":[],"yoast_head":"<!-- This site is optimized with the Yoast SEO plugin v27.4 - https:\/\/yoast.com\/product\/yoast-seo-wordpress\/ -->\n<title>Board | Contact<\/title>\n<meta name=\"description\" content=\"Vous souhaitez contacter les \u00e9quipes Board ? Vous \u00eates au bon endroit Contactez nos \u00e9quipes\" \/>\n<meta name=\"robots\" content=\"noindex, follow, max-snippet:-1, max-image-preview:large, max-video-preview:-1\" \/>\n<meta property=\"og:locale\" content=\"fr_FR\" \/>\n<meta property=\"og:type\" content=\"article\" \/>\n<meta property=\"og:title\" content=\"Board | Contact\" \/>\n<meta property=\"og:description\" content=\"Vous souhaitez contacter les \u00e9quipes Board ? Vous \u00eates au bon endroit Contactez nos \u00e9quipes\" \/>\n<meta property=\"og:url\" content=\"https:\/\/wwwstg.board.com\/fr\/contactez-nous\" \/>\n<meta property=\"og:site_name\" content=\"Board\" \/>\n<meta property=\"article:publisher\" content=\"https:\/\/www.facebook.com\/BOARD.International\" \/>\n<meta property=\"article:modified_time\" content=\"2025-02-26T19:02:16+00:00\" \/>\n<meta property=\"og:image\" content=\"https:\/\/wwwstg.board.com\/wp-content\/uploads\/2024\/10\/request-a-demo.png\" \/>\n\t<meta property=\"og:image:width\" content=\"914\" \/>\n\t<meta property=\"og:image:height\" content=\"656\" \/>\n\t<meta property=\"og:image:type\" content=\"image\/png\" \/>\n<meta name=\"twitter:card\" content=\"summary_large_image\" \/>\n<meta name=\"twitter:site\" content=\"@BOARDSoftware\" \/>\n<meta name=\"twitter:label1\" content=\"Dur\u00e9e de lecture estim\u00e9e\" \/>\n\t<meta name=\"twitter:data1\" content=\"1 minute\" \/>\n<script type=\"application\/ld+json\" class=\"yoast-schema-graph\">{\"@context\":\"https:\\\/\\\/schema.org\",\"@graph\":[{\"@type\":\"WebPage\",\"@id\":\"https:\\\/\\\/wwwstg.board.com\\\/fr\\\/contactez-nous\",\"url\":\"https:\\\/\\\/wwwstg.board.com\\\/fr\\\/contactez-nous\",\"name\":\"Board | Contact\",\"isPartOf\":{\"@id\":\"https:\\\/\\\/wwwstg.board.com\\\/fr#website\"},\"primaryImageOfPage\":{\"@id\":\"https:\\\/\\\/wwwstg.board.com\\\/fr\\\/contactez-nous#primaryimage\"},\"image\":{\"@id\":\"https:\\\/\\\/wwwstg.board.com\\\/fr\\\/contactez-nous#primaryimage\"},\"thumbnailUrl\":\"https:\\\/\\\/wwwstg.board.com\\\/wp-content\\\/uploads\\\/2024\\\/10\\\/request-a-demo.png\",\"datePublished\":\"2024-10-23T09:37:01+00:00\",\"dateModified\":\"2025-02-26T19:02:16+00:00\",\"description\":\"Vous souhaitez contacter les \u00e9quipes Board ? Vous \u00eates au bon endroit Contactez nos \u00e9quipes\",\"breadcrumb\":{\"@id\":\"https:\\\/\\\/wwwstg.board.com\\\/fr\\\/contactez-nous#breadcrumb\"},\"inLanguage\":\"fr-FR\",\"potentialAction\":[{\"@type\":\"ReadAction\",\"target\":[\"https:\\\/\\\/wwwstg.board.com\\\/fr\\\/contactez-nous\"]}]},{\"@type\":\"ImageObject\",\"inLanguage\":\"fr-FR\",\"@id\":\"https:\\\/\\\/wwwstg.board.com\\\/fr\\\/contactez-nous#primaryimage\",\"url\":\"https:\\\/\\\/wwwstg.board.com\\\/wp-content\\\/uploads\\\/2024\\\/10\\\/request-a-demo.png\",\"contentUrl\":\"https:\\\/\\\/wwwstg.board.com\\\/wp-content\\\/uploads\\\/2024\\\/10\\\/request-a-demo.png\"},{\"@type\":\"BreadcrumbList\",\"@id\":\"https:\\\/\\\/wwwstg.board.com\\\/fr\\\/contactez-nous#breadcrumb\",\"itemListElement\":[{\"@type\":\"ListItem\",\"position\":1,\"name\":\"Home\",\"item\":\"https:\\\/\\\/wwwstg.board.com\\\/fr\"},{\"@type\":\"ListItem\",\"position\":2,\"name\":\"Contact\"}]},{\"@type\":\"WebSite\",\"@id\":\"https:\\\/\\\/wwwstg.board.com\\\/fr#website\",\"url\":\"https:\\\/\\\/wwwstg.board.com\\\/fr\",\"name\":\"Board\",\"description\":\"The Enterprise Planning Platform\",\"publisher\":{\"@id\":\"https:\\\/\\\/wwwstg.board.com\\\/fr#organization\"},\"potentialAction\":[{\"@type\":\"SearchAction\",\"target\":{\"@type\":\"EntryPoint\",\"urlTemplate\":\"https:\\\/\\\/wwwstg.board.com\\\/fr?s={search_term_string}\"},\"query-input\":{\"@type\":\"PropertyValueSpecification\",\"valueRequired\":true,\"valueName\":\"search_term_string\"}}],\"inLanguage\":\"fr-FR\"},{\"@type\":\"Organization\",\"@id\":\"https:\\\/\\\/wwwstg.board.com\\\/fr#organization\",\"name\":\"Board\",\"url\":\"https:\\\/\\\/wwwstg.board.com\\\/fr\",\"logo\":{\"@type\":\"ImageObject\",\"inLanguage\":\"fr-FR\",\"@id\":\"https:\\\/\\\/wwwstg.board.com\\\/fr#\\\/schema\\\/logo\\\/image\\\/\",\"url\":\"https:\\\/\\\/wwwstg.board.com\\\/wp-content\\\/uploads\\\/2024\\\/08\\\/board-footer-logo-grey-0-1.png\",\"contentUrl\":\"https:\\\/\\\/wwwstg.board.com\\\/wp-content\\\/uploads\\\/2024\\\/08\\\/board-footer-logo-grey-0-1.png\",\"width\":297,\"height\":103,\"caption\":\"Board\"},\"image\":{\"@id\":\"https:\\\/\\\/wwwstg.board.com\\\/fr#\\\/schema\\\/logo\\\/image\\\/\"},\"sameAs\":[\"https:\\\/\\\/www.facebook.com\\\/BOARD.International\",\"https:\\\/\\\/x.com\\\/BOARDSoftware\",\"https:\\\/\\\/www.linkedin.com\\\/company\\\/board\\\/\",\"https:\\\/\\\/www.youtube.com\\\/user\\\/BOARDInternationalSA\",\"https:\\\/\\\/en.wikipedia.org\\\/wiki\\\/Board_International\"]}]}<\/script>\n<!-- \/ Yoast SEO plugin. -->","yoast_head_json":{"title":"Board | Contact","description":"Vous souhaitez contacter les \u00e9quipes Board ? Vous \u00eates au bon endroit Contactez nos \u00e9quipes","robots":{"index":"noindex","follow":"follow","max-snippet":"max-snippet:-1","max-image-preview":"max-image-preview:large","max-video-preview":"max-video-preview:-1"},"og_locale":"fr_FR","og_type":"article","og_title":"Board | Contact","og_description":"Vous souhaitez contacter les \u00e9quipes Board ? Vous \u00eates au bon endroit Contactez nos \u00e9quipes","og_url":"https:\/\/wwwstg.board.com\/fr\/contactez-nous","og_site_name":"Board","article_publisher":"https:\/\/www.facebook.com\/BOARD.International","article_modified_time":"2025-02-26T19:02:16+00:00","og_image":[{"width":914,"height":656,"url":"https:\/\/wwwstg.board.com\/wp-content\/uploads\/2024\/10\/request-a-demo.png","type":"image\/png"}],"twitter_card":"summary_large_image","twitter_site":"@BOARDSoftware","twitter_misc":{"Dur\u00e9e de lecture estim\u00e9e":"1 minute"},"schema":{"@context":"https:\/\/schema.org","@graph":[{"@type":"WebPage","@id":"https:\/\/wwwstg.board.com\/fr\/contactez-nous","url":"https:\/\/wwwstg.board.com\/fr\/contactez-nous","name":"Board | Contact","isPartOf":{"@id":"https:\/\/wwwstg.board.com\/fr#website"},"primaryImageOfPage":{"@id":"https:\/\/wwwstg.board.com\/fr\/contactez-nous#primaryimage"},"image":{"@id":"https:\/\/wwwstg.board.com\/fr\/contactez-nous#primaryimage"},"thumbnailUrl":"https:\/\/wwwstg.board.com\/wp-content\/uploads\/2024\/10\/request-a-demo.png","datePublished":"2024-10-23T09:37:01+00:00","dateModified":"2025-02-26T19:02:16+00:00","description":"Vous souhaitez contacter les \u00e9quipes Board ? Vous \u00eates au bon endroit Contactez nos \u00e9quipes","breadcrumb":{"@id":"https:\/\/wwwstg.board.com\/fr\/contactez-nous#breadcrumb"},"inLanguage":"fr-FR","potentialAction":[{"@type":"ReadAction","target":["https:\/\/wwwstg.board.com\/fr\/contactez-nous"]}]},{"@type":"ImageObject","inLanguage":"fr-FR","@id":"https:\/\/wwwstg.board.com\/fr\/contactez-nous#primaryimage","url":"https:\/\/wwwstg.board.com\/wp-content\/uploads\/2024\/10\/request-a-demo.png","contentUrl":"https:\/\/wwwstg.board.com\/wp-content\/uploads\/2024\/10\/request-a-demo.png"},{"@type":"BreadcrumbList","@id":"https:\/\/wwwstg.board.com\/fr\/contactez-nous#breadcrumb","itemListElement":[{"@type":"ListItem","position":1,"name":"Home","item":"https:\/\/wwwstg.board.com\/fr"},{"@type":"ListItem","position":2,"name":"Contact"}]},{"@type":"WebSite","@id":"https:\/\/wwwstg.board.com\/fr#website","url":"https:\/\/wwwstg.board.com\/fr","name":"Board","description":"The Enterprise Planning Platform","publisher":{"@id":"https:\/\/wwwstg.board.com\/fr#organization"},"potentialAction":[{"@type":"SearchAction","target":{"@type":"EntryPoint","urlTemplate":"https:\/\/wwwstg.board.com\/fr?s={search_term_string}"},"query-input":{"@type":"PropertyValueSpecification","valueRequired":true,"valueName":"search_term_string"}}],"inLanguage":"fr-FR"},{"@type":"Organization","@id":"https:\/\/wwwstg.board.com\/fr#organization","name":"Board","url":"https:\/\/wwwstg.board.com\/fr","logo":{"@type":"ImageObject","inLanguage":"fr-FR","@id":"https:\/\/wwwstg.board.com\/fr#\/schema\/logo\/image\/","url":"https:\/\/wwwstg.board.com\/wp-content\/uploads\/2024\/08\/board-footer-logo-grey-0-1.png","contentUrl":"https:\/\/wwwstg.board.com\/wp-content\/uploads\/2024\/08\/board-footer-logo-grey-0-1.png","width":297,"height":103,"caption":"Board"},"image":{"@id":"https:\/\/wwwstg.board.com\/fr#\/schema\/logo\/image\/"},"sameAs":["https:\/\/www.facebook.com\/BOARD.International","https:\/\/x.com\/BOARDSoftware","https:\/\/www.linkedin.com\/company\/board\/","https:\/\/www.youtube.com\/user\/BOARDInternationalSA","https:\/\/en.wikipedia.org\/wiki\/Board_International"]}]}},"_links":{"self":[{"href":"https:\/\/wwwstg.board.com\/fr\/wp-json\/wp\/v2\/pages\/8776","targetHints":{"allow":["GET"]}}],"collection":[{"href":"https:\/\/wwwstg.board.com\/fr\/wp-json\/wp\/v2\/pages"}],"about":[{"href":"https:\/\/wwwstg.board.com\/fr\/wp-json\/wp\/v2\/types\/page"}],"author":[{"embeddable":true,"href":"https:\/\/wwwstg.board.com\/fr\/wp-json\/wp\/v2\/users\/3"}],"replies":[{"embeddable":true,"href":"https:\/\/wwwstg.board.com\/fr\/wp-json\/wp\/v2\/comments?post=8776"}],"version-history":[{"count":0,"href":"https:\/\/wwwstg.board.com\/fr\/wp-json\/wp\/v2\/pages\/8776\/revisions"}],"wp:attachment":[{"href":"https:\/\/wwwstg.board.com\/fr\/wp-json\/wp\/v2\/media?parent=8776"}],"wp:term":[{"taxonomy":"line_of_business","embeddable":true,"href":"https:\/\/wwwstg.board.com\/fr\/wp-json\/wp\/v2\/line_of_business?post=8776"},{"taxonomy":"page_score_tier","embeddable":true,"href":"https:\/\/wwwstg.board.com\/fr\/wp-json\/wp\/v2\/page_score_tier?post=8776"}],"curies":[{"name":"wp","href":"https:\/\/api.w.org\/{rel}","templated":true}]}}