{"id":8773,"date":"2024-11-05T01:53:39","date_gmt":"2024-11-05T01:53:39","guid":{"rendered":"https:\/\/www.board.com\/fpa-maturity-assessment-tool\/"},"modified":"2025-02-26T21:46:47","modified_gmt":"2025-02-26T21:46:47","slug":"evaluation-maturite-fpa","status":"publish","type":"page","link":"https:\/\/wwwstg.board.com\/fr\/evaluation-maturite-fpa","title":{"rendered":"Outil d&rsquo;\u00e9valuation de la maturit\u00e9 de la FP&amp;A"},"content":{"rendered":"\t<section id=\"block_2d1f9ff27f0f010a13c15e97d32ff7be-\" class=\"block block--spc columns-block block-hero-grad grid grid--2 bg-primary-gradient-02\">\n\t\t<div class=\"container\">\n\t\t\t<div class=\"columns-block-row\">\n\t\t\t\t\n\t<div class=\"column-content d-flex align-items-center\">\n\t\t<div class=\"hero-grad-left\">\n\t\t\t<div class=\"hero-grad-copy\">\n\t\t\t\t\t\t\t\t\n\n<p><strong>Mod\u00e8le de Maturit\u00e9<\/strong><\/p>\n\n\n\n<h1 class=\"wp-block-heading\">Comparez la maturit\u00e9 de votre FP&amp;A<\/h1>\n\n\n\n<p>La maturit\u00e9 FP&amp;A joue un r\u00f4le crucial dans la d\u00e9termination de la sant\u00e9 financi\u00e8re et de la r\u00e9silience de votre organisation. En seulement cinq minutes, cet outil d&rsquo;\u00e9valuation de la maturit\u00e9 compare votre FP&amp;A aux meilleures pratiques du secteur et fournit des conseils pratiques pour optimiser votre approche. <\/p>\n\n\n\t<div class=\"hero-grad-nav\">\n\t\t\n\t\t<a href=\"#assessment\" class=\"btn-link btn-link--white\"  target=\"\"\t\t\t>\n\t\t\t<span>D\u00e9marrez d\u00e8s maintenant<\/span>\n\t\t<\/a>\n\t\n\n\t<\/div>\n\n\n\n\t\t\t\t\n\t\t\t\t\t\t\t<\/div>\n\t\t<\/div>\n\t<\/div>\n\n\n\t\t\t<\/div>\n\t\t<\/div>\n\t<\/section>\n\t<section id=\"assessment\" class=\"block block--spc columns-block \">\n\t\t<div class=\"container position-relative\">\n\t\t\t<div class=\"columns-block-row\">\n\t\t\t\t\t\t\t\t\n\t<div id=\"block_a4ba254625c6da7eea73f980bb6217e6\" class=\"column-content   text-start align-self-start\">\n\t\t\n\n<h2 class=\"wp-block-heading\">D\u00e9couvrez d\u00e8s maintenant votre niveau de maturit\u00e9 FP&amp;A<\/h2>\n\n\n\n\t<div \n\tclass=\"html-hero-home-page py-6 overflow-hidden wp-block-acf-html-jot-form\"\t\t\t\t>\n\t\t<iframe id=\"JotFormIFrame-222621611316343\" title=\"FP&#038;A Maturity Model\" onload=\"window.parent.scrollTo(0,0)\"\n\t\t\tallowtransparency=\"true\" allowfullscreen=\"allowfullscreen\" allow=\"geolocation; microphone; camera\"\n\t\t\tsrc=\"https:\/\/form.jotform.com\/222621611316343?language=fr\" frameborder=\"0\" scrolling=\"no\" style=\"width: 100%\"> <\/iframe>\n\t<\/div>\n\t<script>\n\t\tvar ifr = document.getElementById(\"JotFormIFrame-222621611316343\");\n\t\tif (ifr) {\n\t\t\tvar src = ifr.src;\n\t\t\tvar iframeParams = [];\n\t\t\tif (window.location.href && window.location.href.indexOf(\"?\") > -1) {\n\t\t\t\tiframeParams = iframeParams.concat(window.location.href.substr(window.location.href.indexOf(\"?\") + 1).split('&'));\n\t\t\t}\n\t\t\tif (src && src.indexOf(\"?\") > -1) {\n\t\t\t\tiframeParams = iframeParams.concat(src.substr(src.indexOf(\"?\") + 1).split(\"&\"));\n\t\t\t\tsrc = src.substr(0, src.indexOf(\"?\"))\n\t\t\t}\n\t\t\tiframeParams.push(\"isIframeEmbed=1\");\n\t\t\tifr.src = src + \"?\" + iframeParams.join('&');\n\t\t}\n\t\twindow.handleIFrameMessage = function(e) {\n\t\t\tif (typeof e.data === 'object') {\n\t\t\t\treturn;\n\t\t\t}\n\t\t\tvar args = e.data.split(\":\");\n\t\t\tif (args.length > 2) {\n\t\t\t\tiframe = document.getElementById(\"JotFormIFrame-\" + args[(args.length - 1)]);\n\t\t\t} else {\n\t\t\t\tiframe = document.getElementById(\"JotFormIFrame\");\n\t\t\t}\n\t\t\tif (!iframe) {\n\t\t\t\treturn;\n\t\t\t}\n\t\t\tswitch (args[0]) {\n\t\t\t\tcase \"scrollIntoView\":\n\t\t\t\t\tiframe.scrollIntoView();\n\t\t\t\t\tbreak;\n\t\t\t\tcase \"setHeight\":\n\t\t\t\t\tiframe.style.height = args[1] + \"px\";\n\t\t\t\t\tbreak;\n\t\t\t\tcase \"collapseErrorPage\":\n\t\t\t\t\tif (iframe.clientHeight > window.innerHeight) {\n\t\t\t\t\t\tiframe.style.height = window.innerHeight + \"px\";\n\t\t\t\t\t}\n\t\t\t\t\tbreak;\n\t\t\t\tcase \"reloadPage\":\n\t\t\t\t\twindow.location.reload();\n\t\t\t\t\tbreak;\n\t\t\t\tcase \"loadScript\":\n\t\t\t\t\tif (!window.isPermitted(e.origin, ['jotform.com', 'jotform.pro'])) {\n\t\t\t\t\t\tbreak;\n\t\t\t\t\t}\n\t\t\t\t\tvar src = args[1];\n\t\t\t\t\tif (args.length > 3) {\n\t\t\t\t\t\tsrc = args[1] + ':' + args[2];\n\t\t\t\t\t}\n\t\t\t\t\tvar script = document.createElement('script');\n\t\t\t\t\tscript.src = src;\n\t\t\t\t\tscript.type = 'text\/javascript';\n\t\t\t\t\tdocument.body.appendChild(script);\n\t\t\t\t\tbreak;\n\t\t\t\tcase \"exitFullscreen\":\n\t\t\t\t\tif (window.document.exitFullscreen) window.document.exitFullscreen();\n\t\t\t\t\telse if (window.document.mozCancelFullScreen) window.document.mozCancelFullScreen();\n\t\t\t\t\telse if (window.document.mozCancelFullscreen) window.document.mozCancelFullScreen();\n\t\t\t\t\telse if (window.document.webkitExitFullscreen) window.document.webkitExitFullscreen();\n\t\t\t\t\telse if (window.document.msExitFullscreen) window.document.msExitFullscreen();\n\t\t\t\t\tbreak;\n\t\t\t}\n\t\t\tvar isJotForm = (e.origin.indexOf(\"jotform\") > -1) ? true : false;\n\t\t\tif (isJotForm && \"contentWindow\" in iframe && \"postMessage\" in iframe.contentWindow) {\n\t\t\t\tvar urls = {\n\t\t\t\t\t\"docurl\": encodeURIComponent(document.URL),\n\t\t\t\t\t\"referrer\": encodeURIComponent(document.referrer)\n\t\t\t\t};\n\t\t\t\tiframe.contentWindow.postMessage(JSON.stringify({\n\t\t\t\t\t\"type\": \"urls\",\n\t\t\t\t\t\"value\": urls\n\t\t\t\t}), \"*\");\n\t\t\t}\n\t\t};\n\t\twindow.isPermitted = function(originUrl, whitelisted_domains) {\n\t\t\tvar url = document.createElement('a');\n\t\t\turl.href = originUrl;\n\t\t\tvar hostname = url.hostname;\n\t\t\tvar result = false;\n\t\t\tif (typeof hostname !== 'undefined') {\n\t\t\t\twhitelisted_domains.forEach(function(element) {\n\t\t\t\t\tif (hostname.slice((-1 * element.length - 1)) === '.'.concat(element) || hostname === element) {\n\t\t\t\t\t\tresult = true;\n\t\t\t\t\t}\n\t\t\t\t});\n\t\t\t\treturn result;\n\t\t\t}\n\t\t};\n\t\tif (window.addEventListener) {\n\t\t\twindow.addEventListener(\"message\", handleIFrameMessage, false);\n\t\t} else if (window.attachEvent) {\n\t\t\twindow.attachEvent(\"onmessage\", handleIFrameMessage);\n\t\t}\n\t<\/script>\n\n\n\t<\/div>\n\n\n\t\t\t<\/div>\n\t\t<\/div>\n\t<\/section>\n\n\t\t<section id=\"block_90a353ddfa17e9cfd48f40804148e48c-2\" class=\"block block--spc columns-block image-text bg-shade-50\">\n\n\t\t\n\t\t<div class=\"container position-relative\">\n\t\t\t<div class=\"columns-block-row\">\n\t\t\t\t\t\t\t\t\n\t<div class=\"column-content \">\n\t\t\n\n<h2 class=\"wp-block-heading\">Derri\u00e8re l&rsquo;outil<\/h2>\n\n\n\n<p><br\/>Depuis de nombreuses ann\u00e9es, <a href=\"https:\/\/fpa-trends.com\/fpa-board\">l\u2019International FP&amp;A Board<\/a> d\u00e9veloppe un <a href=\"https:\/\/wwwstg.board.com\/resources\/fpa-board-maturity-model\">mod\u00e8le de maturit\u00e9 FP&amp;A<\/a>. L\u2019objectif est de mettre en \u00e9vidence les attributs d\u2019un d\u00e9partement FP&amp;A le plus \u00e0 m\u00eame d\u2019accompagner la direction dans la r\u00e9alisation des objectifs organisationnels. <\/p>\n\n\n\n<p>Le mod\u00e8le a \u00e9t\u00e9 con\u00e7u par le London FP&amp;A Board en 2016 et d\u00e9velopp\u00e9 par des centaines de praticiens dans les 27 chapitres de 16 pays sur 4 continents. Il refl\u00e8te les recherches approfondies, les r\u00e9alit\u00e9s actuelles et les derniers d\u00e9veloppements des meilleures pratiques de FP&amp;A. En cons\u00e9quence, il s&rsquo;agit d&rsquo;une vision collective et \u00e9quilibr\u00e9e de milliers de professionnels de diff\u00e9rentes organisations \u00e0 travers le monde.<\/p>\n\n\n\t<\/div>\n\n\n\t<div class=\"column-content \">\n\t\t\n\n<figure class=\"wp-block-image aligncenter size-full is-resized\"><img loading=\"lazy\" decoding=\"async\" width=\"708\" height=\"864\" src=\"https:\/\/wwwstg.board.com\/wp-content\/uploads\/2024\/12\/FPA-Board-Maturity-Model-Cover.png\" alt=\"\" class=\"wp-image-9293\" style=\"width:277px;height:auto\" srcset=\"https:\/\/wwwstg.board.com\/wp-content\/uploads\/2024\/12\/FPA-Board-Maturity-Model-Cover.png 708w, https:\/\/wwwstg.board.com\/wp-content\/uploads\/2024\/12\/FPA-Board-Maturity-Model-Cover-629x768.png 629w, https:\/\/wwwstg.board.com\/wp-content\/uploads\/2024\/12\/FPA-Board-Maturity-Model-Cover-393x480.png 393w, https:\/\/wwwstg.board.com\/wp-content\/uploads\/2024\/12\/FPA-Board-Maturity-Model-Cover-166x203.png 166w\" sizes=\"auto, (max-width: 708px) 100vw, 708px\" \/><\/figure>\n\n\t\n\t<\/div>\n\t\n\n\t\t\t<\/div>\n\t\t<\/div>\n\t<\/section>\n\n\t<section id=\"block_1ab21010cd412c9dfce49e7b5f7ff883-3\" class=\"block block--spc columns-block spacing-md footer-cta bg-violet-700\">\n\t\t\n\t\t\t<img loading=\"lazy\" decoding=\"async\" src=\"https:\/\/wwwstg.board.com\/wp-content\/uploads\/2024\/08\/pre-footersvg.svg\" class=\"shape-bg-image shape-bg-image-left\" alt=\"Background image shape - left\" height=\"510\" width=\"930\" aria-hidden=\"true\">\n\t\t\t<div class=\"overlay-gradient\"><\/div>\n\t\t<div class=\"container position-relative columns-70-30\">\n\t\t\t<div class=\"columns-block-row\">\n\t\t\t\t\t\t\t\t\n\t<div class=\"column-content \">\n\t\t\n\n<h2 class=\"wp-block-heading\">Voyons ce que Board peut faire pour vous.<\/h2>\n\n\n\n<p>D\u00e9couvrez la plateforme de planification d&rsquo;entreprise en action.<\/p>\n\n\n\t<\/div>\n\n\n\t<div class=\"column-content \">\n\t\t\n\t\t<a href=\"https:\/\/wwwstg.board.com\/fr\/demandez-demo\" class=\"btn-link btn-link--white\"  target=\"\"\t\t\t>\n\t\t\t<span>Parlez \u00e0 un expert<\/span>\n\t\t<\/a>\n\t\n\n\t<\/div>\n\n\n\t\t\t<\/div>\n\t\t<\/div>\n\t<\/section>\n\n\t","protected":false},"excerpt":{"rendered":"","protected":false},"author":3,"featured_media":0,"parent":0,"menu_order":0,"comment_status":"closed","ping_status":"closed","template":"","meta":{"_acf_changed":false,"_themeisle_gutenberg_block_has_review":false,"footnotes":""},"line_of_business":[4376],"page_score_tier":[],"class_list":["post-8773","page","type-page","status-publish","hentry","line_of_business-financial-planning-analysis-fr"],"acf":[],"yoast_head":"<!-- This site is optimized with the Yoast SEO plugin v27.4 - https:\/\/yoast.com\/product\/yoast-seo-wordpress\/ -->\n<title>Quel est le degr\u00e9 d&#039;intelligence de votre FP&amp;A ?<\/title>\n<meta name=\"description\" content=\"D\u00e9couvrez o\u00f9 vous en \u00eates dans votre parcours de transformation de la planification gr\u00e2ce \u00e0 notre \u00e9valuation de la maturit\u00e9 de votre FP&amp;A.\" \/>\n<meta name=\"robots\" content=\"noindex, follow, max-snippet:-1, max-image-preview:large, max-video-preview:-1\" \/>\n<meta property=\"og:locale\" content=\"fr_FR\" \/>\n<meta property=\"og:type\" content=\"article\" \/>\n<meta property=\"og:title\" content=\"Quel est le degr\u00e9 d&#039;intelligence de votre FP&amp;A ?\" \/>\n<meta property=\"og:description\" content=\"D\u00e9couvrez o\u00f9 vous en \u00eates dans votre parcours de transformation de la planification gr\u00e2ce \u00e0 notre \u00e9valuation de la maturit\u00e9 de votre FP&amp;A.\" \/>\n<meta property=\"og:url\" content=\"https:\/\/wwwstg.board.com\/fr\/evaluation-maturite-fpa\" \/>\n<meta property=\"og:site_name\" content=\"Board\" \/>\n<meta property=\"article:publisher\" content=\"https:\/\/www.facebook.com\/BOARD.International\" \/>\n<meta property=\"article:modified_time\" content=\"2025-02-26T21:46:47+00:00\" \/>\n<meta property=\"og:image\" content=\"https:\/\/wwwstg.board.com\/wp-content\/uploads\/2025\/01\/1200x627_opengraph_board_fpa-maturity-model.jpg\" \/>\n<meta name=\"twitter:card\" content=\"summary_large_image\" \/>\n<meta name=\"twitter:site\" content=\"@BOARDSoftware\" \/>\n<meta name=\"twitter:label1\" content=\"Dur\u00e9e de lecture estim\u00e9e\" \/>\n\t<meta name=\"twitter:data1\" content=\"2 minutes\" \/>\n<script type=\"application\/ld+json\" class=\"yoast-schema-graph\">{\"@context\":\"https:\\\/\\\/schema.org\",\"@graph\":[{\"@type\":\"WebPage\",\"@id\":\"https:\\\/\\\/wwwstg.board.com\\\/fr\\\/evaluation-maturite-fpa\",\"url\":\"https:\\\/\\\/wwwstg.board.com\\\/fr\\\/evaluation-maturite-fpa\",\"name\":\"Quel est le degr\u00e9 d'intelligence de votre FP&A ?\",\"isPartOf\":{\"@id\":\"https:\\\/\\\/wwwstg.board.com\\\/fr#website\"},\"primaryImageOfPage\":{\"@id\":\"https:\\\/\\\/wwwstg.board.com\\\/fr\\\/evaluation-maturite-fpa#primaryimage\"},\"image\":{\"@id\":\"https:\\\/\\\/wwwstg.board.com\\\/fr\\\/evaluation-maturite-fpa#primaryimage\"},\"thumbnailUrl\":\"https:\\\/\\\/wwwstg.board.com\\\/wp-content\\\/uploads\\\/2024\\\/12\\\/FPA-Board-Maturity-Model-Cover.png\",\"datePublished\":\"2024-11-05T01:53:39+00:00\",\"dateModified\":\"2025-02-26T21:46:47+00:00\",\"description\":\"D\u00e9couvrez o\u00f9 vous en \u00eates dans votre parcours de transformation de la planification gr\u00e2ce \u00e0 notre \u00e9valuation de la maturit\u00e9 de votre FP&A.\",\"breadcrumb\":{\"@id\":\"https:\\\/\\\/wwwstg.board.com\\\/fr\\\/evaluation-maturite-fpa#breadcrumb\"},\"inLanguage\":\"fr-FR\",\"potentialAction\":[{\"@type\":\"ReadAction\",\"target\":[\"https:\\\/\\\/wwwstg.board.com\\\/fr\\\/evaluation-maturite-fpa\"]}]},{\"@type\":\"ImageObject\",\"inLanguage\":\"fr-FR\",\"@id\":\"https:\\\/\\\/wwwstg.board.com\\\/fr\\\/evaluation-maturite-fpa#primaryimage\",\"url\":\"https:\\\/\\\/wwwstg.board.com\\\/wp-content\\\/uploads\\\/2024\\\/12\\\/FPA-Board-Maturity-Model-Cover.png\",\"contentUrl\":\"https:\\\/\\\/wwwstg.board.com\\\/wp-content\\\/uploads\\\/2024\\\/12\\\/FPA-Board-Maturity-Model-Cover.png\"},{\"@type\":\"BreadcrumbList\",\"@id\":\"https:\\\/\\\/wwwstg.board.com\\\/fr\\\/evaluation-maturite-fpa#breadcrumb\",\"itemListElement\":[{\"@type\":\"ListItem\",\"position\":1,\"name\":\"Home\",\"item\":\"https:\\\/\\\/wwwstg.board.com\\\/fr\"},{\"@type\":\"ListItem\",\"position\":2,\"name\":\"Outil d&rsquo;\u00e9valuation de la maturit\u00e9 de la FP&amp;A\"}]},{\"@type\":\"WebSite\",\"@id\":\"https:\\\/\\\/wwwstg.board.com\\\/fr#website\",\"url\":\"https:\\\/\\\/wwwstg.board.com\\\/fr\",\"name\":\"Board\",\"description\":\"The Enterprise Planning Platform\",\"publisher\":{\"@id\":\"https:\\\/\\\/wwwstg.board.com\\\/fr#organization\"},\"potentialAction\":[{\"@type\":\"SearchAction\",\"target\":{\"@type\":\"EntryPoint\",\"urlTemplate\":\"https:\\\/\\\/wwwstg.board.com\\\/fr?s={search_term_string}\"},\"query-input\":{\"@type\":\"PropertyValueSpecification\",\"valueRequired\":true,\"valueName\":\"search_term_string\"}}],\"inLanguage\":\"fr-FR\"},{\"@type\":\"Organization\",\"@id\":\"https:\\\/\\\/wwwstg.board.com\\\/fr#organization\",\"name\":\"Board\",\"url\":\"https:\\\/\\\/wwwstg.board.com\\\/fr\",\"logo\":{\"@type\":\"ImageObject\",\"inLanguage\":\"fr-FR\",\"@id\":\"https:\\\/\\\/wwwstg.board.com\\\/fr#\\\/schema\\\/logo\\\/image\\\/\",\"url\":\"https:\\\/\\\/wwwstg.board.com\\\/wp-content\\\/uploads\\\/2024\\\/08\\\/board-footer-logo-grey-0-1.png\",\"contentUrl\":\"https:\\\/\\\/wwwstg.board.com\\\/wp-content\\\/uploads\\\/2024\\\/08\\\/board-footer-logo-grey-0-1.png\",\"width\":297,\"height\":103,\"caption\":\"Board\"},\"image\":{\"@id\":\"https:\\\/\\\/wwwstg.board.com\\\/fr#\\\/schema\\\/logo\\\/image\\\/\"},\"sameAs\":[\"https:\\\/\\\/www.facebook.com\\\/BOARD.International\",\"https:\\\/\\\/x.com\\\/BOARDSoftware\",\"https:\\\/\\\/www.linkedin.com\\\/company\\\/board\\\/\",\"https:\\\/\\\/www.youtube.com\\\/user\\\/BOARDInternationalSA\",\"https:\\\/\\\/en.wikipedia.org\\\/wiki\\\/Board_International\"]}]}<\/script>\n<!-- \/ Yoast SEO plugin. -->","yoast_head_json":{"title":"Quel est le degr\u00e9 d'intelligence de votre FP&A ?","description":"D\u00e9couvrez o\u00f9 vous en \u00eates dans votre parcours de transformation de la planification gr\u00e2ce \u00e0 notre \u00e9valuation de la maturit\u00e9 de votre FP&A.","robots":{"index":"noindex","follow":"follow","max-snippet":"max-snippet:-1","max-image-preview":"max-image-preview:large","max-video-preview":"max-video-preview:-1"},"og_locale":"fr_FR","og_type":"article","og_title":"Quel est le degr\u00e9 d'intelligence de votre FP&A ?","og_description":"D\u00e9couvrez o\u00f9 vous en \u00eates dans votre parcours de transformation de la planification gr\u00e2ce \u00e0 notre \u00e9valuation de la maturit\u00e9 de votre FP&A.","og_url":"https:\/\/wwwstg.board.com\/fr\/evaluation-maturite-fpa","og_site_name":"Board","article_publisher":"https:\/\/www.facebook.com\/BOARD.International","article_modified_time":"2025-02-26T21:46:47+00:00","og_image":[{"url":"https:\/\/wwwstg.board.com\/wp-content\/uploads\/2025\/01\/1200x627_opengraph_board_fpa-maturity-model.jpg","type":"","width":"","height":""}],"twitter_card":"summary_large_image","twitter_site":"@BOARDSoftware","twitter_misc":{"Dur\u00e9e de lecture estim\u00e9e":"2 minutes"},"schema":{"@context":"https:\/\/schema.org","@graph":[{"@type":"WebPage","@id":"https:\/\/wwwstg.board.com\/fr\/evaluation-maturite-fpa","url":"https:\/\/wwwstg.board.com\/fr\/evaluation-maturite-fpa","name":"Quel est le degr\u00e9 d'intelligence de votre FP&A ?","isPartOf":{"@id":"https:\/\/wwwstg.board.com\/fr#website"},"primaryImageOfPage":{"@id":"https:\/\/wwwstg.board.com\/fr\/evaluation-maturite-fpa#primaryimage"},"image":{"@id":"https:\/\/wwwstg.board.com\/fr\/evaluation-maturite-fpa#primaryimage"},"thumbnailUrl":"https:\/\/wwwstg.board.com\/wp-content\/uploads\/2024\/12\/FPA-Board-Maturity-Model-Cover.png","datePublished":"2024-11-05T01:53:39+00:00","dateModified":"2025-02-26T21:46:47+00:00","description":"D\u00e9couvrez o\u00f9 vous en \u00eates dans votre parcours de transformation de la planification gr\u00e2ce \u00e0 notre \u00e9valuation de la maturit\u00e9 de votre FP&A.","breadcrumb":{"@id":"https:\/\/wwwstg.board.com\/fr\/evaluation-maturite-fpa#breadcrumb"},"inLanguage":"fr-FR","potentialAction":[{"@type":"ReadAction","target":["https:\/\/wwwstg.board.com\/fr\/evaluation-maturite-fpa"]}]},{"@type":"ImageObject","inLanguage":"fr-FR","@id":"https:\/\/wwwstg.board.com\/fr\/evaluation-maturite-fpa#primaryimage","url":"https:\/\/wwwstg.board.com\/wp-content\/uploads\/2024\/12\/FPA-Board-Maturity-Model-Cover.png","contentUrl":"https:\/\/wwwstg.board.com\/wp-content\/uploads\/2024\/12\/FPA-Board-Maturity-Model-Cover.png"},{"@type":"BreadcrumbList","@id":"https:\/\/wwwstg.board.com\/fr\/evaluation-maturite-fpa#breadcrumb","itemListElement":[{"@type":"ListItem","position":1,"name":"Home","item":"https:\/\/wwwstg.board.com\/fr"},{"@type":"ListItem","position":2,"name":"Outil d&rsquo;\u00e9valuation de la maturit\u00e9 de la FP&amp;A"}]},{"@type":"WebSite","@id":"https:\/\/wwwstg.board.com\/fr#website","url":"https:\/\/wwwstg.board.com\/fr","name":"Board","description":"The Enterprise Planning Platform","publisher":{"@id":"https:\/\/wwwstg.board.com\/fr#organization"},"potentialAction":[{"@type":"SearchAction","target":{"@type":"EntryPoint","urlTemplate":"https:\/\/wwwstg.board.com\/fr?s={search_term_string}"},"query-input":{"@type":"PropertyValueSpecification","valueRequired":true,"valueName":"search_term_string"}}],"inLanguage":"fr-FR"},{"@type":"Organization","@id":"https:\/\/wwwstg.board.com\/fr#organization","name":"Board","url":"https:\/\/wwwstg.board.com\/fr","logo":{"@type":"ImageObject","inLanguage":"fr-FR","@id":"https:\/\/wwwstg.board.com\/fr#\/schema\/logo\/image\/","url":"https:\/\/wwwstg.board.com\/wp-content\/uploads\/2024\/08\/board-footer-logo-grey-0-1.png","contentUrl":"https:\/\/wwwstg.board.com\/wp-content\/uploads\/2024\/08\/board-footer-logo-grey-0-1.png","width":297,"height":103,"caption":"Board"},"image":{"@id":"https:\/\/wwwstg.board.com\/fr#\/schema\/logo\/image\/"},"sameAs":["https:\/\/www.facebook.com\/BOARD.International","https:\/\/x.com\/BOARDSoftware","https:\/\/www.linkedin.com\/company\/board\/","https:\/\/www.youtube.com\/user\/BOARDInternationalSA","https:\/\/en.wikipedia.org\/wiki\/Board_International"]}]}},"_links":{"self":[{"href":"https:\/\/wwwstg.board.com\/fr\/wp-json\/wp\/v2\/pages\/8773","targetHints":{"allow":["GET"]}}],"collection":[{"href":"https:\/\/wwwstg.board.com\/fr\/wp-json\/wp\/v2\/pages"}],"about":[{"href":"https:\/\/wwwstg.board.com\/fr\/wp-json\/wp\/v2\/types\/page"}],"author":[{"embeddable":true,"href":"https:\/\/wwwstg.board.com\/fr\/wp-json\/wp\/v2\/users\/3"}],"replies":[{"embeddable":true,"href":"https:\/\/wwwstg.board.com\/fr\/wp-json\/wp\/v2\/comments?post=8773"}],"version-history":[{"count":0,"href":"https:\/\/wwwstg.board.com\/fr\/wp-json\/wp\/v2\/pages\/8773\/revisions"}],"wp:attachment":[{"href":"https:\/\/wwwstg.board.com\/fr\/wp-json\/wp\/v2\/media?parent=8773"}],"wp:term":[{"taxonomy":"line_of_business","embeddable":true,"href":"https:\/\/wwwstg.board.com\/fr\/wp-json\/wp\/v2\/line_of_business?post=8773"},{"taxonomy":"page_score_tier","embeddable":true,"href":"https:\/\/wwwstg.board.com\/fr\/wp-json\/wp\/v2\/page_score_tier?post=8773"}],"curies":[{"name":"wp","href":"https:\/\/api.w.org\/{rel}","templated":true}]}}