{"id":8679,"date":"2024-10-18T09:59:13","date_gmt":"2024-10-18T09:59:13","guid":{"rendered":"https:\/\/www.board.com\/cloud\/"},"modified":"2025-02-26T20:27:23","modified_gmt":"2025-02-26T20:27:23","slug":"cloud-ou-on-premise","status":"publish","type":"page","link":"https:\/\/wwwstg.board.com\/fr\/cloud-ou-on-premise","title":{"rendered":"Cloud ou On Premise"},"content":{"rendered":"\t<section id=\"block_95ba209c398af8124cf2545adbcc7484-\" class=\"block block--spc columns-block block-hero-bubble grid grid--2\">\n\t\t<div class=\"breadcrumb-bar bg-brand-pearl\">\n\t\t\t<div class=\"container\">\n\t\t\t\t\t\t\t\t\t\t\t<nav aria-label=\"Breadcrumb\" class=\"d-flex flex-wrap list-unstyled mb-0 breadcrumbs\"><ol class=\"d-flex mb-0 align-items-center list-unstyled gap-1\"><li><a href=\"https:\/\/wwwstg.board.com\/fr\">Home<\/a><\/li><\/ol><li class=\"mb-0 d-flex breadcrumb-back-to-link\"><a href=\"https:\/\/wwwstg.board.com\/fr\">Retour \u00e0 Home<\/a><\/li><\/nav>\t\t\t\t\t\t\t\t\t<\/div>\n\t\t<\/div>\n\t\t<div class=\"container\">\n\t\t\t<div class=\"columns-block-row\">\n\t\t\t\t\t\t\t\t\n\t<div class=\"column-content d-flex align-items-center\">\n\t\t<div class=\"hero-grad-left\">\n\t\t\t<div class=\"hero-grad-copy\">\n\t\t\t\t\t\t\t\t\n\n<h1 class=\"wp-block-heading\">La flexibilit\u00e9 du Cloud. La puissance de Board. <\/h1>\n\n\n\n<p>H\u00e9berg\u00e9e sur Microsoft Azure, la plateforme de planification d&rsquo;entreprise Board permet \u00e0 vos applications de planification d&rsquo;\u00eatre op\u00e9rationnelles plus rapidement, tout en offrant une s\u00e9curit\u00e9, une fiabilit\u00e9, une \u00e9volutivit\u00e9 et des performances de pointe.<\/p>\n\n\n\t<div class=\"hero-grad-nav\">\n\t\t\n\t\t<a href=\"\/fr\/watch-demo\" class=\"btn-link btn-link--primary\"  target=\"\"\t\t\t\t\t\t>\n\t\t\t<span>D\u00e9couvrez Board en action<\/span>\n\t\t<\/a>\n\t\n\n\t\t<a aria-label=\"Demander une d\u00e9mo\" href=\"https:\/\/wwwstg.board.com\/fr\/demandez-demo\" class=\"full-link full-link__arrow\"  target=\"\"><\/a>\n\n\t\t<a href=\"https:\/\/wwwstg.board.com\/fr\/demandez-demo\" class=\"btn-link btn-link--primary btn-link--arrow\"  target=\"\"\t\t\t>\n\t\t\t<span>Demander une d\u00e9mo<\/span>\n\t\t\t<span class=\"ico icon-chevron-right\" aria-hidden=\"true\"><\/span>\n\t\t<\/a>\n\t\n\n\t<\/div>\n\n\n\n\t\t\t\t\n\t\t\t\t\t\t\t<\/div>\n\t\t<\/div>\n\t<\/div>\n\n\n\t<div class=\"column-content text-start align-self-start\">\n\t\t<div class=\"hero-grad-right\">\n\t\t\n\t\t\t\t\t<img decoding=\"async\" class=\"hero-bubbles-bg hero-bubbles-bg--small\" src=\"https:\/\/wwwstg.board.com\/wp-content\/themes\/board\/assets\/images\/bubbles--small.svg\" alt=\"\" \/>\n\t\t\n\t\t\n\t\t\t\t\t\n\t\t\t\n\t\t\t<img decoding=\"async\" class=\"hero-bubbles-feature \" src=\"https:\/\/wwwstg.board.com\/wp-content\/uploads\/2024\/11\/Azure_hosted.png\" alt=\"\" \/>\n\t\t\t\n\n\t\t<\/div>\n\t<\/div>\n\t\n\n\t\t\t<\/div>\n\t\t<\/div>\n\t<\/section>\n\t\t<section id=\"block_632f90c53ae01e683418a5e8b625a060-1\" class=\"block block--spc columns-block columns-grid grid grid--3 columns bg-neutral-50\">\n\t\t<div class=\"container position-relative\">\n\t\t\t<div class=\"columns-block-row\">\n\t\t\t\t\t\t\t\t\n\t<article class=\"card card--column\">\n\t\t\t\t\t<div class=\"ratio ratio-1x1\">\n\t\t\t\t<img decoding=\"async\" src=\"https:\/\/wwwstg.board.com\/wp-content\/uploads\/2024\/11\/icon-intuitive-and-easy-to-use.svg\" alt=\"\" loading=\"lazy\">\n\t\t\t<\/div>\n\t\t\t\t<div class=\"card-body\">\n\t\t\t\n\n<h4 class=\"wp-block-heading card-title display-6 has-visual-h-6-font-size\">Intuitif et facile d\u2019utilisation<\/h4>\n\n\n\n<p class=\"card-text\">Une interface intuitive de glisser-d\u00e9poser permet aux utilisateurs de cr\u00e9er facilement et rapidement des rapports et des analyses sans aucune aide informatique. Une simple console de contr\u00f4le facilite toute votre administration. <\/p>\n\n\n\t\t<\/div>\t\t\n\t<\/article>\n\t\n\n\t<article class=\"card card--column\">\n\t\t\t\t\t<div class=\"ratio ratio-1x1\">\n\t\t\t\t<img decoding=\"async\" src=\"https:\/\/wwwstg.board.com\/wp-content\/uploads\/2024\/11\/icon-reliable.svg\" alt=\"\" loading=\"lazy\">\n\t\t\t<\/div>\n\t\t\t\t<div class=\"card-body\">\n\t\t\t\n\n<h4 class=\"wp-block-heading card-title display-6 has-visual-h-6-font-size\">Fiable<\/h4>\n\n\n\n<p class=\"card-text\">Board Cloud est soutenu par Microsoft Azure, la plateforme technologique leader sur le march\u00e9 qui soutient plus d\u2019un million de clients dans 190 pays.<\/p>\n\n\n\t\t<\/div>\t\t\n\t<\/article>\n\t\n\n\t<article class=\"card card--column\">\n\t\t\t\t\t<div class=\"ratio ratio-1x1\">\n\t\t\t\t<img decoding=\"async\" src=\"https:\/\/wwwstg.board.com\/wp-content\/uploads\/2024\/11\/icon-cost-effective.svg\" alt=\"\" loading=\"lazy\">\n\t\t\t<\/div>\n\t\t\t\t<div class=\"card-body\">\n\t\t\t\n\n<h4 class=\"wp-block-heading card-title display-6 has-visual-h-6-font-size\">\u00c9conomique<\/h4>\n\n\n\n<p class=\"card-text\">Sans aucun investissement requis en mati\u00e8re d\u2019infrastructure, vous ne payez que pour ce que vous utilisez. Le fonctionnement de vos applications de BI et de CPM n\u2019a jamais \u00e9t\u00e9 aussi \u00e9conomique et s\u00e9curis\u00e9. <\/p>\n\n\n\t\t<\/div>\t\t\n\t<\/article>\n\t\n\n\t<article class=\"card card--column\">\n\t\t\t\t\t<div class=\"ratio ratio-1x1\">\n\t\t\t\t<img decoding=\"async\" src=\"https:\/\/wwwstg.board.com\/wp-content\/uploads\/2024\/11\/icon-always-up-to-date.svg\" alt=\"\" loading=\"lazy\">\n\t\t\t<\/div>\n\t\t\t\t<div class=\"card-body\">\n\t\t\t\n\n<h4 class=\"wp-block-heading card-title display-6 has-visual-h-6-font-size\">Mise \u00e0 jour permanente<\/h4>\n\n\n\n<p class=\"card-text\">Avec Board Cloud, aucune mise \u00e0 jour n\u2019est n\u00e9cessaire : vos fonctionnalit\u00e9s sont constamment actualis\u00e9es. Lancez-vous, relaxez-vous et oubliez les soucis de mise \u00e0 jour. <\/p>\n\n\n\t\t<\/div>\t\t\n\t<\/article>\n\t\n\n\t<article class=\"card card--column\">\n\t\t\t\t\t<div class=\"ratio ratio-1x1\">\n\t\t\t\t<img decoding=\"async\" src=\"https:\/\/wwwstg.board.com\/wp-content\/uploads\/2024\/11\/icon-future-ready-1.svg\" alt=\"\" loading=\"lazy\">\n\t\t\t<\/div>\n\t\t\t\t<div class=\"card-body\">\n\t\t\t\n\n<h4 class=\"wp-block-heading card-title display-6 has-visual-h-6-font-size\">\u00c9volutif<\/h4>\n\n\n\n<p class=\"card-text\">Board Cloud vous offre la possibilit\u00e9 d\u2019ajuster les technologies pour qu\u2019elles soient adapt\u00e9es \u00e0 votre activit\u00e9, et non l\u2019inverse. Vous pourrez g\u00e9rer la puissance, la capacit\u00e9 ainsi que les utilisateurs suppl\u00e9mentaires selon vos besoins et vos processus d\u00e9cisionnels.<\/p>\n\n\n\t\t<\/div>\t\t\n\t<\/article>\n\t\n\n\t<article class=\"card card--column\">\n\t\t\t\t\t<div class=\"ratio ratio-1x1\">\n\t\t\t\t<img decoding=\"async\" src=\"https:\/\/wwwstg.board.com\/wp-content\/uploads\/2024\/11\/icon-global-rapid-reach.svg\" alt=\"\" loading=\"lazy\">\n\t\t\t<\/div>\n\t\t\t\t<div class=\"card-body\">\n\t\t\t\n\n<h4 class=\"wp-block-heading card-title display-6 has-visual-h-6-font-size\">Un acc\u00e8s mondial en quelques minutes<\/h4>\n\n\n\n<p class=\"card-text\">Board Cloud peut \u00eatre rapidement d\u00e9ploy\u00e9 et devient instantan\u00e9ment accessible aux utilisateurs situ\u00e9s \u00e0 diff\u00e9rents endroits. Gr\u00e2ce \u00e0 un choix de 26 centres de donn\u00e9es r\u00e9partis sur 5 continents, vous pouvez facilement trouver le centre qui vous convient le mieux pour h\u00e9berger votre Board Cloud et profiter d\u2019une faible latence et de la meilleure exp\u00e9rience possible pour vos utilisateurs, simplement et \u00e0 faible co\u00fbt. <\/p>\n\n\n\t\t<\/div>\t\t\n\t<\/article>\n\t\n\n\t\t\t<\/div>\n\t\t<\/div>\n\t<\/section>\n\t<section id=\"block_e2dccf0b013623692019cb3b13df3622-2\" class=\"block block--spc columns-block image-text\">\n\n\t\t\n\t\t<div class=\"container position-relative\">\n\t\t\t<div class=\"columns-block-row\">\n\t\t\t\t\t\t\t\t\n\t<div class=\"column-content \">\n\t\t\n\n<h2 class=\"wp-block-heading\">Les data centers cloud avec le plus haut niveau de s\u00e9curit\u00e9 certifi\u00e9e.<\/h2>\n\n\n\n<p>Les clients de Board peuvent compter sur les plus hauts niveaux de s\u00e9curit\u00e9 offerts par les Data Centers Microsoft Azure o\u00f9 Board Cloud est h\u00e9berg\u00e9. Azure fournit l&rsquo;ensemble le plus complet de certifications et d&rsquo;attestations de conformit\u00e9, telles que ISO 27001, HIPAA, FedRAMP, SOC 1 et SOC 2, ainsi que des normes sp\u00e9cifiques du pays telles que Australia IRAP, UK G \/ Cloud et Singapore MTCS.<\/p>\n\n\n\t<\/div>\n\n\n\t<div class=\"column-content \">\n\t\t\n\n<figure class=\"wp-block-image size-large is-resized\"><img loading=\"lazy\" decoding=\"async\" width=\"1600\" height=\"284\" src=\"https:\/\/wwwstg.board.com\/wp-content\/uploads\/2024\/11\/board-cloud-logo-rgb-1600x284.webp\" alt=\"\" class=\"wp-image-7150\" style=\"width:457px;height:auto\" srcset=\"https:\/\/wwwstg.board.com\/wp-content\/uploads\/2024\/11\/board-cloud-logo-rgb-1600x284.webp 1600w, https:\/\/wwwstg.board.com\/wp-content\/uploads\/2024\/11\/board-cloud-logo-rgb-215x38.webp 215w, https:\/\/wwwstg.board.com\/wp-content\/uploads\/2024\/11\/board-cloud-logo-rgb-768x136.webp 768w, https:\/\/wwwstg.board.com\/wp-content\/uploads\/2024\/11\/board-cloud-logo-rgb-1536x273.webp 1536w, https:\/\/wwwstg.board.com\/wp-content\/uploads\/2024\/11\/board-cloud-logo-rgb-480x85.webp 480w, https:\/\/wwwstg.board.com\/wp-content\/uploads\/2024\/11\/board-cloud-logo-rgb.webp 1920w\" sizes=\"auto, (max-width: 1600px) 100vw, 1600px\" \/><\/figure>\n\n\t\n\t<\/div>\n\t\n\n\t\t\t<\/div>\n\t\t<\/div>\n\t<\/section>\n\n\t<section id=\"block_0e01e6d5aa615dd63d44669edca859ae-5\" class=\"block block--spc two-columns-block columns-block pt-0\">\n\t\t<div class=\"container position-relative\">\n\t\t\t<div class=\"columns-block-row\">\n\t\t\t\t\t\t\t\t\n\t<div id=\"block_4dddb57de9180bc5658acb1cd6af2aaf\" class=\"column-content   text-start align-self-start\">\n\t\t\n\t<section class=\"block wp-block-acf-testimonial-single block--spc columns-block font-size-xl\" id=\"block_18b10c712c1ee9850db1e83cb41769f3\"\t\tclass=\"\">\n\n\t\t\t\t\t<article class=\"card card--testimonial\">\n\t\t\t\t\n\t\t\t\t<div class=\"testimonial-quote\">\n\t\t\t\t\t<div class=\"testimonial-quote__wrap\">\n\t\t\t\t\t\t<p>L&#039;\u00e9volutivit\u00e9 et la s\u00e9curit\u00e9 de Microsoft Azure aident Board \u00e0 fournir des Analyses pointues et des solutions CPM efficaces pour ses clients dans le monde entier.<\/p>\n\t\t\t\t\t\t\n\t\t\t\t\t\t\t\t\t\t\t\t\t<div class=\"testimonial-info-bottom\">\n\t\t\t\t\t\t\t\t\t\t\t\t\t\t\t\t\t\t\t\t\t\t\t\t\t<div class=\"testimonial-data\">\n\t\t\t\t\t\t\t\t\t\t\t\t\t\t\t\t\t\t\t\t\t<p class=\"testimonial-name\">Nicole Herskowitz<\/p>\n\t\t\t\t\t\t\t\t\t\t\t\t\t\t\t\t\t\t\t\t\t\t\t\t\t\t\t\t\t\t\t<div class=\"testimonial-job-info\">\n\t\t\t\t\t\t\t\t\t\t\t\t\t\t\t\t\t\t\t\t\t\t\t\t\t<span class=\"testimonial-role\">Senior Director of Product Marketing Microsoft Azure, Microsoft Corp<\/span>\n\t\t\t\t\t\t\t\t\t\t\t\t\t\t\t\t\t\t\t\t\t\t\t\t\t\t\t\t\t\t\t\t\t\t\t<\/div>\n\t\t\t\t\t\t\t\t\t\t\t\t\t\t\t\t\t\t\t<\/div>\n\t\t\t\t\t\t\t\t\t\t\t\t\t\t\t<\/div>\n\t\t\t\t\t\t\n\t\t\t\t\t<\/div>\n\t\t\t\t<\/div>\n\t\t\t<\/article>\n\t\t\t<\/section>\n\n\n\n\t<\/div>\n\n\n\t<div id=\"block_4dddb57de9180bc5658acb1cd6af2aaf\" class=\"column-content   text-start align-self-start\">\n\t\t\n\t<section class=\"block wp-block-acf-testimonial-single block--spc columns-block font-size-xl\" id=\"block_623f07d9555c3ad5698140f2ddf58eba\"\t\tclass=\"\">\n\n\t\t\t\t\t<article class=\"card card--testimonial\">\n\t\t\t\t\n\t\t\t\t<div class=\"testimonial-quote\">\n\t\t\t\t\t<div class=\"testimonial-quote__wrap\">\n\t\t\t\t\t\t<p>Les Data Centers de Microsoft dans le monde contr\u00f4lent et g\u00e8rent les donn\u00e9es des clients en comptant sur une exp\u00e9rience acquise de plus de deux d\u00e9cennies, au sein de la protection des donn\u00e9es, de la pr\u00e9servation de la confidentialit\u00e9 et du respect des exigences de conformit\u00e9.<\/p>\n\t\t\t\t\t\t\n\t\t\t\t\t\t\t\t\t\t\t\t\t<div class=\"testimonial-info-bottom\">\n\t\t\t\t\t\t\t\t\t\t\t\t\t\t\t\t\t\t\t\t\t\t\t\t\t<div class=\"testimonial-data\">\n\t\t\t\t\t\t\t\t\t\t\t\t\t\t\t\t\t\t\t\t\t<p class=\"testimonial-name\">David Marmer<\/p>\n\t\t\t\t\t\t\t\t\t\t\t\t\t\t\t\t\t\t\t\t\t\t\t\t\t\t\t\t\t\t\t<div class=\"testimonial-job-info\">\n\t\t\t\t\t\t\t\t\t\t\t\t\t\t\t\t\t\t\t\t\t\t\t\t\t<span class=\"testimonial-role\">SVP of Product, Board<\/span>\n\t\t\t\t\t\t\t\t\t\t\t\t\t\t\t\t\t\t\t\t\t\t\t\t\t\t\t\t\t\t\t\t\t\t\t<\/div>\n\t\t\t\t\t\t\t\t\t\t\t\t\t\t\t\t\t\t\t<\/div>\n\t\t\t\t\t\t\t\t\t\t\t\t\t\t\t<\/div>\n\t\t\t\t\t\t\n\t\t\t\t\t<\/div>\n\t\t\t\t<\/div>\n\t\t\t<\/article>\n\t\t\t<\/section>\n\n\n\n\t<\/div>\n\n\n\t\t\t<\/div>\n\t\t<\/div>\n\t<\/section>\n\n\t\t<section id=\"block_34cdc19c57338a50dcb4f2823351c22d-6\" class=\"block block--spc columns-block image-text bg-neutral-50\">\n\n\t\t\n\t\t<div class=\"container position-relative\">\n\t\t\t<div class=\"columns-block-row\">\n\t\t\t\t\t\t\t\t\n\t<div class=\"column-content \">\n\t\t\n\n<figure class=\"wp-block-image size-full is-resized\"><img decoding=\"async\" src=\"https:\/\/wwwstg.board.com\/wp-content\/uploads\/2024\/11\/cloud-onpremise.svg\" alt=\"\" class=\"wp-image-7156\" style=\"width:374px;height:auto\"\/><\/figure>\n\n\t\n\t<\/div>\n\t\n\n\t<div class=\"column-content \">\n\t\t\n\n<h2 class=\"wp-block-heading\">Board fait du mode de livraison une question de choix.<\/h2>\n\n\n\n<p>Sur site, en h\u00e9bergement ou via le cloud, les clients peuvent facilement impl\u00e9menter Board gr\u00e2ce \u00e0 sa fiabilit\u00e9, sa s\u00e9curit\u00e9 et sa performance. Avec Board vous pouvez choisir le mod\u00e8le le mieux adapt\u00e9 \u00e0 votre activit\u00e9 au moment du d\u00e9ploiement, avec la libert\u00e9 de changer de mod\u00e8le si et quand vos besoins \u00e9voluent.<\/p>\n\n\n\t<\/div>\n\n\n\t\t\t<\/div>\n\t\t<\/div>\n\t<\/section>\n\n\t<section id=\"block_72bb5227e78564e51cce33ffd009d21c-7\" class=\"block block--spc columns-block spacing-md footer-cta bg-violet-700\">\n\t\t\n\t\t\t<img loading=\"lazy\" decoding=\"async\" src=\"https:\/\/wwwstg.board.com\/wp-content\/uploads\/2024\/08\/pre-footersvg.svg\" class=\"shape-bg-image shape-bg-image-left\" alt=\"Background image shape - left\" height=\"510\" width=\"930\" aria-hidden=\"true\">\n\t\t\t<div class=\"overlay-gradient\"><\/div>\n\t\t<div class=\"container position-relative columns-70-30\">\n\t\t\t<div class=\"columns-block-row\">\n\t\t\t\t\t\t\t\t\n\t<div class=\"column-content \">\n\t\t\n\n<h2 class=\"wp-block-heading\">Voyons ce que Board peut faire pour vous.<\/h2>\n\n\n\n<p>D\u00e9couvrez la plateforme de planification d&rsquo;entreprise en action.<\/p>\n\n\n\t<\/div>\n\n\n\t<div class=\"column-content \">\n\t\t\n\t\t<a href=\"https:\/\/wwwstg.board.com\/fr\/demandez-demo\" class=\"btn-link btn-link--white\"  target=\"\"\t\t\t>\n\t\t\t<span>Parlez \u00e0 un expert<\/span>\n\t\t<\/a>\n\t\n\n\t<\/div>\n\n\n\t\t\t<\/div>\n\t\t<\/div>\n\t<\/section>\n\n\t","protected":false},"excerpt":{"rendered":"","protected":false},"author":3,"featured_media":0,"parent":0,"menu_order":0,"comment_status":"closed","ping_status":"closed","template":"","meta":{"_acf_changed":false,"_themeisle_gutenberg_block_has_review":false,"footnotes":""},"line_of_business":[4385],"page_score_tier":[],"class_list":["post-8679","page","type-page","status-publish","hentry","line_of_business-not-assigned-fr"],"acf":[],"yoast_head":"<!-- This site is optimized with the Yoast SEO plugin v27.4 - https:\/\/yoast.com\/product\/yoast-seo-wordpress\/ -->\n<title>Logiciel de BI (Business Intelligence) sur le Cloud<\/title>\n<meta name=\"description\" content=\"Port\u00e9e par son hebergement dans le Cloud, Board, la plateforme de planification d&#039;entreprise vous offre la puissance et la flexibilit\u00e9 n\u00e9cessaires pour \u00e9voluer au rythme de votre entreprise.\" \/>\n<meta name=\"robots\" content=\"noindex, follow, max-snippet:-1, max-image-preview:large, max-video-preview:-1\" \/>\n<meta property=\"og:locale\" content=\"fr_FR\" \/>\n<meta property=\"og:type\" content=\"article\" \/>\n<meta property=\"og:title\" content=\"Logiciel de BI (Business Intelligence) sur le Cloud\" \/>\n<meta property=\"og:description\" content=\"Port\u00e9e par son hebergement dans le Cloud, Board, la plateforme de planification d&#039;entreprise vous offre la puissance et la flexibilit\u00e9 n\u00e9cessaires pour \u00e9voluer au rythme de votre entreprise.\" \/>\n<meta property=\"og:url\" content=\"https:\/\/wwwstg.board.com\/fr\/cloud-ou-on-premise\" \/>\n<meta property=\"og:site_name\" content=\"Board\" \/>\n<meta property=\"article:publisher\" content=\"https:\/\/www.facebook.com\/BOARD.International\" \/>\n<meta property=\"article:modified_time\" content=\"2025-02-26T20:27:23+00:00\" \/>\n<meta property=\"og:image\" content=\"https:\/\/wwwstg.board.com\/wp-content\/uploads\/2024\/11\/1200x627_opengraph_cloud-or-premise.jpg\" \/>\n<meta name=\"twitter:card\" content=\"summary_large_image\" \/>\n<meta name=\"twitter:site\" content=\"@BOARDSoftware\" \/>\n<meta name=\"twitter:label1\" content=\"Dur\u00e9e de lecture estim\u00e9e\" \/>\n\t<meta name=\"twitter:data1\" content=\"2 minutes\" \/>\n<script type=\"application\/ld+json\" class=\"yoast-schema-graph\">{\"@context\":\"https:\\\/\\\/schema.org\",\"@graph\":[{\"@type\":\"WebPage\",\"@id\":\"https:\\\/\\\/wwwstg.board.com\\\/fr\\\/cloud-ou-on-premise\",\"url\":\"https:\\\/\\\/wwwstg.board.com\\\/fr\\\/cloud-ou-on-premise\",\"name\":\"Logiciel de BI (Business Intelligence) sur le Cloud\",\"isPartOf\":{\"@id\":\"https:\\\/\\\/wwwstg.board.com\\\/fr#website\"},\"primaryImageOfPage\":{\"@id\":\"https:\\\/\\\/wwwstg.board.com\\\/fr\\\/cloud-ou-on-premise#primaryimage\"},\"image\":{\"@id\":\"https:\\\/\\\/wwwstg.board.com\\\/fr\\\/cloud-ou-on-premise#primaryimage\"},\"thumbnailUrl\":\"https:\\\/\\\/wwwstg.board.com\\\/wp-content\\\/uploads\\\/2024\\\/11\\\/board-cloud-logo-rgb-1600x284.webp\",\"datePublished\":\"2024-10-18T09:59:13+00:00\",\"dateModified\":\"2025-02-26T20:27:23+00:00\",\"description\":\"Port\u00e9e par son hebergement dans le Cloud, Board, la plateforme de planification d'entreprise vous offre la puissance et la flexibilit\u00e9 n\u00e9cessaires pour \u00e9voluer au rythme de votre entreprise.\",\"breadcrumb\":{\"@id\":\"https:\\\/\\\/wwwstg.board.com\\\/fr\\\/cloud-ou-on-premise#breadcrumb\"},\"inLanguage\":\"fr-FR\",\"potentialAction\":[{\"@type\":\"ReadAction\",\"target\":[\"https:\\\/\\\/wwwstg.board.com\\\/fr\\\/cloud-ou-on-premise\"]}]},{\"@type\":\"ImageObject\",\"inLanguage\":\"fr-FR\",\"@id\":\"https:\\\/\\\/wwwstg.board.com\\\/fr\\\/cloud-ou-on-premise#primaryimage\",\"url\":\"https:\\\/\\\/wwwstg.board.com\\\/wp-content\\\/uploads\\\/2024\\\/11\\\/board-cloud-logo-rgb-1600x284.webp\",\"contentUrl\":\"https:\\\/\\\/wwwstg.board.com\\\/wp-content\\\/uploads\\\/2024\\\/11\\\/board-cloud-logo-rgb-1600x284.webp\"},{\"@type\":\"BreadcrumbList\",\"@id\":\"https:\\\/\\\/wwwstg.board.com\\\/fr\\\/cloud-ou-on-premise#breadcrumb\",\"itemListElement\":[{\"@type\":\"ListItem\",\"position\":1,\"name\":\"Home\",\"item\":\"https:\\\/\\\/wwwstg.board.com\\\/fr\"},{\"@type\":\"ListItem\",\"position\":2,\"name\":\"Cloud ou On Premise\"}]},{\"@type\":\"WebSite\",\"@id\":\"https:\\\/\\\/wwwstg.board.com\\\/fr#website\",\"url\":\"https:\\\/\\\/wwwstg.board.com\\\/fr\",\"name\":\"Board\",\"description\":\"The Enterprise Planning Platform\",\"publisher\":{\"@id\":\"https:\\\/\\\/wwwstg.board.com\\\/fr#organization\"},\"potentialAction\":[{\"@type\":\"SearchAction\",\"target\":{\"@type\":\"EntryPoint\",\"urlTemplate\":\"https:\\\/\\\/wwwstg.board.com\\\/fr?s={search_term_string}\"},\"query-input\":{\"@type\":\"PropertyValueSpecification\",\"valueRequired\":true,\"valueName\":\"search_term_string\"}}],\"inLanguage\":\"fr-FR\"},{\"@type\":\"Organization\",\"@id\":\"https:\\\/\\\/wwwstg.board.com\\\/fr#organization\",\"name\":\"Board\",\"url\":\"https:\\\/\\\/wwwstg.board.com\\\/fr\",\"logo\":{\"@type\":\"ImageObject\",\"inLanguage\":\"fr-FR\",\"@id\":\"https:\\\/\\\/wwwstg.board.com\\\/fr#\\\/schema\\\/logo\\\/image\\\/\",\"url\":\"https:\\\/\\\/wwwstg.board.com\\\/wp-content\\\/uploads\\\/2024\\\/08\\\/board-footer-logo-grey-0-1.png\",\"contentUrl\":\"https:\\\/\\\/wwwstg.board.com\\\/wp-content\\\/uploads\\\/2024\\\/08\\\/board-footer-logo-grey-0-1.png\",\"width\":297,\"height\":103,\"caption\":\"Board\"},\"image\":{\"@id\":\"https:\\\/\\\/wwwstg.board.com\\\/fr#\\\/schema\\\/logo\\\/image\\\/\"},\"sameAs\":[\"https:\\\/\\\/www.facebook.com\\\/BOARD.International\",\"https:\\\/\\\/x.com\\\/BOARDSoftware\",\"https:\\\/\\\/www.linkedin.com\\\/company\\\/board\\\/\",\"https:\\\/\\\/www.youtube.com\\\/user\\\/BOARDInternationalSA\",\"https:\\\/\\\/en.wikipedia.org\\\/wiki\\\/Board_International\"]}]}<\/script>\n<!-- \/ Yoast SEO plugin. -->","yoast_head_json":{"title":"Logiciel de BI (Business Intelligence) sur le Cloud","description":"Port\u00e9e par son hebergement dans le Cloud, Board, la plateforme de planification d'entreprise vous offre la puissance et la flexibilit\u00e9 n\u00e9cessaires pour \u00e9voluer au rythme de votre entreprise.","robots":{"index":"noindex","follow":"follow","max-snippet":"max-snippet:-1","max-image-preview":"max-image-preview:large","max-video-preview":"max-video-preview:-1"},"og_locale":"fr_FR","og_type":"article","og_title":"Logiciel de BI (Business Intelligence) sur le Cloud","og_description":"Port\u00e9e par son hebergement dans le Cloud, Board, la plateforme de planification d'entreprise vous offre la puissance et la flexibilit\u00e9 n\u00e9cessaires pour \u00e9voluer au rythme de votre entreprise.","og_url":"https:\/\/wwwstg.board.com\/fr\/cloud-ou-on-premise","og_site_name":"Board","article_publisher":"https:\/\/www.facebook.com\/BOARD.International","article_modified_time":"2025-02-26T20:27:23+00:00","og_image":[{"url":"https:\/\/wwwstg.board.com\/wp-content\/uploads\/2024\/11\/1200x627_opengraph_cloud-or-premise.jpg","type":"","width":"","height":""}],"twitter_card":"summary_large_image","twitter_site":"@BOARDSoftware","twitter_misc":{"Dur\u00e9e de lecture estim\u00e9e":"2 minutes"},"schema":{"@context":"https:\/\/schema.org","@graph":[{"@type":"WebPage","@id":"https:\/\/wwwstg.board.com\/fr\/cloud-ou-on-premise","url":"https:\/\/wwwstg.board.com\/fr\/cloud-ou-on-premise","name":"Logiciel de BI (Business Intelligence) sur le Cloud","isPartOf":{"@id":"https:\/\/wwwstg.board.com\/fr#website"},"primaryImageOfPage":{"@id":"https:\/\/wwwstg.board.com\/fr\/cloud-ou-on-premise#primaryimage"},"image":{"@id":"https:\/\/wwwstg.board.com\/fr\/cloud-ou-on-premise#primaryimage"},"thumbnailUrl":"https:\/\/wwwstg.board.com\/wp-content\/uploads\/2024\/11\/board-cloud-logo-rgb-1600x284.webp","datePublished":"2024-10-18T09:59:13+00:00","dateModified":"2025-02-26T20:27:23+00:00","description":"Port\u00e9e par son hebergement dans le Cloud, Board, la plateforme de planification d'entreprise vous offre la puissance et la flexibilit\u00e9 n\u00e9cessaires pour \u00e9voluer au rythme de votre entreprise.","breadcrumb":{"@id":"https:\/\/wwwstg.board.com\/fr\/cloud-ou-on-premise#breadcrumb"},"inLanguage":"fr-FR","potentialAction":[{"@type":"ReadAction","target":["https:\/\/wwwstg.board.com\/fr\/cloud-ou-on-premise"]}]},{"@type":"ImageObject","inLanguage":"fr-FR","@id":"https:\/\/wwwstg.board.com\/fr\/cloud-ou-on-premise#primaryimage","url":"https:\/\/wwwstg.board.com\/wp-content\/uploads\/2024\/11\/board-cloud-logo-rgb-1600x284.webp","contentUrl":"https:\/\/wwwstg.board.com\/wp-content\/uploads\/2024\/11\/board-cloud-logo-rgb-1600x284.webp"},{"@type":"BreadcrumbList","@id":"https:\/\/wwwstg.board.com\/fr\/cloud-ou-on-premise#breadcrumb","itemListElement":[{"@type":"ListItem","position":1,"name":"Home","item":"https:\/\/wwwstg.board.com\/fr"},{"@type":"ListItem","position":2,"name":"Cloud ou On Premise"}]},{"@type":"WebSite","@id":"https:\/\/wwwstg.board.com\/fr#website","url":"https:\/\/wwwstg.board.com\/fr","name":"Board","description":"The Enterprise Planning Platform","publisher":{"@id":"https:\/\/wwwstg.board.com\/fr#organization"},"potentialAction":[{"@type":"SearchAction","target":{"@type":"EntryPoint","urlTemplate":"https:\/\/wwwstg.board.com\/fr?s={search_term_string}"},"query-input":{"@type":"PropertyValueSpecification","valueRequired":true,"valueName":"search_term_string"}}],"inLanguage":"fr-FR"},{"@type":"Organization","@id":"https:\/\/wwwstg.board.com\/fr#organization","name":"Board","url":"https:\/\/wwwstg.board.com\/fr","logo":{"@type":"ImageObject","inLanguage":"fr-FR","@id":"https:\/\/wwwstg.board.com\/fr#\/schema\/logo\/image\/","url":"https:\/\/wwwstg.board.com\/wp-content\/uploads\/2024\/08\/board-footer-logo-grey-0-1.png","contentUrl":"https:\/\/wwwstg.board.com\/wp-content\/uploads\/2024\/08\/board-footer-logo-grey-0-1.png","width":297,"height":103,"caption":"Board"},"image":{"@id":"https:\/\/wwwstg.board.com\/fr#\/schema\/logo\/image\/"},"sameAs":["https:\/\/www.facebook.com\/BOARD.International","https:\/\/x.com\/BOARDSoftware","https:\/\/www.linkedin.com\/company\/board\/","https:\/\/www.youtube.com\/user\/BOARDInternationalSA","https:\/\/en.wikipedia.org\/wiki\/Board_International"]}]}},"_links":{"self":[{"href":"https:\/\/wwwstg.board.com\/fr\/wp-json\/wp\/v2\/pages\/8679","targetHints":{"allow":["GET"]}}],"collection":[{"href":"https:\/\/wwwstg.board.com\/fr\/wp-json\/wp\/v2\/pages"}],"about":[{"href":"https:\/\/wwwstg.board.com\/fr\/wp-json\/wp\/v2\/types\/page"}],"author":[{"embeddable":true,"href":"https:\/\/wwwstg.board.com\/fr\/wp-json\/wp\/v2\/users\/3"}],"replies":[{"embeddable":true,"href":"https:\/\/wwwstg.board.com\/fr\/wp-json\/wp\/v2\/comments?post=8679"}],"version-history":[{"count":0,"href":"https:\/\/wwwstg.board.com\/fr\/wp-json\/wp\/v2\/pages\/8679\/revisions"}],"wp:attachment":[{"href":"https:\/\/wwwstg.board.com\/fr\/wp-json\/wp\/v2\/media?parent=8679"}],"wp:term":[{"taxonomy":"line_of_business","embeddable":true,"href":"https:\/\/wwwstg.board.com\/fr\/wp-json\/wp\/v2\/line_of_business?post=8679"},{"taxonomy":"page_score_tier","embeddable":true,"href":"https:\/\/wwwstg.board.com\/fr\/wp-json\/wp\/v2\/page_score_tier?post=8679"}],"curies":[{"name":"wp","href":"https:\/\/api.w.org\/{rel}","templated":true}]}}