{"id":8526,"date":"2024-09-25T07:54:38","date_gmt":"2024-09-25T07:54:38","guid":{"rendered":"https:\/\/www.board.com\/demandez-une-demo\/"},"modified":"2026-03-31T09:57:21","modified_gmt":"2026-03-31T09:57:21","slug":"demandez-demo","status":"publish","type":"page","link":"https:\/\/wwwstg.board.com\/fr\/demandez-demo","title":{"rendered":"Demandez une d\u00e9mo"},"content":{"rendered":"\t<section id=\"block_4006618b69bf117fe84323d931c44c0d-\" class=\"block block--spc two-columns-block columns-block bg-web-gradient-light\">\n\t\t<div class=\"container position-relative\">\n\t\t\t<div class=\"columns-block-row\">\n\t\t\t\t\t\t\t\t\n\t<div id=\"block_72c68d1e2a7c89a715f6923be6f8b333\" class=\"column-content   text-start align-self-start\">\n\t\t\n\n<lottie-player trigger=\"none\" id=\"wp-block-themeisle-blocks-lottie-75781942\" src=\"https:\/\/cdn.lottielab.com\/l\/3WcyXJUfa9YjDS.json\" width=\"100%\" class=\"wp-block-themeisle-blocks-lottie\" autoplay=\"\" loop=\"\" count=\"0\" speed=\"1\" direction=\"1\" data-loop=\"false\" mode=\"normal\"><\/lottie-player>\n\n\n\n<h1 class=\"wp-block-heading has-visual-h-3-font-size\"><strong>Obtenez une d\u00e9monstration personnalis\u00e9e de Board<\/strong><\/h1>\n\n\n\t<ul class=\"list-unstyled list-with-ticks\">\n\t\t\n\t<li class=\"gradient\">\n\t\t\t\t\t<span class=\"ico icon-check\" aria-hidden=\"true\"><\/span>\n\t\t\t\t\n\n<p>Nous vous contacterons pour planifier un appel de d\u00e9couverte.<\/p>\n\n\n\t<\/li>\n\t\n\n\t<li class=\"gradient\">\n\t\t\t\t\t<span class=\"ico icon-check\" aria-hidden=\"true\"><\/span>\n\t\t\t\t\n\n<p>Nos experts r\u00e9pondront \u00e0 vos questions.<\/p>\n\n\n\t<\/li>\n\t\n\n\t<li class=\"gradient\">\n\t\t\t\t\t<span class=\"ico icon-check\" aria-hidden=\"true\"><\/span>\n\t\t\t\t\n\n<p>Et notre \u00e9quipe fera votre d\u00e9mo personnalis\u00e9e.<\/p>\n\n\n\t<\/li>\n\t\n\n\t<\/ul>\n\t\n\n\n<style type=\"text\/css\">\n    .logo-container {\n      display: flex;\n      flex-wrap: wrap;\n      justify-content: space-evenly;\n      padding-bottom: 0.25rem;\n    }\n    .logo-container .logo-item {\n      display: flex;\n      align-items: center;\n      justify-content: center;\n      height: 60px;\n      margin-left: 1rem;\n      margin-right: 1rem;\n      color: rgb(57, 68, 93);\n    }\n    .logo-container .logo-item .w-auto {\n      width: auto;\n    }\n    @media (min-width: 768px) {\n      .logo-container .logo-item {\n        margin-left: 0 !important;\n      }\n    }\n    @media (min-width: 768px) {\n      .logo-container .logo-item {\n        margin-right: 4.5rem !important;\n      }\n    }\n  <\/style>\n  <div class=\"logo-container\">\n    <div class=\"logo-item\">\n      <img decoding=\"async\" src=\"https:\/\/wwwstg.board.com\/sites\/default\/files\/newb15_hm_logo.svg\" class=\"w-auto\" style=\"height: 30px\" alt=\"Demandez une d\u00e9mo personnalis\u00e9e\"\/>\n    <\/div>\n    <div class=\"logo-item\">\n      <img decoding=\"async\" src=\"https:\/\/wwwstg.board.com\/sites\/default\/files\/newb15_basf_logo.svg\" class=\"w-auto\" style=\"height: 22px\" alt=\"Demandez une d\u00e9mo personnalis\u00e9e\"\/>\n    <\/div>\n    <div class=\"logo-item\">\n      <img decoding=\"async\" src=\"https:\/\/wwwstg.board.com\/sites\/default\/files\/newb15_burberry_logo.svg\" class=\"w-auto\" style=\"height: 22px\" alt=\"Demandez une d\u00e9mo personnalis\u00e9e\"\/>\n    <\/div>\n    <div class=\"col-12 h-0 d-md-none\"><\/div>\n    <div class=\"logo-item\">\n      <img decoding=\"async\" src=\"https:\/\/wwwstg.board.com\/sites\/default\/files\/m-s_logo_blu.svg\" class=\"w-auto\" style=\"height: 36px\" alt=\"Demandez une d\u00e9mo personnalis\u00e9e\"\/>\n    <\/div>\n    <div class=\"logo-item\">\n      <img decoding=\"async\" src=\"https:\/\/wwwstg.board.com\/wp-content\/uploads\/2025\/03\/logo-kraftheinz.svg\" class=\"w-auto\" style=\"height: 25px\" alt=\"Demandez une d\u00e9mo personnalis\u00e9e\"\/>\n    <\/div>\n    <div class=\"logo-item\">\n      <img decoding=\"async\" src=\"https:\/\/wwwstg.board.com\/sites\/default\/files\/newb15_hsbc_transparent.svg\" class=\"w-auto\" style=\"height: 30px\" alt=\"Demandez une d\u00e9mo personnalis\u00e9e\"\/>\n    <\/div>\n    <div class=\"col-12 h-0 d-md-none\"><\/div>\n    <div class=\"logo-item\">\n      <img decoding=\"async\" src=\"https:\/\/wwwstg.board.com\/sites\/default\/files\/s-oliver-final_grey.svg\" class=\"w-auto\" style=\"height: 18px\" alt=\"Demandez une d\u00e9mo personnalis\u00e9e\"\/>\n    <\/div>\n  <\/div>\n\n\n\n<style>\n    .logo-container {\n      display: flex;\n      justify-content: center; \/* Center the images *\/\n      gap: 2rem; \/* Space between logos *\/\n      padding-bottom: 0.25rem;\nmargin-top: 24px;\n    }\n  \n    .logo-item {\n      display: flex;\n      align-items: center;\n      justify-content: center;\n      height: 60px;\n    }\n  \n    .logo-item img {\n      width: auto;\n      max-height: 50px; \/* Adjust max height for consistency *\/\n    }\n  <\/style>\n  \n  <div class=\"logo-container\">\n    <div class=\"logo-item\">\n      <img decoding=\"async\" src=\"https:\/\/wwwstg.board.com\/wp-content\/uploads\/2025\/01\/g2_export.svg\" alt=\"G2 Logo\"\/>\n    <\/div>\n    <div class=\"logo-item\">\n      <img decoding=\"async\" src=\"https:\/\/wwwstg.board.com\/wp-content\/uploads\/2025\/01\/capterra_export.svg\" alt=\"Capterra Logo\"\/>\n    <\/div>\n    <div class=\"logo-item\">\n      <img decoding=\"async\" src=\"https:\/\/wwwstg.board.com\/wp-content\/uploads\/2025\/01\/gartner_peer_insights.svg\" alt=\"Gartner Logo\"\/>\n    <\/div>\n  <\/div>\n\n\n\t<\/div>\n\n\n\t<div id=\"block_72c68d1e2a7c89a715f6923be6f8b333\" class=\"column-content   text-start align-self-start\">\n\t\t\n\n\n<div style=\"position: relative; z-index: 0;\" class=\"_disable-form-enrichment wp-block-boardflow-marketo-board-marketo-form\">\n\n      <div class=\"form-wrapper\">\n    \n    <div class=\"form-renderer-wrapper\">\n\n      \n        \n        <div class=\"mktoForm\" data-init=\"marketo-form\" data-marketo=\"2829\" data-layout=\"__unsafe_split\" data-success-label=\"Merci pour votre requ\u00eate\" data-success-detail-label=\"Un membre de notre \u00e9quipe vous contactera dans les plus brefs d\u00e9lais.\" data-tracking-category=\"demo-request\" data-additional-params=\"formType:demo-request\" data-submit-loading-label=\"Just a moment...\" data-on-variant-reset-load=\"boardflow_marketo_form_on_variant_reset_load\" data-label-translations=\"{&quot;Email:&quot;:&quot;Email :&quot;}\" data-bottom-fields=\"privacywebform\">\n          <div class=\"mktoFormRow\">\n            <div class=\"mktoFieldDescriptor mktoFormCol\">\n\t<div class=\"mktoOffset\"><\/div>\n\t<div class=\"mktoFieldWrap\">\n\t\t<div class=\"mktoLabel mktoHasWidth\">\n\t\t\t&nbsp;\n\t\t<\/div>\n\t\t<div class=\"mktoGutter mktoHasWidth\"><\/div>\n\t\t<div class=\"mktoField placeholder-wave\">\n\t\t\t<div class=\"placeholder\">&nbsp;<\/div>\n\t\t<\/div>\n\t\t<span class=\"mktoInstruction\"><\/span>\n\t\t<div class=\"mktoClear\"><\/div>\n\t<\/div>\n\t<div class=\"mktoClear\"><\/div>\n<\/div>          <\/div>\n          <div class=\"mktoFormRow\">\n            <div class=\"mktoFieldDescriptor mktoFormCol\">\n\t<div class=\"mktoOffset\"><\/div>\n\t<div class=\"mktoFieldWrap\">\n\t\t<div class=\"mktoLabel mktoHasWidth\">\n\t\t\t&nbsp;\n\t\t<\/div>\n\t\t<div class=\"mktoGutter mktoHasWidth\"><\/div>\n\t\t<div class=\"mktoField placeholder-wave\">\n\t\t\t<div class=\"placeholder\">&nbsp;<\/div>\n\t\t<\/div>\n\t\t<span class=\"mktoInstruction\"><\/span>\n\t\t<div class=\"mktoClear\"><\/div>\n\t<\/div>\n\t<div class=\"mktoClear\"><\/div>\n<\/div>            <div class=\"mktoFieldDescriptor mktoFormCol\">\n\t<div class=\"mktoOffset\"><\/div>\n\t<div class=\"mktoFieldWrap\">\n\t\t<div class=\"mktoLabel mktoHasWidth\">\n\t\t\t&nbsp;\n\t\t<\/div>\n\t\t<div class=\"mktoGutter mktoHasWidth\"><\/div>\n\t\t<div class=\"mktoField placeholder-wave\">\n\t\t\t<div class=\"placeholder\">&nbsp;<\/div>\n\t\t<\/div>\n\t\t<span class=\"mktoInstruction\"><\/span>\n\t\t<div class=\"mktoClear\"><\/div>\n\t<\/div>\n\t<div class=\"mktoClear\"><\/div>\n<\/div>          <\/div>\n          <div class=\"mktoFormRow\">\n            <div class=\"mktoFieldDescriptor mktoFormCol\">\n\t<div class=\"mktoOffset\"><\/div>\n\t<div class=\"mktoFieldWrap\">\n\t\t<div class=\"mktoLabel mktoHasWidth\">\n\t\t\t&nbsp;\n\t\t<\/div>\n\t\t<div class=\"mktoGutter mktoHasWidth\"><\/div>\n\t\t<div class=\"mktoField placeholder-wave\">\n\t\t\t<div class=\"placeholder\">&nbsp;<\/div>\n\t\t<\/div>\n\t\t<span class=\"mktoInstruction\"><\/span>\n\t\t<div class=\"mktoClear\"><\/div>\n\t<\/div>\n\t<div class=\"mktoClear\"><\/div>\n<\/div>          <\/div>\n\n          <div class=\"mktoFormRow full-width mb-3\">\n            <div class=\"mktoFieldDescriptor mktoFormCol\">\n              <div class=\"mktoOffset\"><\/div>\n              <div class=\"mktoFieldWrap mktoRequiredField placeholder-wave\">\n                <span class=\"placeholder w-75\">&nbsp;<\/span>\n                <div class=\"mktoGutter mktoHasWidth\"><\/div>\n                <div class=\"mktoClear\"><\/div>\n              <\/div>\n              <div class=\"mktoClear\"><\/div>\n            <\/div>\n\n          <\/div>\n\n          <div class=\"mktoButtonRow\">\n            <span class=\"mktoButtonWrap mktoSimple placeholder-wave\">\n              <button disabled type=\"submit\" class=\"mktoButton placeholder rounded-pill bg-blue\">&nbsp;<\/button>\n            <\/span>\n          <\/div>\n        <\/div>\n\n          <\/div>\n\n        <\/div>\n  <\/div>\n\n\t<\/div>\n\n\n\t\t\t<\/div>\n\t\t<\/div>\n\t<\/section>\n\n\t","protected":false},"excerpt":{"rendered":"","protected":false},"author":3,"featured_media":0,"parent":0,"menu_order":0,"comment_status":"closed","ping_status":"closed","template":"","meta":{"_acf_changed":false,"_themeisle_gutenberg_block_has_review":false,"footnotes":""},"line_of_business":[4385],"page_score_tier":[5397],"class_list":["post-8526","page","type-page","status-publish","hentry","line_of_business-not-assigned-fr","page_score_tier-very-high"],"acf":[],"yoast_head":"<!-- This site is optimized with the Yoast SEO plugin v27.4 - https:\/\/yoast.com\/product\/yoast-seo-wordpress\/ -->\n<title>Board | Demandez une d\u00e9mo<\/title>\n<meta name=\"description\" content=\"Demandez une d\u00e9monstration personnalis\u00e9e de la plateforme de planification d&#039;entreprise et laissez nos sp\u00e9cialistes r\u00e9pondre \u00e0 vos questions.\" \/>\n<meta name=\"robots\" content=\"noindex, follow, max-snippet:-1, max-image-preview:large, max-video-preview:-1\" \/>\n<meta property=\"og:locale\" content=\"fr_FR\" \/>\n<meta property=\"og:type\" content=\"article\" \/>\n<meta property=\"og:title\" content=\"Board | Demandez une d\u00e9mo\" \/>\n<meta property=\"og:description\" content=\"Demandez une d\u00e9monstration personnalis\u00e9e de la plateforme de planification d&#039;entreprise et laissez nos sp\u00e9cialistes r\u00e9pondre \u00e0 vos questions.\" \/>\n<meta property=\"og:url\" content=\"https:\/\/wwwstg.board.com\/fr\/demandez-demo\" \/>\n<meta property=\"og:site_name\" content=\"Board\" \/>\n<meta property=\"article:publisher\" content=\"https:\/\/www.facebook.com\/BOARD.International\" \/>\n<meta property=\"article:modified_time\" content=\"2026-03-31T09:57:21+00:00\" \/>\n<meta property=\"og:image\" content=\"https:\/\/wwwstg.board.com\/wp-content\/uploads\/2025\/01\/1200x627_board_opengraph_request-a-demo-page.jpg\" \/>\n<meta name=\"twitter:card\" content=\"summary_large_image\" \/>\n<meta name=\"twitter:site\" content=\"@BOARDSoftware\" \/>\n<meta name=\"twitter:label1\" content=\"Dur\u00e9e de lecture estim\u00e9e\" \/>\n\t<meta name=\"twitter:data1\" content=\"3 minutes\" \/>\n<script type=\"application\/ld+json\" class=\"yoast-schema-graph\">{\"@context\":\"https:\\\/\\\/schema.org\",\"@graph\":[{\"@type\":\"WebPage\",\"@id\":\"https:\\\/\\\/wwwstg.board.com\\\/fr\\\/demandez-demo\",\"url\":\"https:\\\/\\\/wwwstg.board.com\\\/fr\\\/demandez-demo\",\"name\":\"Board | Demandez une d\u00e9mo\",\"isPartOf\":{\"@id\":\"https:\\\/\\\/wwwstg.board.com\\\/fr#website\"},\"primaryImageOfPage\":{\"@id\":\"https:\\\/\\\/wwwstg.board.com\\\/fr\\\/demandez-demo#primaryimage\"},\"image\":{\"@id\":\"https:\\\/\\\/wwwstg.board.com\\\/fr\\\/demandez-demo#primaryimage\"},\"thumbnailUrl\":\"https:\\\/\\\/wwwstg.board.com\\\/sites\\\/default\\\/files\\\/newb15_hm_logo.svg\",\"datePublished\":\"2024-09-25T07:54:38+00:00\",\"dateModified\":\"2026-03-31T09:57:21+00:00\",\"description\":\"Demandez une d\u00e9monstration personnalis\u00e9e de la plateforme de planification d'entreprise et laissez nos sp\u00e9cialistes r\u00e9pondre \u00e0 vos questions.\",\"breadcrumb\":{\"@id\":\"https:\\\/\\\/wwwstg.board.com\\\/fr\\\/demandez-demo#breadcrumb\"},\"inLanguage\":\"fr-FR\",\"potentialAction\":[{\"@type\":\"ReadAction\",\"target\":[\"https:\\\/\\\/wwwstg.board.com\\\/fr\\\/demandez-demo\"]}]},{\"@type\":\"ImageObject\",\"inLanguage\":\"fr-FR\",\"@id\":\"https:\\\/\\\/wwwstg.board.com\\\/fr\\\/demandez-demo#primaryimage\",\"url\":\"https:\\\/\\\/wwwstg.board.com\\\/sites\\\/default\\\/files\\\/newb15_hm_logo.svg\",\"contentUrl\":\"https:\\\/\\\/wwwstg.board.com\\\/sites\\\/default\\\/files\\\/newb15_hm_logo.svg\"},{\"@type\":\"BreadcrumbList\",\"@id\":\"https:\\\/\\\/wwwstg.board.com\\\/fr\\\/demandez-demo#breadcrumb\",\"itemListElement\":[{\"@type\":\"ListItem\",\"position\":1,\"name\":\"Home\",\"item\":\"https:\\\/\\\/wwwstg.board.com\\\/fr\"},{\"@type\":\"ListItem\",\"position\":2,\"name\":\"Demandez une d\u00e9mo\"}]},{\"@type\":\"WebSite\",\"@id\":\"https:\\\/\\\/wwwstg.board.com\\\/fr#website\",\"url\":\"https:\\\/\\\/wwwstg.board.com\\\/fr\",\"name\":\"Board\",\"description\":\"The Enterprise Planning Platform\",\"publisher\":{\"@id\":\"https:\\\/\\\/wwwstg.board.com\\\/fr#organization\"},\"potentialAction\":[{\"@type\":\"SearchAction\",\"target\":{\"@type\":\"EntryPoint\",\"urlTemplate\":\"https:\\\/\\\/wwwstg.board.com\\\/fr?s={search_term_string}\"},\"query-input\":{\"@type\":\"PropertyValueSpecification\",\"valueRequired\":true,\"valueName\":\"search_term_string\"}}],\"inLanguage\":\"fr-FR\"},{\"@type\":\"Organization\",\"@id\":\"https:\\\/\\\/wwwstg.board.com\\\/fr#organization\",\"name\":\"Board\",\"url\":\"https:\\\/\\\/wwwstg.board.com\\\/fr\",\"logo\":{\"@type\":\"ImageObject\",\"inLanguage\":\"fr-FR\",\"@id\":\"https:\\\/\\\/wwwstg.board.com\\\/fr#\\\/schema\\\/logo\\\/image\\\/\",\"url\":\"https:\\\/\\\/wwwstg.board.com\\\/wp-content\\\/uploads\\\/2024\\\/08\\\/board-footer-logo-grey-0-1.png\",\"contentUrl\":\"https:\\\/\\\/wwwstg.board.com\\\/wp-content\\\/uploads\\\/2024\\\/08\\\/board-footer-logo-grey-0-1.png\",\"width\":297,\"height\":103,\"caption\":\"Board\"},\"image\":{\"@id\":\"https:\\\/\\\/wwwstg.board.com\\\/fr#\\\/schema\\\/logo\\\/image\\\/\"},\"sameAs\":[\"https:\\\/\\\/www.facebook.com\\\/BOARD.International\",\"https:\\\/\\\/x.com\\\/BOARDSoftware\",\"https:\\\/\\\/www.linkedin.com\\\/company\\\/board\\\/\",\"https:\\\/\\\/www.youtube.com\\\/user\\\/BOARDInternationalSA\",\"https:\\\/\\\/en.wikipedia.org\\\/wiki\\\/Board_International\"]}]}<\/script>\n<!-- \/ Yoast SEO plugin. -->","yoast_head_json":{"title":"Board | Demandez une d\u00e9mo","description":"Demandez une d\u00e9monstration personnalis\u00e9e de la plateforme de planification d'entreprise et laissez nos sp\u00e9cialistes r\u00e9pondre \u00e0 vos questions.","robots":{"index":"noindex","follow":"follow","max-snippet":"max-snippet:-1","max-image-preview":"max-image-preview:large","max-video-preview":"max-video-preview:-1"},"og_locale":"fr_FR","og_type":"article","og_title":"Board | Demandez une d\u00e9mo","og_description":"Demandez une d\u00e9monstration personnalis\u00e9e de la plateforme de planification d'entreprise et laissez nos sp\u00e9cialistes r\u00e9pondre \u00e0 vos questions.","og_url":"https:\/\/wwwstg.board.com\/fr\/demandez-demo","og_site_name":"Board","article_publisher":"https:\/\/www.facebook.com\/BOARD.International","article_modified_time":"2026-03-31T09:57:21+00:00","og_image":[{"url":"https:\/\/wwwstg.board.com\/wp-content\/uploads\/2025\/01\/1200x627_board_opengraph_request-a-demo-page.jpg","type":"","width":"","height":""}],"twitter_card":"summary_large_image","twitter_site":"@BOARDSoftware","twitter_misc":{"Dur\u00e9e de lecture estim\u00e9e":"3 minutes"},"schema":{"@context":"https:\/\/schema.org","@graph":[{"@type":"WebPage","@id":"https:\/\/wwwstg.board.com\/fr\/demandez-demo","url":"https:\/\/wwwstg.board.com\/fr\/demandez-demo","name":"Board | Demandez une d\u00e9mo","isPartOf":{"@id":"https:\/\/wwwstg.board.com\/fr#website"},"primaryImageOfPage":{"@id":"https:\/\/wwwstg.board.com\/fr\/demandez-demo#primaryimage"},"image":{"@id":"https:\/\/wwwstg.board.com\/fr\/demandez-demo#primaryimage"},"thumbnailUrl":"https:\/\/wwwstg.board.com\/sites\/default\/files\/newb15_hm_logo.svg","datePublished":"2024-09-25T07:54:38+00:00","dateModified":"2026-03-31T09:57:21+00:00","description":"Demandez une d\u00e9monstration personnalis\u00e9e de la plateforme de planification d'entreprise et laissez nos sp\u00e9cialistes r\u00e9pondre \u00e0 vos questions.","breadcrumb":{"@id":"https:\/\/wwwstg.board.com\/fr\/demandez-demo#breadcrumb"},"inLanguage":"fr-FR","potentialAction":[{"@type":"ReadAction","target":["https:\/\/wwwstg.board.com\/fr\/demandez-demo"]}]},{"@type":"ImageObject","inLanguage":"fr-FR","@id":"https:\/\/wwwstg.board.com\/fr\/demandez-demo#primaryimage","url":"https:\/\/wwwstg.board.com\/sites\/default\/files\/newb15_hm_logo.svg","contentUrl":"https:\/\/wwwstg.board.com\/sites\/default\/files\/newb15_hm_logo.svg"},{"@type":"BreadcrumbList","@id":"https:\/\/wwwstg.board.com\/fr\/demandez-demo#breadcrumb","itemListElement":[{"@type":"ListItem","position":1,"name":"Home","item":"https:\/\/wwwstg.board.com\/fr"},{"@type":"ListItem","position":2,"name":"Demandez une d\u00e9mo"}]},{"@type":"WebSite","@id":"https:\/\/wwwstg.board.com\/fr#website","url":"https:\/\/wwwstg.board.com\/fr","name":"Board","description":"The Enterprise Planning Platform","publisher":{"@id":"https:\/\/wwwstg.board.com\/fr#organization"},"potentialAction":[{"@type":"SearchAction","target":{"@type":"EntryPoint","urlTemplate":"https:\/\/wwwstg.board.com\/fr?s={search_term_string}"},"query-input":{"@type":"PropertyValueSpecification","valueRequired":true,"valueName":"search_term_string"}}],"inLanguage":"fr-FR"},{"@type":"Organization","@id":"https:\/\/wwwstg.board.com\/fr#organization","name":"Board","url":"https:\/\/wwwstg.board.com\/fr","logo":{"@type":"ImageObject","inLanguage":"fr-FR","@id":"https:\/\/wwwstg.board.com\/fr#\/schema\/logo\/image\/","url":"https:\/\/wwwstg.board.com\/wp-content\/uploads\/2024\/08\/board-footer-logo-grey-0-1.png","contentUrl":"https:\/\/wwwstg.board.com\/wp-content\/uploads\/2024\/08\/board-footer-logo-grey-0-1.png","width":297,"height":103,"caption":"Board"},"image":{"@id":"https:\/\/wwwstg.board.com\/fr#\/schema\/logo\/image\/"},"sameAs":["https:\/\/www.facebook.com\/BOARD.International","https:\/\/x.com\/BOARDSoftware","https:\/\/www.linkedin.com\/company\/board\/","https:\/\/www.youtube.com\/user\/BOARDInternationalSA","https:\/\/en.wikipedia.org\/wiki\/Board_International"]}]}},"_links":{"self":[{"href":"https:\/\/wwwstg.board.com\/fr\/wp-json\/wp\/v2\/pages\/8526","targetHints":{"allow":["GET"]}}],"collection":[{"href":"https:\/\/wwwstg.board.com\/fr\/wp-json\/wp\/v2\/pages"}],"about":[{"href":"https:\/\/wwwstg.board.com\/fr\/wp-json\/wp\/v2\/types\/page"}],"author":[{"embeddable":true,"href":"https:\/\/wwwstg.board.com\/fr\/wp-json\/wp\/v2\/users\/3"}],"replies":[{"embeddable":true,"href":"https:\/\/wwwstg.board.com\/fr\/wp-json\/wp\/v2\/comments?post=8526"}],"version-history":[{"count":0,"href":"https:\/\/wwwstg.board.com\/fr\/wp-json\/wp\/v2\/pages\/8526\/revisions"}],"wp:attachment":[{"href":"https:\/\/wwwstg.board.com\/fr\/wp-json\/wp\/v2\/media?parent=8526"}],"wp:term":[{"taxonomy":"line_of_business","embeddable":true,"href":"https:\/\/wwwstg.board.com\/fr\/wp-json\/wp\/v2\/line_of_business?post=8526"},{"taxonomy":"page_score_tier","embeddable":true,"href":"https:\/\/wwwstg.board.com\/fr\/wp-json\/wp\/v2\/page_score_tier?post=8526"}],"curies":[{"name":"wp","href":"https:\/\/api.w.org\/{rel}","templated":true}]}}