{"id":7775,"date":"2024-10-18T05:41:26","date_gmt":"2024-10-18T05:41:26","guid":{"rendered":"https:\/\/www.board.com\/localisation-des-sites\/"},"modified":"2025-08-18T15:38:18","modified_gmt":"2025-08-18T15:38:18","slug":"bureaux","status":"publish","type":"page","link":"https:\/\/wwwstg.board.com\/fr\/bureaux","title":{"rendered":"Localisation des sites"},"content":{"rendered":"\t<section id=\"block_83294c8ee5c971a5d6abd1552600e969-\" class=\"block block--spc columns-block block-hero-grad grid grid--2 bg-primary-gradient-01\">\n\t\t<div class=\"container\">\n\t\t\t<div class=\"columns-block-row\">\n\t\t\t\t\n\t<div class=\"column-content d-flex align-items-center\">\n\t\t<div class=\"hero-grad-left\">\n\t\t\t<div class=\"hero-grad-copy\">\n\t\t\t\t\t\t\t\t\n\n<p><strong>Localisation des sites<\/strong><\/p>\n\n\n\n<h1 class=\"wp-block-heading\">Vous cherchez un bureau de l&rsquo;Office ?<\/h1>\n\n\n\n<p class=\"has-visual-h-6-font-size\">Nous sommes pr\u00e9sents dans le monde entier. Vous trouverez ci-dessous le bureau du Conseil le plus proche de chez vous. <\/p>\n\n\n\n\t\t\t\t\n\t\t\t\t\t\t\t<\/div>\n\t\t<\/div>\n\t<\/div>\n\n\n\t\t<div class=\"column-content text-start align-self-start\">\n\t\t\t<div class=\"hero-grad-right\">\n\t\t\t\t\t\t\t\t\t<img decoding=\"async\" src=\"https:\/\/wwwstg.board.com\/wp-content\/uploads\/2024\/10\/world-location-map-768x392.webp\" alt=\"\" \/>\n\t\t\t\t\t\t\t<\/div>\n\t\t<\/div>\n\t\n\n\t\t\t<\/div>\n\t\t<\/div>\n\t<\/section>\n\t<section id=\"block_a22e8153c7289783b081da5980f08107-1\" class=\"block block--spc columns-block pb-0 bg-shade-50 \">\n\t\t<div class=\"container position-relative\">\n\t\t\t<div class=\"columns-block-row\">\n\t\t\t\t\t\t\t\t\n\t<div id=\"block_20f83c6f8dcebdf85b51058b58d5b827\" class=\"column-content   text-start align-self-start\">\n\t\t\n\n<h2 class=\"wp-block-heading has-visual-h-3-font-size\">Si\u00e8ge<\/h2>\n\n\n\t<\/div>\n\n\n\t\t\t<\/div>\n\t\t<\/div>\n\t<\/section>\n\n\t\t\t<section id=\"block_5645ec89938b01716c48f5ed7c3c3416-2\" class=\"block block--spc columns-block grid grid--3 columns spacing-md bg-shade-50\">\n\t\t\t<div class=\"container position-relative\">\n\t\t\t\t<div class=\"columns-block-row\">\n\t\t\t\t\t\t\t\t\t\t\n\t<article class=\"card card--location\">\n\t\t<div class=\"card-body\">\n\t\t\t\t\t\t\t\t\t<p class=\"card-title\">\u00c9TATS-UNIS<\/p>\n\t\t\t\t\t\t\t\t\t\t<p class=\"card-country\">Board Americas, INC.<\/p>\n\t\t\t\t\t\t\t\t\t\t<p class=\"card-address\">888 Boylston St. Suite 600 Boston MA 02199<\/p>\n\t\t\t\t\t\t\t\t<p>\n\t\t\tT\u00e9l\u00e9phone: <a href=\"tel:+1617203-2173\">+1 617 203-2173<\/a>\n\t\t<\/p>\n\t\t\t\t\t\t\t\t\t\t<\/div>\t\n\t<\/article>\n\t\n\n\t<article class=\"card card--location\">\n\t\t<div class=\"card-body\">\n\t\t\t\t\t\t\t\t\t<p class=\"card-title\">Suisse<\/p>\n\t\t\t\t\t\t\t\t\t\t<p class=\"card-country\">Board International SA<\/p>\n\t\t\t\t\t\t\t\t\t\t<p class=\"card-address\">Via Maestri Comacini, 4 &#8211; 6830 Chiasso<\/p>\n\t\t\t\t\t\t\t\t<p>\n\t\t\tT\u00e9l\u00e9phone: <a href=\"tel:+41916975410\">+41 91 697 54 10<\/a>\n\t\t<\/p>\n\t\t\t\t\t\t\t\t\t\t<\/div>\t\n\t<\/article>\n\t\n\n\t\t\t\t<\/div>\n\t\t\t<\/div>\n\t\t<\/section>\n\t\t<section id=\"block_12444e2b0b04ab2d01625950cc9f1bed-3\" class=\"block block--spc columns-block pb-0 \">\n\t\t<div class=\"container position-relative\">\n\t\t\t<div class=\"columns-block-row\">\n\t\t\t\t\t\t\t\t\n\t<div id=\"block_20f83c6f8dcebdf85b51058b58d5b827\" class=\"column-content   text-start align-self-start\">\n\t\t\n\n<h2 class=\"wp-block-heading has-visual-h-3-font-size\"><strong>L&rsquo;Europe<\/strong><\/h2>\n\n\n\t<\/div>\n\n\n\t\t\t<\/div>\n\t\t<\/div>\n\t<\/section>\n\n\t\t\t<section id=\"block_94d95a823996e1f946de1ce14d6dca7b-4\" class=\"block block--spc columns-block grid grid--3 columns spacing-md\">\n\t\t\t<div class=\"container position-relative\">\n\t\t\t\t<div class=\"columns-block-row\">\n\t\t\t\t\t\t\t\t\t\t\n\t<article class=\"card card--location\">\n\t\t<div class=\"card-body\">\n\t\t\t\t\t\t\t\t\t<p class=\"card-title\">ITALIE<\/p>\n\t\t\t\t\t\t\t\t\t\t<p class=\"card-country\">Board Italia<\/p>\n\t\t\t\t\t\t\t\t\t\t<p class=\"card-address\">Via Caduti di Marcinelle, 5 20134 Milan<\/p>\n\t\t\t\t\t\t\t\t<p>\n\t\t\tT\u00e9l\u00e9phone: <a href=\"tel:+39022108071\">+39 022108071<\/a>\n\t\t<\/p>\n\t\t\t\t\t\t\t\t\t<p class=\"card-fax\">Fax: 390221098550<\/p>\n\t\t\t\t\t\t\t\t<\/div>\t\n\t<\/article>\n\t\n\n\t<article class=\"card card--location\">\n\t\t<div class=\"card-body\">\n\t\t\t\t\t\t\t\t\t<p class=\"card-title\">ITALIE<\/p>\n\t\t\t\t\t\t\t\t\t\t<p class=\"card-country\">Board Italia<\/p>\n\t\t\t\t\t\t\t\t\t\t<p class=\"card-address\">Centre d&rsquo;affaires Parco de Medici Via Castello della Magliana, 3800148 Roma<\/p>\n\t\t\t\t\t\t\t\t<p>\n\t\t\tT\u00e9l\u00e9phone: <a href=\"tel:+390665970268\">+39 06 65 97 02 68<\/a>\n\t\t<\/p>\n\t\t\t\t\t\t\t\t\t\t<\/div>\t\n\t<\/article>\n\t\n\n\t<article class=\"card card--location\">\n\t\t<div class=\"card-body\">\n\t\t\t\t\t\t\t\t\t<p class=\"card-title\">FRANCE<\/p>\n\t\t\t\t\t\t\t\t\t\t<p class=\"card-country\">Board France<\/p>\n\t\t\t\t\t\t\t\t\t\t<p class=\"card-address\">2-4 rue Paul C\u00e9zanne 75008 Paris<\/p>\n\t\t\t\t\t\t\t\t<p>\n\t\t\tT\u00e9l\u00e9phone: <a href=\"tel:+33143873736\">+33 143873736<\/a>\n\t\t<\/p>\n\t\t\t\t\t\t\t\t\t\t<\/div>\t\n\t<\/article>\n\t\n\n\t<article class=\"card card--location\">\n\t\t<div class=\"card-body\">\n\t\t\t\t\t\t\t\t\t<p class=\"card-title\">ALLEMAGNE ET AUTRICHE<\/p>\n\t\t\t\t\t\t\t\t\t\t<p class=\"card-country\">Board Deutschland GmbH<\/p>\n\t\t\t\t\t\t\t\t\t\t<p class=\"card-address\">Hanauer Landstr. 176,<br \/>\r\n60314 Frankfurt am Main <\/p>\n\t\t\t\t\t\t\t\t<p>\n\t\t\tT\u00e9l\u00e9phone: <a href=\"tel:+49696051015-00\">+49 69 6051015-00<\/a>\n\t\t<\/p>\n\t\t\t\t\t\t\t\t\t\t<\/div>\t\n\t<\/article>\n\t\n\n\t<article class=\"card card--location\">\n\t\t<div class=\"card-body\">\n\t\t\t\t\t\t\t\t\t<p class=\"card-title\">ROYAUME-UNI ET IRLANDE<\/p>\n\t\t\t\t\t\t\t\t\t\t<p class=\"card-country\">Board MIT Ltd.<\/p>\n\t\t\t\t\t\t\t\t\t\t<p class=\"card-address\">LDN:W, 8e \u00e9tage, 3 Noble Street, Londres EC2V 7EE<\/p>\n\t\t\t\t\t\t\t\t<p>\n\t\t\tT\u00e9l\u00e9phone: <a href=\"tel:+442037272222\">+44 203 727 2222<\/a>\n\t\t<\/p>\n\t\t\t\t\t\t\t\t\t\t<\/div>\t\n\t<\/article>\n\t\n\n\t<article class=\"card card--location\">\n\t\t<div class=\"card-body\">\n\t\t\t\t\t\t\t\t\t<p class=\"card-title\">ESPAGNE ET PORTUGAL<\/p>\n\t\t\t\t\t\t\t\t\t\t<p class=\"card-country\">Board Ib\u00e9rica<\/p>\n\t\t\t\t\t\t\t\t\t\t<p class=\"card-address\">Calle De M\u00e9ndez \u00c1lvaro, 20<br \/>\r\n28045, Madrid<\/p>\n\t\t\t\t\t\t\t\t<p>\n\t\t\tT\u00e9l\u00e9phone: <a href=\"tel:+34919053222\">+34 91 9053222<\/a>\n\t\t<\/p>\n\t\t\t\t\t\t\t\t\t\t<\/div>\t\n\t<\/article>\n\t\n\n\t<article class=\"card card--location\">\n\t\t<div class=\"card-body\">\n\t\t\t\t\t\t\t\t\t<p class=\"card-title\">PAYS-BAS<\/p>\n\t\t\t\t\t\t\t\t\t\t<p class=\"card-country\">Board Netherlands<\/p>\n\t\t\t\t\t\t\t\t\t\t<p class=\"card-address\">De Entree 232 &#8211; 4e \u00e9tage, 1101 EE Amsterdam<\/p>\n\t\t\t\t\t\t\t\t<p>\n\t\t\tT\u00e9l\u00e9phone: <a href=\"tel:+31202295672\">+31 20 2295672<\/a>\n\t\t<\/p>\n\t\t\t\t\t\t\t\t\t\t<\/div>\t\n\t<\/article>\n\t\n\n\t<article class=\"card card--location\">\n\t\t<div class=\"card-body\">\n\t\t\t\t\t\t\t\t\t<p class=\"card-title\">BELGIQUE<\/p>\n\t\t\t\t\t\t\t\t\t\t<p class=\"card-country\">Board Belgium<\/p>\n\t\t\t\t\t\t\t\t\t\t<p class=\"card-address\">Unit\u00e9 2.29<br \/>\r\nLes op\u00e9rateurs de bureau<br \/>\r\nLeonardo Da Vincilaan 9<br \/>\r\nB-1930 Zaventem<\/p>\n\t\t\t\t\t\t\t\t<p>\n\t\t\tT\u00e9l\u00e9phone: <a href=\"tel:+3228930273\">+32 2 893 02 73<\/a>\n\t\t<\/p>\n\t\t\t\t\t\t\t\t\t\t<\/div>\t\n\t<\/article>\n\t\n\n\t<article class=\"card card--location\">\n\t\t<div class=\"card-body\">\n\t\t\t\t\t\t\t\t\t<p class=\"card-title\">SU\u00c8DE<\/p>\n\t\t\t\t\t\t\t\t\t\t<p class=\"card-country\">Board Nordics<\/p>\n\t\t\t\t\t\t\t\t\t\t<p class=\"card-address\">V\u00e4stra Tr\u00e4dg\u00e5rdsgatan 15<br \/>\r\n111 53 Stockholm<\/p>\n\t\t\t\t\t\t\t\t<p>\n\t\t\tT\u00e9l\u00e9phone: <a href=\"tel:+468919790\">+46 8 91 97 90<\/a>\n\t\t<\/p>\n\t\t\t\t\t\t\t\t\t\t<\/div>\t\n\t<\/article>\n\t\n\n\t<article class=\"card card--location\">\n\t\t<div class=\"card-body\">\n\t\t\t\t\t\t\t\t\t<p class=\"card-title\">SUISSE (DE)<\/p>\n\t\t\t\t\t\t\t\t\t\t<p class=\"card-country\">Board Switzerland<\/p>\n\t\t\t\t\t\t\t\t\t\t<p class=\"card-address\">Wright-Strasse 9<br \/>\r\n8152 Opfikon<\/p>\n\t\t\t\t\t\t\t\t<p>\n\t\t\tT\u00e9l\u00e9phone: <a href=\"tel:+41433212322\">+41 43 321 23 22<\/a>\n\t\t<\/p>\n\t\t\t\t\t\t\t\t\t\t<\/div>\t\n\t<\/article>\n\t\n\n\t<article class=\"card card--location\">\n\t\t<div class=\"card-body\">\n\t\t\t\t\t\t\t\t\t<p class=\"card-title\">SUISSE (FR)<\/p>\n\t\t\t\t\t\t\t\t\t\t<p class=\"card-country\">Board Switzerland<\/p>\n\t\t\t\t\t\t\t\t\t\t<p class=\"card-address\">Route de Meyrin 123<br \/>\r\n1219 &#8211; Vernier<\/p>\n\t\t\t\t\t\t\t\t<p>\n\t\t\tT\u00e9l\u00e9phone: <a href=\"tel:+41433212322\">+41 43 321 23 22<\/a>\n\t\t<\/p>\n\t\t\t\t\t\t\t\t\t\t<\/div>\t\n\t<\/article>\n\t\n\n\t\t\t\t<\/div>\n\t\t\t<\/div>\n\t\t<\/section>\n\t\t<section id=\"block_a22e8153c7289783b081da5980f08107-5\" class=\"block block--spc columns-block pb-0 bg-shade-50 \">\n\t\t<div class=\"container position-relative\">\n\t\t\t<div class=\"columns-block-row\">\n\t\t\t\t\t\t\t\t\n\t<div id=\"block_20f83c6f8dcebdf85b51058b58d5b827\" class=\"column-content   text-start align-self-start\">\n\t\t\n\n<h2 class=\"wp-block-heading has-visual-h-3-font-size\"><strong>Am\u00e9riques<\/strong><\/h2>\n\n\n\t<\/div>\n\n\n\t\t\t<\/div>\n\t\t<\/div>\n\t<\/section>\n\n\t\t\t<section id=\"block_5645ec89938b01716c48f5ed7c3c3416-6\" class=\"block block--spc columns-block grid grid--3 columns spacing-md bg-shade-50\">\n\t\t\t<div class=\"container position-relative\">\n\t\t\t\t<div class=\"columns-block-row\">\n\t\t\t\t\t\t\t\t\t\t\n\t<article class=\"card card--location\">\n\t\t<div class=\"card-body\">\n\t\t\t\t\t\t\t\t\t<p class=\"card-title\">CANADA<\/p>\n\t\t\t\t\t\t\t\t\t\t<p class=\"card-country\">Board Canada<\/p>\n\t\t\t\t\t\t\t\t\t\t<p class=\"card-address\">Waterpark Place 88 Queens Quay West Suite 2500 Toronto, Ontario, M5J 0B8<\/p>\n\t\t\t\t\t\t\t\t<p>\n\t\t\tT\u00e9l\u00e9phone: <a href=\"tel:+1647-256-5128\">+1 647-256-5128<\/a>\n\t\t<\/p>\n\t\t\t\t\t\t\t\t\t\t<\/div>\t\n\t<\/article>\n\t\n\n\t\t\t\t<\/div>\n\t\t\t<\/div>\n\t\t<\/section>\n\t\t<section id=\"block_12444e2b0b04ab2d01625950cc9f1bed-7\" class=\"block block--spc columns-block pb-0 \">\n\t\t<div class=\"container position-relative\">\n\t\t\t<div class=\"columns-block-row\">\n\t\t\t\t\t\t\t\t\n\t<div id=\"block_20f83c6f8dcebdf85b51058b58d5b827\" class=\"column-content   text-start align-self-start\">\n\t\t\n\n<h2 class=\"wp-block-heading has-visual-h-3-font-size\">Asie<\/h2>\n\n\n\t<\/div>\n\n\n\t\t\t<\/div>\n\t\t<\/div>\n\t<\/section>\n\n\t\t\t<section id=\"block_94d95a823996e1f946de1ce14d6dca7b-8\" class=\"block block--spc columns-block grid grid--3 columns spacing-md\">\n\t\t\t<div class=\"container position-relative\">\n\t\t\t\t<div class=\"columns-block-row\">\n\t\t\t\t\t\t\t\t\t\t\n\t<article class=\"card card--location\">\n\t\t<div class=\"card-body\">\n\t\t\t\t\t\t\t\t\t<p class=\"card-title\">CHINE<\/p>\n\t\t\t\t\t\t\t\t\t\t<p class=\"card-country\">Board Hong Kong<\/p>\n\t\t\t\t\t\t\t\t\t\t<p class=\"card-address\">16th Floor, Wing On Centre<br \/>\r\n111 Connaught Road Central, Hong Kong<br \/>\r\n\u9999\u6e2f \u5e72\u8bfa\u9053\u4e2d111\u53f7\u6c38\u5b89\u4e2d\u5fc316\u697c<\/p>\n\t\t\t\t\t\t\t\t<p>\n\t\t\tT\u00e9l\u00e9phone: <a href=\"tel:+85222188553\">+852 2218 8553<\/a>\n\t\t<\/p>\n\t\t\t\t\t\t\t\t\t\t<\/div>\t\n\t<\/article>\n\t\n\n\t<article class=\"card card--location\">\n\t\t<div class=\"card-body\">\n\t\t\t\t\t\t\t\t\t<p class=\"card-title\">INDE<\/p>\n\t\t\t\t\t\t\t\t\t\t<p class=\"card-country\">Board Software (India) Pvt Ltd<\/p>\n\t\t\t\t\t\t\t\t\t\t<p class=\"card-address\">The Business Quarter Studio 520,<br \/>\r\n5th Floor, North Annex Tower 2A,<br \/>\r\nOne World Centre, Senapati Bapat Marg, Lower Parel<br \/>\r\nMumbai &#8211; 400 013<\/p>\n\t\t\t\t\t\t\t\t<p>\n\t\t\tT\u00e9l\u00e9phone: <a href=\"tel:+91-22-69826937\">+91-22-69826937<\/a>\n\t\t<\/p>\n\t\t\t\t\t\t\t\t\t\t<\/div>\t\n\t<\/article>\n\t\n\n\t<article class=\"card card--location\">\n\t\t<div class=\"card-body\">\n\t\t\t\t\t\t\t\t\t<p class=\"card-title\">JAPON<\/p>\n\t\t\t\t\t\t\t\t\t\t<p class=\"card-country\">Board Japan Inc.<\/p>\n\t\t\t\t\t\t\t\t\t\t<p class=\"card-address\">9F Marunouchi Kitaguchi Bldg.<br \/>\r\n1-6-5 Marunouchi, Chiyoda-ku<br \/>\r\nTokyo 100-0005<\/p>\n\t\t\t\t\t\t\t\t<p>\n\t\t\tT\u00e9l\u00e9phone: <a href=\"tel:+81364782070\">+81 3 6478 2070<\/a>\n\t\t<\/p>\n\t\t\t\t\t\t\t\t\t\t<\/div>\t\n\t<\/article>\n\t\n\n\t<article class=\"card card--location\">\n\t\t<div class=\"card-body\">\n\t\t\t\t\t\t\t\t\t<p class=\"card-title\">MOYEN-ORIENT<\/p>\n\t\t\t\t\t\t\t\t\t\t<p class=\"card-country\">Board Middle East<\/p>\n\t\t\t\t\t\t\t\t\t\t<p class=\"card-address\">Level 29, Marina Plaza<br \/>\r\nDubai Marina, Dubai, UAE<br \/>\r\nP.O Box 112229<\/p>\n\t\t\t\t\t\t\t\t<p>\n\t\t\tT\u00e9l\u00e9phone: <a href=\"tel:+97145595651\">+971 4 559 5651<\/a>\n\t\t<\/p>\n\t\t\t\t\t\t\t\t\t\t<\/div>\t\n\t<\/article>\n\t\n\n\t<article class=\"card card--location\">\n\t\t<div class=\"card-body\">\n\t\t\t\t\t\t\t\t\t<p class=\"card-title\">SINGAPOUR<\/p>\n\t\t\t\t\t\t\t\t\t\t<p class=\"card-country\">Board Asia Pacific<\/p>\n\t\t\t\t\t\t\t\t\t\t<p class=\"card-address\">1 Paya Lebar Link<br \/>\r\nPaya Lebar Quarter 1<br \/>\r\n#04-01<br \/>\r\nSingapore 408533<\/p>\n\t\t\t\t\t\t\t\t<p>\n\t\t\tT\u00e9l\u00e9phone: <a href=\"tel:+6569558322\">+65 6955 8322<\/a>\n\t\t<\/p>\n\t\t\t\t\t\t\t\t\t\t<\/div>\t\n\t<\/article>\n\t\n\n\t\t\t\t<\/div>\n\t\t\t<\/div>\n\t\t<\/section>\n\t\t<section id=\"block_a22e8153c7289783b081da5980f08107-9\" class=\"block block--spc columns-block pb-0 bg-shade-50 \">\n\t\t<div class=\"container position-relative\">\n\t\t\t<div class=\"columns-block-row\">\n\t\t\t\t\t\t\t\t\n\t<div id=\"block_20f83c6f8dcebdf85b51058b58d5b827\" class=\"column-content   text-start align-self-start\">\n\t\t\n\n<h2 class=\"wp-block-heading has-visual-h-3-font-size\"><strong>Oc\u00e9anie<\/strong><\/h2>\n\n\n\t<\/div>\n\n\n\t\t\t<\/div>\n\t\t<\/div>\n\t<\/section>\n\n\t\t\t<section id=\"block_5645ec89938b01716c48f5ed7c3c3416-10\" class=\"block block--spc columns-block grid grid--3 columns spacing-md bg-shade-50\">\n\t\t\t<div class=\"container position-relative\">\n\t\t\t\t<div class=\"columns-block-row\">\n\t\t\t\t\t\t\t\t\t\t\n\t<article class=\"card card--location\">\n\t\t<div class=\"card-body\">\n\t\t\t\t\t\t\t\t\t<p class=\"card-title\">SYDNEY<\/p>\n\t\t\t\t\t\t\t\t\t\t<p class=\"card-country\">Board Australia<\/p>\n\t\t\t\t\t\t\t\t\t\t<p class=\"card-address\">Suite 22.03, Level 22,<br \/>\r\n111 Pacific Highway,<br \/>\r\nNorth Sydney, NSW 2060<\/p>\n\t\t\t\t\t\t\t\t<p>\n\t\t\tT\u00e9l\u00e9phone: <a href=\"tel:+61(0)289049777\">+61 (0) 2 8904 9777<\/a>\n\t\t<\/p>\n\t\t\t\t\t\t\t\t\t\t<\/div>\t\n\t<\/article>\n\t\n\n\t<article class=\"card card--location\">\n\t\t<div class=\"card-body\">\n\t\t\t\t\t\t\t\t\t<p class=\"card-title\">MELBOURNE<\/p>\n\t\t\t\t\t\t\t\t\t\t<p class=\"card-country\">Board Australia<\/p>\n\t\t\t\t\t\t\t\t\t\t<p class=\"card-address\">Level 35<br \/>\r\n477 Collins St.<br \/>\r\nMelbourne 3000<\/p>\n\t\t\t\t\t\t\t\t<p>\n\t\t\tT\u00e9l\u00e9phone: <a href=\"tel:+61(0)386379997\">+61 (0) 3 8637 9997<\/a>\n\t\t<\/p>\n\t\t\t\t\t\t\t\t\t\t<\/div>\t\n\t<\/article>\n\t\n\n\t\t\t\t<\/div>\n\t\t\t<\/div>\n\t\t<\/section>\n\t\t<section id=\"block_bdfd070b404a35389b30937c56c766ea-11\" class=\"block block--spc columns-block spacing-md footer-cta bg-violet-700\">\n\t\t\n\t\t\t<img loading=\"lazy\" decoding=\"async\" src=\"https:\/\/wwwstg.board.com\/wp-content\/uploads\/2024\/08\/pre-footersvg.svg\" class=\"shape-bg-image shape-bg-image-left\" alt=\"Background image shape - left\" height=\"510\" width=\"930\" aria-hidden=\"true\">\n\t\t\t<div class=\"overlay-gradient\"><\/div>\n\t\t<div class=\"container position-relative columns-70-30\">\n\t\t\t<div class=\"columns-block-row\">\n\t\t\t\t\t\t\t\t\n\t<div class=\"column-content \">\n\t\t\n\n<h2 class=\"wp-block-heading\">Voyons ce que Board peut faire pour vous.<\/h2>\n\n\n\n<p>D\u00e9couvrez la plateforme de planification d&rsquo;entreprise en action.<\/p>\n\n\n\t<\/div>\n\n\n\t<div class=\"column-content \">\n\t\t\n\t\t<a href=\"https:\/\/wwwstg.board.com\/fr\/demandez-demo\" class=\"btn-link btn-link--white\"  target=\"\"\t\t\t>\n\t\t\t<span>Parlez \u00e0 un expert<\/span>\n\t\t<\/a>\n\t\n\n\t<\/div>\n\n\n\t\t\t<\/div>\n\t\t<\/div>\n\t<\/section>\n\n\t","protected":false},"excerpt":{"rendered":"","protected":false},"author":3,"featured_media":0,"parent":0,"menu_order":0,"comment_status":"closed","ping_status":"closed","template":"","meta":{"_acf_changed":false,"_themeisle_gutenberg_block_has_review":false,"footnotes":""},"line_of_business":[4385],"page_score_tier":[],"class_list":["post-7775","page","type-page","status-publish","hentry","line_of_business-not-assigned-fr"],"acf":[],"yoast_head":"<!-- This site is optimized with the Yoast SEO plugin v27.4 - https:\/\/yoast.com\/product\/yoast-seo-wordpress\/ -->\n<title>Bureaux de Board International<\/title>\n<meta name=\"description\" content=\"Implantations et coordonn\u00e9es des bureaux de Board International dans le monde entier\" \/>\n<meta name=\"robots\" content=\"noindex, follow, max-snippet:-1, max-image-preview:large, max-video-preview:-1\" \/>\n<meta property=\"og:locale\" content=\"fr_FR\" \/>\n<meta property=\"og:type\" content=\"article\" \/>\n<meta property=\"og:title\" content=\"Bureaux de Board International\" \/>\n<meta property=\"og:description\" content=\"Implantations et coordonn\u00e9es des bureaux de Board International dans le monde entier\" \/>\n<meta property=\"og:url\" content=\"https:\/\/wwwstg.board.com\/fr\/bureaux\" \/>\n<meta property=\"og:site_name\" content=\"Board\" \/>\n<meta property=\"article:publisher\" content=\"https:\/\/www.facebook.com\/BOARD.International\" \/>\n<meta property=\"article:modified_time\" content=\"2025-08-18T15:38:18+00:00\" \/>\n<meta property=\"og:image\" content=\"https:\/\/wwwstg.board.com\/wp-content\/uploads\/2025\/01\/1200x627_board_opengraph_locations_v2.jpg\" \/>\n<meta name=\"twitter:card\" content=\"summary_large_image\" \/>\n<meta name=\"twitter:site\" content=\"@BOARDSoftware\" \/>\n<meta name=\"twitter:label1\" content=\"Dur\u00e9e de lecture estim\u00e9e\" \/>\n\t<meta name=\"twitter:data1\" content=\"1 minute\" \/>\n<script type=\"application\/ld+json\" class=\"yoast-schema-graph\">{\"@context\":\"https:\\\/\\\/schema.org\",\"@graph\":[{\"@type\":\"WebPage\",\"@id\":\"https:\\\/\\\/wwwstg.board.com\\\/fr\\\/bureaux\",\"url\":\"https:\\\/\\\/wwwstg.board.com\\\/fr\\\/bureaux\",\"name\":\"Bureaux de Board International\",\"isPartOf\":{\"@id\":\"https:\\\/\\\/wwwstg.board.com\\\/fr#website\"},\"datePublished\":\"2024-10-18T05:41:26+00:00\",\"dateModified\":\"2025-08-18T15:38:18+00:00\",\"description\":\"Implantations et coordonn\u00e9es des bureaux de Board International dans le monde entier\",\"breadcrumb\":{\"@id\":\"https:\\\/\\\/wwwstg.board.com\\\/fr\\\/bureaux#breadcrumb\"},\"inLanguage\":\"fr-FR\",\"potentialAction\":[{\"@type\":\"ReadAction\",\"target\":[\"https:\\\/\\\/wwwstg.board.com\\\/fr\\\/bureaux\"]}]},{\"@type\":\"BreadcrumbList\",\"@id\":\"https:\\\/\\\/wwwstg.board.com\\\/fr\\\/bureaux#breadcrumb\",\"itemListElement\":[{\"@type\":\"ListItem\",\"position\":1,\"name\":\"Home\",\"item\":\"https:\\\/\\\/wwwstg.board.com\\\/fr\"},{\"@type\":\"ListItem\",\"position\":2,\"name\":\"Localisation des sites\"}]},{\"@type\":\"WebSite\",\"@id\":\"https:\\\/\\\/wwwstg.board.com\\\/fr#website\",\"url\":\"https:\\\/\\\/wwwstg.board.com\\\/fr\",\"name\":\"Board\",\"description\":\"The Enterprise Planning Platform\",\"publisher\":{\"@id\":\"https:\\\/\\\/wwwstg.board.com\\\/fr#organization\"},\"potentialAction\":[{\"@type\":\"SearchAction\",\"target\":{\"@type\":\"EntryPoint\",\"urlTemplate\":\"https:\\\/\\\/wwwstg.board.com\\\/fr?s={search_term_string}\"},\"query-input\":{\"@type\":\"PropertyValueSpecification\",\"valueRequired\":true,\"valueName\":\"search_term_string\"}}],\"inLanguage\":\"fr-FR\"},{\"@type\":\"Organization\",\"@id\":\"https:\\\/\\\/wwwstg.board.com\\\/fr#organization\",\"name\":\"Board\",\"url\":\"https:\\\/\\\/wwwstg.board.com\\\/fr\",\"logo\":{\"@type\":\"ImageObject\",\"inLanguage\":\"fr-FR\",\"@id\":\"https:\\\/\\\/wwwstg.board.com\\\/fr#\\\/schema\\\/logo\\\/image\\\/\",\"url\":\"https:\\\/\\\/wwwstg.board.com\\\/wp-content\\\/uploads\\\/2024\\\/08\\\/board-footer-logo-grey-0-1.png\",\"contentUrl\":\"https:\\\/\\\/wwwstg.board.com\\\/wp-content\\\/uploads\\\/2024\\\/08\\\/board-footer-logo-grey-0-1.png\",\"width\":297,\"height\":103,\"caption\":\"Board\"},\"image\":{\"@id\":\"https:\\\/\\\/wwwstg.board.com\\\/fr#\\\/schema\\\/logo\\\/image\\\/\"},\"sameAs\":[\"https:\\\/\\\/www.facebook.com\\\/BOARD.International\",\"https:\\\/\\\/x.com\\\/BOARDSoftware\",\"https:\\\/\\\/www.linkedin.com\\\/company\\\/board\\\/\",\"https:\\\/\\\/www.youtube.com\\\/user\\\/BOARDInternationalSA\",\"https:\\\/\\\/en.wikipedia.org\\\/wiki\\\/Board_International\"]}]}<\/script>\n<!-- \/ Yoast SEO plugin. -->","yoast_head_json":{"title":"Bureaux de Board International","description":"Implantations et coordonn\u00e9es des bureaux de Board International dans le monde entier","robots":{"index":"noindex","follow":"follow","max-snippet":"max-snippet:-1","max-image-preview":"max-image-preview:large","max-video-preview":"max-video-preview:-1"},"og_locale":"fr_FR","og_type":"article","og_title":"Bureaux de Board International","og_description":"Implantations et coordonn\u00e9es des bureaux de Board International dans le monde entier","og_url":"https:\/\/wwwstg.board.com\/fr\/bureaux","og_site_name":"Board","article_publisher":"https:\/\/www.facebook.com\/BOARD.International","article_modified_time":"2025-08-18T15:38:18+00:00","og_image":[{"url":"https:\/\/wwwstg.board.com\/wp-content\/uploads\/2025\/01\/1200x627_board_opengraph_locations_v2.jpg","type":"","width":"","height":""}],"twitter_card":"summary_large_image","twitter_site":"@BOARDSoftware","twitter_misc":{"Dur\u00e9e de lecture estim\u00e9e":"1 minute"},"schema":{"@context":"https:\/\/schema.org","@graph":[{"@type":"WebPage","@id":"https:\/\/wwwstg.board.com\/fr\/bureaux","url":"https:\/\/wwwstg.board.com\/fr\/bureaux","name":"Bureaux de Board International","isPartOf":{"@id":"https:\/\/wwwstg.board.com\/fr#website"},"datePublished":"2024-10-18T05:41:26+00:00","dateModified":"2025-08-18T15:38:18+00:00","description":"Implantations et coordonn\u00e9es des bureaux de Board International dans le monde entier","breadcrumb":{"@id":"https:\/\/wwwstg.board.com\/fr\/bureaux#breadcrumb"},"inLanguage":"fr-FR","potentialAction":[{"@type":"ReadAction","target":["https:\/\/wwwstg.board.com\/fr\/bureaux"]}]},{"@type":"BreadcrumbList","@id":"https:\/\/wwwstg.board.com\/fr\/bureaux#breadcrumb","itemListElement":[{"@type":"ListItem","position":1,"name":"Home","item":"https:\/\/wwwstg.board.com\/fr"},{"@type":"ListItem","position":2,"name":"Localisation des sites"}]},{"@type":"WebSite","@id":"https:\/\/wwwstg.board.com\/fr#website","url":"https:\/\/wwwstg.board.com\/fr","name":"Board","description":"The Enterprise Planning Platform","publisher":{"@id":"https:\/\/wwwstg.board.com\/fr#organization"},"potentialAction":[{"@type":"SearchAction","target":{"@type":"EntryPoint","urlTemplate":"https:\/\/wwwstg.board.com\/fr?s={search_term_string}"},"query-input":{"@type":"PropertyValueSpecification","valueRequired":true,"valueName":"search_term_string"}}],"inLanguage":"fr-FR"},{"@type":"Organization","@id":"https:\/\/wwwstg.board.com\/fr#organization","name":"Board","url":"https:\/\/wwwstg.board.com\/fr","logo":{"@type":"ImageObject","inLanguage":"fr-FR","@id":"https:\/\/wwwstg.board.com\/fr#\/schema\/logo\/image\/","url":"https:\/\/wwwstg.board.com\/wp-content\/uploads\/2024\/08\/board-footer-logo-grey-0-1.png","contentUrl":"https:\/\/wwwstg.board.com\/wp-content\/uploads\/2024\/08\/board-footer-logo-grey-0-1.png","width":297,"height":103,"caption":"Board"},"image":{"@id":"https:\/\/wwwstg.board.com\/fr#\/schema\/logo\/image\/"},"sameAs":["https:\/\/www.facebook.com\/BOARD.International","https:\/\/x.com\/BOARDSoftware","https:\/\/www.linkedin.com\/company\/board\/","https:\/\/www.youtube.com\/user\/BOARDInternationalSA","https:\/\/en.wikipedia.org\/wiki\/Board_International"]}]}},"_links":{"self":[{"href":"https:\/\/wwwstg.board.com\/fr\/wp-json\/wp\/v2\/pages\/7775","targetHints":{"allow":["GET"]}}],"collection":[{"href":"https:\/\/wwwstg.board.com\/fr\/wp-json\/wp\/v2\/pages"}],"about":[{"href":"https:\/\/wwwstg.board.com\/fr\/wp-json\/wp\/v2\/types\/page"}],"author":[{"embeddable":true,"href":"https:\/\/wwwstg.board.com\/fr\/wp-json\/wp\/v2\/users\/3"}],"replies":[{"embeddable":true,"href":"https:\/\/wwwstg.board.com\/fr\/wp-json\/wp\/v2\/comments?post=7775"}],"version-history":[{"count":0,"href":"https:\/\/wwwstg.board.com\/fr\/wp-json\/wp\/v2\/pages\/7775\/revisions"}],"wp:attachment":[{"href":"https:\/\/wwwstg.board.com\/fr\/wp-json\/wp\/v2\/media?parent=7775"}],"wp:term":[{"taxonomy":"line_of_business","embeddable":true,"href":"https:\/\/wwwstg.board.com\/fr\/wp-json\/wp\/v2\/line_of_business?post=7775"},{"taxonomy":"page_score_tier","embeddable":true,"href":"https:\/\/wwwstg.board.com\/fr\/wp-json\/wp\/v2\/page_score_tier?post=7775"}],"curies":[{"name":"wp","href":"https:\/\/api.w.org\/{rel}","templated":true}]}}