{"id":3604,"date":"2024-10-16T14:54:31","date_gmt":"2024-10-16T14:54:31","guid":{"rendered":"https:\/\/www.board.com\/ressources-humaines\/"},"modified":"2025-10-28T04:17:06","modified_gmt":"2025-10-28T04:17:06","slug":"ressources-humaines","status":"publish","type":"page","link":"https:\/\/wwwstg.board.com\/fr\/ressources-humaines","title":{"rendered":"RH"},"content":{"rendered":"  <section class=\"block board-hero wp-block-board-hero\" id=\"block_338b433641551b95c1a724543291ccbf\">\n    <div class=\"container\">\n\n              <div class=\"hero-background-shape shape-centered-blue\">\n          <img decoding=\"async\"\n            src=\"https:\/\/wwwstg.board.com\/wp-content\/themes\/board\/src\/blocks\/board\/hero\/assets\/images\/shape-centered-blue.svg\"\n            alt=\"\" \/>\n        <\/div>\n      \n      <div class=\"d-flex flex-column gap-2\">\n                  <nav aria-label=\"Breadcrumb\" class=\"d-flex flex-wrap list-unstyled mb-0 breadcrumbs\"><ol class=\"d-flex mb-0 align-items-center list-unstyled gap-1\"><li><a href=\"https:\/\/wwwstg.board.com\/fr\">Home<\/a><\/li><\/ol><li class=\"mb-0 d-flex breadcrumb-back-to-link\"><a href=\"https:\/\/wwwstg.board.com\/fr\">Retour \u00e0 Home<\/a><\/li><\/nav>        \n                  \n\n<div class=\"wp-block-columns is-layout-flex wp-container-core-columns-is-layout-9d6595d7 wp-block-columns-is-layout-flex\">\n<div class=\"wp-block-column is-vertically-aligned-center is-layout-flow wp-block-column-is-layout-flow\">\n<h1 class=\"wp-block-heading hero-title\">Planification d&rsquo;entreprise pour les \u00e9quipes RH.<\/h1>\n\n\n\n<p class=\"hero-content\">Optimisez votre gestion des ressources gr\u00e2ce \u00e0 une plateforme unifi\u00e9e de la planification et de l\u2019analyse RH<\/p>\n\n\n\n<div class=\"wp-block-group hero-details is-layout-flex wp-block-group-is-layout-flex\">\t<a href=\"https:\/\/wwwstg.board.com\/fr\/watch-demo\" class=\"btn btn-board btn-primary-cta  \" target=\"\">\n\t\t<span>\n\t\t\t\t\t\t\tVoir la d\u00e9mo\t\t\t\t\t<\/span>\n\t\t\t\t\t<span class=\"ico icon-chevron-right\" aria-hidden=\"true\"><\/span>\n\t\t\t<\/a>\n\n\n\t<a href=\"https:\/\/wwwstg.board.com\/request-demo\" class=\"btn btn-board btn-transparent  \" target=\"\">\n\t\t<span>\n\t\t\t\t\t\t\tParlez \u00e0 un expert\t\t\t\t\t<\/span>\n\t\t\t\t\t<span class=\"ico icon-chevron-right\" aria-hidden=\"true\"><\/span>\n\t\t\t<\/a>\n<\/div>\n<\/div>\n\n\n\n<div class=\"wp-block-column is-vertically-aligned-center is-layout-flow wp-block-column-is-layout-flow\">\n<figure class=\"wp-block-image size-large\"><img decoding=\"async\" src=\"https:\/\/wwwstg.board.com\/wp-content\/uploads\/2025\/03\/human-resources-hero-768x432.png\" alt=\"\"\/><\/figure>\n<\/div>\n<\/div>\n\n              <\/div>\n    <\/div>\n  <\/section>\n\n\t<section id=\"block_fb5fe8d2bfb9937b926d407fbad6e76c-\" class=\"block block--spc columns-block pb-0 \">\n\t\t<div class=\"container position-relative\">\n\t\t\t<div class=\"columns-block-row\">\n\t\t\t\t\t\t\t\t\n\t<div id=\"block_bac39b01a1d9442836874788d2b3e378\" class=\"column-content   text-start align-self-start column-narrow column-narrow-extra\">\n\t\t\n\n<h2 class=\"wp-block-heading has-visual-h-2-font-size\"><strong>L\u2019outil indispensable pour les d\u00e9partements RH<\/strong><\/h2>\n\n\n\t<\/div>\n\n\n\t\t\t<\/div>\n\t\t<\/div>\n\t<\/section>\n\n\t\t\t<section id=\"block_69f9bc7ac9bb980768fa9f1d35514c72-1\" class=\"block block--spc columns-block grid grid--3 columns\">\n\t\t\t<div class=\"container position-relative\">\n\t\t\t\t<div class=\"columns-block-row\">\n\t\t\t\t\t\t\t\t\t\t\n\t<article class=\"card card--default\">\n\t\t\t\t\t<div class=\"ratio ratio-1x1\">\n\t\t\t\t<img decoding=\"async\" src=\"https:\/\/wwwstg.board.com\/wp-content\/uploads\/2024\/10\/icon-workforce-planning.svg\" alt=\"\" loading=\"lazy\">\n\t\t\t<\/div>\n\t\t\t\t<div class=\"card-body\">\n\t\t\t\n\n<h4 class=\"wp-block-heading card-title visual-h6 has-visual-h-6-font-size\"><strong>Planification des effectifs<\/strong><\/h4>\n\n\n\n<p class=\"card-text\">Alignez les objectifs strat\u00e9giques \u00e0 la planification des effectifs et des talents<\/p>\n\n\n\t\t<a aria-label=\"En savoir plus\" href=\"https:\/\/wwwstg.board.com\/fr\/ressources-humaines\/planification-effectifs\" class=\"full-link full-link__arrow\"  target=\"\"><\/a>\n\n\t\t<a href=\"https:\/\/wwwstg.board.com\/fr\/ressources-humaines\/planification-effectifs\" class=\"btn-link btn-link--primary btn-link--arrow\"  target=\"\"\t\t\t>\n\t\t\t<span>En savoir plus<\/span>\n\t\t\t<span class=\"ico icon-chevron-right\" aria-hidden=\"true\"><\/span>\n\t\t<\/a>\n\t\n\n\t\t<\/div>\t\t\n\t<\/article>\n\t\n\n\t<article class=\"card card--default\">\n\t\t\t\t\t<div class=\"ratio ratio-1x1\">\n\t\t\t\t<img decoding=\"async\" src=\"https:\/\/wwwstg.board.com\/wp-content\/uploads\/2024\/10\/icon-workforce-analytics.svg\" alt=\"\" loading=\"lazy\">\n\t\t\t<\/div>\n\t\t\t\t<div class=\"card-body\">\n\t\t\t\n\n<h4 class=\"wp-block-heading card-title visual-h6 has-visual-h-6-font-size\"><strong>Analyse des effectifs<\/strong><\/h4>\n\n\n\n<p class=\"card-text\">Am\u00e9liorez votre visibilit\u00e9 sur le rendement des effectifs<\/p>\n\n\n\t\t<a aria-label=\"En savoir plus\" href=\"https:\/\/wwwstg.board.com\/fr\/ressources-humaines\/analyse-effectifs\" class=\"full-link full-link__arrow\"  target=\"\"><\/a>\n\n\t\t<a href=\"https:\/\/wwwstg.board.com\/fr\/ressources-humaines\/analyse-effectifs\" class=\"btn-link btn-link--primary btn-link--arrow\"  target=\"\"\t\t\t>\n\t\t\t<span>En savoir plus<\/span>\n\t\t\t<span class=\"ico icon-chevron-right\" aria-hidden=\"true\"><\/span>\n\t\t<\/a>\n\t\n\n\t\t<\/div>\t\t\n\t<\/article>\n\t\n\n\t<article class=\"card card--default\">\n\t\t\t\t\t<div class=\"ratio ratio-1x1\">\n\t\t\t\t<img decoding=\"async\" src=\"https:\/\/wwwstg.board.com\/wp-content\/uploads\/2024\/10\/icon-performance-management.svg\" alt=\"\" loading=\"lazy\">\n\t\t\t<\/div>\n\t\t\t\t<div class=\"card-body\">\n\t\t\t\n\n<h4 class=\"wp-block-heading card-title visual-h6 has-visual-h-6-font-size\"><strong>Gestion des performances<\/strong><\/h4>\n\n\n\n<p class=\"card-text\">Planifiez, supervisez et \u00e9valuez efficacement le rendement de vos ressources humaines<\/p>\n\n\n\t\t<a aria-label=\"En savoir plus\" href=\"https:\/\/wwwstg.board.com\/human-resources\/performance-management\/\" class=\"full-link full-link__arrow\"  target=\"\"><\/a>\n\n\t\t<a href=\"https:\/\/wwwstg.board.com\/human-resources\/performance-management\/\" class=\"btn-link btn-link--primary btn-link--arrow\"  target=\"\"\t\t\t>\n\t\t\t<span>En savoir plus<\/span>\n\t\t\t<span class=\"ico icon-chevron-right\" aria-hidden=\"true\"><\/span>\n\t\t<\/a>\n\t\n\n\t\t<\/div>\t\t\n\t<\/article>\n\t\n\n\t\t\t\t<\/div>\n\t\t\t<\/div>\n\t\t<\/section>\n\t\t<section id=\"block_cac37dd8eaa32ffeba0e701fc4e21952-2\" class=\"block block--spc columns-block two-col-content block-case-studies-feed-video bg-blue-200\">\n\t\t<div class=\"container position-relative columns-40-60\">\n\t\t\t<div class=\"columns-block-row\">\n\t\t\t\t<div class=\"column-content\">\n\t\t\t\t<article class=\"card card--casestudy-big\">\n\t\n\t\t\t<div class=\"casestudy-img\">\n\t\t\t\n\t\t\t\t\t\t\t\t\t\t\t\t<img decoding=\"async\" src=\"https:\/\/wwwstg.board.com\/wp-content\/uploads\/2026\/03\/Coca-Cola_Europacific_Partners_Logo-8295aa.svg\" alt=\"\" loading=\"lazy\">\n\t\t\t\t\t\t\t\t\t<\/div>\n\t\n\t<div class=\"card-body\">\n\t\t<div class=\"casestudy-copy\">\n\t\t\t\t\t\t\t<p>Board nous permet de consolider en une fraction de seconde. Oui, la consolidation peut avoir lieu pour 48 usines de fabrication et 85 entrep\u00f4ts en un seul clic !<\/p>\n\t\t\t\n\t\t\t\n\t\t\t\t\t<\/div>\n\n\t\t\t\t\t<div class=\"casestudy-nav\">\n\t\t\t\t\t\t\t\t\t<a href=\"https:\/\/wwwstg.board.com\/fr\/customer\/coca-cola-europacific-partners\" class=\"btn-link btn-link--primary btn-link--icon\">\n\t\t\t\t\t\t<span>Lire l&#039;\u00e9tude<\/span>\n\t\t\t\t\t\t<span class=\"ico icon-chevron-right\" aria-hidden=\"true\"><\/span>\n\t\t\t\t\t<\/a>\n\t\t\t\t\t\t\t<\/div>\n\t\t\t<\/div>\n\n\t<\/article>\n\t\t\t\t<\/div>\n\n\t\t\t\t<div class=\"column-content\">\n\t\t\t\t<div class=\"video-block\">\n\t\t\t<div class=\"video-wrap loading ratio ratio-16x9\">\n\t\t\t<button id=\"block_cac37dd8eaa32ffeba0e701fc4e21952-2-vimeo-play-button\" class=\"video-wrap__play vimeo-button play-button-\">\n\t\t\t\t<span class=\"visually-hidden\">Play Video<\/span>\n\t\t\t\t\t\t\t\t\t\t\t<\/button>\n\t\t\t<iframe id=\"block_cac37dd8eaa32ffeba0e701fc4e21952-2-vimeoVid\" title=\"Vimeo video player\" aria-label=\"Vimeo video player\" src=\"https:\/\/player.vimeo.com\/video\/290251895\" class=\"vimeo-video\" allowfullscreen allow=\"autoplay\" loading=\"lazy\"><\/iframe>\n\t\t<\/div>\n\t\n<\/div>\n\t\t\t\t<\/div>\n\t\t\t<\/div>\n\t\t<\/div>\n\t<\/section>\n\n\t\t<section id=\"block_e55827a3efe9db559663ad49f6a395c2-3\" class=\"block block--spc two-columns-block columns-block bg-blue-900\">\n\t\t<div class=\"container position-relative\">\n\t\t\t<div class=\"columns-block-row\">\n\t\t\t\t\t\t\t\t\n\t<div id=\"block_faed10a5e7e9c002e1461262e200bfd8\" class=\"column-content   text-start align-self-center\">\n\t\t\n\n<h2 class=\"wp-block-heading\"><strong>Con\u00e7u pour une exp\u00e9rience de planification continue<\/strong><\/h2>\n\n\n\n<p>Toutes nos solutions de planification convergent vers la plateforme Board Enterprise Planning pour vous aider \u00e0 prendre des d\u00e9cisions \u00e9clair\u00e9es et coh\u00e9rentes. Elles transforment votre processus de planification en acc\u00e9l\u00e9rant la rentabilisation, en optimisant les co\u00fbts et en r\u00e9duisant les risques. <br\/><a href=\"https:\/\/wwwstg.board.com\/finance\/\"><\/a><\/p>\n\n\n\t\t<a href=\"https:\/\/wwwstg.board.com\/fr\/produit\" class=\"btn-link btn-link--white btn-link--icon\"  target=\"\"\t\t\t>\n\t\t\t<span>D\u00e9couvrez la plateforme <\/span>\n\t\t\t<span class=\"ico icon-chevron-right\" aria-hidden=\"true\"><\/span>\n\t\t<\/a>\n\t\n\n\t<\/div>\n\n\n\t<div id=\"block_3eaf88318d6572ab16faf837067a56cd\" class=\"column-content   text-start align-self-start\">\n\t\t\n\n<figure class=\"wp-block-image size-full\"><img loading=\"lazy\" decoding=\"async\" width=\"577\" height=\"310\" src=\"https:\/\/wwwstg.board.com\/wp-content\/uploads\/2025\/10\/hr-workforce-planning-e52e10.svg\" alt=\"\" class=\"wp-image-101324\"\/><\/figure>\n\n\n\t<\/div>\n\n\n\t\t\t<\/div>\n\t\t<\/div>\n\t<\/section>\n\n\t\t<section id=\"block_5176cd68e80bb03f27a707a6fc802cb4-4\" class=\"block block--spc columns-block pb-0 bg-white \">\n\t\t<div class=\"container position-relative\">\n\t\t\t<div class=\"columns-block-row\">\n\t\t\t\t\t\t\t\t\n\t<div id=\"block_bac39b01a1d9442836874788d2b3e378\" class=\"column-content   text-start align-self-start column-narrow column-narrow-extra\">\n\t\t\n\n<h2 class=\"wp-block-heading has-visual-h-2-font-size\"><strong>Approuv\u00e9 par une entreprise leader<\/strong><\/h2>\n\n\n\t<\/div>\n\n\n\t\t\t<\/div>\n\t\t<\/div>\n\t<\/section>\n\n\t\t<section id=\"block_5e9c58f5713dc5b409ee594f7002e33b-5\" class=\"block block--spc columns-block block-case-studies-feed block-case-studies-card-feed grid grid--3\">\n\t\t<div class=\"container\">\n\t\t\t<div class=\"columns-block-row\">\n\t\t\t\t\t\t\t<\/div>\n\t\t<\/div>\n\t<\/section>\n\t<section id=\"block_f962581b10e951148b03c7b52787c5e7-6\" class=\"block block--spc columns-block spacing-md footer-cta bg-violet-700\">\n\t\t\n\t\t\t<img loading=\"lazy\" decoding=\"async\" src=\"https:\/\/wwwstg.board.com\/wp-content\/uploads\/2024\/08\/pre-footersvg.svg\" class=\"shape-bg-image shape-bg-image-left\" alt=\"Background image shape - left\" height=\"510\" width=\"930\" aria-hidden=\"true\">\n\t\t\t<div class=\"overlay-gradient\"><\/div>\n\t\t<div class=\"container position-relative columns-70-30\">\n\t\t\t<div class=\"columns-block-row\">\n\t\t\t\t\t\t\t\t\n\t<div class=\"column-content \">\n\t\t\n\n<h2 class=\"wp-block-heading\">Voyons ce que Board peut faire pour vous.<\/h2>\n\n\n\n<p>D\u00e9couvrez la plateforme de planification d&rsquo;entreprise en action.<\/p>\n\n\n\t<\/div>\n\n\n\t<div class=\"column-content \">\n\t\t\n\t\t<a href=\"https:\/\/wwwstg.board.com\/fr\/demandez-demo\" class=\"btn-link btn-link--white\"  target=\"\"\t\t\t>\n\t\t\t<span>Parlez \u00e0 un expert<\/span>\n\t\t<\/a>\n\t\n\n\t<\/div>\n\n\n\t\t\t<\/div>\n\t\t<\/div>\n\t<\/section>\n\n\t","protected":false},"excerpt":{"rendered":"","protected":false},"author":3,"featured_media":0,"parent":0,"menu_order":0,"comment_status":"closed","ping_status":"closed","template":"","meta":{"_acf_changed":false,"_themeisle_gutenberg_block_has_review":false,"footnotes":""},"line_of_business":[4408],"page_score_tier":[],"class_list":["post-3604","page","type-page","status-publish","hentry","line_of_business-hr-workforce-planning-fr"],"acf":[],"yoast_head":"<!-- This site is optimized with the Yoast SEO plugin v27.4 - https:\/\/yoast.com\/product\/yoast-seo-wordpress\/ -->\n<title>Logiciel de planification des ressources humaines | Board<\/title>\n<meta name=\"description\" content=\"La solution Board de planification d\u2019entreprise vous aide \u00e0 piloter la performance de vos collaborateurs et \u00e0 prendre des d\u00e9cisions plus intelligentes concernant l\u2019effectif et la gestion des r\u00e9mun\u00e9rations.\" \/>\n<meta name=\"robots\" content=\"noindex, follow, max-snippet:-1, max-image-preview:large, max-video-preview:-1\" \/>\n<meta property=\"og:locale\" content=\"fr_FR\" \/>\n<meta property=\"og:type\" content=\"article\" \/>\n<meta property=\"og:title\" content=\"Logiciel de planification des ressources humaines | Board\" \/>\n<meta property=\"og:description\" content=\"La solution Board de planification d\u2019entreprise vous aide \u00e0 piloter la performance de vos collaborateurs et \u00e0 prendre des d\u00e9cisions plus intelligentes concernant l\u2019effectif et la gestion des r\u00e9mun\u00e9rations.\" \/>\n<meta property=\"og:url\" content=\"https:\/\/wwwstg.board.com\/fr\/ressources-humaines\" \/>\n<meta property=\"og:site_name\" content=\"Board\" \/>\n<meta property=\"article:publisher\" content=\"https:\/\/www.facebook.com\/BOARD.International\" \/>\n<meta property=\"article:modified_time\" content=\"2025-10-28T04:17:06+00:00\" \/>\n<meta property=\"og:image\" content=\"https:\/\/wwwstg.board.com\/wp-content\/uploads\/2025\/01\/1200x627_board_opengraph_human-resources.jpg\" \/>\n<meta name=\"twitter:card\" content=\"summary_large_image\" \/>\n<meta name=\"twitter:site\" content=\"@BOARDSoftware\" \/>\n<meta name=\"twitter:label1\" content=\"Dur\u00e9e de lecture estim\u00e9e\" \/>\n\t<meta name=\"twitter:data1\" content=\"2 minutes\" \/>\n<script type=\"application\/ld+json\" class=\"yoast-schema-graph\">{\"@context\":\"https:\\\/\\\/schema.org\",\"@graph\":[{\"@type\":\"WebPage\",\"@id\":\"https:\\\/\\\/wwwstg.board.com\\\/fr\\\/ressources-humaines\",\"url\":\"https:\\\/\\\/wwwstg.board.com\\\/fr\\\/ressources-humaines\",\"name\":\"Logiciel de planification des ressources humaines | Board\",\"isPartOf\":{\"@id\":\"https:\\\/\\\/wwwstg.board.com\\\/fr#website\"},\"primaryImageOfPage\":{\"@id\":\"https:\\\/\\\/wwwstg.board.com\\\/fr\\\/ressources-humaines#primaryimage\"},\"image\":{\"@id\":\"https:\\\/\\\/wwwstg.board.com\\\/fr\\\/ressources-humaines#primaryimage\"},\"thumbnailUrl\":\"https:\\\/\\\/wwwstg.board.com\\\/wp-content\\\/uploads\\\/2025\\\/03\\\/human-resources-hero-768x432.png\",\"datePublished\":\"2024-10-16T14:54:31+00:00\",\"dateModified\":\"2025-10-28T04:17:06+00:00\",\"description\":\"La solution Board de planification d\u2019entreprise vous aide \u00e0 piloter la performance de vos collaborateurs et \u00e0 prendre des d\u00e9cisions plus intelligentes concernant l\u2019effectif et la gestion des r\u00e9mun\u00e9rations.\",\"breadcrumb\":{\"@id\":\"https:\\\/\\\/wwwstg.board.com\\\/fr\\\/ressources-humaines#breadcrumb\"},\"inLanguage\":\"fr-FR\",\"potentialAction\":[{\"@type\":\"ReadAction\",\"target\":[\"https:\\\/\\\/wwwstg.board.com\\\/fr\\\/ressources-humaines\"]}]},{\"@type\":\"ImageObject\",\"inLanguage\":\"fr-FR\",\"@id\":\"https:\\\/\\\/wwwstg.board.com\\\/fr\\\/ressources-humaines#primaryimage\",\"url\":\"https:\\\/\\\/wwwstg.board.com\\\/wp-content\\\/uploads\\\/2025\\\/03\\\/human-resources-hero-768x432.png\",\"contentUrl\":\"https:\\\/\\\/wwwstg.board.com\\\/wp-content\\\/uploads\\\/2025\\\/03\\\/human-resources-hero-768x432.png\"},{\"@type\":\"BreadcrumbList\",\"@id\":\"https:\\\/\\\/wwwstg.board.com\\\/fr\\\/ressources-humaines#breadcrumb\",\"itemListElement\":[{\"@type\":\"ListItem\",\"position\":1,\"name\":\"Home\",\"item\":\"https:\\\/\\\/wwwstg.board.com\\\/fr\"},{\"@type\":\"ListItem\",\"position\":2,\"name\":\"RH\"}]},{\"@type\":\"WebSite\",\"@id\":\"https:\\\/\\\/wwwstg.board.com\\\/fr#website\",\"url\":\"https:\\\/\\\/wwwstg.board.com\\\/fr\",\"name\":\"Board\",\"description\":\"The Enterprise Planning Platform\",\"publisher\":{\"@id\":\"https:\\\/\\\/wwwstg.board.com\\\/fr#organization\"},\"potentialAction\":[{\"@type\":\"SearchAction\",\"target\":{\"@type\":\"EntryPoint\",\"urlTemplate\":\"https:\\\/\\\/wwwstg.board.com\\\/fr?s={search_term_string}\"},\"query-input\":{\"@type\":\"PropertyValueSpecification\",\"valueRequired\":true,\"valueName\":\"search_term_string\"}}],\"inLanguage\":\"fr-FR\"},{\"@type\":\"Organization\",\"@id\":\"https:\\\/\\\/wwwstg.board.com\\\/fr#organization\",\"name\":\"Board\",\"url\":\"https:\\\/\\\/wwwstg.board.com\\\/fr\",\"logo\":{\"@type\":\"ImageObject\",\"inLanguage\":\"fr-FR\",\"@id\":\"https:\\\/\\\/wwwstg.board.com\\\/fr#\\\/schema\\\/logo\\\/image\\\/\",\"url\":\"https:\\\/\\\/wwwstg.board.com\\\/wp-content\\\/uploads\\\/2024\\\/08\\\/board-footer-logo-grey-0-1.png\",\"contentUrl\":\"https:\\\/\\\/wwwstg.board.com\\\/wp-content\\\/uploads\\\/2024\\\/08\\\/board-footer-logo-grey-0-1.png\",\"width\":297,\"height\":103,\"caption\":\"Board\"},\"image\":{\"@id\":\"https:\\\/\\\/wwwstg.board.com\\\/fr#\\\/schema\\\/logo\\\/image\\\/\"},\"sameAs\":[\"https:\\\/\\\/www.facebook.com\\\/BOARD.International\",\"https:\\\/\\\/x.com\\\/BOARDSoftware\",\"https:\\\/\\\/www.linkedin.com\\\/company\\\/board\\\/\",\"https:\\\/\\\/www.youtube.com\\\/user\\\/BOARDInternationalSA\",\"https:\\\/\\\/en.wikipedia.org\\\/wiki\\\/Board_International\"]}]}<\/script>\n<!-- \/ Yoast SEO plugin. -->","yoast_head_json":{"title":"Logiciel de planification des ressources humaines | Board","description":"La solution Board de planification d\u2019entreprise vous aide \u00e0 piloter la performance de vos collaborateurs et \u00e0 prendre des d\u00e9cisions plus intelligentes concernant l\u2019effectif et la gestion des r\u00e9mun\u00e9rations.","robots":{"index":"noindex","follow":"follow","max-snippet":"max-snippet:-1","max-image-preview":"max-image-preview:large","max-video-preview":"max-video-preview:-1"},"og_locale":"fr_FR","og_type":"article","og_title":"Logiciel de planification des ressources humaines | Board","og_description":"La solution Board de planification d\u2019entreprise vous aide \u00e0 piloter la performance de vos collaborateurs et \u00e0 prendre des d\u00e9cisions plus intelligentes concernant l\u2019effectif et la gestion des r\u00e9mun\u00e9rations.","og_url":"https:\/\/wwwstg.board.com\/fr\/ressources-humaines","og_site_name":"Board","article_publisher":"https:\/\/www.facebook.com\/BOARD.International","article_modified_time":"2025-10-28T04:17:06+00:00","og_image":[{"url":"https:\/\/wwwstg.board.com\/wp-content\/uploads\/2025\/01\/1200x627_board_opengraph_human-resources.jpg","type":"","width":"","height":""}],"twitter_card":"summary_large_image","twitter_site":"@BOARDSoftware","twitter_misc":{"Dur\u00e9e de lecture estim\u00e9e":"2 minutes"},"schema":{"@context":"https:\/\/schema.org","@graph":[{"@type":"WebPage","@id":"https:\/\/wwwstg.board.com\/fr\/ressources-humaines","url":"https:\/\/wwwstg.board.com\/fr\/ressources-humaines","name":"Logiciel de planification des ressources humaines | Board","isPartOf":{"@id":"https:\/\/wwwstg.board.com\/fr#website"},"primaryImageOfPage":{"@id":"https:\/\/wwwstg.board.com\/fr\/ressources-humaines#primaryimage"},"image":{"@id":"https:\/\/wwwstg.board.com\/fr\/ressources-humaines#primaryimage"},"thumbnailUrl":"https:\/\/wwwstg.board.com\/wp-content\/uploads\/2025\/03\/human-resources-hero-768x432.png","datePublished":"2024-10-16T14:54:31+00:00","dateModified":"2025-10-28T04:17:06+00:00","description":"La solution Board de planification d\u2019entreprise vous aide \u00e0 piloter la performance de vos collaborateurs et \u00e0 prendre des d\u00e9cisions plus intelligentes concernant l\u2019effectif et la gestion des r\u00e9mun\u00e9rations.","breadcrumb":{"@id":"https:\/\/wwwstg.board.com\/fr\/ressources-humaines#breadcrumb"},"inLanguage":"fr-FR","potentialAction":[{"@type":"ReadAction","target":["https:\/\/wwwstg.board.com\/fr\/ressources-humaines"]}]},{"@type":"ImageObject","inLanguage":"fr-FR","@id":"https:\/\/wwwstg.board.com\/fr\/ressources-humaines#primaryimage","url":"https:\/\/wwwstg.board.com\/wp-content\/uploads\/2025\/03\/human-resources-hero-768x432.png","contentUrl":"https:\/\/wwwstg.board.com\/wp-content\/uploads\/2025\/03\/human-resources-hero-768x432.png"},{"@type":"BreadcrumbList","@id":"https:\/\/wwwstg.board.com\/fr\/ressources-humaines#breadcrumb","itemListElement":[{"@type":"ListItem","position":1,"name":"Home","item":"https:\/\/wwwstg.board.com\/fr"},{"@type":"ListItem","position":2,"name":"RH"}]},{"@type":"WebSite","@id":"https:\/\/wwwstg.board.com\/fr#website","url":"https:\/\/wwwstg.board.com\/fr","name":"Board","description":"The Enterprise Planning Platform","publisher":{"@id":"https:\/\/wwwstg.board.com\/fr#organization"},"potentialAction":[{"@type":"SearchAction","target":{"@type":"EntryPoint","urlTemplate":"https:\/\/wwwstg.board.com\/fr?s={search_term_string}"},"query-input":{"@type":"PropertyValueSpecification","valueRequired":true,"valueName":"search_term_string"}}],"inLanguage":"fr-FR"},{"@type":"Organization","@id":"https:\/\/wwwstg.board.com\/fr#organization","name":"Board","url":"https:\/\/wwwstg.board.com\/fr","logo":{"@type":"ImageObject","inLanguage":"fr-FR","@id":"https:\/\/wwwstg.board.com\/fr#\/schema\/logo\/image\/","url":"https:\/\/wwwstg.board.com\/wp-content\/uploads\/2024\/08\/board-footer-logo-grey-0-1.png","contentUrl":"https:\/\/wwwstg.board.com\/wp-content\/uploads\/2024\/08\/board-footer-logo-grey-0-1.png","width":297,"height":103,"caption":"Board"},"image":{"@id":"https:\/\/wwwstg.board.com\/fr#\/schema\/logo\/image\/"},"sameAs":["https:\/\/www.facebook.com\/BOARD.International","https:\/\/x.com\/BOARDSoftware","https:\/\/www.linkedin.com\/company\/board\/","https:\/\/www.youtube.com\/user\/BOARDInternationalSA","https:\/\/en.wikipedia.org\/wiki\/Board_International"]}]}},"_links":{"self":[{"href":"https:\/\/wwwstg.board.com\/fr\/wp-json\/wp\/v2\/pages\/3604","targetHints":{"allow":["GET"]}}],"collection":[{"href":"https:\/\/wwwstg.board.com\/fr\/wp-json\/wp\/v2\/pages"}],"about":[{"href":"https:\/\/wwwstg.board.com\/fr\/wp-json\/wp\/v2\/types\/page"}],"author":[{"embeddable":true,"href":"https:\/\/wwwstg.board.com\/fr\/wp-json\/wp\/v2\/users\/3"}],"replies":[{"embeddable":true,"href":"https:\/\/wwwstg.board.com\/fr\/wp-json\/wp\/v2\/comments?post=3604"}],"version-history":[{"count":0,"href":"https:\/\/wwwstg.board.com\/fr\/wp-json\/wp\/v2\/pages\/3604\/revisions"}],"wp:attachment":[{"href":"https:\/\/wwwstg.board.com\/fr\/wp-json\/wp\/v2\/media?parent=3604"}],"wp:term":[{"taxonomy":"line_of_business","embeddable":true,"href":"https:\/\/wwwstg.board.com\/fr\/wp-json\/wp\/v2\/line_of_business?post=3604"},{"taxonomy":"page_score_tier","embeddable":true,"href":"https:\/\/wwwstg.board.com\/fr\/wp-json\/wp\/v2\/page_score_tier?post=3604"}],"curies":[{"name":"wp","href":"https:\/\/api.w.org\/{rel}","templated":true}]}}