{"id":3207,"date":"2024-11-08T08:33:35","date_gmt":"2024-11-08T08:33:35","guid":{"rendered":"https:\/\/www.board.com\/?page_id=3207"},"modified":"2025-02-26T20:33:05","modified_gmt":"2025-02-26T20:33:05","slug":"analyse-en-libre-service","status":"publish","type":"page","link":"https:\/\/wwwstg.board.com\/fr\/analyse-en-libre-service","title":{"rendered":"Fonctionnalit\u00e9 Board : Analyse en Libre-Service"},"content":{"rendered":"\t<section id=\"block_1260db1ded621895a7fcd0a1690ef513-\" class=\"block block--spc columns-block block-hero-grad grid grid--2 bg-primary-gradient-02\">\n\t\t<div class=\"container\">\n\t\t\t<div class=\"columns-block-row\">\n\t\t\t\t\n\t<div class=\"column-content d-flex align-items-center\">\n\t\t<div class=\"hero-grad-left\">\n\t\t\t<div class=\"hero-grad-copy\">\n\t\t\t\t\t\t\t\t\n\n<h1 class=\"wp-block-heading\">Fonctionnalit\u00e9 Board : Analyse en Libre-Service<\/h1>\n\n\n\n<p>D\u00e9couvrez rapidement des informations exploitables gr\u00e2ce \u00e0 l\u2019analyse en libre-service<\/p>\n\n\n\t<div class=\"hero-grad-nav\">\n\t\t\n\t\t<a href=\"\/fr\/watch-demo\" class=\"btn-link btn-link--white\"  target=\"\"\t\t\t>\n\t\t\t<span>D\u00e9couvrez Board en action<\/span>\n\t\t<\/a>\n\t\n\n\t\t<a href=\"https:\/\/wwwstg.board.com\/fr\/demandez-demo\" class=\"btn-link btn-link--white btn-link--arrow\"  target=\"\"\t\t\t>\n\t\t\t<span>Demander une d\u00e9mo<\/span>\n\t\t\t<span class=\"ico icon-chevron-right\" aria-hidden=\"true\"><\/span>\n\t\t<\/a>\n\t\n\n\t<\/div>\n\n\n\n\t\t\t\t\n\t\t\t\t\t\t\t<\/div>\n\t\t<\/div>\n\t<\/div>\n\n\n\t\t\t<\/div>\n\t\t<\/div>\n\t<\/section>\n\t<section id=\"block_aada8fe458208f3a3e5160ef800a3f3c-1\" class=\"block block--spc columns-block image-text\">\n\n\t\t\n\t\t<div class=\"container position-relative\">\n\t\t\t<div class=\"columns-block-row\">\n\t\t\t\t\t\t\t\t\n\t<div class=\"column-content \">\n\t\t\n\n<p>Board permet de cr\u00e9er, en quelques secondes, des analyses visuelles et des applications analytiques \u00e9loquentes \u00e0 partir de donn\u00e9es brutes et sans aucune programmation. Gr\u00e2ce \u00e0 un environnement utilisateur innovant conjuguant la pr\u00e9paration des donn\u00e9es en libre-service, la d\u00e9couverte de donn\u00e9es bas\u00e9e sur la recherche, les applications composites (ou mash-ups) personnelles et le glisser-d\u00e9poser, tous les utilisateurs acc\u00e8dent aux informations pertinentes de mani\u00e8re plus facile, plus rapide et plus efficace, sans compromettre la \u00ab governance \u00bb des donn\u00e9es d\u2019entreprise.  <\/p>\n\n\n\t<\/div>\n\n\n\t<div class=\"column-content \">\n\t\t\n\n<figure class=\"wp-block-image size-full\"><img loading=\"lazy\" decoding=\"async\" width=\"1132\" height=\"630\" src=\"https:\/\/wwwstg.board.com\/wp-content\/uploads\/2024\/11\/capabilities_page1_img1.jpg\" alt=\"\" class=\"wp-image-7110\" srcset=\"https:\/\/wwwstg.board.com\/wp-content\/uploads\/2024\/11\/capabilities_page1_img1.jpg 1132w, https:\/\/wwwstg.board.com\/wp-content\/uploads\/2024\/11\/capabilities_page1_img1-215x120.jpg 215w, https:\/\/wwwstg.board.com\/wp-content\/uploads\/2024\/11\/capabilities_page1_img1-768x427.jpg 768w, https:\/\/wwwstg.board.com\/wp-content\/uploads\/2024\/11\/capabilities_page1_img1-480x267.jpg 480w, https:\/\/wwwstg.board.com\/wp-content\/uploads\/2024\/11\/capabilities_page1_img1-224x126.jpg 224w\" sizes=\"auto, (max-width: 1132px) 100vw, 1132px\" \/><\/figure>\n\n\t\n\t<\/div>\n\t\n\n\t\t\t<\/div>\n\t\t<\/div>\n\t<\/section>\n\n\t<section id=\"block_ef07b45d008da1963ee8e31c4c8d3334-2\" class=\"block block--spc columns-block image-text bg-neutral-50\">\n\n\t\t\n\t\t<div class=\"container position-relative\">\n\t\t\t<div class=\"columns-block-row\">\n\t\t\t\t\t\t\t\t\n\t<div class=\"column-content \">\n\t\t\n\n<figure class=\"wp-block-image size-full\"><img loading=\"lazy\" decoding=\"async\" width=\"820\" height=\"461\" src=\"https:\/\/wwwstg.board.com\/wp-content\/uploads\/2024\/11\/capabilities_page1_img2.jpg\" alt=\"\" class=\"wp-image-7116\" srcset=\"https:\/\/wwwstg.board.com\/wp-content\/uploads\/2024\/11\/capabilities_page1_img2.jpg 820w, https:\/\/wwwstg.board.com\/wp-content\/uploads\/2024\/11\/capabilities_page1_img2-215x121.jpg 215w, https:\/\/wwwstg.board.com\/wp-content\/uploads\/2024\/11\/capabilities_page1_img2-768x432.jpg 768w, https:\/\/wwwstg.board.com\/wp-content\/uploads\/2024\/11\/capabilities_page1_img2-480x270.jpg 480w, https:\/\/wwwstg.board.com\/wp-content\/uploads\/2024\/11\/capabilities_page1_img2-224x126.jpg 224w\" sizes=\"auto, (max-width: 820px) 100vw, 820px\" \/><\/figure>\n\n\t\n\t<\/div>\n\t\n\n\t<div class=\"column-content \">\n\t\t\n\n<h2 class=\"wp-block-heading\">Trouvez syst\u00e9matiquement les informations pertinentes<\/h2>\n\n\n\n<p>Board propose une fonction de recherche interactive des informations applicable aussi bien aux sch\u00e9mas qu\u2019aux donn\u00e9es, m\u00e9tadonn\u00e9es et applications. Gr\u00e2ce \u00e0 sa compl\u00e8te int\u00e9gration, Board permet d\u2019exploiter imm\u00e9diatement les r\u00e9sultats d\u2019une recherche comme \u00bbdrivers \u00bb pour d\u2019autres analyses (par exemple, si la recherche porte sur un nom de produit, l\u2019utilisateur peut choisir instantan\u00e9ment un rapport incluant cette information et utiliser le produit trouv\u00e9 ou une dimension corr\u00e9l\u00e9e comme crit\u00e8re de navigation) ou comme \u00e9l\u00e9ment destin\u00e9 \u00e0 g\u00e9n\u00e9rer de nouveaux rapports, via la nouvelle interface utilisateur d\u2019analyse en libre-service dot\u00e9e de la fonction de glisser-d\u00e9poser.  <\/p>\n\n\n\t<\/div>\n\n\n\t\t\t<\/div>\n\t\t<\/div>\n\t<\/section>\n\n\t<section id=\"block_aada8fe458208f3a3e5160ef800a3f3c-3\" class=\"block block--spc columns-block image-text\">\n\n\t\t\n\t\t<div class=\"container position-relative\">\n\t\t\t<div class=\"columns-block-row\">\n\t\t\t\t\t\t\t\t\n\t<div class=\"column-content \">\n\t\t\n\n<h2 class=\"wp-block-heading\">Analyses intuitives par glisser-d\u00e9poser<\/h2>\n\n\n\n<p>Board propose une interface de glisser-d\u00e9poser moderne gr\u00e2ce \u00e0 laquelle les utilisateurs peuvent facilement cr\u00e9er leur propre analyse ou personnaliser des rapports centralis\u00e9s. Des panneaux intuitifs, d\u00e9pla\u00e7ables par simple glissement, mettent les mesures et les dimensions \u00e0 disposition des utilisateurs qui peuvent choisir des valeurs, d\u00e9finir des lignes et des colonnes, cr\u00e9er des mesures calcul\u00e9es, consolider des rapports et obtenir leurs propres informations commerciales directement exploitables. <\/p>\n\n\n\t<\/div>\n\n\n\t<div class=\"column-content \">\n\t\t\n\n<figure class=\"wp-block-image size-full\"><img loading=\"lazy\" decoding=\"async\" width=\"724\" height=\"428\" src=\"https:\/\/wwwstg.board.com\/wp-content\/uploads\/2024\/11\/capabilities_page1_img3.jpg\" alt=\"\" class=\"wp-image-7122\" srcset=\"https:\/\/wwwstg.board.com\/wp-content\/uploads\/2024\/11\/capabilities_page1_img3.jpg 724w, https:\/\/wwwstg.board.com\/wp-content\/uploads\/2024\/11\/capabilities_page1_img3-215x127.jpg 215w, https:\/\/wwwstg.board.com\/wp-content\/uploads\/2024\/11\/capabilities_page1_img3-480x284.jpg 480w\" sizes=\"auto, (max-width: 724px) 100vw, 724px\" \/><\/figure>\n\n\t\n\t<\/div>\n\t\n\n\t\t\t<\/div>\n\t\t<\/div>\n\t<\/section>\n\n\t<section id=\"block_ef07b45d008da1963ee8e31c4c8d3334-4\" class=\"block block--spc columns-block image-text bg-neutral-50\">\n\n\t\t\n\t\t<div class=\"container position-relative\">\n\t\t\t<div class=\"columns-block-row\">\n\t\t\t\t\t\t\t\t\n\t<div class=\"column-content \">\n\t\t\n\n<figure class=\"wp-block-image size-full\"><img loading=\"lazy\" decoding=\"async\" width=\"724\" height=\"410\" src=\"https:\/\/wwwstg.board.com\/wp-content\/uploads\/2024\/11\/capabilities_page1_img4.jpg\" alt=\"\" class=\"wp-image-7128\" srcset=\"https:\/\/wwwstg.board.com\/wp-content\/uploads\/2024\/11\/capabilities_page1_img4.jpg 724w, https:\/\/wwwstg.board.com\/wp-content\/uploads\/2024\/11\/capabilities_page1_img4-215x122.jpg 215w, https:\/\/wwwstg.board.com\/wp-content\/uploads\/2024\/11\/capabilities_page1_img4-480x272.jpg 480w, https:\/\/wwwstg.board.com\/wp-content\/uploads\/2024\/11\/capabilities_page1_img4-224x126.jpg 224w\" sizes=\"auto, (max-width: 724px) 100vw, 724px\" \/><\/figure>\n\n\t\n\t<\/div>\n\t\n\n\t<div class=\"column-content \">\n\t\t\n\n<h2 class=\"wp-block-heading\">Chargez, fusionnez et mod\u00e9lisez facilement vos donn\u00e9es<\/h2>\n\n\n\n<p>La nouvelle fonctionnalit\u00e9 d&rsquo;importation de donn\u00e9es en libre-service de Board, Smart Import, permet aux utilisateurs des entreprises de charger facilement des ensembles de donn\u00e9es \u00e0 partir de fichiers Excel, de cr\u00e9er instantan\u00e9ment des mod\u00e8les de donn\u00e9es et d&rsquo;ex\u00e9cuter aussit\u00f4t des analyses graphiques ou de cr\u00e9er des applications analytiques sans recourir \u00e0 l&rsquo;aide de l&rsquo;\u00e9quipe IT. Les utilisateurs peuvent \u00e9galement enrichir les mod\u00e8les en fusionnant plusieurs ensembles et sources de donn\u00e9es et cr\u00e9er des calculs et des formules suppl\u00e9mentaires ainsi des processus de validation des donn\u00e9es et ce, dans environnement similaire \u00e0 celui d&rsquo;Excel. <\/p>\n\n\n\t<\/div>\n\n\n\t\t\t<\/div>\n\t\t<\/div>\n\t<\/section>\n\n\t<section id=\"block_aada8fe458208f3a3e5160ef800a3f3c-5\" class=\"block block--spc columns-block image-text\">\n\n\t\t\n\t\t<div class=\"container position-relative\">\n\t\t\t<div class=\"columns-block-row\">\n\t\t\t\t\t\t\t\t\n\t<div class=\"column-content \">\n\t\t\n\n<figure class=\"wp-block-image size-full\"><img loading=\"lazy\" decoding=\"async\" width=\"814\" height=\"466\" src=\"https:\/\/wwwstg.board.com\/wp-content\/uploads\/2024\/11\/capabilities_page1_img5.jpg\" alt=\"\" class=\"wp-image-7134\" srcset=\"https:\/\/wwwstg.board.com\/wp-content\/uploads\/2024\/11\/capabilities_page1_img5.jpg 814w, https:\/\/wwwstg.board.com\/wp-content\/uploads\/2024\/11\/capabilities_page1_img5-215x123.jpg 215w, https:\/\/wwwstg.board.com\/wp-content\/uploads\/2024\/11\/capabilities_page1_img5-768x440.jpg 768w, https:\/\/wwwstg.board.com\/wp-content\/uploads\/2024\/11\/capabilities_page1_img5-480x275.jpg 480w\" sizes=\"auto, (max-width: 814px) 100vw, 814px\" \/><\/figure>\n\n\t\n\t<\/div>\n\t\n\n\t<div class=\"column-content \">\n\t\t\n\n<h2 class=\"wp-block-heading\">Organisez efficacement vos r\u00e9sultats<\/h2>\n\n\n\n<p>S\u00e9lectionnez les rapports existants, personnalisez-les et int\u00e9grez-les dans une pr\u00e9sentation en y ajoutant des commentaires et des analyses. Ainsi, cr\u00e9ez des rapports personnalis\u00e9s et ajoutez des \u00e9l\u00e9ments de narration pour pr\u00e9senter de nouveaux r\u00e9sultats et des informations cruciales. <\/p>\n\n\n\t<\/div>\n\n\n\t\t\t<\/div>\n\t\t<\/div>\n\t<\/section>\n\n\t<section id=\"block_d5491c5ce4daa26d55d48b874b40a403-6\" class=\"block block--spc columns-block \">\n\t\t<div class=\"container position-relative\">\n\t\t\t<div class=\"columns-block-row\">\n\t\t\t\t\t\t\t\t\n\t<div id=\"block_c76f7e1132b4ee17086bfa99b0efa7f6\" class=\"column-content   text-center align-self-start column-center\">\n\t\t\n\t\t<a aria-label=\"Next capability: Predictive and advanced analytics\" href=\"https:\/\/wwwstg.board.com\/predictive-and-advanced-analytics\/\" class=\"full-link full-link__icon\"  target=\"\"><\/a>\n\n\t\t<a href=\"https:\/\/wwwstg.board.com\/predictive-and-advanced-analytics\/\" class=\"btn-link btn-link--primary btn-link--icon\"  target=\"\"\t\t\t>\n\t\t\t<span>Next capability: Predictive and advanced analytics<\/span>\n\t\t\t<span class=\"ico icon-chevron-right\" aria-hidden=\"true\"><\/span>\n\t\t<\/a>\n\t\n\n\t<\/div>\n\n\n\t\t\t<\/div>\n\t\t<\/div>\n\t<\/section>\n\n\t\t<section id=\"block_23525e6ebd342b88c1b15c875dd65340-7\" class=\"block block--spc columns-block spacing-md footer-cta bg-violet-700\">\n\t\t\n\t\t\t<img loading=\"lazy\" decoding=\"async\" src=\"https:\/\/wwwstg.board.com\/wp-content\/uploads\/2024\/08\/pre-footersvg.svg\" class=\"shape-bg-image shape-bg-image-left\" alt=\"Background image shape - left\" height=\"510\" width=\"930\" aria-hidden=\"true\">\n\t\t\t<div class=\"overlay-gradient\"><\/div>\n\t\t<div class=\"container position-relative columns-70-30\">\n\t\t\t<div class=\"columns-block-row\">\n\t\t\t\t\t\t\t\t\n\t<div class=\"column-content \">\n\t\t\n\n<h2 class=\"wp-block-heading\">Voyons ce que Board peut faire pour vous.<\/h2>\n\n\n\n<p>D\u00e9couvrez la plateforme de planification d&rsquo;entreprise en action.<\/p>\n\n\n\t<\/div>\n\n\n\t<div class=\"column-content \">\n\t\t\n\t\t<a href=\"https:\/\/wwwstg.board.com\/fr\/demandez-demo\" class=\"btn-link btn-link--white\"  target=\"\"\t\t\t>\n\t\t\t<span>Parlez \u00e0 un expert<\/span>\n\t\t<\/a>\n\t\n\n\t<\/div>\n\n\n\t\t\t<\/div>\n\t\t<\/div>\n\t<\/section>\n\n\t","protected":false},"excerpt":{"rendered":"","protected":false},"author":5,"featured_media":0,"parent":0,"menu_order":0,"comment_status":"closed","ping_status":"closed","template":"","meta":{"_acf_changed":false,"_themeisle_gutenberg_block_has_review":false,"footnotes":""},"line_of_business":[4385],"page_score_tier":[],"class_list":["post-3207","page","type-page","status-publish","hentry","line_of_business-not-assigned-fr"],"acf":[],"yoast_head":"<!-- This site is optimized with the Yoast SEO plugin v27.4 - https:\/\/yoast.com\/product\/yoast-seo-wordpress\/ -->\n<title>Board | Logiciel d\u00e9cisionnel d\u2019analyse en libre-service pour tous<\/title>\n<meta name=\"description\" content=\"Logiciel intuitif d\u2019analyse et de BI en libre-service, qui permet une analyse compl\u00e8te des donn\u00e9es en quelques secondes.\" \/>\n<meta name=\"robots\" content=\"noindex, follow, max-snippet:-1, max-image-preview:large, max-video-preview:-1\" \/>\n<meta property=\"og:locale\" content=\"fr_FR\" \/>\n<meta property=\"og:type\" content=\"article\" \/>\n<meta property=\"og:title\" content=\"Board | Logiciel d\u00e9cisionnel d\u2019analyse en libre-service pour tous\" \/>\n<meta property=\"og:description\" content=\"Logiciel intuitif d\u2019analyse et de BI en libre-service, qui permet une analyse compl\u00e8te des donn\u00e9es en quelques secondes.\" \/>\n<meta property=\"og:url\" content=\"https:\/\/wwwstg.board.com\/fr\/analyse-en-libre-service\" \/>\n<meta property=\"og:site_name\" content=\"Board\" \/>\n<meta property=\"article:publisher\" content=\"https:\/\/www.facebook.com\/BOARD.International\" \/>\n<meta property=\"article:modified_time\" content=\"2025-02-26T20:33:05+00:00\" \/>\n<meta property=\"og:image\" content=\"https:\/\/wwwstg.board.com\/wp-content\/uploads\/2024\/10\/1200x627_opengraph_Board_self-service-analytics-capability.jpg\" \/>\n<meta name=\"twitter:card\" content=\"summary_large_image\" \/>\n<meta name=\"twitter:site\" content=\"@BOARDSoftware\" \/>\n<meta name=\"twitter:label1\" content=\"Dur\u00e9e de lecture estim\u00e9e\" \/>\n\t<meta name=\"twitter:data1\" content=\"6 minutes\" \/>\n<script type=\"application\/ld+json\" class=\"yoast-schema-graph\">{\"@context\":\"https:\\\/\\\/schema.org\",\"@graph\":[{\"@type\":\"WebPage\",\"@id\":\"https:\\\/\\\/wwwstg.board.com\\\/fr\\\/analyse-en-libre-service\",\"url\":\"https:\\\/\\\/wwwstg.board.com\\\/fr\\\/analyse-en-libre-service\",\"name\":\"Board | Logiciel d\u00e9cisionnel d\u2019analyse en libre-service pour tous\",\"isPartOf\":{\"@id\":\"https:\\\/\\\/wwwstg.board.com\\\/fr#website\"},\"primaryImageOfPage\":{\"@id\":\"https:\\\/\\\/wwwstg.board.com\\\/fr\\\/analyse-en-libre-service#primaryimage\"},\"image\":{\"@id\":\"https:\\\/\\\/wwwstg.board.com\\\/fr\\\/analyse-en-libre-service#primaryimage\"},\"thumbnailUrl\":\"https:\\\/\\\/wwwstg.board.com\\\/wp-content\\\/uploads\\\/2024\\\/11\\\/capabilities_page1_img1.jpg\",\"datePublished\":\"2024-11-08T08:33:35+00:00\",\"dateModified\":\"2025-02-26T20:33:05+00:00\",\"description\":\"Logiciel intuitif d\u2019analyse et de BI en libre-service, qui permet une analyse compl\u00e8te des donn\u00e9es en quelques secondes.\",\"breadcrumb\":{\"@id\":\"https:\\\/\\\/wwwstg.board.com\\\/fr\\\/analyse-en-libre-service#breadcrumb\"},\"inLanguage\":\"fr-FR\",\"potentialAction\":[{\"@type\":\"ReadAction\",\"target\":[\"https:\\\/\\\/wwwstg.board.com\\\/fr\\\/analyse-en-libre-service\"]}]},{\"@type\":\"ImageObject\",\"inLanguage\":\"fr-FR\",\"@id\":\"https:\\\/\\\/wwwstg.board.com\\\/fr\\\/analyse-en-libre-service#primaryimage\",\"url\":\"https:\\\/\\\/wwwstg.board.com\\\/wp-content\\\/uploads\\\/2024\\\/11\\\/capabilities_page1_img1.jpg\",\"contentUrl\":\"https:\\\/\\\/wwwstg.board.com\\\/wp-content\\\/uploads\\\/2024\\\/11\\\/capabilities_page1_img1.jpg\"},{\"@type\":\"BreadcrumbList\",\"@id\":\"https:\\\/\\\/wwwstg.board.com\\\/fr\\\/analyse-en-libre-service#breadcrumb\",\"itemListElement\":[{\"@type\":\"ListItem\",\"position\":1,\"name\":\"Home\",\"item\":\"https:\\\/\\\/wwwstg.board.com\\\/fr\"},{\"@type\":\"ListItem\",\"position\":2,\"name\":\"Fonctionnalit\u00e9 Board : Analyse en Libre-Service\"}]},{\"@type\":\"WebSite\",\"@id\":\"https:\\\/\\\/wwwstg.board.com\\\/fr#website\",\"url\":\"https:\\\/\\\/wwwstg.board.com\\\/fr\",\"name\":\"Board\",\"description\":\"The Enterprise Planning Platform\",\"publisher\":{\"@id\":\"https:\\\/\\\/wwwstg.board.com\\\/fr#organization\"},\"potentialAction\":[{\"@type\":\"SearchAction\",\"target\":{\"@type\":\"EntryPoint\",\"urlTemplate\":\"https:\\\/\\\/wwwstg.board.com\\\/fr?s={search_term_string}\"},\"query-input\":{\"@type\":\"PropertyValueSpecification\",\"valueRequired\":true,\"valueName\":\"search_term_string\"}}],\"inLanguage\":\"fr-FR\"},{\"@type\":\"Organization\",\"@id\":\"https:\\\/\\\/wwwstg.board.com\\\/fr#organization\",\"name\":\"Board\",\"url\":\"https:\\\/\\\/wwwstg.board.com\\\/fr\",\"logo\":{\"@type\":\"ImageObject\",\"inLanguage\":\"fr-FR\",\"@id\":\"https:\\\/\\\/wwwstg.board.com\\\/fr#\\\/schema\\\/logo\\\/image\\\/\",\"url\":\"https:\\\/\\\/wwwstg.board.com\\\/wp-content\\\/uploads\\\/2024\\\/08\\\/board-footer-logo-grey-0-1.png\",\"contentUrl\":\"https:\\\/\\\/wwwstg.board.com\\\/wp-content\\\/uploads\\\/2024\\\/08\\\/board-footer-logo-grey-0-1.png\",\"width\":297,\"height\":103,\"caption\":\"Board\"},\"image\":{\"@id\":\"https:\\\/\\\/wwwstg.board.com\\\/fr#\\\/schema\\\/logo\\\/image\\\/\"},\"sameAs\":[\"https:\\\/\\\/www.facebook.com\\\/BOARD.International\",\"https:\\\/\\\/x.com\\\/BOARDSoftware\",\"https:\\\/\\\/www.linkedin.com\\\/company\\\/board\\\/\",\"https:\\\/\\\/www.youtube.com\\\/user\\\/BOARDInternationalSA\",\"https:\\\/\\\/en.wikipedia.org\\\/wiki\\\/Board_International\"]}]}<\/script>\n<!-- \/ Yoast SEO plugin. -->","yoast_head_json":{"title":"Board | Logiciel d\u00e9cisionnel d\u2019analyse en libre-service pour tous","description":"Logiciel intuitif d\u2019analyse et de BI en libre-service, qui permet une analyse compl\u00e8te des donn\u00e9es en quelques secondes.","robots":{"index":"noindex","follow":"follow","max-snippet":"max-snippet:-1","max-image-preview":"max-image-preview:large","max-video-preview":"max-video-preview:-1"},"og_locale":"fr_FR","og_type":"article","og_title":"Board | Logiciel d\u00e9cisionnel d\u2019analyse en libre-service pour tous","og_description":"Logiciel intuitif d\u2019analyse et de BI en libre-service, qui permet une analyse compl\u00e8te des donn\u00e9es en quelques secondes.","og_url":"https:\/\/wwwstg.board.com\/fr\/analyse-en-libre-service","og_site_name":"Board","article_publisher":"https:\/\/www.facebook.com\/BOARD.International","article_modified_time":"2025-02-26T20:33:05+00:00","og_image":[{"url":"https:\/\/wwwstg.board.com\/wp-content\/uploads\/2024\/10\/1200x627_opengraph_Board_self-service-analytics-capability.jpg","type":"","width":"","height":""}],"twitter_card":"summary_large_image","twitter_site":"@BOARDSoftware","twitter_misc":{"Dur\u00e9e de lecture estim\u00e9e":"6 minutes"},"schema":{"@context":"https:\/\/schema.org","@graph":[{"@type":"WebPage","@id":"https:\/\/wwwstg.board.com\/fr\/analyse-en-libre-service","url":"https:\/\/wwwstg.board.com\/fr\/analyse-en-libre-service","name":"Board | Logiciel d\u00e9cisionnel d\u2019analyse en libre-service pour tous","isPartOf":{"@id":"https:\/\/wwwstg.board.com\/fr#website"},"primaryImageOfPage":{"@id":"https:\/\/wwwstg.board.com\/fr\/analyse-en-libre-service#primaryimage"},"image":{"@id":"https:\/\/wwwstg.board.com\/fr\/analyse-en-libre-service#primaryimage"},"thumbnailUrl":"https:\/\/wwwstg.board.com\/wp-content\/uploads\/2024\/11\/capabilities_page1_img1.jpg","datePublished":"2024-11-08T08:33:35+00:00","dateModified":"2025-02-26T20:33:05+00:00","description":"Logiciel intuitif d\u2019analyse et de BI en libre-service, qui permet une analyse compl\u00e8te des donn\u00e9es en quelques secondes.","breadcrumb":{"@id":"https:\/\/wwwstg.board.com\/fr\/analyse-en-libre-service#breadcrumb"},"inLanguage":"fr-FR","potentialAction":[{"@type":"ReadAction","target":["https:\/\/wwwstg.board.com\/fr\/analyse-en-libre-service"]}]},{"@type":"ImageObject","inLanguage":"fr-FR","@id":"https:\/\/wwwstg.board.com\/fr\/analyse-en-libre-service#primaryimage","url":"https:\/\/wwwstg.board.com\/wp-content\/uploads\/2024\/11\/capabilities_page1_img1.jpg","contentUrl":"https:\/\/wwwstg.board.com\/wp-content\/uploads\/2024\/11\/capabilities_page1_img1.jpg"},{"@type":"BreadcrumbList","@id":"https:\/\/wwwstg.board.com\/fr\/analyse-en-libre-service#breadcrumb","itemListElement":[{"@type":"ListItem","position":1,"name":"Home","item":"https:\/\/wwwstg.board.com\/fr"},{"@type":"ListItem","position":2,"name":"Fonctionnalit\u00e9 Board : Analyse en Libre-Service"}]},{"@type":"WebSite","@id":"https:\/\/wwwstg.board.com\/fr#website","url":"https:\/\/wwwstg.board.com\/fr","name":"Board","description":"The Enterprise Planning Platform","publisher":{"@id":"https:\/\/wwwstg.board.com\/fr#organization"},"potentialAction":[{"@type":"SearchAction","target":{"@type":"EntryPoint","urlTemplate":"https:\/\/wwwstg.board.com\/fr?s={search_term_string}"},"query-input":{"@type":"PropertyValueSpecification","valueRequired":true,"valueName":"search_term_string"}}],"inLanguage":"fr-FR"},{"@type":"Organization","@id":"https:\/\/wwwstg.board.com\/fr#organization","name":"Board","url":"https:\/\/wwwstg.board.com\/fr","logo":{"@type":"ImageObject","inLanguage":"fr-FR","@id":"https:\/\/wwwstg.board.com\/fr#\/schema\/logo\/image\/","url":"https:\/\/wwwstg.board.com\/wp-content\/uploads\/2024\/08\/board-footer-logo-grey-0-1.png","contentUrl":"https:\/\/wwwstg.board.com\/wp-content\/uploads\/2024\/08\/board-footer-logo-grey-0-1.png","width":297,"height":103,"caption":"Board"},"image":{"@id":"https:\/\/wwwstg.board.com\/fr#\/schema\/logo\/image\/"},"sameAs":["https:\/\/www.facebook.com\/BOARD.International","https:\/\/x.com\/BOARDSoftware","https:\/\/www.linkedin.com\/company\/board\/","https:\/\/www.youtube.com\/user\/BOARDInternationalSA","https:\/\/en.wikipedia.org\/wiki\/Board_International"]}]}},"_links":{"self":[{"href":"https:\/\/wwwstg.board.com\/fr\/wp-json\/wp\/v2\/pages\/3207","targetHints":{"allow":["GET"]}}],"collection":[{"href":"https:\/\/wwwstg.board.com\/fr\/wp-json\/wp\/v2\/pages"}],"about":[{"href":"https:\/\/wwwstg.board.com\/fr\/wp-json\/wp\/v2\/types\/page"}],"author":[{"embeddable":true,"href":"https:\/\/wwwstg.board.com\/fr\/wp-json\/wp\/v2\/users\/5"}],"replies":[{"embeddable":true,"href":"https:\/\/wwwstg.board.com\/fr\/wp-json\/wp\/v2\/comments?post=3207"}],"version-history":[{"count":0,"href":"https:\/\/wwwstg.board.com\/fr\/wp-json\/wp\/v2\/pages\/3207\/revisions"}],"wp:attachment":[{"href":"https:\/\/wwwstg.board.com\/fr\/wp-json\/wp\/v2\/media?parent=3207"}],"wp:term":[{"taxonomy":"line_of_business","embeddable":true,"href":"https:\/\/wwwstg.board.com\/fr\/wp-json\/wp\/v2\/line_of_business?post=3207"},{"taxonomy":"page_score_tier","embeddable":true,"href":"https:\/\/wwwstg.board.com\/fr\/wp-json\/wp\/v2\/page_score_tier?post=3207"}],"curies":[{"name":"wp","href":"https:\/\/api.w.org\/{rel}","templated":true}]}}