{"id":3118,"date":"2024-10-15T14:45:26","date_gmt":"2024-10-15T14:45:26","guid":{"rendered":"https:\/\/www.board.com\/?page_id=3118"},"modified":"2025-12-02T16:14:31","modified_gmt":"2025-12-02T16:14:31","slug":"analyse-predictive-et-avancee","status":"publish","type":"page","link":"https:\/\/wwwstg.board.com\/fr\/analyse-predictive-et-avancee","title":{"rendered":"Fonctionnalit\u00e9 Board : Analyse pr\u00e9dictive"},"content":{"rendered":"\t<section id=\"block_c39cefef2ae83d140ebfad703ed707a8-\" class=\"block block--spc columns-block block-hero-grad grid grid--2 bg-primary-gradient-02\">\n\t\t<div class=\"container\">\n\t\t\t<div class=\"columns-block-row\">\n\t\t\t\t\n\t<div class=\"column-content d-flex align-items-center\">\n\t\t<div class=\"hero-grad-left\">\n\t\t\t<div class=\"hero-grad-copy\">\n\t\t\t\t\t\t\t\t\n\n<h1 class=\"wp-block-heading\">Fonctionnalit\u00e9 Board : Analyse pr\u00e9dictive et analytics<\/h1>\n\n\n\n<p>Board BEAM favorise une meilleure prise de d\u00e9cision en vous permettant de tirer des \u00e9l\u00e9ments plus significatifs et pr\u00e9dictifs de vos donn\u00e9es.<\/p>\n\n\n\t<div class=\"hero-grad-nav\">\n\t\t\n\t\t<a href=\"https:\/\/wwwstg.board.com\/fr\/watch-demo\" class=\"btn-link btn-link--white\"  target=\"\"\t\t\t>\n\t\t\t<span>D\u00e9couvrez Board en action<\/span>\n\t\t<\/a>\n\t\n\n\t\t<a href=\"https:\/\/wwwstg.board.com\/fr\/demandez-demo\" class=\"btn-link btn-link--white btn-link--arrow\"  target=\"\"\t\t\t>\n\t\t\t<span>Demandez une d\u00e9mo<\/span>\n\t\t\t<span class=\"ico icon-chevron-right\" aria-hidden=\"true\"><\/span>\n\t\t<\/a>\n\t\n\n\t<\/div>\n\n\n\n\t\t\t\t\n\t\t\t\t\t\t\t<\/div>\n\t\t<\/div>\n\t<\/div>\n\n\n\t\t\t<\/div>\n\t\t<\/div>\n\t<\/section>\n\t<section id=\"block_09ac7643f1487ff1719321f6b82f1b3a-1\" class=\"block block--spc columns-block image-text\">\n\n\t\t\n\t\t<div class=\"container position-relative\">\n\t\t\t<div class=\"columns-block-row\">\n\t\t\t\t\t\t\t\t\n\t<div class=\"column-content \">\n\t\t\n\n<p>Int\u00e9grer toujours plus de capacit\u00e9s analytiques et pr\u00e9dictives avanc\u00e9es dans les processus d\u00e9cisionnels de l\u2019entreprise pour en assurer l\u2019agilit\u00e9 n\u00e9cessaire afin d\u2019op\u00e9rer au rythme ultra-rapide des entreprises d\u2019aujourd\u2019hui. Dans le but de construire manuellement des mod\u00e8les de donn\u00e9es analytiques, l\u2019exigence de le faire de fa\u00e7on plus simple en permettant aux utilisateurs professionnels de prendre la main sans devoir recourir aux experts actuellement n\u00e9cessaire avec les produits d\u2019exploration de donn\u00e9es et analytiques traditionnels. Board BEAM est une solution r\u00e9volutionnaire, qui permet d\u2019incorporer de mani\u00e8re efficace toute la puissance de l\u2019analytique pr\u00e9dictive dans les op\u00e9rations li\u00e9es au business et les processus de prise de d\u00e9cision quotidiens. <\/p>\n\n\n\t<\/div>\n\n\n\t<div class=\"column-content \">\n\t\t\n\n<figure class=\"wp-block-image size-full is-resized\"><img loading=\"lazy\" decoding=\"async\" width=\"1176\" height=\"821\" src=\"https:\/\/wwwstg.board.com\/wp-content\/uploads\/2024\/09\/board-dashboard-screens-laptop.png\" alt=\"\" class=\"wp-image-712\" style=\"width:410px;height:auto\" srcset=\"https:\/\/wwwstg.board.com\/wp-content\/uploads\/2024\/09\/board-dashboard-screens-laptop.png 1176w, https:\/\/wwwstg.board.com\/wp-content\/uploads\/2024\/09\/board-dashboard-screens-laptop-215x150.png 215w, https:\/\/wwwstg.board.com\/wp-content\/uploads\/2024\/09\/board-dashboard-screens-laptop-768x536.png 768w, https:\/\/wwwstg.board.com\/wp-content\/uploads\/2024\/09\/board-dashboard-screens-laptop-480x335.png 480w\" sizes=\"auto, (max-width: 1176px) 100vw, 1176px\" \/><\/figure>\n\n\t\n\t<\/div>\n\t\n\n\t\t\t<\/div>\n\t\t<\/div>\n\t<\/section>\n\n\t<section id=\"block_feb971670b649bc6208ad42a1f587baf-2\" class=\"block block--spc columns-block image-text bg-neutral-50\">\n\n\t\t\n\t\t<div class=\"container position-relative\">\n\t\t\t<div class=\"columns-block-row\">\n\t\t\t\t\t\t\t\t\n\t<div class=\"column-content \">\n\t\t\n\n<figure class=\"wp-block-image size-full is-resized\"><img decoding=\"async\" src=\"https:\/\/wwwstg.board.com\/wp-content\/uploads\/2024\/09\/business-prediction.svg\" alt=\"\" class=\"wp-image-713\" style=\"width:362px;height:auto\"\/><\/figure>\n\n\t\n\t<\/div>\n\t\n\n\t<div class=\"column-content \">\n\t\t\n\n<h3 class=\"wp-block-heading\">Transformez votre histoire en pr\u00e9vision<\/h3>\n\n\n\n<p>Board exploite la mod\u00e9lisation pr\u00e9dictive automatis\u00e9e pour g\u00e9n\u00e9rer des pr\u00e9visions extr\u00eamement pr\u00e9cises, rapidement et efficacement. En \u00e9valuant les caract\u00e9ristiques de chaque s\u00e9rie temporelle, Board produit des mod\u00e8les adapt\u00e9s et ex\u00e9cute les pr\u00e9visions bien plus rapidement que les solutions traditionnelles. Cette capacit\u00e9 d\u2019anticipation peut \u00eatre renforc\u00e9e par l\u2019int\u00e9gration de variables externes (covariables) afin d\u2019affiner les pr\u00e9visions.  <\/p>\n\n\n\t<\/div>\n\n\n\t\t\t<\/div>\n\t\t<\/div>\n\t<\/section>\n\n\t<section id=\"block_09ac7643f1487ff1719321f6b82f1b3a-3\" class=\"block block--spc columns-block image-text\">\n\n\t\t\n\t\t<div class=\"container position-relative\">\n\t\t\t<div class=\"columns-block-row\">\n\t\t\t\t\t\t\t\t\n\t<div class=\"column-content \">\n\t\t\n\n<h3 class=\"wp-block-heading\">Ex\u00e9cutez cluster et analyses de segmentation instantan\u00e9s<\/h3>\n\n\n\n<p> Board permet le clustering automatique d\u2019objets similaires \u00e0 l\u2019aide de la m\u00e9thodologie k-means. Les utilisateurs m\u00e9tiers peuvent d\u00e9finir le nombre de groupes et les ensembles d\u2019observations (par exemple la rentabilit\u00e9 et le chiffre d\u2019affaires), et Board cr\u00e9e instantan\u00e9ment des clusters k-means disponibles en tant que dimensions pour des analyses ult\u00e9rieures. Cette int\u00e9gration permet de cr\u00e9er imm\u00e9diatement des rapports, des graphiques et des analyses en self-service bas\u00e9s sur les clusters, qui peuvent \u00e9galement \u00eatre utilis\u00e9s comme unit\u00e9s de pr\u00e9vision ou de planification.  <\/p>\n\n\n\t<\/div>\n\n\n\t<div class=\"column-content \">\n\t\t\n\n<figure class=\"wp-block-image size-full is-resized\"><img loading=\"lazy\" decoding=\"async\" width=\"705\" height=\"599\" src=\"https:\/\/wwwstg.board.com\/wp-content\/uploads\/2024\/09\/clustering.png\" alt=\"\" class=\"wp-image-714\" style=\"width:410px;height:auto\" srcset=\"https:\/\/wwwstg.board.com\/wp-content\/uploads\/2024\/09\/clustering.png 705w, https:\/\/wwwstg.board.com\/wp-content\/uploads\/2024\/09\/clustering-215x183.png 215w, https:\/\/wwwstg.board.com\/wp-content\/uploads\/2024\/09\/clustering-480x408.png 480w\" sizes=\"auto, (max-width: 705px) 100vw, 705px\" \/><\/figure>\n\n\t\n\t<\/div>\n\t\n\n\t\t\t<\/div>\n\t\t<\/div>\n\t<\/section>\n\n\t<section id=\"block_feb971670b649bc6208ad42a1f587baf-4\" class=\"block block--spc columns-block image-text bg-neutral-50\">\n\n\t\t\n\t\t<div class=\"container position-relative\">\n\t\t\t<div class=\"columns-block-row\">\n\t\t\t\t\t\t\t\t\n\t<div class=\"column-content \">\n\t\t\n\n<figure class=\"wp-block-image size-full is-resized\"><img loading=\"lazy\" decoding=\"async\" width=\"1041\" height=\"657\" src=\"https:\/\/wwwstg.board.com\/wp-content\/uploads\/2024\/09\/predictive_analytics_statistical_functions.png\" alt=\"\" class=\"wp-image-716\" style=\"width:362px;height:auto\" srcset=\"https:\/\/wwwstg.board.com\/wp-content\/uploads\/2024\/09\/predictive_analytics_statistical_functions.png 1041w, https:\/\/wwwstg.board.com\/wp-content\/uploads\/2024\/09\/predictive_analytics_statistical_functions-215x136.png 215w, https:\/\/wwwstg.board.com\/wp-content\/uploads\/2024\/09\/predictive_analytics_statistical_functions-768x485.png 768w, https:\/\/wwwstg.board.com\/wp-content\/uploads\/2024\/09\/predictive_analytics_statistical_functions-480x303.png 480w\" sizes=\"auto, (max-width: 1041px) 100vw, 1041px\" \/><\/figure>\n\n\t\n\t<\/div>\n\t\n\n\t<div class=\"column-content \">\n\t\t\n\n<h3 class=\"wp-block-heading\">Exploitez la puissance des fonctions statistiques de Board<\/h3>\n\n\n\n<p>Board propose un ensemble complet de fonctions statistiques pr\u00eates \u00e0 l\u2019emploi, incluant des indicateurs classiques comme min\/max, moyenne et \u00e9cart type, ainsi que des algorithmes m\u00e9tier sp\u00e9cifiques pour la fr\u00e9quence, la r\u00e9cence, l\u2019inactivit\u00e9 et la nascency. Parfaitement int\u00e9gr\u00e9es \u00e0 la plateforme Board, ces fonctions permettent aux utilisateurs de cr\u00e9er instantan\u00e9ment des analyses, des tableaux de bord et des rapports robustes. <\/p>\n\n\n\t<\/div>\n\n\n\t\t\t<\/div>\n\t\t<\/div>\n\t<\/section>\n\n\t<section id=\"block_47d24cacfcc9f001f06f6dc731a73e20-5\" class=\"block block--spc columns-block \">\n\t\t<div class=\"container position-relative\">\n\t\t\t<div class=\"columns-block-row\">\n\t\t\t\t\t\t\t\t\n\t<div id=\"block_3c3d799377c99261d24aeaed25d6b58a\" class=\"column-content   text-center align-self-center column-center\">\n\t\t\n\t\t<a aria-label=\"Next capability: MS Office\u00ae integration\" href=\"https:\/\/wwwstg.board.com\/fr\/integration-de-ms-office\" class=\"full-link full-link__icon\"  target=\"\"><\/a>\n\n\t\t<a href=\"https:\/\/wwwstg.board.com\/fr\/integration-de-ms-office\" class=\"btn-link btn-link--primary btn-link--icon\"  target=\"\"\t\t\t>\n\t\t\t<span>Next capability: MS Office\u00ae integration<\/span>\n\t\t\t<span class=\"ico icon-chevron-right\" aria-hidden=\"true\"><\/span>\n\t\t<\/a>\n\t\n\n\t<\/div>\n\n\n\t\t\t<\/div>\n\t\t<\/div>\n\t<\/section>\n\n\t\t<section id=\"block_f5ee2247538c6fe22b6b0746a784dfdc-6\" class=\"block block--spc columns-block spacing-md footer-cta bg-violet-700\">\n\t\t\n\t\t\t<img loading=\"lazy\" decoding=\"async\" src=\"https:\/\/wwwstg.board.com\/wp-content\/uploads\/2024\/08\/pre-footersvg.svg\" class=\"shape-bg-image shape-bg-image-left\" alt=\"Background image shape - left\" height=\"510\" width=\"930\" aria-hidden=\"true\">\n\t\t\t<div class=\"overlay-gradient\"><\/div>\n\t\t<div class=\"container position-relative columns-70-30\">\n\t\t\t<div class=\"columns-block-row\">\n\t\t\t\t\t\t\t\t\n\t<div class=\"column-content \">\n\t\t\n\n<h2 class=\"wp-block-heading\">Voyons ce que Board peut faire pour vous.<\/h2>\n\n\n\n<p>D\u00e9couvrez la plateforme de planification d&rsquo;entreprise en action.<\/p>\n\n\n\t<\/div>\n\n\n\t<div class=\"column-content \">\n\t\t\n\t\t<a href=\"https:\/\/wwwstg.board.com\/fr\/demandez-demo\" class=\"btn-link btn-link--white\"  target=\"\"\t\t\t>\n\t\t\t<span>Parlez \u00e0 un expert<\/span>\n\t\t<\/a>\n\t\n\n\t<\/div>\n\n\n\t\t\t<\/div>\n\t\t<\/div>\n\t<\/section>\n\n\t","protected":false},"excerpt":{"rendered":"","protected":false},"author":5,"featured_media":0,"parent":0,"menu_order":0,"comment_status":"closed","ping_status":"closed","template":"","meta":{"_acf_changed":false,"_themeisle_gutenberg_block_has_review":false,"footnotes":""},"line_of_business":[4385],"page_score_tier":[],"class_list":["post-3118","page","type-page","status-publish","hentry","line_of_business-not-assigned-fr"],"acf":[],"yoast_head":"<!-- This site is optimized with the Yoast SEO plugin v27.4 - https:\/\/yoast.com\/product\/yoast-seo-wordpress\/ -->\n<title>Outils d\u2019analyse pr\u00e9dictive et logiciel d\u2019analyse avanc\u00e9e<\/title>\n<meta name=\"description\" content=\"Avec Board BEAM, int\u00e9grez la puissance de l&#039;analyse pr\u00e9dictive dans les op\u00e9rations quotidiennes de votre entreprise pour une planification optimis\u00e9e.\" \/>\n<meta name=\"robots\" content=\"noindex, follow, max-snippet:-1, max-image-preview:large, max-video-preview:-1\" \/>\n<meta property=\"og:locale\" content=\"fr_FR\" \/>\n<meta property=\"og:type\" content=\"article\" \/>\n<meta property=\"og:title\" content=\"Outils d\u2019analyse pr\u00e9dictive et logiciel d\u2019analyse avanc\u00e9e\" \/>\n<meta property=\"og:description\" content=\"Avec Board BEAM, int\u00e9grez la puissance de l&#039;analyse pr\u00e9dictive dans les op\u00e9rations quotidiennes de votre entreprise pour une planification optimis\u00e9e.\" \/>\n<meta property=\"og:url\" content=\"https:\/\/wwwstg.board.com\/fr\/analyse-predictive-et-avancee\" \/>\n<meta property=\"og:site_name\" content=\"Board\" \/>\n<meta property=\"article:publisher\" content=\"https:\/\/www.facebook.com\/BOARD.International\" \/>\n<meta property=\"article:modified_time\" content=\"2025-12-02T16:14:31+00:00\" \/>\n<meta property=\"og:image\" content=\"https:\/\/wwwstg.board.com\/wp-content\/uploads\/2024\/09\/1200x627_opengraph_Board_Predictive-and-advanced-analytics-capability.jpg\" \/>\n<meta name=\"twitter:card\" content=\"summary_large_image\" \/>\n<meta name=\"twitter:site\" content=\"@BOARDSoftware\" \/>\n<meta name=\"twitter:label1\" content=\"Dur\u00e9e de lecture estim\u00e9e\" \/>\n\t<meta name=\"twitter:data1\" content=\"6 minutes\" \/>\n<script type=\"application\/ld+json\" class=\"yoast-schema-graph\">{\"@context\":\"https:\\\/\\\/schema.org\",\"@graph\":[{\"@type\":\"WebPage\",\"@id\":\"https:\\\/\\\/wwwstg.board.com\\\/fr\\\/analyse-predictive-et-avancee\",\"url\":\"https:\\\/\\\/wwwstg.board.com\\\/fr\\\/analyse-predictive-et-avancee\",\"name\":\"Outils d\u2019analyse pr\u00e9dictive et logiciel d\u2019analyse avanc\u00e9e\",\"isPartOf\":{\"@id\":\"https:\\\/\\\/wwwstg.board.com\\\/fr#website\"},\"primaryImageOfPage\":{\"@id\":\"https:\\\/\\\/wwwstg.board.com\\\/fr\\\/analyse-predictive-et-avancee#primaryimage\"},\"image\":{\"@id\":\"https:\\\/\\\/wwwstg.board.com\\\/fr\\\/analyse-predictive-et-avancee#primaryimage\"},\"thumbnailUrl\":\"https:\\\/\\\/wwwstg.board.com\\\/wp-content\\\/uploads\\\/2024\\\/09\\\/board-dashboard-screens-laptop.png\",\"datePublished\":\"2024-10-15T14:45:26+00:00\",\"dateModified\":\"2025-12-02T16:14:31+00:00\",\"description\":\"Avec Board BEAM, int\u00e9grez la puissance de l'analyse pr\u00e9dictive dans les op\u00e9rations quotidiennes de votre entreprise pour une planification optimis\u00e9e.\",\"breadcrumb\":{\"@id\":\"https:\\\/\\\/wwwstg.board.com\\\/fr\\\/analyse-predictive-et-avancee#breadcrumb\"},\"inLanguage\":\"fr-FR\",\"potentialAction\":[{\"@type\":\"ReadAction\",\"target\":[\"https:\\\/\\\/wwwstg.board.com\\\/fr\\\/analyse-predictive-et-avancee\"]}]},{\"@type\":\"ImageObject\",\"inLanguage\":\"fr-FR\",\"@id\":\"https:\\\/\\\/wwwstg.board.com\\\/fr\\\/analyse-predictive-et-avancee#primaryimage\",\"url\":\"https:\\\/\\\/wwwstg.board.com\\\/wp-content\\\/uploads\\\/2024\\\/09\\\/board-dashboard-screens-laptop.png\",\"contentUrl\":\"https:\\\/\\\/wwwstg.board.com\\\/wp-content\\\/uploads\\\/2024\\\/09\\\/board-dashboard-screens-laptop.png\"},{\"@type\":\"BreadcrumbList\",\"@id\":\"https:\\\/\\\/wwwstg.board.com\\\/fr\\\/analyse-predictive-et-avancee#breadcrumb\",\"itemListElement\":[{\"@type\":\"ListItem\",\"position\":1,\"name\":\"Home\",\"item\":\"https:\\\/\\\/wwwstg.board.com\\\/fr\"},{\"@type\":\"ListItem\",\"position\":2,\"name\":\"Fonctionnalit\u00e9 Board : Analyse pr\u00e9dictive\"}]},{\"@type\":\"WebSite\",\"@id\":\"https:\\\/\\\/wwwstg.board.com\\\/fr#website\",\"url\":\"https:\\\/\\\/wwwstg.board.com\\\/fr\",\"name\":\"Board\",\"description\":\"The Enterprise Planning Platform\",\"publisher\":{\"@id\":\"https:\\\/\\\/wwwstg.board.com\\\/fr#organization\"},\"potentialAction\":[{\"@type\":\"SearchAction\",\"target\":{\"@type\":\"EntryPoint\",\"urlTemplate\":\"https:\\\/\\\/wwwstg.board.com\\\/fr?s={search_term_string}\"},\"query-input\":{\"@type\":\"PropertyValueSpecification\",\"valueRequired\":true,\"valueName\":\"search_term_string\"}}],\"inLanguage\":\"fr-FR\"},{\"@type\":\"Organization\",\"@id\":\"https:\\\/\\\/wwwstg.board.com\\\/fr#organization\",\"name\":\"Board\",\"url\":\"https:\\\/\\\/wwwstg.board.com\\\/fr\",\"logo\":{\"@type\":\"ImageObject\",\"inLanguage\":\"fr-FR\",\"@id\":\"https:\\\/\\\/wwwstg.board.com\\\/fr#\\\/schema\\\/logo\\\/image\\\/\",\"url\":\"https:\\\/\\\/wwwstg.board.com\\\/wp-content\\\/uploads\\\/2024\\\/08\\\/board-footer-logo-grey-0-1.png\",\"contentUrl\":\"https:\\\/\\\/wwwstg.board.com\\\/wp-content\\\/uploads\\\/2024\\\/08\\\/board-footer-logo-grey-0-1.png\",\"width\":297,\"height\":103,\"caption\":\"Board\"},\"image\":{\"@id\":\"https:\\\/\\\/wwwstg.board.com\\\/fr#\\\/schema\\\/logo\\\/image\\\/\"},\"sameAs\":[\"https:\\\/\\\/www.facebook.com\\\/BOARD.International\",\"https:\\\/\\\/x.com\\\/BOARDSoftware\",\"https:\\\/\\\/www.linkedin.com\\\/company\\\/board\\\/\",\"https:\\\/\\\/www.youtube.com\\\/user\\\/BOARDInternationalSA\",\"https:\\\/\\\/en.wikipedia.org\\\/wiki\\\/Board_International\"]}]}<\/script>\n<!-- \/ Yoast SEO plugin. -->","yoast_head_json":{"title":"Outils d\u2019analyse pr\u00e9dictive et logiciel d\u2019analyse avanc\u00e9e","description":"Avec Board BEAM, int\u00e9grez la puissance de l'analyse pr\u00e9dictive dans les op\u00e9rations quotidiennes de votre entreprise pour une planification optimis\u00e9e.","robots":{"index":"noindex","follow":"follow","max-snippet":"max-snippet:-1","max-image-preview":"max-image-preview:large","max-video-preview":"max-video-preview:-1"},"og_locale":"fr_FR","og_type":"article","og_title":"Outils d\u2019analyse pr\u00e9dictive et logiciel d\u2019analyse avanc\u00e9e","og_description":"Avec Board BEAM, int\u00e9grez la puissance de l'analyse pr\u00e9dictive dans les op\u00e9rations quotidiennes de votre entreprise pour une planification optimis\u00e9e.","og_url":"https:\/\/wwwstg.board.com\/fr\/analyse-predictive-et-avancee","og_site_name":"Board","article_publisher":"https:\/\/www.facebook.com\/BOARD.International","article_modified_time":"2025-12-02T16:14:31+00:00","og_image":[{"url":"https:\/\/wwwstg.board.com\/wp-content\/uploads\/2024\/09\/1200x627_opengraph_Board_Predictive-and-advanced-analytics-capability.jpg","type":"","width":"","height":""}],"twitter_card":"summary_large_image","twitter_site":"@BOARDSoftware","twitter_misc":{"Dur\u00e9e de lecture estim\u00e9e":"6 minutes"},"schema":{"@context":"https:\/\/schema.org","@graph":[{"@type":"WebPage","@id":"https:\/\/wwwstg.board.com\/fr\/analyse-predictive-et-avancee","url":"https:\/\/wwwstg.board.com\/fr\/analyse-predictive-et-avancee","name":"Outils d\u2019analyse pr\u00e9dictive et logiciel d\u2019analyse avanc\u00e9e","isPartOf":{"@id":"https:\/\/wwwstg.board.com\/fr#website"},"primaryImageOfPage":{"@id":"https:\/\/wwwstg.board.com\/fr\/analyse-predictive-et-avancee#primaryimage"},"image":{"@id":"https:\/\/wwwstg.board.com\/fr\/analyse-predictive-et-avancee#primaryimage"},"thumbnailUrl":"https:\/\/wwwstg.board.com\/wp-content\/uploads\/2024\/09\/board-dashboard-screens-laptop.png","datePublished":"2024-10-15T14:45:26+00:00","dateModified":"2025-12-02T16:14:31+00:00","description":"Avec Board BEAM, int\u00e9grez la puissance de l'analyse pr\u00e9dictive dans les op\u00e9rations quotidiennes de votre entreprise pour une planification optimis\u00e9e.","breadcrumb":{"@id":"https:\/\/wwwstg.board.com\/fr\/analyse-predictive-et-avancee#breadcrumb"},"inLanguage":"fr-FR","potentialAction":[{"@type":"ReadAction","target":["https:\/\/wwwstg.board.com\/fr\/analyse-predictive-et-avancee"]}]},{"@type":"ImageObject","inLanguage":"fr-FR","@id":"https:\/\/wwwstg.board.com\/fr\/analyse-predictive-et-avancee#primaryimage","url":"https:\/\/wwwstg.board.com\/wp-content\/uploads\/2024\/09\/board-dashboard-screens-laptop.png","contentUrl":"https:\/\/wwwstg.board.com\/wp-content\/uploads\/2024\/09\/board-dashboard-screens-laptop.png"},{"@type":"BreadcrumbList","@id":"https:\/\/wwwstg.board.com\/fr\/analyse-predictive-et-avancee#breadcrumb","itemListElement":[{"@type":"ListItem","position":1,"name":"Home","item":"https:\/\/wwwstg.board.com\/fr"},{"@type":"ListItem","position":2,"name":"Fonctionnalit\u00e9 Board : Analyse pr\u00e9dictive"}]},{"@type":"WebSite","@id":"https:\/\/wwwstg.board.com\/fr#website","url":"https:\/\/wwwstg.board.com\/fr","name":"Board","description":"The Enterprise Planning Platform","publisher":{"@id":"https:\/\/wwwstg.board.com\/fr#organization"},"potentialAction":[{"@type":"SearchAction","target":{"@type":"EntryPoint","urlTemplate":"https:\/\/wwwstg.board.com\/fr?s={search_term_string}"},"query-input":{"@type":"PropertyValueSpecification","valueRequired":true,"valueName":"search_term_string"}}],"inLanguage":"fr-FR"},{"@type":"Organization","@id":"https:\/\/wwwstg.board.com\/fr#organization","name":"Board","url":"https:\/\/wwwstg.board.com\/fr","logo":{"@type":"ImageObject","inLanguage":"fr-FR","@id":"https:\/\/wwwstg.board.com\/fr#\/schema\/logo\/image\/","url":"https:\/\/wwwstg.board.com\/wp-content\/uploads\/2024\/08\/board-footer-logo-grey-0-1.png","contentUrl":"https:\/\/wwwstg.board.com\/wp-content\/uploads\/2024\/08\/board-footer-logo-grey-0-1.png","width":297,"height":103,"caption":"Board"},"image":{"@id":"https:\/\/wwwstg.board.com\/fr#\/schema\/logo\/image\/"},"sameAs":["https:\/\/www.facebook.com\/BOARD.International","https:\/\/x.com\/BOARDSoftware","https:\/\/www.linkedin.com\/company\/board\/","https:\/\/www.youtube.com\/user\/BOARDInternationalSA","https:\/\/en.wikipedia.org\/wiki\/Board_International"]}]}},"_links":{"self":[{"href":"https:\/\/wwwstg.board.com\/fr\/wp-json\/wp\/v2\/pages\/3118","targetHints":{"allow":["GET"]}}],"collection":[{"href":"https:\/\/wwwstg.board.com\/fr\/wp-json\/wp\/v2\/pages"}],"about":[{"href":"https:\/\/wwwstg.board.com\/fr\/wp-json\/wp\/v2\/types\/page"}],"author":[{"embeddable":true,"href":"https:\/\/wwwstg.board.com\/fr\/wp-json\/wp\/v2\/users\/5"}],"replies":[{"embeddable":true,"href":"https:\/\/wwwstg.board.com\/fr\/wp-json\/wp\/v2\/comments?post=3118"}],"version-history":[{"count":0,"href":"https:\/\/wwwstg.board.com\/fr\/wp-json\/wp\/v2\/pages\/3118\/revisions"}],"wp:attachment":[{"href":"https:\/\/wwwstg.board.com\/fr\/wp-json\/wp\/v2\/media?parent=3118"}],"wp:term":[{"taxonomy":"line_of_business","embeddable":true,"href":"https:\/\/wwwstg.board.com\/fr\/wp-json\/wp\/v2\/line_of_business?post=3118"},{"taxonomy":"page_score_tier","embeddable":true,"href":"https:\/\/wwwstg.board.com\/fr\/wp-json\/wp\/v2\/page_score_tier?post=3118"}],"curies":[{"name":"wp","href":"https:\/\/api.w.org\/{rel}","templated":true}]}}