{"id":10834,"date":"2024-09-25T07:52:55","date_gmt":"2024-09-25T07:52:55","guid":{"rendered":"https:\/\/www.board.com\/visionner-une-video-de-demo\/"},"modified":"2025-08-13T10:33:51","modified_gmt":"2025-08-13T10:33:51","slug":"watch-demo","status":"publish","type":"page","link":"https:\/\/wwwstg.board.com\/fr\/watch-demo","title":{"rendered":"Visionner une vid\u00e9o de d\u00e9mo"},"content":{"rendered":"\t<section id=\"block_230a210b8bfaffa434923053811a0c9c-\" class=\"block block--spc columns-block block-hero-grad grid grid--2 bg-primary-gradient-02\">\n\t\t<div class=\"container\">\n\t\t\t<div class=\"columns-block-row\">\n\t\t\t\t\n\t<div class=\"column-content d-flex align-items-center\">\n\t\t<div class=\"hero-grad-left\">\n\t\t\t<div class=\"hero-grad-copy\">\n\t\t\t\t\t\t\t\t\n\n<h1 class=\"wp-block-heading\">Voir Board en action.<\/h1>\n\n\n\n<p>Acc\u00e9dez \u00e0 notre biblioth\u00e8que de vid\u00e9os de d\u00e9mos \u00e0 la demande de la plateforme Board en contexte et d\u00e9couvrir des informations qui vous feront passer des feuilles de calcul au super-h\u00e9ros dans les domaines de la finance, du Retail, CPG, des produits de grande consommation, du secteur manufacturier et bien plus encore.<\/p>\n\n\n\n\t\t\t\t\n\t\t\t\t\t\t\t<\/div>\n\t\t<\/div>\n\t<\/div>\n\n\n\t\t<div class=\"column-content text-start align-self-start\">\n\t\t\t<div class=\"hero-grad-right\">\n\t\t\t\t\n\n\n\n\t\t\t<\/div>\n\t\t<\/div>\n\t\n\n\t\t\t<\/div>\n\t\t<\/div>\n\t<\/section>\n\t<section id=\"block_43a083256c778475eec41abeb7c27b3d-1\" class=\"block block--spc columns-block block-title-template block-margin-top block-title-page\">\n\t\t<div class=\"container position-relative\">\n\t\t\t<div class=\"columns-block-row\">\n\t\t\t\t<div class=\"column-content text-start align-self-start\">\n\t\t\t\t\t\t\t\t\t\t\n\n<h3 class=\"wp-block-heading has-text-align-center visual-h2\">Plus de 2 000 entreprises leaders nous font confiance.<\/h3>\n\n\n\t\t\t\t<\/div>\n\t\t\t<\/div>\n\t\t<\/div>\n\t<\/section>\n\n\t\t<section id=\"block_a9fc2fd5c80c57153d4eb51ff776adc9-2\" class=\"block block--spc columns-block block-customer-taxonomy-feed grid grid--5\">\n\t\t<div class=\"container\">\n\t\t\t\n\t\t\t\t\t\t\t\n\t\t\t\t\t\t\t\t\t\t\t\t\t\t\t<div class=\"customer-taxonomy-static\">\n\t\t\t\t\t\t\t<div class=\"customer-taxonomy-group columns-block-row\">\n\t\t\t\t\t\t\t\t\t\t\t\t\t\t\t\t\t\t\t\t\t\t\t\t\t\t<article class=\"card customer--taxonomy\">\n\t\t\t\t\t\t\t\t\t\t<div class=\"customer-taxonomy-img\">\n\t\t\t\t\t\t\t\t\t\t\t<img class=\"logo logo--base main no-manual-sizing\"\n\t\t\t\t\t\t\t\t\t\t\t\tstyle=\"; filter: none\"\n\t\t\t\t\t\t\t\t\t\t\t\tsrc=\"https:\/\/wwwstg.board.com\/wp-content\/uploads\/2025\/02\/kraftheinz-1.svg\" alt=\"\" \/>\n\t\t\t\t\t\t\t\t\t\t<\/div>\n\t\t\t\t\t\t\t\t\t<\/article>\n\t\t\t\t\t\t\t\t\t\t\t\t\t\t\t\t\t\t\t\t\t\t\t\t\t\t<article class=\"card customer--taxonomy\">\n\t\t\t\t\t\t\t\t\t\t<div class=\"customer-taxonomy-img\">\n\t\t\t\t\t\t\t\t\t\t\t<img class=\"logo logo--base main \"\n\t\t\t\t\t\t\t\t\t\t\t\tstyle=\"height: 42px; width: auto; filter: none\"\n\t\t\t\t\t\t\t\t\t\t\t\tsrc=\"https:\/\/wwwstg.board.com\/wp-content\/uploads\/2025\/02\/kimberly-clark_logo-1.svg\" alt=\"\" \/>\n\t\t\t\t\t\t\t\t\t\t<\/div>\n\t\t\t\t\t\t\t\t\t<\/article>\n\t\t\t\t\t\t\t\t\t\t\t\t\t\t\t\t\t\t\t\t\t\t\t\t\t\t<article class=\"card customer--taxonomy\">\n\t\t\t\t\t\t\t\t\t\t<div class=\"customer-taxonomy-img\">\n\t\t\t\t\t\t\t\t\t\t\t<img class=\"logo logo--base main \"\n\t\t\t\t\t\t\t\t\t\t\t\tstyle=\"width: 90px; height: auto; filter: none\"\n\t\t\t\t\t\t\t\t\t\t\t\tsrc=\"https:\/\/wwwstg.board.com\/wp-content\/uploads\/2025\/02\/mcdonalds_logo-1.svg\" alt=\"\" \/>\n\t\t\t\t\t\t\t\t\t\t<\/div>\n\t\t\t\t\t\t\t\t\t<\/article>\n\t\t\t\t\t\t\t\t\t\t\t\t\t\t\t\t\t\t\t\t\t\t\t\t\t\t<article class=\"card customer--taxonomy\">\n\t\t\t\t\t\t\t\t\t\t<div class=\"customer-taxonomy-img\">\n\t\t\t\t\t\t\t\t\t\t\t<img class=\"logo logo--base main \"\n\t\t\t\t\t\t\t\t\t\t\t\tstyle=\"width: 90px; height: auto; filter: none\"\n\t\t\t\t\t\t\t\t\t\t\t\tsrc=\"https:\/\/wwwstg.board.com\/wp-content\/uploads\/2025\/02\/toyota_logo-6-768x628.png\" alt=\"\" \/>\n\t\t\t\t\t\t\t\t\t\t<\/div>\n\t\t\t\t\t\t\t\t\t<\/article>\n\t\t\t\t\t\t\t\t\t\t\t\t\t\t\t\t\t\t\t\t\t\t\t\t\t\t<article class=\"card customer--taxonomy\">\n\t\t\t\t\t\t\t\t\t\t<div class=\"customer-taxonomy-img\">\n\t\t\t\t\t\t\t\t\t\t\t<img class=\"logo logo--base main \"\n\t\t\t\t\t\t\t\t\t\t\t\tstyle=\"width: 90px; height: auto; filter: none\"\n\t\t\t\t\t\t\t\t\t\t\t\tsrc=\"https:\/\/wwwstg.board.com\/wp-content\/uploads\/2025\/02\/tetra-pak_logo-4-768x768.png\" alt=\"\" \/>\n\t\t\t\t\t\t\t\t\t\t<\/div>\n\t\t\t\t\t\t\t\t\t<\/article>\n\t\t\t\t\t\t\t\t\t\t\t\t\t\t\t<\/div>\n\t\t\t\t\t\t<\/div>\n\t\t\t\t\t\t\t\t\t\t\t\t\t\t<\/div>\n\t<\/section>\n\t<section id=\"block_43a083256c778475eec41abeb7c27b3d-3\" class=\"block block--spc columns-block block-title-template block-margin-top block-title-page\">\n\t\t<div class=\"container position-relative\">\n\t\t\t<div class=\"columns-block-row\">\n\t\t\t\t<div class=\"column-content text-start align-self-start\">\n\t\t\t\t\t\t\t\t\t\t\n\n<h3 class=\"wp-block-heading has-text-align-center visual-h2\">D\u00e9couvrez comment les entreprises les plus performantes du monde planifient plus intelligemment avec Board.<\/h3>\n\n\n\t\t\t\t<\/div>\n\t\t\t<\/div>\n\t\t<\/div>\n\t<\/section>\n\n\t\t<section id=\"block_e45c81b4e5b623e90ed47f571be76f0a-4\" class=\"block block--spc columns-block columns-grid grid grid--4 columns\">\n\t\t<div class=\"container position-relative\">\n\t\t\t<div class=\"columns-block-row\">\n\t\t\t\t\t\t\t\t\n\t<article class=\"card card--column\">\n\t\t\t\t\t<div class=\"ratio ratio-1x1\">\n\t\t\t\t<img decoding=\"async\" src=\"https:\/\/wwwstg.board.com\/wp-content\/uploads\/2024\/11\/icon-machine-learning.svg\" alt=\"\" loading=\"lazy\">\n\t\t\t<\/div>\n\t\t\t\t<div class=\"card-body\">\n\t\t\t\n\n<p class=\"card-text\">Visibilit\u00e9 compl\u00e8te des performances de l&rsquo;entreprise en une seule vue en temps r\u00e9el<\/p>\n\n\n\t\t<\/div>\t\t\n\t<\/article>\n\t\n\n\t<article class=\"card card--column\">\n\t\t\t\t\t<div class=\"ratio ratio-1x1\">\n\t\t\t\t<img decoding=\"async\" src=\"https:\/\/wwwstg.board.com\/wp-content\/uploads\/2024\/11\/icon-misalignment-detection.svg\" alt=\"\" loading=\"lazy\">\n\t\t\t<\/div>\n\t\t\t\t<div class=\"card-body\">\n\t\t\t\n\n<p class=\"card-text\">Des rapports de planification financi\u00e8re et d&rsquo;analyse dynamiques et accessibles \u00e0 tous<\/p>\n\n\n\t\t<\/div>\t\t\n\t<\/article>\n\t\n\n\t<article class=\"card card--column\">\n\t\t\t\t\t<div class=\"ratio ratio-1x1\">\n\t\t\t\t<img decoding=\"async\" src=\"https:\/\/wwwstg.board.com\/wp-content\/uploads\/2024\/11\/icon-generative-ai.svg\" alt=\"\" loading=\"lazy\">\n\t\t\t<\/div>\n\t\t\t\t<div class=\"card-body\">\n\t\t\t\n\n<p class=\"card-text\">Capacit\u00e9s de pr\u00e9vision et de prise de d\u00e9cision bas\u00e9es sur l&rsquo;IA<\/p>\n\n\n\t\t<\/div>\t\t\n\t<\/article>\n\t\n\n\t<article class=\"card card--column\">\n\t\t\t\t\t<div class=\"ratio ratio-1x1\">\n\t\t\t\t<img decoding=\"async\" src=\"https:\/\/wwwstg.board.com\/wp-content\/uploads\/2024\/11\/icon-transparency-and-visibility.svg\" alt=\"\" loading=\"lazy\">\n\t\t\t<\/div>\n\t\t\t\t<div class=\"card-body\">\n\t\t\t\n\n<p class=\"card-text\">Constructeur de rapports et de flux de travail par glisser-d\u00e9poser, sans ou avec peu de code<\/p>\n\n\n\t\t<\/div>\t\t\n\t<\/article>\n\t\n\n\t\t\t<\/div>\n\t\t<\/div>\n\t<\/section>\n\t<section id=\"block_8f8c8361271aabbd437e24b32c146a1a-5\" class=\"block block--spc columns-block spacing-md footer-cta bg-violet\">\n\t\t\n\t\t\t<img loading=\"lazy\" decoding=\"async\" src=\"https:\/\/wwwstg.board.com\/wp-content\/uploads\/2024\/10\/bg_shape.svg\" class=\"shape-bg-image shape-bg-image-left\" alt=\"Background image shape - left\" height=\"510\" width=\"930\" aria-hidden=\"true\">\n\t\t\t<div class=\"overlay-gradient\"><\/div>\n\t\t<div class=\"container position-relative columns-70-30\">\n\t\t\t<div class=\"columns-block-row\">\n\t\t\t\t\t\t\t\t\n\t<div class=\"column-content \">\n\t\t\n\n<h2 class=\"wp-block-heading\">Souhaitez-vous obtenir davantage d&rsquo;informations personnalis\u00e9es ?<\/h2>\n\n\n\n\n\t<\/div>\n\n\n\t<div class=\"column-content \">\n\t\t\n\t\t<a href=\"https:\/\/wwwstg.board.com\/fr\/demandez-demo\" class=\"btn-link btn-link--white\"  target=\"\"\t\t\t>\n\t\t\t<span>Demandez une d\u00e9mo<\/span>\n\t\t<\/a>\n\t\n\n\t<\/div>\n\n\n\t\t\t<\/div>\n\t\t<\/div>\n\t<\/section>\n\n\t","protected":false},"excerpt":{"rendered":"<p>Acc\u00e9dez \u00e0 notre biblioth\u00e8que de d\u00e9mos \u00e0 la demande pour voir Board en action et d\u00e9couvrir des informations qui vous feront passer des feuilles de calcul au super-h\u00e9ros dans les domaines de la finance, de la vente au d\u00e9tail, des produits de grande consommation, du secteur manufacturier et bien plus encore.<\/p>\n","protected":false},"author":3,"featured_media":0,"parent":0,"menu_order":0,"comment_status":"closed","ping_status":"closed","template":"","meta":{"_acf_changed":false,"_themeisle_gutenberg_block_has_review":false,"footnotes":""},"line_of_business":[4385],"page_score_tier":[],"class_list":["post-10834","page","type-page","status-publish","hentry","line_of_business-not-assigned-fr"],"acf":[],"yoast_head":"<!-- This site is optimized with the Yoast SEO plugin v27.4 - https:\/\/yoast.com\/product\/yoast-seo-wordpress\/ -->\n<title>Board | Visionner une vid\u00e9o de d\u00e9mo<\/title>\n<meta name=\"description\" content=\"Acc\u00e9dez \u00e0 notre biblioth\u00e8que de d\u00e9mos \u00e0 la demande pour voir Board en action et d\u00e9couvrir des informations qui vous feront passer des feuilles de calcul au super-h\u00e9ros dans les domaines de la finance, de la vente au d\u00e9tail, des produits de grande consommation, du secteur manufacturier et bien plus encore.\" \/>\n<meta name=\"robots\" content=\"noindex, follow, max-snippet:-1, max-image-preview:large, max-video-preview:-1\" \/>\n<meta property=\"og:locale\" content=\"fr_FR\" \/>\n<meta property=\"og:type\" content=\"article\" \/>\n<meta property=\"og:title\" content=\"Board | Visionner une vid\u00e9o de d\u00e9mo\" \/>\n<meta property=\"og:description\" content=\"Acc\u00e9dez \u00e0 notre biblioth\u00e8que de d\u00e9mos \u00e0 la demande pour voir Board en action et d\u00e9couvrir des informations qui vous feront passer des feuilles de calcul au super-h\u00e9ros dans les domaines de la finance, de la vente au d\u00e9tail, des produits de grande consommation, du secteur manufacturier et bien plus encore.\" \/>\n<meta property=\"og:url\" content=\"https:\/\/wwwstg.board.com\/fr\/watch-demo\" \/>\n<meta property=\"og:site_name\" content=\"Board\" \/>\n<meta property=\"article:publisher\" content=\"https:\/\/www.facebook.com\/BOARD.International\" \/>\n<meta property=\"article:modified_time\" content=\"2025-08-13T10:33:51+00:00\" \/>\n<meta property=\"og:image\" content=\"https:\/\/wwwstg.board.com\/wp-content\/uploads\/2025\/01\/1200x627_board_opengraph_demo-library_0.jpg\" \/>\n<meta name=\"twitter:card\" content=\"summary_large_image\" \/>\n<meta name=\"twitter:site\" content=\"@BOARDSoftware\" \/>\n<meta name=\"twitter:label1\" content=\"Dur\u00e9e de lecture estim\u00e9e\" \/>\n\t<meta name=\"twitter:data1\" content=\"1 minute\" \/>\n<script type=\"application\/ld+json\" class=\"yoast-schema-graph\">{\"@context\":\"https:\\\/\\\/schema.org\",\"@graph\":[{\"@type\":\"WebPage\",\"@id\":\"https:\\\/\\\/wwwstg.board.com\\\/fr\\\/watch-demo\",\"url\":\"https:\\\/\\\/wwwstg.board.com\\\/fr\\\/watch-demo\",\"name\":\"Board | Visionner une vid\u00e9o de d\u00e9mo\",\"isPartOf\":{\"@id\":\"https:\\\/\\\/wwwstg.board.com\\\/fr#website\"},\"datePublished\":\"2024-09-25T07:52:55+00:00\",\"dateModified\":\"2025-08-13T10:33:51+00:00\",\"description\":\"Acc\u00e9dez \u00e0 notre biblioth\u00e8que de d\u00e9mos \u00e0 la demande pour voir Board en action et d\u00e9couvrir des informations qui vous feront passer des feuilles de calcul au super-h\u00e9ros dans les domaines de la finance, de la vente au d\u00e9tail, des produits de grande consommation, du secteur manufacturier et bien plus encore.\",\"breadcrumb\":{\"@id\":\"https:\\\/\\\/wwwstg.board.com\\\/fr\\\/watch-demo#breadcrumb\"},\"inLanguage\":\"fr-FR\",\"potentialAction\":[{\"@type\":\"ReadAction\",\"target\":[\"https:\\\/\\\/wwwstg.board.com\\\/fr\\\/watch-demo\"]}]},{\"@type\":\"BreadcrumbList\",\"@id\":\"https:\\\/\\\/wwwstg.board.com\\\/fr\\\/watch-demo#breadcrumb\",\"itemListElement\":[{\"@type\":\"ListItem\",\"position\":1,\"name\":\"Home\",\"item\":\"https:\\\/\\\/wwwstg.board.com\\\/fr\"},{\"@type\":\"ListItem\",\"position\":2,\"name\":\"Visionner une vid\u00e9o de d\u00e9mo\"}]},{\"@type\":\"WebSite\",\"@id\":\"https:\\\/\\\/wwwstg.board.com\\\/fr#website\",\"url\":\"https:\\\/\\\/wwwstg.board.com\\\/fr\",\"name\":\"Board\",\"description\":\"The Enterprise Planning Platform\",\"publisher\":{\"@id\":\"https:\\\/\\\/wwwstg.board.com\\\/fr#organization\"},\"potentialAction\":[{\"@type\":\"SearchAction\",\"target\":{\"@type\":\"EntryPoint\",\"urlTemplate\":\"https:\\\/\\\/wwwstg.board.com\\\/fr?s={search_term_string}\"},\"query-input\":{\"@type\":\"PropertyValueSpecification\",\"valueRequired\":true,\"valueName\":\"search_term_string\"}}],\"inLanguage\":\"fr-FR\"},{\"@type\":\"Organization\",\"@id\":\"https:\\\/\\\/wwwstg.board.com\\\/fr#organization\",\"name\":\"Board\",\"url\":\"https:\\\/\\\/wwwstg.board.com\\\/fr\",\"logo\":{\"@type\":\"ImageObject\",\"inLanguage\":\"fr-FR\",\"@id\":\"https:\\\/\\\/wwwstg.board.com\\\/fr#\\\/schema\\\/logo\\\/image\\\/\",\"url\":\"https:\\\/\\\/wwwstg.board.com\\\/wp-content\\\/uploads\\\/2024\\\/08\\\/board-footer-logo-grey-0-1.png\",\"contentUrl\":\"https:\\\/\\\/wwwstg.board.com\\\/wp-content\\\/uploads\\\/2024\\\/08\\\/board-footer-logo-grey-0-1.png\",\"width\":297,\"height\":103,\"caption\":\"Board\"},\"image\":{\"@id\":\"https:\\\/\\\/wwwstg.board.com\\\/fr#\\\/schema\\\/logo\\\/image\\\/\"},\"sameAs\":[\"https:\\\/\\\/www.facebook.com\\\/BOARD.International\",\"https:\\\/\\\/x.com\\\/BOARDSoftware\",\"https:\\\/\\\/www.linkedin.com\\\/company\\\/board\\\/\",\"https:\\\/\\\/www.youtube.com\\\/user\\\/BOARDInternationalSA\",\"https:\\\/\\\/en.wikipedia.org\\\/wiki\\\/Board_International\"]}]}<\/script>\n<!-- \/ Yoast SEO plugin. -->","yoast_head_json":{"title":"Board | Visionner une vid\u00e9o de d\u00e9mo","description":"Acc\u00e9dez \u00e0 notre biblioth\u00e8que de d\u00e9mos \u00e0 la demande pour voir Board en action et d\u00e9couvrir des informations qui vous feront passer des feuilles de calcul au super-h\u00e9ros dans les domaines de la finance, de la vente au d\u00e9tail, des produits de grande consommation, du secteur manufacturier et bien plus encore.","robots":{"index":"noindex","follow":"follow","max-snippet":"max-snippet:-1","max-image-preview":"max-image-preview:large","max-video-preview":"max-video-preview:-1"},"og_locale":"fr_FR","og_type":"article","og_title":"Board | Visionner une vid\u00e9o de d\u00e9mo","og_description":"Acc\u00e9dez \u00e0 notre biblioth\u00e8que de d\u00e9mos \u00e0 la demande pour voir Board en action et d\u00e9couvrir des informations qui vous feront passer des feuilles de calcul au super-h\u00e9ros dans les domaines de la finance, de la vente au d\u00e9tail, des produits de grande consommation, du secteur manufacturier et bien plus encore.","og_url":"https:\/\/wwwstg.board.com\/fr\/watch-demo","og_site_name":"Board","article_publisher":"https:\/\/www.facebook.com\/BOARD.International","article_modified_time":"2025-08-13T10:33:51+00:00","og_image":[{"url":"https:\/\/wwwstg.board.com\/wp-content\/uploads\/2025\/01\/1200x627_board_opengraph_demo-library_0.jpg","type":"","width":"","height":""}],"twitter_card":"summary_large_image","twitter_site":"@BOARDSoftware","twitter_misc":{"Dur\u00e9e de lecture estim\u00e9e":"1 minute"},"schema":{"@context":"https:\/\/schema.org","@graph":[{"@type":"WebPage","@id":"https:\/\/wwwstg.board.com\/fr\/watch-demo","url":"https:\/\/wwwstg.board.com\/fr\/watch-demo","name":"Board | Visionner une vid\u00e9o de d\u00e9mo","isPartOf":{"@id":"https:\/\/wwwstg.board.com\/fr#website"},"datePublished":"2024-09-25T07:52:55+00:00","dateModified":"2025-08-13T10:33:51+00:00","description":"Acc\u00e9dez \u00e0 notre biblioth\u00e8que de d\u00e9mos \u00e0 la demande pour voir Board en action et d\u00e9couvrir des informations qui vous feront passer des feuilles de calcul au super-h\u00e9ros dans les domaines de la finance, de la vente au d\u00e9tail, des produits de grande consommation, du secteur manufacturier et bien plus encore.","breadcrumb":{"@id":"https:\/\/wwwstg.board.com\/fr\/watch-demo#breadcrumb"},"inLanguage":"fr-FR","potentialAction":[{"@type":"ReadAction","target":["https:\/\/wwwstg.board.com\/fr\/watch-demo"]}]},{"@type":"BreadcrumbList","@id":"https:\/\/wwwstg.board.com\/fr\/watch-demo#breadcrumb","itemListElement":[{"@type":"ListItem","position":1,"name":"Home","item":"https:\/\/wwwstg.board.com\/fr"},{"@type":"ListItem","position":2,"name":"Visionner une vid\u00e9o de d\u00e9mo"}]},{"@type":"WebSite","@id":"https:\/\/wwwstg.board.com\/fr#website","url":"https:\/\/wwwstg.board.com\/fr","name":"Board","description":"The Enterprise Planning Platform","publisher":{"@id":"https:\/\/wwwstg.board.com\/fr#organization"},"potentialAction":[{"@type":"SearchAction","target":{"@type":"EntryPoint","urlTemplate":"https:\/\/wwwstg.board.com\/fr?s={search_term_string}"},"query-input":{"@type":"PropertyValueSpecification","valueRequired":true,"valueName":"search_term_string"}}],"inLanguage":"fr-FR"},{"@type":"Organization","@id":"https:\/\/wwwstg.board.com\/fr#organization","name":"Board","url":"https:\/\/wwwstg.board.com\/fr","logo":{"@type":"ImageObject","inLanguage":"fr-FR","@id":"https:\/\/wwwstg.board.com\/fr#\/schema\/logo\/image\/","url":"https:\/\/wwwstg.board.com\/wp-content\/uploads\/2024\/08\/board-footer-logo-grey-0-1.png","contentUrl":"https:\/\/wwwstg.board.com\/wp-content\/uploads\/2024\/08\/board-footer-logo-grey-0-1.png","width":297,"height":103,"caption":"Board"},"image":{"@id":"https:\/\/wwwstg.board.com\/fr#\/schema\/logo\/image\/"},"sameAs":["https:\/\/www.facebook.com\/BOARD.International","https:\/\/x.com\/BOARDSoftware","https:\/\/www.linkedin.com\/company\/board\/","https:\/\/www.youtube.com\/user\/BOARDInternationalSA","https:\/\/en.wikipedia.org\/wiki\/Board_International"]}]}},"_links":{"self":[{"href":"https:\/\/wwwstg.board.com\/fr\/wp-json\/wp\/v2\/pages\/10834","targetHints":{"allow":["GET"]}}],"collection":[{"href":"https:\/\/wwwstg.board.com\/fr\/wp-json\/wp\/v2\/pages"}],"about":[{"href":"https:\/\/wwwstg.board.com\/fr\/wp-json\/wp\/v2\/types\/page"}],"author":[{"embeddable":true,"href":"https:\/\/wwwstg.board.com\/fr\/wp-json\/wp\/v2\/users\/3"}],"replies":[{"embeddable":true,"href":"https:\/\/wwwstg.board.com\/fr\/wp-json\/wp\/v2\/comments?post=10834"}],"version-history":[{"count":0,"href":"https:\/\/wwwstg.board.com\/fr\/wp-json\/wp\/v2\/pages\/10834\/revisions"}],"wp:attachment":[{"href":"https:\/\/wwwstg.board.com\/fr\/wp-json\/wp\/v2\/media?parent=10834"}],"wp:term":[{"taxonomy":"line_of_business","embeddable":true,"href":"https:\/\/wwwstg.board.com\/fr\/wp-json\/wp\/v2\/line_of_business?post=10834"},{"taxonomy":"page_score_tier","embeddable":true,"href":"https:\/\/wwwstg.board.com\/fr\/wp-json\/wp\/v2\/page_score_tier?post=10834"}],"curies":[{"name":"wp","href":"https:\/\/api.w.org\/{rel}","templated":true}]}}