{"id":91518,"date":"2025-06-18T11:03:02","date_gmt":"2025-06-18T11:03:02","guid":{"rendered":"https:\/\/www.board.com\/declaracion-de-accesibilidad"},"modified":"2025-06-18T11:54:12","modified_gmt":"2025-06-18T11:54:12","slug":"declaracion-de-accesibilidad","status":"publish","type":"page","link":"https:\/\/wwwstg.board.com\/es\/declaracion-de-accesibilidad","title":{"rendered":"Declaraci\u00f3n de Accesibilidad"},"content":{"rendered":"\t<section id=\"block_dbb2a2056101414a1230feb02c571625-\" class=\"block block--spc columns-block block-hero-grad grid grid--2 bg-primary-gradient-02\">\n\t\t<div class=\"container\">\n\t\t\t<div class=\"columns-block-row\">\n\t\t\t\t\n\t<div class=\"column-content d-flex align-items-center\">\n\t\t<div class=\"hero-grad-left\">\n\t\t\t<div class=\"hero-grad-copy\">\n\t\t\t\t\t\t\t\t\n\n<h1 class=\"wp-block-heading\">Declaraci\u00f3n de Accesibilidad<\/h1>\n\n\n\n<p>Esta Declaraci\u00f3n de Accesibilidad se aplica a wwwstg.board.com.<\/p>\n\n\n\n\t\t\t\t\n\t\t\t\t\t\t\t<\/div>\n\t\t<\/div>\n\t<\/div>\n\n\n\t\t\t<\/div>\n\t\t<\/div>\n\t<\/section>\n\t<section id=\"block_76e1b098be149688a0266a1e49d6e76d-1\" class=\"block block--spc columns-block \">\n\t\t<div class=\"container position-relative\">\n\t\t\t<div class=\"columns-block-row\">\n\t\t\t\t\t\t\t\t\n\t<div id=\"block_0fec5354488852e2384784c7139f354e\" class=\"column-content   text-start align-self-start\">\n\t\t\n\n<p>En Board, estamos comprometidos con garantizar la accesibilidad digital para todos los usuarios, incluidas las personas con discapacidad. Trabajamos activamente para asegurarnos de que nuestro sitio web cumpla con los requisitos del <strong>Acta Europea de Accesibilidad (EAA)<\/strong>. <\/p>\n\n\n\n<p>Nos esforzamos por ofrecer una experiencia en l\u00ednea inclusiva cumpliendo con las <strong>Pautas de Accesibilidad para el Contenido Web (WCAG) 2.1 Nivel AA<\/strong>, el est\u00e1ndar internacionalmente reconocido para la accesibilidad digital.<\/p>\n\n\n\n<h2 class=\"wp-block-heading has-visual-h-6-font-size\"><strong>Nuestro Compromiso<\/strong><\/h2>\n\n\n\n<p>En Board, reconocemos la importancia de que nuestro contenido digital sea accesible para la mayor audiencia posible. Estamos comprometidos a: <\/p>\n\n\n\n<ul class=\"wp-block-list\">\n<li>Dise\u00f1ar, desarrollar y mantener wwwstg.board.com conforme a los est\u00e1ndares WCAG 2.1 Nivel AA.<\/li>\n\n\n\n<li>Asegurar que nuestro contenido y servicios web sean accesibles conforme a la legislaci\u00f3n europea sobre accesibilidad, incluyendo la EAA.<\/li>\n\n\n\n<li>Promover la concienciaci\u00f3n sobre la accesibilidad en todos nuestros equipos e integrar la accesibilidad en nuestro ciclo de desarrollo.<\/li>\n\n\n\n<li>Realizar auditor\u00edas peri\u00f3dicas y pruebas de usabilidad con tecnolog\u00edas de asistencia para identificar y abordar posibles barreras.<\/li>\n<\/ul>\n\n\n\n<h2 class=\"wp-block-heading has-visual-h-6-font-size\"><strong>Caracter\u00edsticas de Accesibilidad<\/strong><\/h2>\n\n\n\n<p>El sitio web wwwstg.board.com incluye las siguientes funciones de accesibilidad:<\/p>\n\n\n\n<ul class=\"wp-block-list\">\n<li>Soporte completo para navegaci\u00f3n mediante teclado<\/li>\n\n\n\n<li>Compatibilidad con lectores de pantalla<\/li>\n\n\n\n<li>Texto alternativo significativo y descriptivo para las im\u00e1genes (ver Problemas Conocidos para m\u00e1s detalles)<\/li>\n\n\n\n<li>Estructura de contenido l\u00f3gica con encabezados y marcadores<\/li>\n\n\n\n<li>Contraste de color suficiente y texto escalable<\/li>\n\n\n\n<li>Formularios accesibles con etiquetas asociadas<\/li>\n<\/ul>\n\n\n\n<h2 class=\"wp-block-heading has-visual-h-6-font-size\"><strong>Problemas Conocidos y Limitaciones<\/strong><\/h2>\n\n\n\n<p>Somos conscientes de que algunas \u00e1reas de wwwstg.board.com a\u00fan no cumplen completamente con los est\u00e1ndares requeridos de accesibilidad. Todos los problemas conocidos se detallan a continuaci\u00f3n, y estamos trabajando activamente para resolverlos y mejorar la experiencia del usuario para todos los visitantes. <\/p>\n\n\n\n<ul class=\"wp-block-list\">\n<li><a>Los elementos de encabezado en algunos bloques\/componentes del sitio no siguen un orden secuencial descendente. Estamos ajustando la estructura y el formato de estos bloques para resolver el problema. <\/a><\/li>\n\n\n\n<li>Algunos enlaces en tarjetas que promocionan nuestros recursos no tienen un nombre identificable. Estamos reestructurando el c\u00f3digo de estas tarjetas para corregir el problema. <\/li>\n\n\n\n<li>Los enlaces del pie de p\u00e1gina del sitio tienen objetivos t\u00e1ctiles demasiado peque\u00f1os en dispositivos m\u00f3viles. Aunque el espaciado cumple con las WCAG, estamos desarrollando un men\u00fa alternativo que facilite la selecci\u00f3n de enlaces. <\/li>\n\n\n\n<li>Los botones dentro de algunas tarjetas cumplen con las WCAG, pero afectan negativamente la experiencia del usuario. Estamos trabajando para que toda la tarjeta sea clicable en todos los casos. <\/li>\n\n\n\n<li>Los encabezados dentro de bloques de acorde\u00f3n no siguen un orden secuencial descendente, y los objetivos t\u00e1ctiles son demasiado peque\u00f1os. Estamos ajustando la estructura y el formato de estos bloques para solucionarlo. <\/li>\n\n\n\n<li>Los elementos de barra de progreso ARIA en ciertas p\u00e1ginas no tienen nombres accesibles. Estamos revisando estos nombres para resolver el problema. <\/li>\n\n\n\n<li>Algunas im\u00e1genes no tienen texto ALT. Esto continuar\u00e1 siendo as\u00ed para las im\u00e1genes decorativas, pero estamos agregando texto ALT descriptivo a las im\u00e1genes que transmiten informaci\u00f3n relevante de la p\u00e1gina. <\/li>\n<\/ul>\n\n\n\n<h2 class=\"wp-block-heading has-visual-h-6-font-size\"><strong>Contenido y Funcionalidad de Terceros<\/strong><\/h2>\n\n\n\n<p>Podr\u00edamos utilizar herramientas y\/o recursos de terceros que integran contenido en nuestro sitio web. Siempre que sea posible, nos aseguraremos de que estos cumplan con las pautas aplicables y no obstaculicen la accesibilidad del sitio. <\/p>\n\n\n\n<h2 class=\"wp-block-heading has-visual-h-6-font-size\"><strong>Enfoque de Cumplimiento y Monitoreo<\/strong><\/h2>\n\n\n\n<p>Revisamos regularmente nuestro sitio web y contenido para asegurar el cumplimiento continuo con el <strong>Acta Europea de Accesibilidad (EAA)<\/strong>, especialmente relevante para los usuarios dentro de la Uni\u00f3n Europea. <a>Nuestras revisiones se realizan mediante una combinaci\u00f3n de verificaciones manuales y escaneos automatizados con herramientas como Google Lighthouse.<\/a> <\/p>\n\n\n\n<p>Tambi\u00e9n estamos invirtiendo en herramientas de accesibilidad adicionales para complementar este enfoque y actualizaremos esta p\u00e1gina con m\u00e1s detalles una vez est\u00e9n disponibles.<\/p>\n\n\n\n<h2 class=\"wp-block-heading has-visual-h-6-font-size\"><strong>Comentarios e Informaci\u00f3n de Contacto<\/strong><\/h2>\n\n\n\n<p>Agradecemos sus comentarios sobre la accesibilidad de wwwstg.board.com. <\/p>\n\n\n\n<p>Si encuentra alguna barrera de accesibilidad o necesita asistencia, comun\u00edquese con nosotros a trav\u00e9s de uno de los siguientes m\u00e9todos:<\/p>\n\n\n\n<ul class=\"wp-block-list\">\n<li><strong>Correo electr\u00f3nico:<\/strong> <a href=\"mailto:accessibility@board.com\">accessibility@board.com<\/a><\/li>\n\n\n\n<li><strong>Tel\u00e9fono:<\/strong> +41 91 697 54 10<\/li>\n\n\n\n<li><strong>Direcci\u00f3n postal<\/strong> Board International SA, Via Maestri Comacini, 46830 Chiasso, Suiza<\/li>\n<\/ul>\n\n\n\n<p>Nos comprometemos a responder a todas las solicitudes relacionadas con la accesibilidad en un plazo de 5 d\u00edas h\u00e1biles.<\/p>\n\n\n\n<p>Esta declaraci\u00f3n fue revisada por \u00faltima vez el <strong>18 de junio de 2025<\/strong> y se revisa al menos una vez al a\u00f1o.<\/p>\n\n\n\t<\/div>\n\n\n\t\t\t<\/div>\n\t\t<\/div>\n\t<\/section>\n\n\t","protected":false},"excerpt":{"rendered":"","protected":false},"author":5,"featured_media":0,"parent":0,"menu_order":0,"comment_status":"closed","ping_status":"closed","template":"","meta":{"_acf_changed":false,"_themeisle_gutenberg_block_has_review":false,"footnotes":""},"line_of_business":[4387],"page_score_tier":[],"class_list":["post-91518","page","type-page","status-publish","hentry","line_of_business-not-assigned-es"],"acf":[],"yoast_head":"<!-- This site is optimized with the Yoast SEO plugin v27.4 - https:\/\/yoast.com\/product\/yoast-seo-wordpress\/ -->\n<title>Board | Declaraci\u00f3n de Accesibilidad<\/title>\n<meta name=\"description\" content=\"Nos esforzamos por ofrecer una experiencia en l\u00ednea inclusiva cumpliendo con las Pautas de Accesibilidad para el Contenido Web (WCAG) 2.1 Nivel AA.\" \/>\n<meta name=\"robots\" content=\"noindex, follow, max-snippet:-1, max-image-preview:large, max-video-preview:-1\" \/>\n<meta property=\"og:locale\" content=\"es_ES\" \/>\n<meta property=\"og:type\" content=\"article\" \/>\n<meta property=\"og:title\" content=\"Board | Declaraci\u00f3n de Accesibilidad\" \/>\n<meta property=\"og:description\" content=\"Nos esforzamos por ofrecer una experiencia en l\u00ednea inclusiva cumpliendo con las Pautas de Accesibilidad para el Contenido Web (WCAG) 2.1 Nivel AA.\" \/>\n<meta property=\"og:url\" content=\"https:\/\/wwwstg.board.com\/es\/declaracion-de-accesibilidad\" \/>\n<meta property=\"og:site_name\" content=\"Board\" \/>\n<meta property=\"article:publisher\" content=\"https:\/\/www.facebook.com\/BOARD.International\" \/>\n<meta property=\"article:modified_time\" content=\"2025-06-18T11:54:12+00:00\" \/>\n<meta name=\"twitter:card\" content=\"summary_large_image\" \/>\n<meta name=\"twitter:site\" content=\"@BOARDSoftware\" \/>\n<meta name=\"twitter:label1\" content=\"Tiempo de lectura\" \/>\n\t<meta name=\"twitter:data1\" content=\"4 minutos\" \/>\n<script type=\"application\/ld+json\" class=\"yoast-schema-graph\">{\"@context\":\"https:\\\/\\\/schema.org\",\"@graph\":[{\"@type\":\"WebPage\",\"@id\":\"https:\\\/\\\/wwwstg.board.com\\\/es\\\/declaracion-de-accesibilidad\",\"url\":\"https:\\\/\\\/wwwstg.board.com\\\/es\\\/declaracion-de-accesibilidad\",\"name\":\"Board | Declaraci\u00f3n de Accesibilidad\",\"isPartOf\":{\"@id\":\"https:\\\/\\\/wwwstg.board.com\\\/es#website\"},\"datePublished\":\"2025-06-18T11:03:02+00:00\",\"dateModified\":\"2025-06-18T11:54:12+00:00\",\"description\":\"Nos esforzamos por ofrecer una experiencia en l\u00ednea inclusiva cumpliendo con las Pautas de Accesibilidad para el Contenido Web (WCAG) 2.1 Nivel AA.\",\"breadcrumb\":{\"@id\":\"https:\\\/\\\/wwwstg.board.com\\\/es\\\/declaracion-de-accesibilidad#breadcrumb\"},\"inLanguage\":\"es\",\"potentialAction\":[{\"@type\":\"ReadAction\",\"target\":[\"https:\\\/\\\/wwwstg.board.com\\\/es\\\/declaracion-de-accesibilidad\"]}]},{\"@type\":\"BreadcrumbList\",\"@id\":\"https:\\\/\\\/wwwstg.board.com\\\/es\\\/declaracion-de-accesibilidad#breadcrumb\",\"itemListElement\":[{\"@type\":\"ListItem\",\"position\":1,\"name\":\"Home\",\"item\":\"https:\\\/\\\/wwwstg.board.com\\\/es\"},{\"@type\":\"ListItem\",\"position\":2,\"name\":\"Declaraci\u00f3n de Accesibilidad\"}]},{\"@type\":\"WebSite\",\"@id\":\"https:\\\/\\\/wwwstg.board.com\\\/es#website\",\"url\":\"https:\\\/\\\/wwwstg.board.com\\\/es\",\"name\":\"Board\",\"description\":\"The Enterprise Planning Platform\",\"publisher\":{\"@id\":\"https:\\\/\\\/wwwstg.board.com\\\/es#organization\"},\"potentialAction\":[{\"@type\":\"SearchAction\",\"target\":{\"@type\":\"EntryPoint\",\"urlTemplate\":\"https:\\\/\\\/wwwstg.board.com\\\/es?s={search_term_string}\"},\"query-input\":{\"@type\":\"PropertyValueSpecification\",\"valueRequired\":true,\"valueName\":\"search_term_string\"}}],\"inLanguage\":\"es\"},{\"@type\":\"Organization\",\"@id\":\"https:\\\/\\\/wwwstg.board.com\\\/es#organization\",\"name\":\"Board\",\"url\":\"https:\\\/\\\/wwwstg.board.com\\\/es\",\"logo\":{\"@type\":\"ImageObject\",\"inLanguage\":\"es\",\"@id\":\"https:\\\/\\\/wwwstg.board.com\\\/es#\\\/schema\\\/logo\\\/image\\\/\",\"url\":\"https:\\\/\\\/wwwstg.board.com\\\/wp-content\\\/uploads\\\/2024\\\/08\\\/board-footer-logo-grey-0-1.png\",\"contentUrl\":\"https:\\\/\\\/wwwstg.board.com\\\/wp-content\\\/uploads\\\/2024\\\/08\\\/board-footer-logo-grey-0-1.png\",\"width\":297,\"height\":103,\"caption\":\"Board\"},\"image\":{\"@id\":\"https:\\\/\\\/wwwstg.board.com\\\/es#\\\/schema\\\/logo\\\/image\\\/\"},\"sameAs\":[\"https:\\\/\\\/www.facebook.com\\\/BOARD.International\",\"https:\\\/\\\/x.com\\\/BOARDSoftware\",\"https:\\\/\\\/www.linkedin.com\\\/company\\\/board\\\/\",\"https:\\\/\\\/www.youtube.com\\\/user\\\/BOARDInternationalSA\",\"https:\\\/\\\/en.wikipedia.org\\\/wiki\\\/Board_International\"]}]}<\/script>\n<!-- \/ Yoast SEO plugin. -->","yoast_head_json":{"title":"Board | Declaraci\u00f3n de Accesibilidad","description":"Nos esforzamos por ofrecer una experiencia en l\u00ednea inclusiva cumpliendo con las Pautas de Accesibilidad para el Contenido Web (WCAG) 2.1 Nivel AA.","robots":{"index":"noindex","follow":"follow","max-snippet":"max-snippet:-1","max-image-preview":"max-image-preview:large","max-video-preview":"max-video-preview:-1"},"og_locale":"es_ES","og_type":"article","og_title":"Board | Declaraci\u00f3n de Accesibilidad","og_description":"Nos esforzamos por ofrecer una experiencia en l\u00ednea inclusiva cumpliendo con las Pautas de Accesibilidad para el Contenido Web (WCAG) 2.1 Nivel AA.","og_url":"https:\/\/wwwstg.board.com\/es\/declaracion-de-accesibilidad","og_site_name":"Board","article_publisher":"https:\/\/www.facebook.com\/BOARD.International","article_modified_time":"2025-06-18T11:54:12+00:00","twitter_card":"summary_large_image","twitter_site":"@BOARDSoftware","twitter_misc":{"Tiempo de lectura":"4 minutos"},"schema":{"@context":"https:\/\/schema.org","@graph":[{"@type":"WebPage","@id":"https:\/\/wwwstg.board.com\/es\/declaracion-de-accesibilidad","url":"https:\/\/wwwstg.board.com\/es\/declaracion-de-accesibilidad","name":"Board | Declaraci\u00f3n de Accesibilidad","isPartOf":{"@id":"https:\/\/wwwstg.board.com\/es#website"},"datePublished":"2025-06-18T11:03:02+00:00","dateModified":"2025-06-18T11:54:12+00:00","description":"Nos esforzamos por ofrecer una experiencia en l\u00ednea inclusiva cumpliendo con las Pautas de Accesibilidad para el Contenido Web (WCAG) 2.1 Nivel AA.","breadcrumb":{"@id":"https:\/\/wwwstg.board.com\/es\/declaracion-de-accesibilidad#breadcrumb"},"inLanguage":"es","potentialAction":[{"@type":"ReadAction","target":["https:\/\/wwwstg.board.com\/es\/declaracion-de-accesibilidad"]}]},{"@type":"BreadcrumbList","@id":"https:\/\/wwwstg.board.com\/es\/declaracion-de-accesibilidad#breadcrumb","itemListElement":[{"@type":"ListItem","position":1,"name":"Home","item":"https:\/\/wwwstg.board.com\/es"},{"@type":"ListItem","position":2,"name":"Declaraci\u00f3n de Accesibilidad"}]},{"@type":"WebSite","@id":"https:\/\/wwwstg.board.com\/es#website","url":"https:\/\/wwwstg.board.com\/es","name":"Board","description":"The Enterprise Planning Platform","publisher":{"@id":"https:\/\/wwwstg.board.com\/es#organization"},"potentialAction":[{"@type":"SearchAction","target":{"@type":"EntryPoint","urlTemplate":"https:\/\/wwwstg.board.com\/es?s={search_term_string}"},"query-input":{"@type":"PropertyValueSpecification","valueRequired":true,"valueName":"search_term_string"}}],"inLanguage":"es"},{"@type":"Organization","@id":"https:\/\/wwwstg.board.com\/es#organization","name":"Board","url":"https:\/\/wwwstg.board.com\/es","logo":{"@type":"ImageObject","inLanguage":"es","@id":"https:\/\/wwwstg.board.com\/es#\/schema\/logo\/image\/","url":"https:\/\/wwwstg.board.com\/wp-content\/uploads\/2024\/08\/board-footer-logo-grey-0-1.png","contentUrl":"https:\/\/wwwstg.board.com\/wp-content\/uploads\/2024\/08\/board-footer-logo-grey-0-1.png","width":297,"height":103,"caption":"Board"},"image":{"@id":"https:\/\/wwwstg.board.com\/es#\/schema\/logo\/image\/"},"sameAs":["https:\/\/www.facebook.com\/BOARD.International","https:\/\/x.com\/BOARDSoftware","https:\/\/www.linkedin.com\/company\/board\/","https:\/\/www.youtube.com\/user\/BOARDInternationalSA","https:\/\/en.wikipedia.org\/wiki\/Board_International"]}]}},"_links":{"self":[{"href":"https:\/\/wwwstg.board.com\/es\/wp-json\/wp\/v2\/pages\/91518","targetHints":{"allow":["GET"]}}],"collection":[{"href":"https:\/\/wwwstg.board.com\/es\/wp-json\/wp\/v2\/pages"}],"about":[{"href":"https:\/\/wwwstg.board.com\/es\/wp-json\/wp\/v2\/types\/page"}],"author":[{"embeddable":true,"href":"https:\/\/wwwstg.board.com\/es\/wp-json\/wp\/v2\/users\/5"}],"replies":[{"embeddable":true,"href":"https:\/\/wwwstg.board.com\/es\/wp-json\/wp\/v2\/comments?post=91518"}],"version-history":[{"count":0,"href":"https:\/\/wwwstg.board.com\/es\/wp-json\/wp\/v2\/pages\/91518\/revisions"}],"wp:attachment":[{"href":"https:\/\/wwwstg.board.com\/es\/wp-json\/wp\/v2\/media?parent=91518"}],"wp:term":[{"taxonomy":"line_of_business","embeddable":true,"href":"https:\/\/wwwstg.board.com\/es\/wp-json\/wp\/v2\/line_of_business?post=91518"},{"taxonomy":"page_score_tier","embeddable":true,"href":"https:\/\/wwwstg.board.com\/es\/wp-json\/wp\/v2\/page_score_tier?post=91518"}],"curies":[{"name":"wp","href":"https:\/\/api.w.org\/{rel}","templated":true}]}}