{"id":8678,"date":"2024-10-18T09:59:13","date_gmt":"2024-10-18T09:59:13","guid":{"rendered":"https:\/\/www.board.com\/cloud\/"},"modified":"2025-02-26T20:29:02","modified_gmt":"2025-02-26T20:29:02","slug":"en-la-nube-o-licencia","status":"publish","type":"page","link":"https:\/\/wwwstg.board.com\/es\/en-la-nube-o-licencia","title":{"rendered":"En la nube o local"},"content":{"rendered":"\t<section id=\"block_d43b3af0308efaa65e3f221371354b1a-\" class=\"block block--spc columns-block block-hero-bubble grid grid--2\">\n\t\t<div class=\"breadcrumb-bar bg-brand-pearl\">\n\t\t\t<div class=\"container\">\n\t\t\t\t\t\t\t\t\t\t\t<nav aria-label=\"Breadcrumb\" class=\"d-flex flex-wrap list-unstyled mb-0 breadcrumbs\"><ol class=\"d-flex mb-0 align-items-center list-unstyled gap-1\"><li><a href=\"https:\/\/wwwstg.board.com\/es\">Home<\/a><\/li><\/ol><li class=\"mb-0 d-flex breadcrumb-back-to-link\"><a href=\"https:\/\/wwwstg.board.com\/es\">Volver a Home<\/a><\/li><\/nav>\t\t\t\t\t\t\t\t\t<\/div>\n\t\t<\/div>\n\t\t<div class=\"container\">\n\t\t\t<div class=\"columns-block-row\">\n\t\t\t\t\t\t\t\t\n\t<div class=\"column-content d-flex align-items-center\">\n\t\t<div class=\"hero-grad-left\">\n\t\t\t<div class=\"hero-grad-copy\">\n\t\t\t\t\t\t\t\t\n\n<h1 class=\"wp-block-heading\">Toda la flexibilidad de la nube con toda la potencia de Board. <\/h1>\n\n\n\n<p>Alojada en Microsoft Azure, la Plataforma de Planificaci\u00f3n Empresarial basada en la nube de Board pone en marcha sus aplicaciones de planificaci\u00f3n con mayor rapidez a la vez que proporciona seguridad, fiabilidad, escalabilidad y rendimiento de primera categor\u00eda.<\/p>\n\n\n\t<div class=\"hero-grad-nav\">\n\t\t\n\t\t<a href=\"\/es\/watch-demo\" class=\"btn-link btn-link--primary\"  target=\"\"\t\t\t\t\t\t>\n\t\t\t<span>Descubre Board en acci\u00f3n<\/span>\n\t\t<\/a>\n\t\n\n\t\t<a aria-label=\"Solicita una demostraci\u00f3n\" href=\"https:\/\/wwwstg.board.com\/es\/solicitud-demo\" class=\"full-link full-link__arrow\"  target=\"\"><\/a>\n\n\t\t<a href=\"https:\/\/wwwstg.board.com\/es\/solicitud-demo\" class=\"btn-link btn-link--primary btn-link--arrow\"  target=\"\"\t\t\t>\n\t\t\t<span>Solicita una demostraci\u00f3n<\/span>\n\t\t\t<span class=\"ico icon-chevron-right\" aria-hidden=\"true\"><\/span>\n\t\t<\/a>\n\t\n\n\t<\/div>\n\n\n\n\t\t\t\t\n\t\t\t\t\t\t\t<\/div>\n\t\t<\/div>\n\t<\/div>\n\n\n\t<div class=\"column-content text-start align-self-start\">\n\t\t<div class=\"hero-grad-right\">\n\t\t\n\t\t\t\t\t<img decoding=\"async\" class=\"hero-bubbles-bg hero-bubbles-bg--small\" src=\"https:\/\/wwwstg.board.com\/wp-content\/themes\/board\/assets\/images\/bubbles--small.svg\" alt=\"\" \/>\n\t\t\n\t\t\n\t\t\t\t\t\n\t\t\t\n\t\t\t<img decoding=\"async\" class=\"hero-bubbles-feature \" src=\"https:\/\/wwwstg.board.com\/wp-content\/uploads\/2024\/11\/Azure_hosted.png\" alt=\"\" \/>\n\t\t\t\n\n\t\t<\/div>\n\t<\/div>\n\t\n\n\t\t\t<\/div>\n\t\t<\/div>\n\t<\/section>\n\t\t<section id=\"block_be1f4e9d8ed244a99030fc4f32a641dd-1\" class=\"block block--spc columns-block columns-grid grid grid--3 columns bg-neutral-50\">\n\t\t<div class=\"container position-relative\">\n\t\t\t<div class=\"columns-block-row\">\n\t\t\t\t\t\t\t\t\n\t<article class=\"card card--column\">\n\t\t\t\t\t<div class=\"ratio ratio-1x1\">\n\t\t\t\t<img decoding=\"async\" src=\"https:\/\/wwwstg.board.com\/wp-content\/uploads\/2024\/11\/icon-intuitive-and-easy-to-use.svg\" alt=\"\" loading=\"lazy\">\n\t\t\t<\/div>\n\t\t\t\t<div class=\"card-body\">\n\t\t\t\n\n<h4 class=\"wp-block-heading card-title display-6 has-visual-h-6-font-size\">Intuitiva y f\u00e1cil de usar<\/h4>\n\n\n\n<p class=\"card-text\">Una intuitiva interfaz drag and drop permite a los usuarios crear informes y an\u00e1lisis sobre la marchasin necesidad de asistencia por parte del departamento de IT. Una simple consola de control hace que su uso sea realmente sencillo. <\/p>\n\n\n\t\t<\/div>\t\t\n\t<\/article>\n\t\n\n\t<article class=\"card card--column\">\n\t\t\t\t\t<div class=\"ratio ratio-1x1\">\n\t\t\t\t<img decoding=\"async\" src=\"https:\/\/wwwstg.board.com\/wp-content\/uploads\/2024\/11\/icon-reliable.svg\" alt=\"\" loading=\"lazy\">\n\t\t\t<\/div>\n\t\t\t\t<div class=\"card-body\">\n\t\t\t\n\n<h4 class=\"wp-block-heading card-title display-6 has-visual-h-6-font-size\">Fiable<\/h4>\n\n\n\n<p class=\"card-text\">Board Cloud est\u00e1 respaldada por Microsoft Azure, la plataforma tecnol\u00f3gica l\u00edder con m\u00e1s de un mill\u00f3n de clientes en 190 pa\u00edses.<\/p>\n\n\n\t\t<\/div>\t\t\n\t<\/article>\n\t\n\n\t<article class=\"card card--column\">\n\t\t\t\t\t<div class=\"ratio ratio-1x1\">\n\t\t\t\t<img decoding=\"async\" src=\"https:\/\/wwwstg.board.com\/wp-content\/uploads\/2024\/11\/icon-cost-effective.svg\" alt=\"\" loading=\"lazy\">\n\t\t\t<\/div>\n\t\t\t\t<div class=\"card-body\">\n\t\t\t\n\n<h4 class=\"wp-block-heading card-title display-6 has-visual-h-6-font-size\">Rentable<\/h4>\n\n\n\n<p class=\"card-text\">Como no tiene que invertir absolutamente nada en infraestructura y solo pagar\u00e1 por lo que use, BI y CPM le resultar\u00e1n m\u00e1s rentables y seguros que nunca. <\/p>\n\n\n\t\t<\/div>\t\t\n\t<\/article>\n\t\n\n\t<article class=\"card card--column\">\n\t\t\t\t\t<div class=\"ratio ratio-1x1\">\n\t\t\t\t<img decoding=\"async\" src=\"https:\/\/wwwstg.board.com\/wp-content\/uploads\/2024\/11\/icon-always-up-to-date.svg\" alt=\"\" loading=\"lazy\">\n\t\t\t<\/div>\n\t\t\t\t<div class=\"card-body\">\n\t\t\t\n\n<h4 class=\"wp-block-heading card-title display-6 has-visual-h-6-font-size\">Actualizaci\u00f3n cont\u00ednua<\/h4>\n\n\n\n<p class=\"card-text\">No es necesario instalar o descargar nada con Board Cloud ya que se actualiza de forma cont\u00ednua. Tan solo tienes que empezar y relajarte, las preocupaciones de tener que actualizar a nuevas versiones desaparecer\u00e1n con Board Cloud. Enseguida te olvidar\u00e1s de lo que es estar pendiente de actualizar a nuevas versiones. <\/p>\n\n\n\t\t<\/div>\t\t\n\t<\/article>\n\t\n\n\t<article class=\"card card--column\">\n\t\t\t\t\t<div class=\"ratio ratio-1x1\">\n\t\t\t\t<img decoding=\"async\" src=\"https:\/\/wwwstg.board.com\/wp-content\/uploads\/2024\/11\/icon-future-ready-1.svg\" alt=\"\" loading=\"lazy\">\n\t\t\t<\/div>\n\t\t\t\t<div class=\"card-body\">\n\t\t\t\n\n<h4 class=\"wp-block-heading card-title display-6 has-visual-h-6-font-size\">Con visi\u00f3n de futuro<\/h4>\n\n\n\n<p class=\"card-text\">Board Cloud proporciona flexibilidad para adecuar la tecnolog\u00eda a las necesidades de tu negocio y no al rev\u00e9s. Podr\u00e1s incorporar m\u00e1s potencia, capacidad y usuarios seg\u00fan lo determine la evoluci\u00f3n de tu empresa y los procesos de toma de decisiones.<\/p>\n\n\n\t\t<\/div>\t\t\n\t<\/article>\n\t\n\n\t<article class=\"card card--column\">\n\t\t\t\t\t<div class=\"ratio ratio-1x1\">\n\t\t\t\t<img decoding=\"async\" src=\"https:\/\/wwwstg.board.com\/wp-content\/uploads\/2024\/11\/icon-global-rapid-reach.svg\" alt=\"\" loading=\"lazy\">\n\t\t\t<\/div>\n\t\t\t\t<div class=\"card-body\">\n\t\t\t\n\n<h4 class=\"wp-block-heading card-title display-6 has-visual-h-6-font-size\">Globalizaci\u00f3n inmediata<\/h4>\n\n\n\n<p class=\"card-text\">Board Cloud se instala r\u00e1pidamente siendo inmediatamente accesible para usuarios repartidos en diferentes ubicaciones. Tiene a su disposici\u00f3n 26 centros de datos en 5 continentes entre los que elegir f\u00e1cilmente la ubicaci\u00f3n m\u00e1s pr\u00e1ctica donde alojar Board Cloud, proporcionando as\u00ed la mejor experiencia posible a sus usuarios, sin complicaciones y con un coste m\u00ednimo. <\/p>\n\n\n\t\t<\/div>\t\t\n\t<\/article>\n\t\n\n\t\t\t<\/div>\n\t\t<\/div>\n\t<\/section>\n\t<section id=\"block_b67a300edc570e1b3306417f4766db4e-2\" class=\"block block--spc columns-block image-text\">\n\n\t\t\n\t\t<div class=\"container position-relative\">\n\t\t\t<div class=\"columns-block-row\">\n\t\t\t\t\t\t\t\t\n\t<div class=\"column-content \">\n\t\t\n\n<h2 class=\"wp-block-heading\">Centros de datos en la nube con el m\u00e1s alto nivel de seguridad certificada.<\/h2>\n\n\n\n<p>Los clientes de Board pueden contar con los niveles de seguridad m\u00e1s altos ofrecidos por el Centro de datos de Microsoft Azure donde se aloja Board Cloud. De hecho, Azure proporciona el conjunto m\u00e1s completo de certificaciones de cumplimiento, como ISO 27001, HIPAA, FedRAMP, SOC 1 y SOC 2, Australia IRAP, UK G-Cloud y Singapur MTCS.<\/p>\n\n\n\t<\/div>\n\n\n\t<div class=\"column-content \">\n\t\t\n\n<figure class=\"wp-block-image size-large is-resized\"><img loading=\"lazy\" decoding=\"async\" width=\"1600\" height=\"284\" src=\"https:\/\/wwwstg.board.com\/wp-content\/uploads\/2024\/11\/board-cloud-logo-rgb-1600x284.webp\" alt=\"\" class=\"wp-image-7150\" style=\"width:457px;height:auto\" srcset=\"https:\/\/wwwstg.board.com\/wp-content\/uploads\/2024\/11\/board-cloud-logo-rgb-1600x284.webp 1600w, https:\/\/wwwstg.board.com\/wp-content\/uploads\/2024\/11\/board-cloud-logo-rgb-215x38.webp 215w, https:\/\/wwwstg.board.com\/wp-content\/uploads\/2024\/11\/board-cloud-logo-rgb-768x136.webp 768w, https:\/\/wwwstg.board.com\/wp-content\/uploads\/2024\/11\/board-cloud-logo-rgb-1536x273.webp 1536w, https:\/\/wwwstg.board.com\/wp-content\/uploads\/2024\/11\/board-cloud-logo-rgb-480x85.webp 480w, https:\/\/wwwstg.board.com\/wp-content\/uploads\/2024\/11\/board-cloud-logo-rgb.webp 1920w\" sizes=\"auto, (max-width: 1600px) 100vw, 1600px\" \/><\/figure>\n\n\t\n\t<\/div>\n\t\n\n\t\t\t<\/div>\n\t\t<\/div>\n\t<\/section>\n\n\t<section id=\"block_db3a9ecc2042735621b487c055b0cbd9-5\" class=\"block block--spc two-columns-block columns-block pt-0\">\n\t\t<div class=\"container position-relative\">\n\t\t\t<div class=\"columns-block-row\">\n\t\t\t\t\t\t\t\t\n\t<div id=\"block_bb65a7ce71fd74620280a726c9d1f562\" class=\"column-content   text-start align-self-start\">\n\t\t\n\t<section class=\"block wp-block-acf-testimonial-single block--spc columns-block font-size-xl\" id=\"block_603c5a2d683b55a31f8309d442cedad3\"\t\tclass=\"\">\n\n\t\t\t\t\t<article class=\"card card--testimonial\">\n\t\t\t\t\n\t\t\t\t<div class=\"testimonial-quote\">\n\t\t\t\t\t<div class=\"testimonial-quote__wrap\">\n\t\t\t\t\t\t<p>La escalabilidad y seguridad de Microsoft Azure ayuda a Board a ofrecer poderosas soluciones de an\u00e1lisis y CPM para sus clientes internacionales.<\/p>\n\t\t\t\t\t\t\n\t\t\t\t\t\t\t\t\t\t\t\t\t<div class=\"testimonial-info-bottom\">\n\t\t\t\t\t\t\t\t\t\t\t\t\t\t\t\t\t\t\t\t\t\t\t\t\t<div class=\"testimonial-data\">\n\t\t\t\t\t\t\t\t\t\t\t\t\t\t\t\t\t\t\t\t\t<p class=\"testimonial-name\">Nicole Herskowitz<\/p>\n\t\t\t\t\t\t\t\t\t\t\t\t\t\t\t\t\t\t\t\t\t\t\t\t\t\t\t\t\t\t\t<div class=\"testimonial-job-info\">\n\t\t\t\t\t\t\t\t\t\t\t\t\t\t\t\t\t\t\t\t\t\t\t\t\t<span class=\"testimonial-role\">Senior Director of Product Marketing Microsoft Azure, Microsoft Corp<\/span>\n\t\t\t\t\t\t\t\t\t\t\t\t\t\t\t\t\t\t\t\t\t\t\t\t\t\t\t\t\t\t\t\t\t\t\t<\/div>\n\t\t\t\t\t\t\t\t\t\t\t\t\t\t\t\t\t\t\t<\/div>\n\t\t\t\t\t\t\t\t\t\t\t\t\t\t\t<\/div>\n\t\t\t\t\t\t\n\t\t\t\t\t<\/div>\n\t\t\t\t<\/div>\n\t\t\t<\/article>\n\t\t\t<\/section>\n\n\n\n\t<\/div>\n\n\n\t<div id=\"block_bb65a7ce71fd74620280a726c9d1f562\" class=\"column-content   text-start align-self-start\">\n\t\t\n\t<section class=\"block wp-block-acf-testimonial-single block--spc columns-block font-size-xl\" id=\"block_7d5dc409f043bedbea5273ead4022216\"\t\tclass=\"\">\n\n\t\t\t\t\t<article class=\"card card--testimonial\">\n\t\t\t\t\n\t\t\t\t<div class=\"testimonial-quote\">\n\t\t\t\t\t<div class=\"testimonial-quote__wrap\">\n\t\t\t\t\t\t<p>Los centros de datos globales de Microsoft controlan y gestionan la informaci\u00f3n del cliente con la experiencia ganada durante dos d\u00e9cadas de mantener la informaci\u00f3n a salvo junto con los requisitos de cumplimiento\r\n\r\n<\/p>\n\t\t\t\t\t\t\n\t\t\t\t\t\t\t\t\t\t\t\t\t<div class=\"testimonial-info-bottom\">\n\t\t\t\t\t\t\t\t\t\t\t\t\t\t\t\t\t\t\t\t\t\t\t\t\t<div class=\"testimonial-data\">\n\t\t\t\t\t\t\t\t\t\t\t\t\t\t\t\t\t\t\t\t\t<p class=\"testimonial-name\">David Marmer<\/p>\n\t\t\t\t\t\t\t\t\t\t\t\t\t\t\t\t\t\t\t\t\t\t\t\t\t\t\t\t\t\t\t<div class=\"testimonial-job-info\">\n\t\t\t\t\t\t\t\t\t\t\t\t\t\t\t\t\t\t\t\t\t\t\t\t\t<span class=\"testimonial-role\">SVP of Product, Board<\/span>\n\t\t\t\t\t\t\t\t\t\t\t\t\t\t\t\t\t\t\t\t\t\t\t\t\t\t\t\t\t\t\t\t\t\t\t<\/div>\n\t\t\t\t\t\t\t\t\t\t\t\t\t\t\t\t\t\t\t<\/div>\n\t\t\t\t\t\t\t\t\t\t\t\t\t\t\t<\/div>\n\t\t\t\t\t\t\n\t\t\t\t\t<\/div>\n\t\t\t\t<\/div>\n\t\t\t<\/article>\n\t\t\t<\/section>\n\n\n\n\t<\/div>\n\n\n\t\t\t<\/div>\n\t\t<\/div>\n\t<\/section>\n\n\t\t<section id=\"block_07d7878a00cf2744d23ecd880b47bd46-6\" class=\"block block--spc columns-block image-text bg-neutral-50\">\n\n\t\t\n\t\t<div class=\"container position-relative\">\n\t\t\t<div class=\"columns-block-row\">\n\t\t\t\t\t\t\t\t\n\t<div class=\"column-content \">\n\t\t\n\n<figure class=\"wp-block-image size-full is-resized\"><img decoding=\"async\" src=\"https:\/\/wwwstg.board.com\/wp-content\/uploads\/2024\/11\/cloud-onpremise.svg\" alt=\"\" class=\"wp-image-7156\" style=\"width:374px;height:auto\"\/><\/figure>\n\n\t\n\t<\/div>\n\t\n\n\t<div class=\"column-content \">\n\t\t\n\n<h2 class=\"wp-block-heading\">Con Board el modelo de prestaci\u00f3n es cuesti\u00f3n de preferencias.<\/h2>\n\n\n\n<p>En un entorno local, alojado o en la nube&#8230; Los clientes pueden implementar Board f\u00e1cilmente con la mismafiabilidad, seguridad y solidez. Board le permite elegir el modelo que sea m\u00e1s adecuado para su actividad cuando efect\u00fae la implantaci\u00f3n, teniendo total libertad para cambiar a otro modelo en caso que cambien tus necesidades.<\/p>\n\n\n\t<\/div>\n\n\n\t\t\t<\/div>\n\t\t<\/div>\n\t<\/section>\n\n\t<section id=\"block_f60ac99b63c775783fc6196b60b071fc-7\" class=\"block block--spc columns-block spacing-md footer-cta bg-violet-700\">\n\t\t\n\t\t\t<img loading=\"lazy\" decoding=\"async\" src=\"https:\/\/wwwstg.board.com\/wp-content\/uploads\/2024\/08\/pre-footersvg.svg\" class=\"shape-bg-image shape-bg-image-left\" alt=\"Background image shape - left\" height=\"510\" width=\"930\" aria-hidden=\"true\">\n\t\t\t<div class=\"overlay-gradient\"><\/div>\n\t\t<div class=\"container position-relative columns-70-30\">\n\t\t\t<div class=\"columns-block-row\">\n\t\t\t\t\t\t\t\t\n\t<div class=\"column-content \">\n\t\t\n\n<h2 class=\"wp-block-heading\">Descubre lo que Board puede hacer por ti.<\/h2>\n\n\n\n<p>Echa un vistazo a nuestra Plataforma de Planificaci\u00f3n Empresarial en acci\u00f3n.<\/p>\n\n\n\t<\/div>\n\n\n\t<div class=\"column-content \">\n\t\t\n\t\t<a href=\"https:\/\/wwwstg.board.com\/es\/solicitud-demo\" class=\"btn-link btn-link--white\"  target=\"\"\t\t\t>\n\t\t\t<span>Habla con un experto<\/span>\n\t\t<\/a>\n\t\n\n\t<\/div>\n\n\n\t\t\t<\/div>\n\t\t<\/div>\n\t<\/section>\n\n\t","protected":false},"excerpt":{"rendered":"","protected":false},"author":3,"featured_media":0,"parent":0,"menu_order":0,"comment_status":"closed","ping_status":"closed","template":"","meta":{"_acf_changed":false,"_themeisle_gutenberg_block_has_review":false,"footnotes":""},"line_of_business":[4387],"page_score_tier":[],"class_list":["post-8678","page","type-page","status-publish","hentry","line_of_business-not-assigned-es"],"acf":[],"yoast_head":"<!-- This site is optimized with the Yoast SEO plugin v27.4 - https:\/\/yoast.com\/product\/yoast-seo-wordpress\/ -->\n<title>Business Intelligence en la nube (cloud-based BI) | SaaS<\/title>\n<meta name=\"description\" content=\"Como Plataforma de Planificaci\u00f3n Empresarial basada en la nube, Board ofrece la potencia y flexibilidad necesarias para crecer con su organizaci\u00f3n.\" \/>\n<meta name=\"robots\" content=\"noindex, follow, max-snippet:-1, max-image-preview:large, max-video-preview:-1\" \/>\n<meta property=\"og:locale\" content=\"es_ES\" \/>\n<meta property=\"og:type\" content=\"article\" \/>\n<meta property=\"og:title\" content=\"Business Intelligence en la nube (cloud-based BI) | SaaS\" \/>\n<meta property=\"og:description\" content=\"Como Plataforma de Planificaci\u00f3n Empresarial basada en la nube, Board ofrece la potencia y flexibilidad necesarias para crecer con su organizaci\u00f3n.\" \/>\n<meta property=\"og:url\" content=\"https:\/\/wwwstg.board.com\/es\/en-la-nube-o-licencia\" \/>\n<meta property=\"og:site_name\" content=\"Board\" \/>\n<meta property=\"article:publisher\" content=\"https:\/\/www.facebook.com\/BOARD.International\" \/>\n<meta property=\"article:modified_time\" content=\"2025-02-26T20:29:02+00:00\" \/>\n<meta property=\"og:image\" content=\"https:\/\/wwwstg.board.com\/wp-content\/uploads\/2024\/11\/1200x627_opengraph_cloud-or-premise.jpg\" \/>\n<meta name=\"twitter:card\" content=\"summary_large_image\" \/>\n<meta name=\"twitter:site\" content=\"@BOARDSoftware\" \/>\n<meta name=\"twitter:label1\" content=\"Tiempo de lectura\" \/>\n\t<meta name=\"twitter:data1\" content=\"5 minutos\" \/>\n<script type=\"application\/ld+json\" class=\"yoast-schema-graph\">{\"@context\":\"https:\\\/\\\/schema.org\",\"@graph\":[{\"@type\":\"WebPage\",\"@id\":\"https:\\\/\\\/wwwstg.board.com\\\/es\\\/en-la-nube-o-licencia\",\"url\":\"https:\\\/\\\/wwwstg.board.com\\\/es\\\/en-la-nube-o-licencia\",\"name\":\"Business Intelligence en la nube (cloud-based BI) | SaaS\",\"isPartOf\":{\"@id\":\"https:\\\/\\\/wwwstg.board.com\\\/es#website\"},\"primaryImageOfPage\":{\"@id\":\"https:\\\/\\\/wwwstg.board.com\\\/es\\\/en-la-nube-o-licencia#primaryimage\"},\"image\":{\"@id\":\"https:\\\/\\\/wwwstg.board.com\\\/es\\\/en-la-nube-o-licencia#primaryimage\"},\"thumbnailUrl\":\"https:\\\/\\\/wwwstg.board.com\\\/wp-content\\\/uploads\\\/2024\\\/11\\\/board-cloud-logo-rgb-1600x284.webp\",\"datePublished\":\"2024-10-18T09:59:13+00:00\",\"dateModified\":\"2025-02-26T20:29:02+00:00\",\"description\":\"Como Plataforma de Planificaci\u00f3n Empresarial basada en la nube, Board ofrece la potencia y flexibilidad necesarias para crecer con su organizaci\u00f3n.\",\"breadcrumb\":{\"@id\":\"https:\\\/\\\/wwwstg.board.com\\\/es\\\/en-la-nube-o-licencia#breadcrumb\"},\"inLanguage\":\"es\",\"potentialAction\":[{\"@type\":\"ReadAction\",\"target\":[\"https:\\\/\\\/wwwstg.board.com\\\/es\\\/en-la-nube-o-licencia\"]}]},{\"@type\":\"ImageObject\",\"inLanguage\":\"es\",\"@id\":\"https:\\\/\\\/wwwstg.board.com\\\/es\\\/en-la-nube-o-licencia#primaryimage\",\"url\":\"https:\\\/\\\/wwwstg.board.com\\\/wp-content\\\/uploads\\\/2024\\\/11\\\/board-cloud-logo-rgb-1600x284.webp\",\"contentUrl\":\"https:\\\/\\\/wwwstg.board.com\\\/wp-content\\\/uploads\\\/2024\\\/11\\\/board-cloud-logo-rgb-1600x284.webp\"},{\"@type\":\"BreadcrumbList\",\"@id\":\"https:\\\/\\\/wwwstg.board.com\\\/es\\\/en-la-nube-o-licencia#breadcrumb\",\"itemListElement\":[{\"@type\":\"ListItem\",\"position\":1,\"name\":\"Home\",\"item\":\"https:\\\/\\\/wwwstg.board.com\\\/es\"},{\"@type\":\"ListItem\",\"position\":2,\"name\":\"En la nube o local\"}]},{\"@type\":\"WebSite\",\"@id\":\"https:\\\/\\\/wwwstg.board.com\\\/es#website\",\"url\":\"https:\\\/\\\/wwwstg.board.com\\\/es\",\"name\":\"Board\",\"description\":\"The Enterprise Planning Platform\",\"publisher\":{\"@id\":\"https:\\\/\\\/wwwstg.board.com\\\/es#organization\"},\"potentialAction\":[{\"@type\":\"SearchAction\",\"target\":{\"@type\":\"EntryPoint\",\"urlTemplate\":\"https:\\\/\\\/wwwstg.board.com\\\/es?s={search_term_string}\"},\"query-input\":{\"@type\":\"PropertyValueSpecification\",\"valueRequired\":true,\"valueName\":\"search_term_string\"}}],\"inLanguage\":\"es\"},{\"@type\":\"Organization\",\"@id\":\"https:\\\/\\\/wwwstg.board.com\\\/es#organization\",\"name\":\"Board\",\"url\":\"https:\\\/\\\/wwwstg.board.com\\\/es\",\"logo\":{\"@type\":\"ImageObject\",\"inLanguage\":\"es\",\"@id\":\"https:\\\/\\\/wwwstg.board.com\\\/es#\\\/schema\\\/logo\\\/image\\\/\",\"url\":\"https:\\\/\\\/wwwstg.board.com\\\/wp-content\\\/uploads\\\/2024\\\/08\\\/board-footer-logo-grey-0-1.png\",\"contentUrl\":\"https:\\\/\\\/wwwstg.board.com\\\/wp-content\\\/uploads\\\/2024\\\/08\\\/board-footer-logo-grey-0-1.png\",\"width\":297,\"height\":103,\"caption\":\"Board\"},\"image\":{\"@id\":\"https:\\\/\\\/wwwstg.board.com\\\/es#\\\/schema\\\/logo\\\/image\\\/\"},\"sameAs\":[\"https:\\\/\\\/www.facebook.com\\\/BOARD.International\",\"https:\\\/\\\/x.com\\\/BOARDSoftware\",\"https:\\\/\\\/www.linkedin.com\\\/company\\\/board\\\/\",\"https:\\\/\\\/www.youtube.com\\\/user\\\/BOARDInternationalSA\",\"https:\\\/\\\/en.wikipedia.org\\\/wiki\\\/Board_International\"]}]}<\/script>\n<!-- \/ Yoast SEO plugin. -->","yoast_head_json":{"title":"Business Intelligence en la nube (cloud-based BI) | SaaS","description":"Como Plataforma de Planificaci\u00f3n Empresarial basada en la nube, Board ofrece la potencia y flexibilidad necesarias para crecer con su organizaci\u00f3n.","robots":{"index":"noindex","follow":"follow","max-snippet":"max-snippet:-1","max-image-preview":"max-image-preview:large","max-video-preview":"max-video-preview:-1"},"og_locale":"es_ES","og_type":"article","og_title":"Business Intelligence en la nube (cloud-based BI) | SaaS","og_description":"Como Plataforma de Planificaci\u00f3n Empresarial basada en la nube, Board ofrece la potencia y flexibilidad necesarias para crecer con su organizaci\u00f3n.","og_url":"https:\/\/wwwstg.board.com\/es\/en-la-nube-o-licencia","og_site_name":"Board","article_publisher":"https:\/\/www.facebook.com\/BOARD.International","article_modified_time":"2025-02-26T20:29:02+00:00","og_image":[{"url":"https:\/\/wwwstg.board.com\/wp-content\/uploads\/2024\/11\/1200x627_opengraph_cloud-or-premise.jpg","type":"","width":"","height":""}],"twitter_card":"summary_large_image","twitter_site":"@BOARDSoftware","twitter_misc":{"Tiempo de lectura":"5 minutos"},"schema":{"@context":"https:\/\/schema.org","@graph":[{"@type":"WebPage","@id":"https:\/\/wwwstg.board.com\/es\/en-la-nube-o-licencia","url":"https:\/\/wwwstg.board.com\/es\/en-la-nube-o-licencia","name":"Business Intelligence en la nube (cloud-based BI) | SaaS","isPartOf":{"@id":"https:\/\/wwwstg.board.com\/es#website"},"primaryImageOfPage":{"@id":"https:\/\/wwwstg.board.com\/es\/en-la-nube-o-licencia#primaryimage"},"image":{"@id":"https:\/\/wwwstg.board.com\/es\/en-la-nube-o-licencia#primaryimage"},"thumbnailUrl":"https:\/\/wwwstg.board.com\/wp-content\/uploads\/2024\/11\/board-cloud-logo-rgb-1600x284.webp","datePublished":"2024-10-18T09:59:13+00:00","dateModified":"2025-02-26T20:29:02+00:00","description":"Como Plataforma de Planificaci\u00f3n Empresarial basada en la nube, Board ofrece la potencia y flexibilidad necesarias para crecer con su organizaci\u00f3n.","breadcrumb":{"@id":"https:\/\/wwwstg.board.com\/es\/en-la-nube-o-licencia#breadcrumb"},"inLanguage":"es","potentialAction":[{"@type":"ReadAction","target":["https:\/\/wwwstg.board.com\/es\/en-la-nube-o-licencia"]}]},{"@type":"ImageObject","inLanguage":"es","@id":"https:\/\/wwwstg.board.com\/es\/en-la-nube-o-licencia#primaryimage","url":"https:\/\/wwwstg.board.com\/wp-content\/uploads\/2024\/11\/board-cloud-logo-rgb-1600x284.webp","contentUrl":"https:\/\/wwwstg.board.com\/wp-content\/uploads\/2024\/11\/board-cloud-logo-rgb-1600x284.webp"},{"@type":"BreadcrumbList","@id":"https:\/\/wwwstg.board.com\/es\/en-la-nube-o-licencia#breadcrumb","itemListElement":[{"@type":"ListItem","position":1,"name":"Home","item":"https:\/\/wwwstg.board.com\/es"},{"@type":"ListItem","position":2,"name":"En la nube o local"}]},{"@type":"WebSite","@id":"https:\/\/wwwstg.board.com\/es#website","url":"https:\/\/wwwstg.board.com\/es","name":"Board","description":"The Enterprise Planning Platform","publisher":{"@id":"https:\/\/wwwstg.board.com\/es#organization"},"potentialAction":[{"@type":"SearchAction","target":{"@type":"EntryPoint","urlTemplate":"https:\/\/wwwstg.board.com\/es?s={search_term_string}"},"query-input":{"@type":"PropertyValueSpecification","valueRequired":true,"valueName":"search_term_string"}}],"inLanguage":"es"},{"@type":"Organization","@id":"https:\/\/wwwstg.board.com\/es#organization","name":"Board","url":"https:\/\/wwwstg.board.com\/es","logo":{"@type":"ImageObject","inLanguage":"es","@id":"https:\/\/wwwstg.board.com\/es#\/schema\/logo\/image\/","url":"https:\/\/wwwstg.board.com\/wp-content\/uploads\/2024\/08\/board-footer-logo-grey-0-1.png","contentUrl":"https:\/\/wwwstg.board.com\/wp-content\/uploads\/2024\/08\/board-footer-logo-grey-0-1.png","width":297,"height":103,"caption":"Board"},"image":{"@id":"https:\/\/wwwstg.board.com\/es#\/schema\/logo\/image\/"},"sameAs":["https:\/\/www.facebook.com\/BOARD.International","https:\/\/x.com\/BOARDSoftware","https:\/\/www.linkedin.com\/company\/board\/","https:\/\/www.youtube.com\/user\/BOARDInternationalSA","https:\/\/en.wikipedia.org\/wiki\/Board_International"]}]}},"_links":{"self":[{"href":"https:\/\/wwwstg.board.com\/es\/wp-json\/wp\/v2\/pages\/8678","targetHints":{"allow":["GET"]}}],"collection":[{"href":"https:\/\/wwwstg.board.com\/es\/wp-json\/wp\/v2\/pages"}],"about":[{"href":"https:\/\/wwwstg.board.com\/es\/wp-json\/wp\/v2\/types\/page"}],"author":[{"embeddable":true,"href":"https:\/\/wwwstg.board.com\/es\/wp-json\/wp\/v2\/users\/3"}],"replies":[{"embeddable":true,"href":"https:\/\/wwwstg.board.com\/es\/wp-json\/wp\/v2\/comments?post=8678"}],"version-history":[{"count":0,"href":"https:\/\/wwwstg.board.com\/es\/wp-json\/wp\/v2\/pages\/8678\/revisions"}],"wp:attachment":[{"href":"https:\/\/wwwstg.board.com\/es\/wp-json\/wp\/v2\/media?parent=8678"}],"wp:term":[{"taxonomy":"line_of_business","embeddable":true,"href":"https:\/\/wwwstg.board.com\/es\/wp-json\/wp\/v2\/line_of_business?post=8678"},{"taxonomy":"page_score_tier","embeddable":true,"href":"https:\/\/wwwstg.board.com\/es\/wp-json\/wp\/v2\/page_score_tier?post=8678"}],"curies":[{"name":"wp","href":"https:\/\/api.w.org\/{rel}","templated":true}]}}