{"id":8182,"date":"2024-10-23T09:07:30","date_gmt":"2024-10-23T09:07:30","guid":{"rendered":"https:\/\/www.board.com\/precios\/"},"modified":"2025-02-26T18:32:28","modified_gmt":"2025-02-26T18:32:28","slug":"precios","status":"publish","type":"page","link":"https:\/\/wwwstg.board.com\/es\/precios","title":{"rendered":"Precios"},"content":{"rendered":"\t<section id=\"block_8af2dde714b6e9dfce425e8c9adf0939-\" class=\"block block--spc columns-block block-hero-grad grid grid--2 bg-primary-gradient-02\">\n\t\t<div class=\"container\">\n\t\t\t<div class=\"columns-block-row\">\n\t\t\t\t\n\t<div class=\"column-content d-flex align-items-center\">\n\t\t<div class=\"hero-grad-left\">\n\t\t\t<div class=\"hero-grad-copy\">\n\t\t\t\t\t\t\t\t\n\n<h1 class=\"wp-block-heading\">Planes y Precios<\/h1>\n\n\n\n<p>Cuando se trata de planificaci\u00f3n, no hay una talla \u00fanica. Estaremos encantados de conocer tus retos espec\u00edficos y ofrecerte un presupuesto personalizado que se adapte a tus necesidades. <\/p>\n\n\n\n\t\t\t\t\n\t\t\t\t\t\t\t<\/div>\n\t\t<\/div>\n\t<\/div>\n\n\n\t\t\t<\/div>\n\t\t<\/div>\n\t<\/section>\n\t<section id=\"block_4d8aef0425795e3b62d41fb61dd096ae-1\" class=\"block block--spc columns-block pb-0 \">\n\t\t<div class=\"container position-relative\">\n\t\t\t<div class=\"columns-block-row\">\n\t\t\t\t\t\t\t\t\n\t<div id=\"block_27369892811e579284db3a27e3b5f3d7\" class=\"column-content   text-start align-self-start\">\n\t\t\n\n<h2 class=\"wp-block-heading\">Estoy interesado en soluciones para\u2026<\/h2>\n\n\n\t<\/div>\n\n\n\t\t\t<\/div>\n\t\t<\/div>\n\t<\/section>\n\n\t\t\t<section id=\"block_3fb6c325b93ce9e3f54de81966d7b5c8-2\" class=\"block block--spc columns-block block-pricing-card-grid grid grid--3\">\n\t\t\t<div class=\"container\">\n\t\t\t\t\t\t\t\t<div class=\"columns-block-row\">\n\t\t\t\t\t\n\t<article class=\"card card--pricing\">\n\t\t<a aria-label=\"Solicita tu presupuesto\" href=\"#form|10939|lineOfBusiness=FPA\" class=\"full-link full-link__pricing\"><\/a>\n\t\t<div class=\"pricing-card-top\">\n\t\t\t\t\t\t\t<img decoding=\"async\" src=\"https:\/\/wwwstg.board.com\/wp-content\/uploads\/2024\/10\/icon-finance.svg\" alt=\"\" \/>\n\t\t\t\t\t\t\t\t\t\t<p>Finanzas<\/p>\n\t\t\t\t\t<\/div>\n\t\t<div class=\"pricing-card-copy\">\n\t\t\t\t\t\t\t<p>Transforma tu planificaci\u00f3n y an\u00e1lisis financiero con informaci\u00f3n m\u00e1s r\u00e1pida y precisa, procesos mensuales acelerados, planificaci\u00f3n de escenarios basada en eventos y colaboraci\u00f3n flexible.<\/p>\n\t\t\t\t\t<\/div>\n\t\t\t\t\t<div class=\"pricing-card-nav\">\n\t\t\t\t<a class=\"btn-link btn-link--primary btn-link--icon\" href=\"#form|10939|lineOfBusiness=FPA\">\n\t\t\t\t\t<span>Solicita tu presupuesto<\/span>\n\t\t\t\t\t<span class=\"ico icon-chevron-right\" aria-hidden=\"true\"><\/span>\n\t\t\t\t<\/a>\n\t\t\t<\/div>\n\t\t\t<\/article>\n\t\n\n\t<article class=\"card card--pricing\">\n\t\t<a aria-label=\"Solicita tu presupuesto\" href=\"#form|10939|lineOfBusiness=SOP\" class=\"full-link full-link__pricing\"><\/a>\n\t\t<div class=\"pricing-card-top\">\n\t\t\t\t\t\t\t<img decoding=\"async\" src=\"https:\/\/wwwstg.board.com\/wp-content\/uploads\/2024\/10\/icon-supply-chain.svg\" alt=\"\" \/>\n\t\t\t\t\t\t\t\t\t\t<p>Supply chain<\/p>\n\t\t\t\t\t<\/div>\n\t\t<div class=\"pricing-card-copy\">\n\t\t\t\t\t\t\t<p>Toma decisiones r\u00e1pidas y flexibles sobre la cadena de suministro, optimiza el posicionamiento del inventario, realiza una planificaci\u00f3n de escenarios factible y rentable, y colabora m\u00e1s all\u00e1 de tu empresa.<\/p>\n\t\t\t\t\t<\/div>\n\t\t\t\t\t<div class=\"pricing-card-nav\">\n\t\t\t\t<a class=\"btn-link btn-link--primary btn-link--icon\" href=\"#form|10939|lineOfBusiness=SOP\">\n\t\t\t\t\t<span>Solicita tu presupuesto<\/span>\n\t\t\t\t\t<span class=\"ico icon-chevron-right\" aria-hidden=\"true\"><\/span>\n\t\t\t\t<\/a>\n\t\t\t<\/div>\n\t\t\t<\/article>\n\t\n\n\t<article class=\"card card--pricing\">\n\t\t<a aria-label=\"Solicita tu presupuesto\" href=\"#form|10939|lineOfBusiness=MCP\" class=\"full-link full-link__pricing\"><\/a>\n\t\t<div class=\"pricing-card-top\">\n\t\t\t\t\t\t\t<img decoding=\"async\" src=\"https:\/\/wwwstg.board.com\/wp-content\/uploads\/2024\/10\/icon-retail.svg\" alt=\"\" \/>\n\t\t\t\t\t\t\t\t\t\t<p>Retail<\/p>\n\t\t\t\t\t<\/div>\n\t\t<div class=\"pricing-card-copy\">\n\t\t\t\t\t\t\t<p>Combina tu estrategia integral de merchandising con informaci\u00f3n centrada en el consumidor, interacci\u00f3n omnicanal y una distribuci\u00f3n rentable consiguiendo una verdadera Intelligent Planning para Retail .<\/p>\n\t\t\t\t\t<\/div>\n\t\t\t\t\t<div class=\"pricing-card-nav\">\n\t\t\t\t<a class=\"btn-link btn-link--primary btn-link--icon\" href=\"#form|10939|lineOfBusiness=MCP\">\n\t\t\t\t\t<span>Solicita tu presupuesto<\/span>\n\t\t\t\t\t<span class=\"ico icon-chevron-right\" aria-hidden=\"true\"><\/span>\n\t\t\t\t<\/a>\n\t\t\t<\/div>\n\t\t\t<\/article>\n\t\n\n\t<article class=\"card card--pricing\">\n\t\t<a aria-label=\"Solicita tu presupuesto\" href=\"#form|10939|lineOfBusiness=SPM\" class=\"full-link full-link__pricing\"><\/a>\n\t\t<div class=\"pricing-card-top\">\n\t\t\t\t\t\t\t<img decoding=\"async\" src=\"https:\/\/wwwstg.board.com\/wp-content\/uploads\/2024\/10\/icon-sales.svg\" alt=\"\" \/>\n\t\t\t\t\t\t\t\t\t\t<p> Ventas<\/p>\n\t\t\t\t\t<\/div>\n\t\t<div class=\"pricing-card-copy\">\n\t\t\t\t\t\t\t<p>Consigue una cobertura de ventas \u00f3ptima, mant\u00e9n a tu equipo y tus planes de crecimiento focalizados, crea una previsi\u00f3n de ingresos predecible y reduce la duraci\u00f3n de tu ciclo de ventas.<\/p>\n\t\t\t\t\t<\/div>\n\t\t\t\t\t<div class=\"pricing-card-nav\">\n\t\t\t\t<a class=\"btn-link btn-link--primary btn-link--icon\" href=\"#form|10939|lineOfBusiness=SPM\">\n\t\t\t\t\t<span>Solicita tu presupuesto<\/span>\n\t\t\t\t\t<span class=\"ico icon-chevron-right\" aria-hidden=\"true\"><\/span>\n\t\t\t\t<\/a>\n\t\t\t<\/div>\n\t\t\t<\/article>\n\t\n\n\t<article class=\"card card--pricing\">\n\t\t<a aria-label=\"Solicita tu presupuesto\" href=\"#form|10939|lineOfBusiness=WFP\" class=\"full-link full-link__pricing\"><\/a>\n\t\t<div class=\"pricing-card-top\">\n\t\t\t\t\t\t\t<img decoding=\"async\" src=\"https:\/\/wwwstg.board.com\/wp-content\/uploads\/2024\/10\/icon-hr.svg\" alt=\"\" \/>\n\t\t\t\t\t\t\t\t\t\t<p>Recursos Humanos<\/p>\n\t\t\t\t\t<\/div>\n\t\t<div class=\"pricing-card-copy\">\n\t\t\t\t\t\t\t<p>Atrae, desarrolla y ret\u00e9n a los mejores talentos, crea equipos equilibrados y diversos, optimiza tu modelo operativo y construye una plantilla eficiente y productiva.<\/p>\n\t\t\t\t\t<\/div>\n\t\t\t\t\t<div class=\"pricing-card-nav\">\n\t\t\t\t<a class=\"btn-link btn-link--primary btn-link--icon\" href=\"#form|10939|lineOfBusiness=WFP\">\n\t\t\t\t\t<span>Solicita tu presupuesto<\/span>\n\t\t\t\t\t<span class=\"ico icon-chevron-right\" aria-hidden=\"true\"><\/span>\n\t\t\t\t<\/a>\n\t\t\t<\/div>\n\t\t\t<\/article>\n\t\n\n\t<article class=\"card card--pricing\">\n\t\t<a aria-label=\"Solicita tu presupuesto\" href=\"#form|10939|lineOfBusiness=NA\" class=\"full-link full-link__pricing\"><\/a>\n\t\t<div class=\"pricing-card-top\">\n\t\t\t\t\t\t\t<img decoding=\"async\" src=\"https:\/\/wwwstg.board.com\/wp-content\/uploads\/2024\/10\/icon-predictive-analytics.svg\" alt=\"\" \/>\n\t\t\t\t\t\t\t\t\t\t<p>Anal\u00edtica predictiva<\/p>\n\t\t\t\t\t<\/div>\n\t\t<div class=\"pricing-card-copy\">\n\t\t\t\t\t\t\t<p>Lleva la previsi\u00f3n al siguiente nivel con Board Enterprise Analytics Modeling (BEAM) y haz que los planes basados en Board sean a\u00fan m\u00e1s inteligentes gracias a los conocimientos basados en IA\/ML.<\/p>\n\t\t\t\t\t<\/div>\n\t\t\t\t\t<div class=\"pricing-card-nav\">\n\t\t\t\t<a class=\"btn-link btn-link--primary btn-link--icon\" href=\"#form|10939|lineOfBusiness=NA\">\n\t\t\t\t\t<span>Solicita tu presupuesto<\/span>\n\t\t\t\t\t<span class=\"ico icon-chevron-right\" aria-hidden=\"true\"><\/span>\n\t\t\t\t<\/a>\n\t\t\t<\/div>\n\t\t\t<\/article>\n\t\n\n\t<article class=\"card card--pricing\">\n\t\t<a aria-label=\"Solicita tu presupuesto\" href=\"#form|10939|lineOfBusiness=NA\" class=\"full-link full-link__pricing\"><\/a>\n\t\t<div class=\"pricing-card-top\">\n\t\t\t\t\t\t\t<img decoding=\"async\" src=\"https:\/\/wwwstg.board.com\/wp-content\/uploads\/2024\/10\/icon-add-ins-and-integrations.svg\" alt=\"\" \/>\n\t\t\t\t\t\t\t\t\t\t<p>Complementos e integraciones de Board<\/p>\n\t\t\t\t\t<\/div>\n\t\t<div class=\"pricing-card-copy\">\n\t\t\t\t\t\t\t<p>Mejora tus soluciones de Intelligent Planning con una serie de componentes adicionales, como nuestro complemento de Office o el conector SAP, entre otros.<\/p>\n\t\t\t\t\t<\/div>\n\t\t\t\t\t<div class=\"pricing-card-nav\">\n\t\t\t\t<a class=\"btn-link btn-link--primary btn-link--icon\" href=\"#form|10939|lineOfBusiness=NA\">\n\t\t\t\t\t<span>Solicita tu presupuesto<\/span>\n\t\t\t\t\t<span class=\"ico icon-chevron-right\" aria-hidden=\"true\"><\/span>\n\t\t\t\t<\/a>\n\t\t\t<\/div>\n\t\t\t<\/article>\n\t\n\n\t<article class=\"card card--pricing\">\n\t\t<a aria-label=\"Solicita tu presupuesto\" href=\"#form|10939|lineOfBusiness=NA\" class=\"full-link full-link__pricing\"><\/a>\n\t\t<div class=\"pricing-card-top\">\n\t\t\t\t\t\t\t<img decoding=\"async\" src=\"https:\/\/wwwstg.board.com\/wp-content\/uploads\/2024\/10\/icon-premium-support.svg\" alt=\"\" \/>\n\t\t\t\t\t\t\t\t\t\t<p>Soporte Premium<\/p>\n\t\t\t\t\t<\/div>\n\t\t<div class=\"pricing-card-copy\">\n\t\t\t\t\t\t\t<p>Un plan de soporte premium puede proporcionarte una ventaja competitiva duradera (y la tranquilidad) que tu empresa se merece. Obt\u00e9n m\u00e1s informaci\u00f3n sobre c\u00f3mo nuestros profesionales expertos en atenci\u00f3n al cliente y asistencia pueden ayudarte a sacar el m\u00e1ximo partido de tu inversi\u00f3n en Intelligent Planning. <\/p>\n\t\t\t\t\t<\/div>\n\t\t\t\t\t<div class=\"pricing-card-nav\">\n\t\t\t\t<a class=\"btn-link btn-link--primary btn-link--icon\" href=\"#form|10939|lineOfBusiness=NA\">\n\t\t\t\t\t<span>Solicita tu presupuesto<\/span>\n\t\t\t\t\t<span class=\"ico icon-chevron-right\" aria-hidden=\"true\"><\/span>\n\t\t\t\t<\/a>\n\t\t\t<\/div>\n\t\t\t<\/article>\n\t\n\n\t\t\t\t<\/div>\n\t\t\t<\/div>\n\t\t<\/section>\n\t<div class=\"html-prevedere-home-page wp-block-acf-html-pricing-js-workaround\">\n\t\n\t<script>\n\t\tfunction boardflow__setLineOfBusinessOnForm() {\n\t\t\tif (!window.boardflow) return;\n\t\t\tif (!location.hash.startsWith('#form|10939|')) return;\n\n\t\t\t\/\/ Split the hash into its parts\n\t\t\tconst parts = location.hash.split('|');\n\t\t\tconst formId = parts[1];\n\t\t\tconst form = window.boardflow._getServiceProvider(\"MarketoService\").formsServiceProvider.getForms(formId)?.[0];\n\n\t\t\tif (!form) return;\n\n\t\t\t\/\/ Update the form with the additional params\n\t\t\tconst params = parts.slice(2).reduce((acc, part) => {\n\t\t\t\tconst [key, value] = part.split('=');\n\t\t\t\tacc[key] = value;\n\t\t\t\treturn acc;\n\t\t\t}, {});\n\n\t\t\t\/\/ Update the form with the additional params\n\t\t\tform.additionalParams = {\n\t\t\t\t...form.additionalParams,\n\t\t\t\t...params\n\t\t\t}\n\n\t\t\tlocation.hash = `#form`\n\t\t}\n\n\t\t\/* window.addEventListener('DOMContentLoaded', (e) => {\n\t\t\t\/\/boardflow__setLineOfBusinessOnForm()\n\t\t}) *\/\n\t\twindow.addEventListener('hashchange', (e) => {\n\t\t\tboardflow__setLineOfBusinessOnForm()\n\t\t})\n\t<\/script>\n<\/div>\t<section id=\"form\" class=\"block block--spc columns-block block-text-form\">\n\t\t<div class=\"container position-relative\">\n\t\t\t<div class=\"columns-block-row\">\n\t\t\t\t\t\t\t\t\n\t<div class=\"column-content \">\n\t\t\n\n<h2 class=\"wp-block-heading\" id=\"form\">Solicita tu presupuesto<\/h2>\n\n\n\n<p>Env\u00eda tu solicitud a nuestro equipo de ventas<\/p>\n\n\n\t<\/div>\n\n\n\t<div class=\"column-content container \">\n\t\t\n\n\n\t\n\t<\/div>\n\t\n\n\t\t\t<\/div>\n\t\t<\/div>\n\t<\/section>\n\n\t\t<section id=\"block_44a43a80ddd312253be80de7772c9b49-4\" class=\"block block--spc columns-block image-text bg-neutral-50\">\n\n\t\t\n\t\t<div class=\"container position-relative\">\n\t\t\t<div class=\"columns-block-row\">\n\t\t\t\t\t\t\t\t\n\t<div class=\"column-content \">\n\t\t\n\n<h2 class=\"wp-block-heading\">Los clientes de Board consiguen un 335% de ROI<\/h2>\n\n\n\n<p>En el nuevo estudio de Forrester, nuestros clientes comparten lo mucho -y lo r\u00e1pido- que se benefician de Board.<\/p>\n\n\n\t\t<a href=\"https:\/\/wwwstg.board.com\/es\/recurso\/forrester-total-economic-impact\/\" class=\"btn-link btn-link--primary\"  target=\"\"\t\t\t\t\t\t>\n\t\t\t<span>Consigue tu copia<\/span>\n\t\t<\/a>\n\t\n\n\t<\/div>\n\n\n\t<div class=\"column-content \">\n\t\t\n\n<figure class=\"wp-block-image size-full\"><img loading=\"lazy\" decoding=\"async\" width=\"452\" height=\"397\" src=\"https:\/\/wwwstg.board.com\/wp-content\/uploads\/2024\/10\/tei-home-new.webp\" alt=\"\" class=\"wp-image-4199\" srcset=\"https:\/\/wwwstg.board.com\/wp-content\/uploads\/2024\/10\/tei-home-new.webp 452w, https:\/\/wwwstg.board.com\/wp-content\/uploads\/2024\/10\/tei-home-new-215x189.webp 215w\" sizes=\"auto, (max-width: 452px) 100vw, 452px\" \/><\/figure>\n\n\t\n\t<\/div>\n\t\n\n\t\t\t<\/div>\n\t\t<\/div>\n\t<\/section>\n\n\t<section id=\"block_179ef614eaff360d0a2be4d9fd9f914b-5\" class=\"block block--spc columns-block spacing-md footer-cta bg-violet-700\">\n\t\t\n\t\t\t<img loading=\"lazy\" decoding=\"async\" src=\"https:\/\/wwwstg.board.com\/wp-content\/uploads\/2024\/08\/pre-footersvg.svg\" class=\"shape-bg-image shape-bg-image-left\" alt=\"Background image shape - left\" height=\"510\" width=\"930\" aria-hidden=\"true\">\n\t\t\t<div class=\"overlay-gradient\"><\/div>\n\t\t<div class=\"container position-relative columns-70-30\">\n\t\t\t<div class=\"columns-block-row\">\n\t\t\t\t\t\t\t\t\n\t<div class=\"column-content \">\n\t\t\n\n<h2 class=\"wp-block-heading\">Descubre lo que Board puede hacer por ti.<\/h2>\n\n\n\n<p>Echa un vistazo a nuestra Plataforma de Planificaci\u00f3n Empresarial en acci\u00f3n.<\/p>\n\n\n\t<\/div>\n\n\n\t<div class=\"column-content \">\n\t\t\n\t\t<a href=\"https:\/\/wwwstg.board.com\/es\/solicitud-demo\" class=\"btn-link btn-link--white\"  target=\"\"\t\t\t>\n\t\t\t<span>Habla con un experto<\/span>\n\t\t<\/a>\n\t\n\n\t<\/div>\n\n\n\t\t\t<\/div>\n\t\t<\/div>\n\t<\/section>\n\n\t","protected":false},"excerpt":{"rendered":"","protected":false},"author":3,"featured_media":0,"parent":0,"menu_order":0,"comment_status":"closed","ping_status":"closed","template":"","meta":{"_acf_changed":false,"_themeisle_gutenberg_block_has_review":false,"footnotes":""},"line_of_business":[4387],"page_score_tier":[],"class_list":["post-8182","page","type-page","status-publish","hentry","line_of_business-not-assigned-es"],"acf":[],"yoast_head":"<!-- This site is optimized with the Yoast SEO plugin v27.2 - https:\/\/yoast.com\/product\/yoast-seo-wordpress\/ -->\n<title>Board Software Pricing<\/title>\n<meta name=\"description\" content=\"\u00bfBuscando precios para nuestra plataforma de planificaci\u00f3n empresarial y nuestras soluciones? Est\u00e1s en el lugar adecuado.\" \/>\n<meta name=\"robots\" content=\"noindex, follow, max-snippet:-1, max-image-preview:large, max-video-preview:-1\" \/>\n<meta property=\"og:locale\" content=\"es_ES\" \/>\n<meta property=\"og:type\" content=\"article\" \/>\n<meta property=\"og:title\" content=\"Board Software Pricing\" \/>\n<meta property=\"og:description\" content=\"\u00bfBuscando precios para nuestra plataforma de planificaci\u00f3n empresarial y nuestras soluciones? Est\u00e1s en el lugar adecuado.\" \/>\n<meta property=\"og:url\" content=\"https:\/\/wwwstg.board.com\/es\/precios\" \/>\n<meta property=\"og:site_name\" content=\"Board\" \/>\n<meta property=\"article:publisher\" content=\"https:\/\/www.facebook.com\/BOARD.International\" \/>\n<meta property=\"article:modified_time\" content=\"2025-02-26T18:32:28+00:00\" \/>\n<meta property=\"og:image\" content=\"https:\/\/wwwstg.board.com\/wp-content\/uploads\/2025\/01\/1200x627_opengraph_board_pricing.jpg\" \/>\n<meta name=\"twitter:card\" content=\"summary_large_image\" \/>\n<meta name=\"twitter:site\" content=\"@BOARDSoftware\" \/>\n<script type=\"application\/ld+json\" class=\"yoast-schema-graph\">{\"@context\":\"https:\/\/schema.org\",\"@graph\":[{\"@type\":\"WebPage\",\"@id\":\"https:\/\/wwwstg.board.com\/es\/precios\",\"url\":\"https:\/\/wwwstg.board.com\/es\/precios\",\"name\":\"Board Software Pricing\",\"isPartOf\":{\"@id\":\"https:\/\/wwwstg.board.com\/es#website\"},\"datePublished\":\"2024-10-23T09:07:30+00:00\",\"dateModified\":\"2025-02-26T18:32:28+00:00\",\"description\":\"\u00bfBuscando precios para nuestra plataforma de planificaci\u00f3n empresarial y nuestras soluciones? Est\u00e1s en el lugar adecuado.\",\"breadcrumb\":{\"@id\":\"https:\/\/wwwstg.board.com\/es\/precios#breadcrumb\"},\"inLanguage\":\"es\",\"potentialAction\":[{\"@type\":\"ReadAction\",\"target\":[\"https:\/\/wwwstg.board.com\/es\/precios\"]}]},{\"@type\":\"BreadcrumbList\",\"@id\":\"https:\/\/wwwstg.board.com\/es\/precios#breadcrumb\",\"itemListElement\":[{\"@type\":\"ListItem\",\"position\":1,\"name\":\"Home\",\"item\":\"https:\/\/wwwstg.board.com\/es\"},{\"@type\":\"ListItem\",\"position\":2,\"name\":\"Precios\"}]},{\"@type\":\"WebSite\",\"@id\":\"https:\/\/wwwstg.board.com\/es#website\",\"url\":\"https:\/\/wwwstg.board.com\/es\",\"name\":\"Board\",\"description\":\"The Enterprise Planning Platform\",\"publisher\":{\"@id\":\"https:\/\/wwwstg.board.com\/es#organization\"},\"potentialAction\":[{\"@type\":\"SearchAction\",\"target\":{\"@type\":\"EntryPoint\",\"urlTemplate\":\"https:\/\/wwwstg.board.com\/es?s={search_term_string}\"},\"query-input\":{\"@type\":\"PropertyValueSpecification\",\"valueRequired\":true,\"valueName\":\"search_term_string\"}}],\"inLanguage\":\"es\"},{\"@type\":\"Organization\",\"@id\":\"https:\/\/wwwstg.board.com\/es#organization\",\"name\":\"Board\",\"url\":\"https:\/\/wwwstg.board.com\/es\",\"logo\":{\"@type\":\"ImageObject\",\"inLanguage\":\"es\",\"@id\":\"https:\/\/wwwstg.board.com\/es#\/schema\/logo\/image\/\",\"url\":\"https:\/\/wwwstg.board.com\/wp-content\/uploads\/2024\/08\/board-footer-logo-grey-0-1.png\",\"contentUrl\":\"https:\/\/wwwstg.board.com\/wp-content\/uploads\/2024\/08\/board-footer-logo-grey-0-1.png\",\"width\":297,\"height\":103,\"caption\":\"Board\"},\"image\":{\"@id\":\"https:\/\/wwwstg.board.com\/es#\/schema\/logo\/image\/\"},\"sameAs\":[\"https:\/\/www.facebook.com\/BOARD.International\",\"https:\/\/x.com\/BOARDSoftware\",\"https:\/\/www.linkedin.com\/company\/board\/\",\"https:\/\/www.youtube.com\/user\/BOARDInternationalSA\",\"https:\/\/en.wikipedia.org\/wiki\/Board_International\"]}]}<\/script>\n<!-- \/ Yoast SEO plugin. -->","yoast_head_json":{"title":"Board Software Pricing","description":"\u00bfBuscando precios para nuestra plataforma de planificaci\u00f3n empresarial y nuestras soluciones? Est\u00e1s en el lugar adecuado.","robots":{"index":"noindex","follow":"follow","max-snippet":"max-snippet:-1","max-image-preview":"max-image-preview:large","max-video-preview":"max-video-preview:-1"},"og_locale":"es_ES","og_type":"article","og_title":"Board Software Pricing","og_description":"\u00bfBuscando precios para nuestra plataforma de planificaci\u00f3n empresarial y nuestras soluciones? Est\u00e1s en el lugar adecuado.","og_url":"https:\/\/wwwstg.board.com\/es\/precios","og_site_name":"Board","article_publisher":"https:\/\/www.facebook.com\/BOARD.International","article_modified_time":"2025-02-26T18:32:28+00:00","og_image":[{"url":"https:\/\/wwwstg.board.com\/wp-content\/uploads\/2025\/01\/1200x627_opengraph_board_pricing.jpg","type":"","width":"","height":""}],"twitter_card":"summary_large_image","twitter_site":"@BOARDSoftware","schema":{"@context":"https:\/\/schema.org","@graph":[{"@type":"WebPage","@id":"https:\/\/wwwstg.board.com\/es\/precios","url":"https:\/\/wwwstg.board.com\/es\/precios","name":"Board Software Pricing","isPartOf":{"@id":"https:\/\/wwwstg.board.com\/es#website"},"datePublished":"2024-10-23T09:07:30+00:00","dateModified":"2025-02-26T18:32:28+00:00","description":"\u00bfBuscando precios para nuestra plataforma de planificaci\u00f3n empresarial y nuestras soluciones? Est\u00e1s en el lugar adecuado.","breadcrumb":{"@id":"https:\/\/wwwstg.board.com\/es\/precios#breadcrumb"},"inLanguage":"es","potentialAction":[{"@type":"ReadAction","target":["https:\/\/wwwstg.board.com\/es\/precios"]}]},{"@type":"BreadcrumbList","@id":"https:\/\/wwwstg.board.com\/es\/precios#breadcrumb","itemListElement":[{"@type":"ListItem","position":1,"name":"Home","item":"https:\/\/wwwstg.board.com\/es"},{"@type":"ListItem","position":2,"name":"Precios"}]},{"@type":"WebSite","@id":"https:\/\/wwwstg.board.com\/es#website","url":"https:\/\/wwwstg.board.com\/es","name":"Board","description":"The Enterprise Planning Platform","publisher":{"@id":"https:\/\/wwwstg.board.com\/es#organization"},"potentialAction":[{"@type":"SearchAction","target":{"@type":"EntryPoint","urlTemplate":"https:\/\/wwwstg.board.com\/es?s={search_term_string}"},"query-input":{"@type":"PropertyValueSpecification","valueRequired":true,"valueName":"search_term_string"}}],"inLanguage":"es"},{"@type":"Organization","@id":"https:\/\/wwwstg.board.com\/es#organization","name":"Board","url":"https:\/\/wwwstg.board.com\/es","logo":{"@type":"ImageObject","inLanguage":"es","@id":"https:\/\/wwwstg.board.com\/es#\/schema\/logo\/image\/","url":"https:\/\/wwwstg.board.com\/wp-content\/uploads\/2024\/08\/board-footer-logo-grey-0-1.png","contentUrl":"https:\/\/wwwstg.board.com\/wp-content\/uploads\/2024\/08\/board-footer-logo-grey-0-1.png","width":297,"height":103,"caption":"Board"},"image":{"@id":"https:\/\/wwwstg.board.com\/es#\/schema\/logo\/image\/"},"sameAs":["https:\/\/www.facebook.com\/BOARD.International","https:\/\/x.com\/BOARDSoftware","https:\/\/www.linkedin.com\/company\/board\/","https:\/\/www.youtube.com\/user\/BOARDInternationalSA","https:\/\/en.wikipedia.org\/wiki\/Board_International"]}]}},"_links":{"self":[{"href":"https:\/\/wwwstg.board.com\/es\/wp-json\/wp\/v2\/pages\/8182","targetHints":{"allow":["GET"]}}],"collection":[{"href":"https:\/\/wwwstg.board.com\/es\/wp-json\/wp\/v2\/pages"}],"about":[{"href":"https:\/\/wwwstg.board.com\/es\/wp-json\/wp\/v2\/types\/page"}],"author":[{"embeddable":true,"href":"https:\/\/wwwstg.board.com\/es\/wp-json\/wp\/v2\/users\/3"}],"replies":[{"embeddable":true,"href":"https:\/\/wwwstg.board.com\/es\/wp-json\/wp\/v2\/comments?post=8182"}],"version-history":[{"count":0,"href":"https:\/\/wwwstg.board.com\/es\/wp-json\/wp\/v2\/pages\/8182\/revisions"}],"wp:attachment":[{"href":"https:\/\/wwwstg.board.com\/es\/wp-json\/wp\/v2\/media?parent=8182"}],"wp:term":[{"taxonomy":"line_of_business","embeddable":true,"href":"https:\/\/wwwstg.board.com\/es\/wp-json\/wp\/v2\/line_of_business?post=8182"},{"taxonomy":"page_score_tier","embeddable":true,"href":"https:\/\/wwwstg.board.com\/es\/wp-json\/wp\/v2\/page_score_tier?post=8182"}],"curies":[{"name":"wp","href":"https:\/\/api.w.org\/{rel}","templated":true}]}}