{"id":80372,"date":"2024-12-09T14:38:40","date_gmt":"2024-12-09T14:38:40","guid":{"rendered":"https:\/\/www.board.com\/thank-you-resource\/"},"modified":"2025-06-03T08:37:07","modified_gmt":"2025-06-03T08:37:07","slug":"thank-you-resource","status":"publish","type":"page","link":"https:\/\/wwwstg.board.com\/es\/thank-you-resource","title":{"rendered":"Thank You &#8211; Resource"},"content":{"rendered":"\t<section id=\"block_364eaadcfe9d31d5ecd1fe1c06f79348-\" class=\"block block--spc columns-block block-hero-bubble grid grid--2 block-margin-bottom bg-web-gradient-light\">\n\t\t<div class=\"breadcrumb-bar bg-brand-pearl\">\n\t\t\t<div class=\"container\">\n\t\t\t\t\t\t\t\t\t\t\t<nav aria-label=\"Breadcrumb\" class=\"d-flex flex-wrap list-unstyled mb-0 breadcrumbs\"><ol class=\"d-flex mb-0 align-items-center list-unstyled gap-1\"><li><a href=\"https:\/\/wwwstg.board.com\/es\">Home<\/a><\/li><\/ol><li class=\"mb-0 d-flex breadcrumb-back-to-link\"><a href=\"https:\/\/wwwstg.board.com\/es\">Volver a Home<\/a><\/li><\/nav>\t\t\t\t\t\t\t\t\t<\/div>\n\t\t<\/div>\n\t\t<div class=\"container\">\n\t\t\t<div class=\"columns-block-row\">\n\t\t\t\t\t\t\t\t\n\t<div class=\"column-content d-flex align-items-center\">\n\t\t<div class=\"hero-grad-left\">\n\t\t\t<div class=\"hero-grad-copy\">\n\t\t\t\t\t\t\t\t\n\n<h1 class=\"wp-block-heading\">Gracias.<\/h1>\n\n\n\n<p>Su descarga est\u00e1 completa.<\/p>\n\n\n\n<p>Si est\u00e1 interesado en obtener m\u00e1s informaci\u00f3n sobre Board, nuestro equipo est\u00e1 disponible para responder sus preguntas.<\/p>\n\n\n\t<div class=\"hero-grad-nav\">\n\t\t\n\t\t<a href=\"https:\/\/wwwstg.board.com\/es\/solicitud-demo\" class=\"btn-link btn-link--blue\"  target=\"\"\t\t\t>\n\t\t\t<span>Habla con un experto<\/span>\n\t\t<\/a>\n\t\n\n\t<\/div>\n\n\n\n\t\t\t\t\n\t\t\t\t\t\t\t<\/div>\n\t\t<\/div>\n\t<\/div>\n\n\n\t<div class=\"column-content text-start align-self-start\">\n\t\t<div class=\"hero-grad-right\">\n\t\t\n\t\t\t\t\t<img decoding=\"async\" class=\"hero-bubbles-bg hero-bubbles-bg--large\" src=\"https:\/\/wwwstg.board.com\/wp-content\/themes\/board\/assets\/images\/bubbles.svg\" alt=\"\" \/>\n\t\t\n\t\t\n\t\t\t\t\t\n\t\t\t\n\t\t\t<img decoding=\"async\" class=\"hero-bubbles-feature \" src=\"https:\/\/wwwstg.board.com\/wp-content\/uploads\/2024\/11\/Man-in-Business-Meeting-768x512.jpg\" alt=\"\" \/>\n\t\t\t\n\n\t\t<\/div>\n\t<\/div>\n\t\n\n\t\t\t<\/div>\n\t\t<\/div>\n\t<\/section>\n\t\n<h2 class=\"wp-block-heading has-text-align-center has-visual-h-2-font-size\">Tambi\u00e9n te puede interesar<\/h2>\n\t<section id=\"block_dd472fd8048c451abc0caa860086ce0c-1\" class=\"block block--spc block-resource-documents-guides-feed columns-block grid grid--3 spacing-md pt-0  \">\n\t\t<div class=\"container position-relative\">\n\t\t\t<div class=\"columns-block-row\">\n\t\t\t\t<article class=\"card card--resource\">\n\t\t<a href=\"https:\/\/wwwstg.board.com\/es\/recurso\/planificacion-del-retail-de-nueva-generacion-como-aprovechar-la-toma-de-decisiones-con-confianza-para-lograr-una-ventaja-competitiva-en-la-planificacion\" class=\"btn-link btn-link--primary btn-link--arrow\" aria-label=\"Download the Informe de Analista\">\n\t\t\t\t\t\t\t\t\t<div class=\"ratio ratio-16x9\">\n\t\t\t\t\t<img decoding=\"async\" src=\"https:\/\/wwwstg.board.com\/wp-content\/uploads\/2025\/12\/1280x800_wordpress_Board_InfoBrief-IDC-768x480.jpg\" alt=\"Planificaci\u00f3n del Retail de Nueva Generaci\u00f3n: c\u00f3mo aprovechar la toma de decisiones con confianza para lograr una ventaja competitiva en la planificaci\u00f3n\" loading=\"lazy\" aria-hidden=\"true\">\n\t\t\t\t\t\t\t\t\t<\/div>\n\t\t\t\t\t\n\t\t<div class=\"card-body\">\n\t\t\t\t\t\t\t<span class=\"card-cat\">\n\t\t\t\t\tInforme de Analista\t\t\t\t<\/span>\n\t\t\t\n\t\t\t\n\t\t\t<p class=\"card-title\">\n\t\t\t\tPlanificaci\u00f3n del Retail de Nueva Generaci\u00f3n: c\u00f3mo aprovechar la toma de decisiones con confianza para lograr una ventaja competitiva en la planificaci\u00f3n\t\t\t<\/p>\n\n\t\t\t\n\t\t\t\n\t\t\t<div class=\"card-nav\">\n\t\t\t\t\t\t\t\t\t<img loading=\"lazy\" decoding=\"async\" src=\"https:\/\/wwwstg.board.com\/wp-content\/themes\/board\/assets\/images\/icons\/document.svg\" alt=\"Download the Informe de Analista\" height=\"22\" width=\"22\" aria-hidden=\"true\">\n\t\t\t\t\t\t\t\t<span>Download the Informe de Analista<\/span>\n\t\t\t\t<span class=\"ico icon-chevron-right\" aria-hidden=\"true\"><\/span>\n\t\t\t<\/div>\n\t\t<\/div>\n\t<\/a>\n<\/article>\n<article class=\"card card--resource\">\n\t\t<a href=\"https:\/\/wwwstg.board.com\/es\/recurso\/retail-trends-2026\" class=\"btn-link btn-link--primary btn-link--arrow\" aria-label=\"Download the Documento\">\n\t\t\t\t\t\t\t\t\t<div class=\"ratio ratio-16x9\">\n\t\t\t\t\t<img decoding=\"async\" src=\"https:\/\/wwwstg.board.com\/wp-content\/uploads\/2026\/01\/1280x800_Board_wordpress_Brochure_Retail-Trends-2026-768x480.jpg\" alt=\"Retail Trends 2026\" loading=\"lazy\" aria-hidden=\"true\">\n\t\t\t\t\t\t\t\t\t<\/div>\n\t\t\t\t\t\n\t\t<div class=\"card-body\">\n\t\t\t\t\t\t\t<span class=\"card-cat\">\n\t\t\t\t\tDocumento\t\t\t\t<\/span>\n\t\t\t\n\t\t\t\n\t\t\t<p class=\"card-title\">\n\t\t\t\tRetail Trends 2026\t\t\t<\/p>\n\n\t\t\t\n\t\t\t\n\t\t\t<div class=\"card-nav\">\n\t\t\t\t\t\t\t\t\t<img loading=\"lazy\" decoding=\"async\" src=\"https:\/\/wwwstg.board.com\/wp-content\/themes\/board\/assets\/images\/icons\/document.svg\" alt=\"Download the Documento\" height=\"22\" width=\"22\" aria-hidden=\"true\">\n\t\t\t\t\t\t\t\t<span>Download the Documento<\/span>\n\t\t\t\t<span class=\"ico icon-chevron-right\" aria-hidden=\"true\"><\/span>\n\t\t\t<\/div>\n\t\t<\/div>\n\t<\/a>\n<\/article>\n<article class=\"card card--resource\">\n\t\t<a href=\"https:\/\/wwwstg.board.com\/es\/recurso\/impulsando-el-exito-en-la-planificacion-de-surtido-y-mercancias-para-acelerar-ventas-y-mejorar-la-rentabilidad\" class=\"btn-link btn-link--primary btn-link--arrow\" aria-label=\"Download the Informe de Analista\">\n\t\t\t\t\t\t\t\t\t<div class=\"ratio ratio-16x9\">\n\t\t\t\t\t<img decoding=\"async\" src=\"https:\/\/wwwstg.board.com\/wp-content\/uploads\/2025\/12\/1280x800_wordpress_Board_Report_Coresight-768x480.jpg\" alt=\"Impulsando el \u00e9xito en la planificaci\u00f3n de surtido y mercanc\u00edas para acelerar ventas y mejorar la rentabilidad\" loading=\"lazy\" aria-hidden=\"true\">\n\t\t\t\t\t\t\t\t\t<\/div>\n\t\t\t\t\t\n\t\t<div class=\"card-body\">\n\t\t\t\t\t\t\t<span class=\"card-cat\">\n\t\t\t\t\tInforme de Analista\t\t\t\t<\/span>\n\t\t\t\n\t\t\t\n\t\t\t<p class=\"card-title\">\n\t\t\t\tImpulsando el \u00e9xito en la planificaci\u00f3n de surtido y mercanc\u00edas para acelerar ventas y mejorar la rentabilidad\t\t\t<\/p>\n\n\t\t\t\n\t\t\t\n\t\t\t<div class=\"card-nav\">\n\t\t\t\t\t\t\t\t\t<img loading=\"lazy\" decoding=\"async\" src=\"https:\/\/wwwstg.board.com\/wp-content\/themes\/board\/assets\/images\/icons\/document.svg\" alt=\"Download the Informe de Analista\" height=\"22\" width=\"22\" aria-hidden=\"true\">\n\t\t\t\t\t\t\t\t<span>Download the Informe de Analista<\/span>\n\t\t\t\t<span class=\"ico icon-chevron-right\" aria-hidden=\"true\"><\/span>\n\t\t\t<\/div>\n\t\t<\/div>\n\t<\/a>\n<\/article>\n\t\t\t\t\t\t\t<\/div>\n\t\t<\/div>\n\t\t\t<\/section>\n\t<section id=\"block_2a0461254302d6558d8c547817636452-2\" class=\"block block--spc columns-block spacing-md footer-cta bg-violet-700\">\n\t\t\n\t\t\t<img loading=\"lazy\" decoding=\"async\" src=\"https:\/\/wwwstg.board.com\/wp-content\/uploads\/2024\/08\/pre-footersvg.svg\" class=\"shape-bg-image shape-bg-image-left\" alt=\"Background image shape - left\" height=\"510\" width=\"930\" aria-hidden=\"true\">\n\t\t\t<div class=\"overlay-gradient\"><\/div>\n\t\t<div class=\"container position-relative columns-70-30\">\n\t\t\t<div class=\"columns-block-row\">\n\t\t\t\t\t\t\t\t\n\t<div class=\"column-content \">\n\t\t\n\n<h2 class=\"wp-block-heading\">Descubre lo que Board puede hacer por ti.<\/h2>\n\n\n\n<p>Echa un vistazo a nuestra Plataforma de Planificaci\u00f3n Empresarial en acci\u00f3n.<\/p>\n\n\n\t<\/div>\n\n\n\t<div class=\"column-content \">\n\t\t\n\t\t<a href=\"https:\/\/wwwstg.board.com\/es\/solicitud-demo\" class=\"btn-link btn-link--white\"  target=\"\"\t\t\t>\n\t\t\t<span>Habla con un experto<\/span>\n\t\t<\/a>\n\t\n\n\t<\/div>\n\n\n\t\t\t<\/div>\n\t\t<\/div>\n\t<\/section>\n\n\t","protected":false},"excerpt":{"rendered":"<p>Tambi\u00e9n te puede interesar<\/p>\n","protected":false},"author":1,"featured_media":0,"parent":0,"menu_order":0,"comment_status":"closed","ping_status":"closed","template":"template-resource-thankyou.php","meta":{"_acf_changed":false,"_themeisle_gutenberg_block_has_review":false,"footnotes":""},"line_of_business":[4387],"page_score_tier":[],"class_list":["post-80372","page","type-page","status-publish","hentry","line_of_business-not-assigned-es"],"acf":[],"yoast_head":"<!-- This site is optimized with the Yoast SEO plugin v27.4 - https:\/\/yoast.com\/product\/yoast-seo-wordpress\/ -->\n<title>Board | Thank You - Resource<\/title>\n<meta name=\"robots\" content=\"noindex, follow\" \/>\n<meta property=\"og:locale\" content=\"es_ES\" \/>\n<meta property=\"og:type\" content=\"article\" \/>\n<meta property=\"og:title\" content=\"Board | Thank You - Resource\" \/>\n<meta property=\"og:description\" content=\"Tambi\u00e9n te puede interesar\" \/>\n<meta property=\"og:url\" content=\"https:\/\/wwwstg.board.com\/es\/thank-you-resource\" \/>\n<meta property=\"og:site_name\" content=\"Board\" \/>\n<meta property=\"article:publisher\" content=\"https:\/\/www.facebook.com\/BOARD.International\" \/>\n<meta property=\"article:modified_time\" content=\"2025-06-03T08:37:07+00:00\" \/>\n<meta name=\"twitter:card\" content=\"summary_large_image\" \/>\n<meta name=\"twitter:site\" content=\"@BOARDSoftware\" \/>\n<meta name=\"twitter:label1\" content=\"Tiempo de lectura\" \/>\n\t<meta name=\"twitter:data1\" content=\"1 minuto\" \/>\n<script type=\"application\/ld+json\" class=\"yoast-schema-graph\">{\"@context\":\"https:\\\/\\\/schema.org\",\"@graph\":[{\"@type\":\"WebPage\",\"@id\":\"https:\\\/\\\/wwwstg.board.com\\\/es\\\/thank-you-resource\",\"url\":\"https:\\\/\\\/wwwstg.board.com\\\/es\\\/thank-you-resource\",\"name\":\"Board | Thank You - Resource\",\"isPartOf\":{\"@id\":\"https:\\\/\\\/wwwstg.board.com\\\/es#website\"},\"datePublished\":\"2024-12-09T14:38:40+00:00\",\"dateModified\":\"2025-06-03T08:37:07+00:00\",\"breadcrumb\":{\"@id\":\"https:\\\/\\\/wwwstg.board.com\\\/es\\\/thank-you-resource#breadcrumb\"},\"inLanguage\":\"es\",\"potentialAction\":[{\"@type\":\"ReadAction\",\"target\":[\"https:\\\/\\\/wwwstg.board.com\\\/es\\\/thank-you-resource\"]}]},{\"@type\":\"BreadcrumbList\",\"@id\":\"https:\\\/\\\/wwwstg.board.com\\\/es\\\/thank-you-resource#breadcrumb\",\"itemListElement\":[{\"@type\":\"ListItem\",\"position\":1,\"name\":\"Home\",\"item\":\"https:\\\/\\\/wwwstg.board.com\\\/es\"},{\"@type\":\"ListItem\",\"position\":2,\"name\":\"Thank You &#8211; Resource\"}]},{\"@type\":\"WebSite\",\"@id\":\"https:\\\/\\\/wwwstg.board.com\\\/es#website\",\"url\":\"https:\\\/\\\/wwwstg.board.com\\\/es\",\"name\":\"Board\",\"description\":\"The Enterprise Planning Platform\",\"publisher\":{\"@id\":\"https:\\\/\\\/wwwstg.board.com\\\/es#organization\"},\"potentialAction\":[{\"@type\":\"SearchAction\",\"target\":{\"@type\":\"EntryPoint\",\"urlTemplate\":\"https:\\\/\\\/wwwstg.board.com\\\/es?s={search_term_string}\"},\"query-input\":{\"@type\":\"PropertyValueSpecification\",\"valueRequired\":true,\"valueName\":\"search_term_string\"}}],\"inLanguage\":\"es\"},{\"@type\":\"Organization\",\"@id\":\"https:\\\/\\\/wwwstg.board.com\\\/es#organization\",\"name\":\"Board\",\"url\":\"https:\\\/\\\/wwwstg.board.com\\\/es\",\"logo\":{\"@type\":\"ImageObject\",\"inLanguage\":\"es\",\"@id\":\"https:\\\/\\\/wwwstg.board.com\\\/es#\\\/schema\\\/logo\\\/image\\\/\",\"url\":\"https:\\\/\\\/wwwstg.board.com\\\/wp-content\\\/uploads\\\/2024\\\/08\\\/board-footer-logo-grey-0-1.png\",\"contentUrl\":\"https:\\\/\\\/wwwstg.board.com\\\/wp-content\\\/uploads\\\/2024\\\/08\\\/board-footer-logo-grey-0-1.png\",\"width\":297,\"height\":103,\"caption\":\"Board\"},\"image\":{\"@id\":\"https:\\\/\\\/wwwstg.board.com\\\/es#\\\/schema\\\/logo\\\/image\\\/\"},\"sameAs\":[\"https:\\\/\\\/www.facebook.com\\\/BOARD.International\",\"https:\\\/\\\/x.com\\\/BOARDSoftware\",\"https:\\\/\\\/www.linkedin.com\\\/company\\\/board\\\/\",\"https:\\\/\\\/www.youtube.com\\\/user\\\/BOARDInternationalSA\",\"https:\\\/\\\/en.wikipedia.org\\\/wiki\\\/Board_International\"]}]}<\/script>\n<!-- \/ Yoast SEO plugin. -->","yoast_head_json":{"title":"Board | Thank You - Resource","robots":{"index":"noindex","follow":"follow"},"og_locale":"es_ES","og_type":"article","og_title":"Board | Thank You - Resource","og_description":"Tambi\u00e9n te puede interesar","og_url":"https:\/\/wwwstg.board.com\/es\/thank-you-resource","og_site_name":"Board","article_publisher":"https:\/\/www.facebook.com\/BOARD.International","article_modified_time":"2025-06-03T08:37:07+00:00","twitter_card":"summary_large_image","twitter_site":"@BOARDSoftware","twitter_misc":{"Tiempo de lectura":"1 minuto"},"schema":{"@context":"https:\/\/schema.org","@graph":[{"@type":"WebPage","@id":"https:\/\/wwwstg.board.com\/es\/thank-you-resource","url":"https:\/\/wwwstg.board.com\/es\/thank-you-resource","name":"Board | Thank You - Resource","isPartOf":{"@id":"https:\/\/wwwstg.board.com\/es#website"},"datePublished":"2024-12-09T14:38:40+00:00","dateModified":"2025-06-03T08:37:07+00:00","breadcrumb":{"@id":"https:\/\/wwwstg.board.com\/es\/thank-you-resource#breadcrumb"},"inLanguage":"es","potentialAction":[{"@type":"ReadAction","target":["https:\/\/wwwstg.board.com\/es\/thank-you-resource"]}]},{"@type":"BreadcrumbList","@id":"https:\/\/wwwstg.board.com\/es\/thank-you-resource#breadcrumb","itemListElement":[{"@type":"ListItem","position":1,"name":"Home","item":"https:\/\/wwwstg.board.com\/es"},{"@type":"ListItem","position":2,"name":"Thank You &#8211; Resource"}]},{"@type":"WebSite","@id":"https:\/\/wwwstg.board.com\/es#website","url":"https:\/\/wwwstg.board.com\/es","name":"Board","description":"The Enterprise Planning Platform","publisher":{"@id":"https:\/\/wwwstg.board.com\/es#organization"},"potentialAction":[{"@type":"SearchAction","target":{"@type":"EntryPoint","urlTemplate":"https:\/\/wwwstg.board.com\/es?s={search_term_string}"},"query-input":{"@type":"PropertyValueSpecification","valueRequired":true,"valueName":"search_term_string"}}],"inLanguage":"es"},{"@type":"Organization","@id":"https:\/\/wwwstg.board.com\/es#organization","name":"Board","url":"https:\/\/wwwstg.board.com\/es","logo":{"@type":"ImageObject","inLanguage":"es","@id":"https:\/\/wwwstg.board.com\/es#\/schema\/logo\/image\/","url":"https:\/\/wwwstg.board.com\/wp-content\/uploads\/2024\/08\/board-footer-logo-grey-0-1.png","contentUrl":"https:\/\/wwwstg.board.com\/wp-content\/uploads\/2024\/08\/board-footer-logo-grey-0-1.png","width":297,"height":103,"caption":"Board"},"image":{"@id":"https:\/\/wwwstg.board.com\/es#\/schema\/logo\/image\/"},"sameAs":["https:\/\/www.facebook.com\/BOARD.International","https:\/\/x.com\/BOARDSoftware","https:\/\/www.linkedin.com\/company\/board\/","https:\/\/www.youtube.com\/user\/BOARDInternationalSA","https:\/\/en.wikipedia.org\/wiki\/Board_International"]}]}},"_links":{"self":[{"href":"https:\/\/wwwstg.board.com\/es\/wp-json\/wp\/v2\/pages\/80372","targetHints":{"allow":["GET"]}}],"collection":[{"href":"https:\/\/wwwstg.board.com\/es\/wp-json\/wp\/v2\/pages"}],"about":[{"href":"https:\/\/wwwstg.board.com\/es\/wp-json\/wp\/v2\/types\/page"}],"author":[{"embeddable":true,"href":"https:\/\/wwwstg.board.com\/es\/wp-json\/wp\/v2\/users\/1"}],"replies":[{"embeddable":true,"href":"https:\/\/wwwstg.board.com\/es\/wp-json\/wp\/v2\/comments?post=80372"}],"version-history":[{"count":0,"href":"https:\/\/wwwstg.board.com\/es\/wp-json\/wp\/v2\/pages\/80372\/revisions"}],"wp:attachment":[{"href":"https:\/\/wwwstg.board.com\/es\/wp-json\/wp\/v2\/media?parent=80372"}],"wp:term":[{"taxonomy":"line_of_business","embeddable":true,"href":"https:\/\/wwwstg.board.com\/es\/wp-json\/wp\/v2\/line_of_business?post=80372"},{"taxonomy":"page_score_tier","embeddable":true,"href":"https:\/\/wwwstg.board.com\/es\/wp-json\/wp\/v2\/page_score_tier?post=80372"}],"curies":[{"name":"wp","href":"https:\/\/api.w.org\/{rel}","templated":true}]}}