{"id":3117,"date":"2024-10-15T14:45:26","date_gmt":"2024-10-15T14:45:26","guid":{"rendered":"https:\/\/www.board.com\/?page_id=3117"},"modified":"2025-12-02T16:21:54","modified_gmt":"2025-12-02T16:21:54","slug":"analisis-predictivos-avanzados","status":"publish","type":"page","link":"https:\/\/wwwstg.board.com\/es\/analisis-predictivos-avanzados","title":{"rendered":"Board capability: An\u00e1lisis predictivos y avanzados"},"content":{"rendered":"\t<section id=\"block_1657af6d61dd0e017496d4d424091579-\" class=\"block block--spc columns-block block-hero-grad grid grid--2 bg-primary-gradient-02\">\n\t\t<div class=\"container\">\n\t\t\t<div class=\"columns-block-row\">\n\t\t\t\t\n\t<div class=\"column-content d-flex align-items-center\">\n\t\t<div class=\"hero-grad-left\">\n\t\t\t<div class=\"hero-grad-copy\">\n\t\t\t\t\t\t\t\t\n\n<h1 class=\"wp-block-heading\">Board capability: An\u00e1lisis predictivos y avanzados<\/h1>\n\n\n\n<p>Decida mejor al contar con insights m\u00e1s significativos y predictivos.<\/p>\n\n\n\t<div class=\"hero-grad-nav\">\n\t\t\n\t\t<a href=\"https:\/\/wwwstg.board.com\/es\/watch-demo\" class=\"btn-link btn-link--white\"  target=\"\"\t\t\t>\n\t\t\t<span>Descubre Board en acci\u00f3n<\/span>\n\t\t<\/a>\n\t\n\n\t\t<a href=\"https:\/\/wwwstg.board.com\/es\/solicitud-demo\" class=\"btn-link btn-link--white btn-link--arrow\"  target=\"\"\t\t\t>\n\t\t\t<span>Solicita una demostraci\u00f3n<\/span>\n\t\t\t<span class=\"ico icon-chevron-right\" aria-hidden=\"true\"><\/span>\n\t\t<\/a>\n\t\n\n\t<\/div>\n\n\n\n\t\t\t\t\n\t\t\t\t\t\t\t<\/div>\n\t\t<\/div>\n\t<\/div>\n\n\n\t\t\t<\/div>\n\t\t<\/div>\n\t<\/section>\n\t<section id=\"block_7c2a0ed0787d5fbde54f764a53afcc6e-1\" class=\"block block--spc columns-block image-text\">\n\n\t\t\n\t\t<div class=\"container position-relative\">\n\t\t\t<div class=\"columns-block-row\">\n\t\t\t\t\t\t\t\t\n\t<div class=\"column-content \">\n\t\t\n\n<p>Integre funciones anal\u00edticas y predictivas avanzadas en los procesos de negocio de su empresa con la agilidad necesaria para mantener el ritmo acelerado que exigen las actividades empresariales de hoy. H\u00e1galo de manera sencilla, dejando que los usuarios de la empresa lleven la iniciativa sin tener que depender de una multitud de expertos, como sucedecon los productos tradicionales de miner\u00eda de datos y anal\u00edtica. Board BEAM ofrece una soluci\u00f3n revolucionaria para la incorporaci\u00f3n efectiva de toda la potencia de la anal\u00edtica predictiva a las actividades cotidianas y a los procesos de toma de decisiones. As\u00ed resultar\u00e1 m\u00e1s f\u00e1cil para todos adquirir amplias perspectivas de negocio y tomar iniciativas. <\/p>\n\n\n\t<\/div>\n\n\n\t<div class=\"column-content \">\n\t\t\n\n<figure class=\"wp-block-image size-full is-resized\"><img loading=\"lazy\" decoding=\"async\" width=\"1176\" height=\"821\" src=\"https:\/\/wwwstg.board.com\/wp-content\/uploads\/2024\/09\/board-dashboard-screens-laptop.png\" alt=\"\" class=\"wp-image-712\" style=\"width:410px;height:auto\" srcset=\"https:\/\/wwwstg.board.com\/wp-content\/uploads\/2024\/09\/board-dashboard-screens-laptop.png 1176w, https:\/\/wwwstg.board.com\/wp-content\/uploads\/2024\/09\/board-dashboard-screens-laptop-215x150.png 215w, https:\/\/wwwstg.board.com\/wp-content\/uploads\/2024\/09\/board-dashboard-screens-laptop-768x536.png 768w, https:\/\/wwwstg.board.com\/wp-content\/uploads\/2024\/09\/board-dashboard-screens-laptop-480x335.png 480w\" sizes=\"auto, (max-width: 1176px) 100vw, 1176px\" \/><\/figure>\n\n\t\n\t<\/div>\n\t\n\n\t\t\t<\/div>\n\t\t<\/div>\n\t<\/section>\n\n\t<section id=\"block_3d3d6ba9988e735bad287b2ca6d0acef-2\" class=\"block block--spc columns-block image-text bg-neutral-50\">\n\n\t\t\n\t\t<div class=\"container position-relative\">\n\t\t\t<div class=\"columns-block-row\">\n\t\t\t\t\t\t\t\t\n\t<div class=\"column-content \">\n\t\t\n\n<figure class=\"wp-block-image size-full is-resized\"><img decoding=\"async\" src=\"https:\/\/wwwstg.board.com\/wp-content\/uploads\/2024\/09\/business-prediction.svg\" alt=\"\" class=\"wp-image-713\" style=\"width:362px;height:auto\"\/><\/figure>\n\n\t\n\t<\/div>\n\t\n\n\t<div class=\"column-content \">\n\t\t\n\n<h3 class=\"wp-block-heading\">Convierta su historial en una predicci\u00f3n de negocio<\/h3>\n\n\n\n<p>Board aprovecha la modelizaci\u00f3n predictiva automatizada para generar previsiones altamente precisas de forma r\u00e1pida y eficiente. Al evaluar las caracter\u00edsticas de cada serie temporal, Board genera modelos adecuados y ejecuta los pron\u00f3sticos mucho m\u00e1s r\u00e1pido que las soluciones tradicionales. Esta capacidad de previsi\u00f3n puede potenciarse incorporando variables externas (covariables) para refinar las predicciones.<br\/>  <\/p>\n\n\n\t<\/div>\n\n\n\t\t\t<\/div>\n\t\t<\/div>\n\t<\/section>\n\n\t<section id=\"block_7c2a0ed0787d5fbde54f764a53afcc6e-3\" class=\"block block--spc columns-block image-text\">\n\n\t\t\n\t\t<div class=\"container position-relative\">\n\t\t\t<div class=\"columns-block-row\">\n\t\t\t\t\t\t\t\t\n\t<div class=\"column-content \">\n\t\t\n\n<h3 class=\"wp-block-heading\">Ejecute an\u00e1lisis instant\u00e1neos de conglomerados y segmentaci\u00f3n<\/h3>\n\n\n\n<p> Board permite la agrupaci\u00f3n autom\u00e1tica (clustering) de objetos similares mediante la metodolog\u00eda k-means. Los usuarios de negocio pueden especificar el n\u00famero de grupos y los conjuntos de observaciones (por ejemplo, rentabilidad y facturaci\u00f3n), y Board crea al instante clusters k-means disponibles como dimensiones para an\u00e1lisis posteriores. Esta integraci\u00f3n permite la creaci\u00f3n inmediata de informes, gr\u00e1ficos y an\u00e1lisis de autoservicio basados en clusters, que tambi\u00e9n pueden utilizarse como unidades de previsi\u00f3n o planificaci\u00f3n.<br\/>  <\/p>\n\n\n\t<\/div>\n\n\n\t<div class=\"column-content \">\n\t\t\n\n<figure class=\"wp-block-image size-full is-resized\"><img loading=\"lazy\" decoding=\"async\" width=\"705\" height=\"599\" src=\"https:\/\/wwwstg.board.com\/wp-content\/uploads\/2024\/09\/clustering.png\" alt=\"\" class=\"wp-image-714\" style=\"width:410px;height:auto\" srcset=\"https:\/\/wwwstg.board.com\/wp-content\/uploads\/2024\/09\/clustering.png 705w, https:\/\/wwwstg.board.com\/wp-content\/uploads\/2024\/09\/clustering-215x183.png 215w, https:\/\/wwwstg.board.com\/wp-content\/uploads\/2024\/09\/clustering-480x408.png 480w\" sizes=\"auto, (max-width: 705px) 100vw, 705px\" \/><\/figure>\n\n\t\n\t<\/div>\n\t\n\n\t\t\t<\/div>\n\t\t<\/div>\n\t<\/section>\n\n\t<section id=\"block_3d3d6ba9988e735bad287b2ca6d0acef-4\" class=\"block block--spc columns-block image-text bg-neutral-50\">\n\n\t\t\n\t\t<div class=\"container position-relative\">\n\t\t\t<div class=\"columns-block-row\">\n\t\t\t\t\t\t\t\t\n\t<div class=\"column-content \">\n\t\t\n\n<figure class=\"wp-block-image size-full is-resized\"><img loading=\"lazy\" decoding=\"async\" width=\"1041\" height=\"657\" src=\"https:\/\/wwwstg.board.com\/wp-content\/uploads\/2024\/09\/predictive_analytics_statistical_functions.png\" alt=\"\" class=\"wp-image-716\" style=\"width:362px;height:auto\" srcset=\"https:\/\/wwwstg.board.com\/wp-content\/uploads\/2024\/09\/predictive_analytics_statistical_functions.png 1041w, https:\/\/wwwstg.board.com\/wp-content\/uploads\/2024\/09\/predictive_analytics_statistical_functions-215x136.png 215w, https:\/\/wwwstg.board.com\/wp-content\/uploads\/2024\/09\/predictive_analytics_statistical_functions-768x485.png 768w, https:\/\/wwwstg.board.com\/wp-content\/uploads\/2024\/09\/predictive_analytics_statistical_functions-480x303.png 480w\" sizes=\"auto, (max-width: 1041px) 100vw, 1041px\" \/><\/figure>\n\n\t\n\t<\/div>\n\t\n\n\t<div class=\"column-content \">\n\t\t\n\n<h3 class=\"wp-block-heading\">Aproveche al m\u00e1ximo la capacidad de las funciones estad\u00edsticas de Board<\/h3>\n\n\n\n<p>Board ofrece un conjunto completo de funciones estad\u00edsticas listas para usar, que incluyen m\u00e9tricas tradicionales como m\u00ednimo\/m\u00e1ximo, promedio y desviaci\u00f3n est\u00e1ndar, as\u00ed como algoritmos espec\u00edficos de negocio para frecuencia, recencia, inactividad y nascency. Totalmente integradas en la plataforma Board, estas funciones permiten a los usuarios construir de inmediato an\u00e1lisis, cuadros de mando e informes s\u00f3lidos.<br\/> <\/p>\n\n\n\t<\/div>\n\n\n\t\t\t<\/div>\n\t\t<\/div>\n\t<\/section>\n\n\t<section id=\"block_27073cd82c436f3ca4b5b8d9b3eea458-5\" class=\"block block--spc columns-block \">\n\t\t<div class=\"container position-relative\">\n\t\t\t<div class=\"columns-block-row\">\n\t\t\t\t\t\t\t\t\n\t<div id=\"block_2de5c73a6199505e3d2df0e8620a2ae7\" class=\"column-content   text-center align-self-center column-center\">\n\t\t\n\t\t<a aria-label=\"Next capability: MS Office\u00ae integration\" href=\"https:\/\/wwwstg.board.com\/es\/integracion-ms-office\" class=\"full-link full-link__icon\"  target=\"\"><\/a>\n\n\t\t<a href=\"https:\/\/wwwstg.board.com\/es\/integracion-ms-office\" class=\"btn-link btn-link--primary btn-link--icon\"  target=\"\"\t\t\t>\n\t\t\t<span>Next capability: MS Office\u00ae integration<\/span>\n\t\t\t<span class=\"ico icon-chevron-right\" aria-hidden=\"true\"><\/span>\n\t\t<\/a>\n\t\n\n\t<\/div>\n\n\n\t\t\t<\/div>\n\t\t<\/div>\n\t<\/section>\n\n\t\t<section id=\"block_d76d0f08cafbcb4ab816c5bfb9191c81-6\" class=\"block block--spc columns-block spacing-md footer-cta bg-violet-700\">\n\t\t\n\t\t\t<img loading=\"lazy\" decoding=\"async\" src=\"https:\/\/wwwstg.board.com\/wp-content\/uploads\/2024\/08\/pre-footersvg.svg\" class=\"shape-bg-image shape-bg-image-left\" alt=\"Background image shape - left\" height=\"510\" width=\"930\" aria-hidden=\"true\">\n\t\t\t<div class=\"overlay-gradient\"><\/div>\n\t\t<div class=\"container position-relative columns-70-30\">\n\t\t\t<div class=\"columns-block-row\">\n\t\t\t\t\t\t\t\t\n\t<div class=\"column-content \">\n\t\t\n\n<h2 class=\"wp-block-heading\">Descubre lo que Board puede hacer por ti.<\/h2>\n\n\n\n<p>Echa un vistazo a nuestra Plataforma de Planificaci\u00f3n Empresarial en acci\u00f3n.<\/p>\n\n\n\t<\/div>\n\n\n\t<div class=\"column-content \">\n\t\t\n\t\t<a href=\"https:\/\/wwwstg.board.com\/es\/solicitud-demo\" class=\"btn-link btn-link--white\"  target=\"\"\t\t\t>\n\t\t\t<span>Habla con un experto<\/span>\n\t\t<\/a>\n\t\n\n\t<\/div>\n\n\n\t\t\t<\/div>\n\t\t<\/div>\n\t<\/section>\n\n\t","protected":false},"excerpt":{"rendered":"","protected":false},"author":5,"featured_media":0,"parent":0,"menu_order":0,"comment_status":"closed","ping_status":"closed","template":"","meta":{"_acf_changed":false,"_themeisle_gutenberg_block_has_review":false,"footnotes":""},"line_of_business":[4387],"page_score_tier":[],"class_list":["post-3117","page","type-page","status-publish","hentry","line_of_business-not-assigned-es"],"acf":[],"yoast_head":"<!-- This site is optimized with the Yoast SEO plugin v27.2 - https:\/\/yoast.com\/product\/yoast-seo-wordpress\/ -->\n<title>Herramientas para An\u00e1lisis Avanzados y Predictivos<\/title>\n<meta name=\"description\" content=\"Lleva el poder del an\u00e1lisis predictivo a las operaciones empresariales diarias para una planificaci\u00f3n m\u00e1s inteligente con Board BEAM.\" \/>\n<meta name=\"robots\" content=\"noindex, follow, max-snippet:-1, max-image-preview:large, max-video-preview:-1\" \/>\n<meta property=\"og:locale\" content=\"es_ES\" \/>\n<meta property=\"og:type\" content=\"article\" \/>\n<meta property=\"og:title\" content=\"Herramientas para An\u00e1lisis Avanzados y Predictivos\" \/>\n<meta property=\"og:description\" content=\"Lleva el poder del an\u00e1lisis predictivo a las operaciones empresariales diarias para una planificaci\u00f3n m\u00e1s inteligente con Board BEAM.\" \/>\n<meta property=\"og:url\" content=\"https:\/\/wwwstg.board.com\/es\/analisis-predictivos-avanzados\" \/>\n<meta property=\"og:site_name\" content=\"Board\" \/>\n<meta property=\"article:publisher\" content=\"https:\/\/www.facebook.com\/BOARD.International\" \/>\n<meta property=\"article:modified_time\" content=\"2025-12-02T16:21:54+00:00\" \/>\n<meta property=\"og:image\" content=\"https:\/\/wwwstg.board.com\/wp-content\/uploads\/2024\/09\/1200x627_opengraph_Board_Predictive-and-advanced-analytics-capability.jpg\" \/>\n<meta name=\"twitter:card\" content=\"summary_large_image\" \/>\n<meta name=\"twitter:site\" content=\"@BOARDSoftware\" \/>\n<meta name=\"twitter:label1\" content=\"Tiempo de lectura\" \/>\n\t<meta name=\"twitter:data1\" content=\"6 minutos\" \/>\n<script type=\"application\/ld+json\" class=\"yoast-schema-graph\">{\"@context\":\"https:\/\/schema.org\",\"@graph\":[{\"@type\":\"WebPage\",\"@id\":\"https:\/\/wwwstg.board.com\/es\/analisis-predictivos-avanzados\",\"url\":\"https:\/\/wwwstg.board.com\/es\/analisis-predictivos-avanzados\",\"name\":\"Herramientas para An\u00e1lisis Avanzados y Predictivos\",\"isPartOf\":{\"@id\":\"https:\/\/wwwstg.board.com\/es#website\"},\"primaryImageOfPage\":{\"@id\":\"https:\/\/wwwstg.board.com\/es\/analisis-predictivos-avanzados#primaryimage\"},\"image\":{\"@id\":\"https:\/\/wwwstg.board.com\/es\/analisis-predictivos-avanzados#primaryimage\"},\"thumbnailUrl\":\"https:\/\/wwwstg.board.com\/wp-content\/uploads\/2024\/09\/board-dashboard-screens-laptop.png\",\"datePublished\":\"2024-10-15T14:45:26+00:00\",\"dateModified\":\"2025-12-02T16:21:54+00:00\",\"description\":\"Lleva el poder del an\u00e1lisis predictivo a las operaciones empresariales diarias para una planificaci\u00f3n m\u00e1s inteligente con Board BEAM.\",\"breadcrumb\":{\"@id\":\"https:\/\/wwwstg.board.com\/es\/analisis-predictivos-avanzados#breadcrumb\"},\"inLanguage\":\"es\",\"potentialAction\":[{\"@type\":\"ReadAction\",\"target\":[\"https:\/\/wwwstg.board.com\/es\/analisis-predictivos-avanzados\"]}]},{\"@type\":\"ImageObject\",\"inLanguage\":\"es\",\"@id\":\"https:\/\/wwwstg.board.com\/es\/analisis-predictivos-avanzados#primaryimage\",\"url\":\"https:\/\/wwwstg.board.com\/wp-content\/uploads\/2024\/09\/board-dashboard-screens-laptop.png\",\"contentUrl\":\"https:\/\/wwwstg.board.com\/wp-content\/uploads\/2024\/09\/board-dashboard-screens-laptop.png\"},{\"@type\":\"BreadcrumbList\",\"@id\":\"https:\/\/wwwstg.board.com\/es\/analisis-predictivos-avanzados#breadcrumb\",\"itemListElement\":[{\"@type\":\"ListItem\",\"position\":1,\"name\":\"Home\",\"item\":\"https:\/\/wwwstg.board.com\/es\"},{\"@type\":\"ListItem\",\"position\":2,\"name\":\"Board capability: An\u00e1lisis predictivos y avanzados\"}]},{\"@type\":\"WebSite\",\"@id\":\"https:\/\/wwwstg.board.com\/es#website\",\"url\":\"https:\/\/wwwstg.board.com\/es\",\"name\":\"Board\",\"description\":\"The Enterprise Planning Platform\",\"publisher\":{\"@id\":\"https:\/\/wwwstg.board.com\/es#organization\"},\"potentialAction\":[{\"@type\":\"SearchAction\",\"target\":{\"@type\":\"EntryPoint\",\"urlTemplate\":\"https:\/\/wwwstg.board.com\/es?s={search_term_string}\"},\"query-input\":{\"@type\":\"PropertyValueSpecification\",\"valueRequired\":true,\"valueName\":\"search_term_string\"}}],\"inLanguage\":\"es\"},{\"@type\":\"Organization\",\"@id\":\"https:\/\/wwwstg.board.com\/es#organization\",\"name\":\"Board\",\"url\":\"https:\/\/wwwstg.board.com\/es\",\"logo\":{\"@type\":\"ImageObject\",\"inLanguage\":\"es\",\"@id\":\"https:\/\/wwwstg.board.com\/es#\/schema\/logo\/image\/\",\"url\":\"https:\/\/wwwstg.board.com\/wp-content\/uploads\/2024\/08\/board-footer-logo-grey-0-1.png\",\"contentUrl\":\"https:\/\/wwwstg.board.com\/wp-content\/uploads\/2024\/08\/board-footer-logo-grey-0-1.png\",\"width\":297,\"height\":103,\"caption\":\"Board\"},\"image\":{\"@id\":\"https:\/\/wwwstg.board.com\/es#\/schema\/logo\/image\/\"},\"sameAs\":[\"https:\/\/www.facebook.com\/BOARD.International\",\"https:\/\/x.com\/BOARDSoftware\",\"https:\/\/www.linkedin.com\/company\/board\/\",\"https:\/\/www.youtube.com\/user\/BOARDInternationalSA\",\"https:\/\/en.wikipedia.org\/wiki\/Board_International\"]}]}<\/script>\n<!-- \/ Yoast SEO plugin. -->","yoast_head_json":{"title":"Herramientas para An\u00e1lisis Avanzados y Predictivos","description":"Lleva el poder del an\u00e1lisis predictivo a las operaciones empresariales diarias para una planificaci\u00f3n m\u00e1s inteligente con Board BEAM.","robots":{"index":"noindex","follow":"follow","max-snippet":"max-snippet:-1","max-image-preview":"max-image-preview:large","max-video-preview":"max-video-preview:-1"},"og_locale":"es_ES","og_type":"article","og_title":"Herramientas para An\u00e1lisis Avanzados y Predictivos","og_description":"Lleva el poder del an\u00e1lisis predictivo a las operaciones empresariales diarias para una planificaci\u00f3n m\u00e1s inteligente con Board BEAM.","og_url":"https:\/\/wwwstg.board.com\/es\/analisis-predictivos-avanzados","og_site_name":"Board","article_publisher":"https:\/\/www.facebook.com\/BOARD.International","article_modified_time":"2025-12-02T16:21:54+00:00","og_image":[{"url":"https:\/\/wwwstg.board.com\/wp-content\/uploads\/2024\/09\/1200x627_opengraph_Board_Predictive-and-advanced-analytics-capability.jpg","type":"","width":"","height":""}],"twitter_card":"summary_large_image","twitter_site":"@BOARDSoftware","twitter_misc":{"Tiempo de lectura":"6 minutos"},"schema":{"@context":"https:\/\/schema.org","@graph":[{"@type":"WebPage","@id":"https:\/\/wwwstg.board.com\/es\/analisis-predictivos-avanzados","url":"https:\/\/wwwstg.board.com\/es\/analisis-predictivos-avanzados","name":"Herramientas para An\u00e1lisis Avanzados y Predictivos","isPartOf":{"@id":"https:\/\/wwwstg.board.com\/es#website"},"primaryImageOfPage":{"@id":"https:\/\/wwwstg.board.com\/es\/analisis-predictivos-avanzados#primaryimage"},"image":{"@id":"https:\/\/wwwstg.board.com\/es\/analisis-predictivos-avanzados#primaryimage"},"thumbnailUrl":"https:\/\/wwwstg.board.com\/wp-content\/uploads\/2024\/09\/board-dashboard-screens-laptop.png","datePublished":"2024-10-15T14:45:26+00:00","dateModified":"2025-12-02T16:21:54+00:00","description":"Lleva el poder del an\u00e1lisis predictivo a las operaciones empresariales diarias para una planificaci\u00f3n m\u00e1s inteligente con Board BEAM.","breadcrumb":{"@id":"https:\/\/wwwstg.board.com\/es\/analisis-predictivos-avanzados#breadcrumb"},"inLanguage":"es","potentialAction":[{"@type":"ReadAction","target":["https:\/\/wwwstg.board.com\/es\/analisis-predictivos-avanzados"]}]},{"@type":"ImageObject","inLanguage":"es","@id":"https:\/\/wwwstg.board.com\/es\/analisis-predictivos-avanzados#primaryimage","url":"https:\/\/wwwstg.board.com\/wp-content\/uploads\/2024\/09\/board-dashboard-screens-laptop.png","contentUrl":"https:\/\/wwwstg.board.com\/wp-content\/uploads\/2024\/09\/board-dashboard-screens-laptop.png"},{"@type":"BreadcrumbList","@id":"https:\/\/wwwstg.board.com\/es\/analisis-predictivos-avanzados#breadcrumb","itemListElement":[{"@type":"ListItem","position":1,"name":"Home","item":"https:\/\/wwwstg.board.com\/es"},{"@type":"ListItem","position":2,"name":"Board capability: An\u00e1lisis predictivos y avanzados"}]},{"@type":"WebSite","@id":"https:\/\/wwwstg.board.com\/es#website","url":"https:\/\/wwwstg.board.com\/es","name":"Board","description":"The Enterprise Planning Platform","publisher":{"@id":"https:\/\/wwwstg.board.com\/es#organization"},"potentialAction":[{"@type":"SearchAction","target":{"@type":"EntryPoint","urlTemplate":"https:\/\/wwwstg.board.com\/es?s={search_term_string}"},"query-input":{"@type":"PropertyValueSpecification","valueRequired":true,"valueName":"search_term_string"}}],"inLanguage":"es"},{"@type":"Organization","@id":"https:\/\/wwwstg.board.com\/es#organization","name":"Board","url":"https:\/\/wwwstg.board.com\/es","logo":{"@type":"ImageObject","inLanguage":"es","@id":"https:\/\/wwwstg.board.com\/es#\/schema\/logo\/image\/","url":"https:\/\/wwwstg.board.com\/wp-content\/uploads\/2024\/08\/board-footer-logo-grey-0-1.png","contentUrl":"https:\/\/wwwstg.board.com\/wp-content\/uploads\/2024\/08\/board-footer-logo-grey-0-1.png","width":297,"height":103,"caption":"Board"},"image":{"@id":"https:\/\/wwwstg.board.com\/es#\/schema\/logo\/image\/"},"sameAs":["https:\/\/www.facebook.com\/BOARD.International","https:\/\/x.com\/BOARDSoftware","https:\/\/www.linkedin.com\/company\/board\/","https:\/\/www.youtube.com\/user\/BOARDInternationalSA","https:\/\/en.wikipedia.org\/wiki\/Board_International"]}]}},"_links":{"self":[{"href":"https:\/\/wwwstg.board.com\/es\/wp-json\/wp\/v2\/pages\/3117","targetHints":{"allow":["GET"]}}],"collection":[{"href":"https:\/\/wwwstg.board.com\/es\/wp-json\/wp\/v2\/pages"}],"about":[{"href":"https:\/\/wwwstg.board.com\/es\/wp-json\/wp\/v2\/types\/page"}],"author":[{"embeddable":true,"href":"https:\/\/wwwstg.board.com\/es\/wp-json\/wp\/v2\/users\/5"}],"replies":[{"embeddable":true,"href":"https:\/\/wwwstg.board.com\/es\/wp-json\/wp\/v2\/comments?post=3117"}],"version-history":[{"count":0,"href":"https:\/\/wwwstg.board.com\/es\/wp-json\/wp\/v2\/pages\/3117\/revisions"}],"wp:attachment":[{"href":"https:\/\/wwwstg.board.com\/es\/wp-json\/wp\/v2\/media?parent=3117"}],"wp:term":[{"taxonomy":"line_of_business","embeddable":true,"href":"https:\/\/wwwstg.board.com\/es\/wp-json\/wp\/v2\/line_of_business?post=3117"},{"taxonomy":"page_score_tier","embeddable":true,"href":"https:\/\/wwwstg.board.com\/es\/wp-json\/wp\/v2\/page_score_tier?post=3117"}],"curies":[{"name":"wp","href":"https:\/\/api.w.org\/{rel}","templated":true}]}}