{"id":10838,"date":"2024-09-25T07:52:55","date_gmt":"2024-09-25T07:52:55","guid":{"rendered":"https:\/\/www.board.com\/mira-una-demo\/"},"modified":"2025-08-13T10:33:51","modified_gmt":"2025-08-13T10:33:51","slug":"watch-demo","status":"publish","type":"page","link":"https:\/\/wwwstg.board.com\/es\/watch-demo","title":{"rendered":"Mira una demo"},"content":{"rendered":"\t<section id=\"block_3dda1b06090cfefe3762397eccee5edc-\" class=\"block block--spc columns-block block-hero-grad grid grid--2 bg-primary-gradient-02\">\n\t\t<div class=\"container\">\n\t\t\t<div class=\"columns-block-row\">\n\t\t\t\t\n\t<div class=\"column-content d-flex align-items-center\">\n\t\t<div class=\"hero-grad-left\">\n\t\t\t<div class=\"hero-grad-copy\">\n\t\t\t\t\t\t\t\t\n\n<h1 class=\"wp-block-heading\">Conoce Board en Acci\u00f3n.<\/h1>\n\n\n\n<p>Accede a nuestra biblioteca de demostraciones a demanda para obtener informaci\u00f3n que te llevar\u00e1 de las hojas de c\u00e1lculo al superh\u00e9roe en los sectores de finanzas, Retail, bienes de consumo, manufacturing y otros.<\/p>\n\n\n\n\t\t\t\t\n\t\t\t\t\t\t\t<\/div>\n\t\t<\/div>\n\t<\/div>\n\n\n\t\t<div class=\"column-content text-start align-self-start\">\n\t\t\t<div class=\"hero-grad-right\">\n\t\t\t\t\n\n\n\n\t\t\t<\/div>\n\t\t<\/div>\n\t\n\n\t\t\t<\/div>\n\t\t<\/div>\n\t<\/section>\n\t<section id=\"block_d17297a691ee38dc727b3f4331117804-1\" class=\"block block--spc columns-block block-title-template block-margin-top block-title-page\">\n\t\t<div class=\"container position-relative\">\n\t\t\t<div class=\"columns-block-row\">\n\t\t\t\t<div class=\"column-content text-start align-self-start\">\n\t\t\t\t\t\t\t\t\t\t\n\n<h3 class=\"wp-block-heading has-text-align-center visual-h2\">M\u00e1s de 2.000 empresas l\u00edderes conf\u00edan en nosotros.<\/h3>\n\n\n\t\t\t\t<\/div>\n\t\t\t<\/div>\n\t\t<\/div>\n\t<\/section>\n\n\t\t<section id=\"block_fac688ddc9ff4f76e6c2b06c0d91169a-2\" class=\"block block--spc columns-block block-customer-taxonomy-feed grid grid--5\">\n\t\t<div class=\"container\">\n\t\t\t\n\t\t\t\t\t\t\t\n\t\t\t\t\t\t\t\t\t\t\t\t\t\t\t<div class=\"customer-taxonomy-static\">\n\t\t\t\t\t\t\t<div class=\"customer-taxonomy-group columns-block-row\">\n\t\t\t\t\t\t\t\t\t\t\t\t\t\t\t\t\t\t\t\t\t\t\t\t\t\t<article class=\"card customer--taxonomy\">\n\t\t\t\t\t\t\t\t\t\t<div class=\"customer-taxonomy-img\">\n\t\t\t\t\t\t\t\t\t\t\t<img class=\"logo logo--base main no-manual-sizing\"\n\t\t\t\t\t\t\t\t\t\t\t\tstyle=\"; filter: none\"\n\t\t\t\t\t\t\t\t\t\t\t\tsrc=\"https:\/\/wwwstg.board.com\/wp-content\/uploads\/2025\/02\/kraftheinz-1.svg\" alt=\"\" \/>\n\t\t\t\t\t\t\t\t\t\t<\/div>\n\t\t\t\t\t\t\t\t\t<\/article>\n\t\t\t\t\t\t\t\t\t\t\t\t\t\t\t\t\t\t\t\t\t\t\t\t\t\t<article class=\"card customer--taxonomy\">\n\t\t\t\t\t\t\t\t\t\t<div class=\"customer-taxonomy-img\">\n\t\t\t\t\t\t\t\t\t\t\t<img class=\"logo logo--base main \"\n\t\t\t\t\t\t\t\t\t\t\t\tstyle=\"height: 42px; width: auto; filter: none\"\n\t\t\t\t\t\t\t\t\t\t\t\tsrc=\"https:\/\/wwwstg.board.com\/wp-content\/uploads\/2025\/02\/kimberly-clark_logo-1.svg\" alt=\"\" \/>\n\t\t\t\t\t\t\t\t\t\t<\/div>\n\t\t\t\t\t\t\t\t\t<\/article>\n\t\t\t\t\t\t\t\t\t\t\t\t\t\t\t\t\t\t\t\t\t\t\t\t\t\t<article class=\"card customer--taxonomy\">\n\t\t\t\t\t\t\t\t\t\t<div class=\"customer-taxonomy-img\">\n\t\t\t\t\t\t\t\t\t\t\t<img class=\"logo logo--base main \"\n\t\t\t\t\t\t\t\t\t\t\t\tstyle=\"width: 90px; height: auto; filter: none\"\n\t\t\t\t\t\t\t\t\t\t\t\tsrc=\"https:\/\/wwwstg.board.com\/wp-content\/uploads\/2025\/02\/mcdonalds_logo-1.svg\" alt=\"\" \/>\n\t\t\t\t\t\t\t\t\t\t<\/div>\n\t\t\t\t\t\t\t\t\t<\/article>\n\t\t\t\t\t\t\t\t\t\t\t\t\t\t\t\t\t\t\t\t\t\t\t\t\t\t<article class=\"card customer--taxonomy\">\n\t\t\t\t\t\t\t\t\t\t<div class=\"customer-taxonomy-img\">\n\t\t\t\t\t\t\t\t\t\t\t<img class=\"logo logo--base main \"\n\t\t\t\t\t\t\t\t\t\t\t\tstyle=\"width: 90px; height: auto; filter: none\"\n\t\t\t\t\t\t\t\t\t\t\t\tsrc=\"https:\/\/wwwstg.board.com\/wp-content\/uploads\/2025\/02\/toyota_logo-6-768x628.png\" alt=\"\" \/>\n\t\t\t\t\t\t\t\t\t\t<\/div>\n\t\t\t\t\t\t\t\t\t<\/article>\n\t\t\t\t\t\t\t\t\t\t\t\t\t\t\t\t\t\t\t\t\t\t\t\t\t\t<article class=\"card customer--taxonomy\">\n\t\t\t\t\t\t\t\t\t\t<div class=\"customer-taxonomy-img\">\n\t\t\t\t\t\t\t\t\t\t\t<img class=\"logo logo--base main \"\n\t\t\t\t\t\t\t\t\t\t\t\tstyle=\"width: 90px; height: auto; filter: none\"\n\t\t\t\t\t\t\t\t\t\t\t\tsrc=\"https:\/\/wwwstg.board.com\/wp-content\/uploads\/2025\/02\/tetra-pak_logo-4-768x768.png\" alt=\"\" \/>\n\t\t\t\t\t\t\t\t\t\t<\/div>\n\t\t\t\t\t\t\t\t\t<\/article>\n\t\t\t\t\t\t\t\t\t\t\t\t\t\t\t<\/div>\n\t\t\t\t\t\t<\/div>\n\t\t\t\t\t\t\t\t\t\t\t\t\t\t<\/div>\n\t<\/section>\n\t<section id=\"block_d17297a691ee38dc727b3f4331117804-3\" class=\"block block--spc columns-block block-title-template block-margin-top block-title-page\">\n\t\t<div class=\"container position-relative\">\n\t\t\t<div class=\"columns-block-row\">\n\t\t\t\t<div class=\"column-content text-start align-self-start\">\n\t\t\t\t\t\t\t\t\t\t\n\n<h3 class=\"wp-block-heading has-text-align-center visual-h2\">Descubre c\u00f3mo las mejores marcas del mundo planifican de forma m\u00e1s inteligente con Board.<\/h3>\n\n\n\t\t\t\t<\/div>\n\t\t\t<\/div>\n\t\t<\/div>\n\t<\/section>\n\n\t\t<section id=\"block_63f2fe55706188b7464b91d5005c16ae-4\" class=\"block block--spc columns-block columns-grid grid grid--4 columns\">\n\t\t<div class=\"container position-relative\">\n\t\t\t<div class=\"columns-block-row\">\n\t\t\t\t\t\t\t\t\n\t<article class=\"card card--column\">\n\t\t\t\t\t<div class=\"ratio ratio-1x1\">\n\t\t\t\t<img decoding=\"async\" src=\"https:\/\/wwwstg.board.com\/wp-content\/uploads\/2024\/11\/icon-machine-learning.svg\" alt=\"\" loading=\"lazy\">\n\t\t\t<\/div>\n\t\t\t\t<div class=\"card-body\">\n\t\t\t\n\n<p class=\"card-text\">Visibilidad completa del rendimiento empresarial en una sola vista en tiempo real<\/p>\n\n\n\t\t<\/div>\t\t\n\t<\/article>\n\t\n\n\t<article class=\"card card--column\">\n\t\t\t\t\t<div class=\"ratio ratio-1x1\">\n\t\t\t\t<img decoding=\"async\" src=\"https:\/\/wwwstg.board.com\/wp-content\/uploads\/2024\/11\/icon-misalignment-detection.svg\" alt=\"\" loading=\"lazy\">\n\t\t\t<\/div>\n\t\t\t\t<div class=\"card-body\">\n\t\t\t\n\n<p class=\"card-text\">Informes de planificaci\u00f3n y an\u00e1lisis financieros din\u00e1micos y de f\u00e1cil consulta<\/p>\n\n\n\t\t<\/div>\t\t\n\t<\/article>\n\t\n\n\t<article class=\"card card--column\">\n\t\t\t\t\t<div class=\"ratio ratio-1x1\">\n\t\t\t\t<img decoding=\"async\" src=\"https:\/\/wwwstg.board.com\/wp-content\/uploads\/2024\/11\/icon-generative-ai.svg\" alt=\"\" loading=\"lazy\">\n\t\t\t<\/div>\n\t\t\t\t<div class=\"card-body\">\n\t\t\t\n\n<p class=\"card-text\">Capacidades de previsi\u00f3n y toma de decisiones predictivas basadas en IA<\/p>\n\n\n\t\t<\/div>\t\t\n\t<\/article>\n\t\n\n\t<article class=\"card card--column\">\n\t\t\t\t\t<div class=\"ratio ratio-1x1\">\n\t\t\t\t<img decoding=\"async\" src=\"https:\/\/wwwstg.board.com\/wp-content\/uploads\/2024\/11\/icon-transparency-and-visibility.svg\" alt=\"\" loading=\"lazy\">\n\t\t\t<\/div>\n\t\t\t\t<div class=\"card-body\">\n\t\t\t\n\n<p class=\"card-text\">Generador de informes y flujos de trabajo de arrastrar y soltar de bajo\/ning\u00fan c\u00f3digo<\/p>\n\n\n\t\t<\/div>\t\t\n\t<\/article>\n\t\n\n\t\t\t<\/div>\n\t\t<\/div>\n\t<\/section>\n\t<section id=\"block_01948150fc3cf277deb3b5e92ee73f27-5\" class=\"block block--spc columns-block spacing-md footer-cta bg-violet\">\n\t\t\n\t\t\t<img loading=\"lazy\" decoding=\"async\" src=\"https:\/\/wwwstg.board.com\/wp-content\/uploads\/2024\/10\/bg_shape.svg\" class=\"shape-bg-image shape-bg-image-left\" alt=\"Background image shape - left\" height=\"510\" width=\"930\" aria-hidden=\"true\">\n\t\t\t<div class=\"overlay-gradient\"><\/div>\n\t\t<div class=\"container position-relative columns-70-30\">\n\t\t\t<div class=\"columns-block-row\">\n\t\t\t\t\t\t\t\t\n\t<div class=\"column-content \">\n\t\t\n\n<h2 class=\"wp-block-heading\">\u00bfQuieres algo m\u00e1s personalizado?<\/h2>\n\n\n\n\n\t<\/div>\n\n\n\t<div class=\"column-content \">\n\t\t\n\t\t<a href=\"https:\/\/wwwstg.board.com\/es\/solicitud-demo\" class=\"btn-link btn-link--white\"  target=\"\"\t\t\t>\n\t\t\t<span>Solicita una demostraci\u00f3n<\/span>\n\t\t<\/a>\n\t\n\n\t<\/div>\n\n\n\t\t\t<\/div>\n\t\t<\/div>\n\t<\/section>\n\n\t","protected":false},"excerpt":{"rendered":"<p>Acceda a nuestra biblioteca de demostraciones a petici\u00f3n para ver Board en acci\u00f3n y descubrir informaci\u00f3n que te llevar\u00e1 de las hojas de c\u00e1lculo al superh\u00e9roe en finanzas, Retail, CPG, manufacturing y m\u00e1s.<\/p>\n","protected":false},"author":3,"featured_media":0,"parent":0,"menu_order":0,"comment_status":"closed","ping_status":"closed","template":"","meta":{"_acf_changed":false,"_themeisle_gutenberg_block_has_review":false,"footnotes":""},"line_of_business":[4387],"page_score_tier":[],"class_list":["post-10838","page","type-page","status-publish","hentry","line_of_business-not-assigned-es"],"acf":[],"yoast_head":"<!-- This site is optimized with the Yoast SEO plugin v27.4 - https:\/\/yoast.com\/product\/yoast-seo-wordpress\/ -->\n<title>Board | Mira una demo<\/title>\n<meta name=\"description\" content=\"Acceda a nuestra biblioteca de demostraciones a petici\u00f3n para ver Board en acci\u00f3n y descubrir informaci\u00f3n que te llevar\u00e1 de las hojas de c\u00e1lculo al superh\u00e9roe en finanzas, Retail, CPG, manufacturing y m\u00e1s.\" \/>\n<meta name=\"robots\" content=\"noindex, follow, max-snippet:-1, max-image-preview:large, max-video-preview:-1\" \/>\n<meta property=\"og:locale\" content=\"es_ES\" \/>\n<meta property=\"og:type\" content=\"article\" \/>\n<meta property=\"og:title\" content=\"Board | Mira una demo\" \/>\n<meta property=\"og:description\" content=\"Acceda a nuestra biblioteca de demostraciones a petici\u00f3n para ver Board en acci\u00f3n y descubrir informaci\u00f3n que te llevar\u00e1 de las hojas de c\u00e1lculo al superh\u00e9roe en finanzas, Retail, CPG, manufacturing y m\u00e1s.\" \/>\n<meta property=\"og:url\" content=\"https:\/\/wwwstg.board.com\/es\/watch-demo\" \/>\n<meta property=\"og:site_name\" content=\"Board\" \/>\n<meta property=\"article:publisher\" content=\"https:\/\/www.facebook.com\/BOARD.International\" \/>\n<meta property=\"article:modified_time\" content=\"2025-08-13T10:33:51+00:00\" \/>\n<meta property=\"og:image\" content=\"https:\/\/wwwstg.board.com\/wp-content\/uploads\/2025\/01\/1200x627_board_opengraph_demo-library_0.jpg\" \/>\n<meta name=\"twitter:card\" content=\"summary_large_image\" \/>\n<meta name=\"twitter:site\" content=\"@BOARDSoftware\" \/>\n<meta name=\"twitter:label1\" content=\"Tiempo de lectura\" \/>\n\t<meta name=\"twitter:data1\" content=\"1 minuto\" \/>\n<script type=\"application\/ld+json\" class=\"yoast-schema-graph\">{\"@context\":\"https:\\\/\\\/schema.org\",\"@graph\":[{\"@type\":\"WebPage\",\"@id\":\"https:\\\/\\\/wwwstg.board.com\\\/es\\\/watch-demo\",\"url\":\"https:\\\/\\\/wwwstg.board.com\\\/es\\\/watch-demo\",\"name\":\"Board | Mira una demo\",\"isPartOf\":{\"@id\":\"https:\\\/\\\/wwwstg.board.com\\\/es#website\"},\"datePublished\":\"2024-09-25T07:52:55+00:00\",\"dateModified\":\"2025-08-13T10:33:51+00:00\",\"description\":\"Acceda a nuestra biblioteca de demostraciones a petici\u00f3n para ver Board en acci\u00f3n y descubrir informaci\u00f3n que te llevar\u00e1 de las hojas de c\u00e1lculo al superh\u00e9roe en finanzas, Retail, CPG, manufacturing y m\u00e1s.\",\"breadcrumb\":{\"@id\":\"https:\\\/\\\/wwwstg.board.com\\\/es\\\/watch-demo#breadcrumb\"},\"inLanguage\":\"es\",\"potentialAction\":[{\"@type\":\"ReadAction\",\"target\":[\"https:\\\/\\\/wwwstg.board.com\\\/es\\\/watch-demo\"]}]},{\"@type\":\"BreadcrumbList\",\"@id\":\"https:\\\/\\\/wwwstg.board.com\\\/es\\\/watch-demo#breadcrumb\",\"itemListElement\":[{\"@type\":\"ListItem\",\"position\":1,\"name\":\"Home\",\"item\":\"https:\\\/\\\/wwwstg.board.com\\\/es\"},{\"@type\":\"ListItem\",\"position\":2,\"name\":\"Mira una demo\"}]},{\"@type\":\"WebSite\",\"@id\":\"https:\\\/\\\/wwwstg.board.com\\\/es#website\",\"url\":\"https:\\\/\\\/wwwstg.board.com\\\/es\",\"name\":\"Board\",\"description\":\"The Enterprise Planning Platform\",\"publisher\":{\"@id\":\"https:\\\/\\\/wwwstg.board.com\\\/es#organization\"},\"potentialAction\":[{\"@type\":\"SearchAction\",\"target\":{\"@type\":\"EntryPoint\",\"urlTemplate\":\"https:\\\/\\\/wwwstg.board.com\\\/es?s={search_term_string}\"},\"query-input\":{\"@type\":\"PropertyValueSpecification\",\"valueRequired\":true,\"valueName\":\"search_term_string\"}}],\"inLanguage\":\"es\"},{\"@type\":\"Organization\",\"@id\":\"https:\\\/\\\/wwwstg.board.com\\\/es#organization\",\"name\":\"Board\",\"url\":\"https:\\\/\\\/wwwstg.board.com\\\/es\",\"logo\":{\"@type\":\"ImageObject\",\"inLanguage\":\"es\",\"@id\":\"https:\\\/\\\/wwwstg.board.com\\\/es#\\\/schema\\\/logo\\\/image\\\/\",\"url\":\"https:\\\/\\\/wwwstg.board.com\\\/wp-content\\\/uploads\\\/2024\\\/08\\\/board-footer-logo-grey-0-1.png\",\"contentUrl\":\"https:\\\/\\\/wwwstg.board.com\\\/wp-content\\\/uploads\\\/2024\\\/08\\\/board-footer-logo-grey-0-1.png\",\"width\":297,\"height\":103,\"caption\":\"Board\"},\"image\":{\"@id\":\"https:\\\/\\\/wwwstg.board.com\\\/es#\\\/schema\\\/logo\\\/image\\\/\"},\"sameAs\":[\"https:\\\/\\\/www.facebook.com\\\/BOARD.International\",\"https:\\\/\\\/x.com\\\/BOARDSoftware\",\"https:\\\/\\\/www.linkedin.com\\\/company\\\/board\\\/\",\"https:\\\/\\\/www.youtube.com\\\/user\\\/BOARDInternationalSA\",\"https:\\\/\\\/en.wikipedia.org\\\/wiki\\\/Board_International\"]}]}<\/script>\n<!-- \/ Yoast SEO plugin. -->","yoast_head_json":{"title":"Board | Mira una demo","description":"Acceda a nuestra biblioteca de demostraciones a petici\u00f3n para ver Board en acci\u00f3n y descubrir informaci\u00f3n que te llevar\u00e1 de las hojas de c\u00e1lculo al superh\u00e9roe en finanzas, Retail, CPG, manufacturing y m\u00e1s.","robots":{"index":"noindex","follow":"follow","max-snippet":"max-snippet:-1","max-image-preview":"max-image-preview:large","max-video-preview":"max-video-preview:-1"},"og_locale":"es_ES","og_type":"article","og_title":"Board | Mira una demo","og_description":"Acceda a nuestra biblioteca de demostraciones a petici\u00f3n para ver Board en acci\u00f3n y descubrir informaci\u00f3n que te llevar\u00e1 de las hojas de c\u00e1lculo al superh\u00e9roe en finanzas, Retail, CPG, manufacturing y m\u00e1s.","og_url":"https:\/\/wwwstg.board.com\/es\/watch-demo","og_site_name":"Board","article_publisher":"https:\/\/www.facebook.com\/BOARD.International","article_modified_time":"2025-08-13T10:33:51+00:00","og_image":[{"url":"https:\/\/wwwstg.board.com\/wp-content\/uploads\/2025\/01\/1200x627_board_opengraph_demo-library_0.jpg","type":"","width":"","height":""}],"twitter_card":"summary_large_image","twitter_site":"@BOARDSoftware","twitter_misc":{"Tiempo de lectura":"1 minuto"},"schema":{"@context":"https:\/\/schema.org","@graph":[{"@type":"WebPage","@id":"https:\/\/wwwstg.board.com\/es\/watch-demo","url":"https:\/\/wwwstg.board.com\/es\/watch-demo","name":"Board | Mira una demo","isPartOf":{"@id":"https:\/\/wwwstg.board.com\/es#website"},"datePublished":"2024-09-25T07:52:55+00:00","dateModified":"2025-08-13T10:33:51+00:00","description":"Acceda a nuestra biblioteca de demostraciones a petici\u00f3n para ver Board en acci\u00f3n y descubrir informaci\u00f3n que te llevar\u00e1 de las hojas de c\u00e1lculo al superh\u00e9roe en finanzas, Retail, CPG, manufacturing y m\u00e1s.","breadcrumb":{"@id":"https:\/\/wwwstg.board.com\/es\/watch-demo#breadcrumb"},"inLanguage":"es","potentialAction":[{"@type":"ReadAction","target":["https:\/\/wwwstg.board.com\/es\/watch-demo"]}]},{"@type":"BreadcrumbList","@id":"https:\/\/wwwstg.board.com\/es\/watch-demo#breadcrumb","itemListElement":[{"@type":"ListItem","position":1,"name":"Home","item":"https:\/\/wwwstg.board.com\/es"},{"@type":"ListItem","position":2,"name":"Mira una demo"}]},{"@type":"WebSite","@id":"https:\/\/wwwstg.board.com\/es#website","url":"https:\/\/wwwstg.board.com\/es","name":"Board","description":"The Enterprise Planning Platform","publisher":{"@id":"https:\/\/wwwstg.board.com\/es#organization"},"potentialAction":[{"@type":"SearchAction","target":{"@type":"EntryPoint","urlTemplate":"https:\/\/wwwstg.board.com\/es?s={search_term_string}"},"query-input":{"@type":"PropertyValueSpecification","valueRequired":true,"valueName":"search_term_string"}}],"inLanguage":"es"},{"@type":"Organization","@id":"https:\/\/wwwstg.board.com\/es#organization","name":"Board","url":"https:\/\/wwwstg.board.com\/es","logo":{"@type":"ImageObject","inLanguage":"es","@id":"https:\/\/wwwstg.board.com\/es#\/schema\/logo\/image\/","url":"https:\/\/wwwstg.board.com\/wp-content\/uploads\/2024\/08\/board-footer-logo-grey-0-1.png","contentUrl":"https:\/\/wwwstg.board.com\/wp-content\/uploads\/2024\/08\/board-footer-logo-grey-0-1.png","width":297,"height":103,"caption":"Board"},"image":{"@id":"https:\/\/wwwstg.board.com\/es#\/schema\/logo\/image\/"},"sameAs":["https:\/\/www.facebook.com\/BOARD.International","https:\/\/x.com\/BOARDSoftware","https:\/\/www.linkedin.com\/company\/board\/","https:\/\/www.youtube.com\/user\/BOARDInternationalSA","https:\/\/en.wikipedia.org\/wiki\/Board_International"]}]}},"_links":{"self":[{"href":"https:\/\/wwwstg.board.com\/es\/wp-json\/wp\/v2\/pages\/10838","targetHints":{"allow":["GET"]}}],"collection":[{"href":"https:\/\/wwwstg.board.com\/es\/wp-json\/wp\/v2\/pages"}],"about":[{"href":"https:\/\/wwwstg.board.com\/es\/wp-json\/wp\/v2\/types\/page"}],"author":[{"embeddable":true,"href":"https:\/\/wwwstg.board.com\/es\/wp-json\/wp\/v2\/users\/3"}],"replies":[{"embeddable":true,"href":"https:\/\/wwwstg.board.com\/es\/wp-json\/wp\/v2\/comments?post=10838"}],"version-history":[{"count":0,"href":"https:\/\/wwwstg.board.com\/es\/wp-json\/wp\/v2\/pages\/10838\/revisions"}],"wp:attachment":[{"href":"https:\/\/wwwstg.board.com\/es\/wp-json\/wp\/v2\/media?parent=10838"}],"wp:term":[{"taxonomy":"line_of_business","embeddable":true,"href":"https:\/\/wwwstg.board.com\/es\/wp-json\/wp\/v2\/line_of_business?post=10838"},{"taxonomy":"page_score_tier","embeddable":true,"href":"https:\/\/wwwstg.board.com\/es\/wp-json\/wp\/v2\/page_score_tier?post=10838"}],"curies":[{"name":"wp","href":"https:\/\/api.w.org\/{rel}","templated":true}]}}