{"id":10205,"date":"2024-11-01T14:42:53","date_gmt":"2024-11-01T14:42:53","guid":{"rendered":"https:\/\/www.board.com\/capacidades-simulacion\/"},"modified":"2025-02-26T20:38:22","modified_gmt":"2025-02-26T20:38:22","slug":"simulacion","status":"publish","type":"page","link":"https:\/\/wwwstg.board.com\/es\/simulacion","title":{"rendered":"Capacidades: Simulaci\u00f3n"},"content":{"rendered":"\t<section id=\"block_b1ed5b9b87ce2e39fa822c9c988112c5-\" class=\"block block--spc columns-block block-hero-grad grid grid--2 bg-primary-gradient-02\">\n\t\t<div class=\"container\">\n\t\t\t<div class=\"columns-block-row\">\n\t\t\t\t\n\t<div class=\"column-content d-flex align-items-center\">\n\t\t<div class=\"hero-grad-left\">\n\t\t\t<div class=\"hero-grad-copy\">\n\t\t\t\t\t\t\t\t\n\n<h1 class=\"wp-block-heading\">Board Capability: Simulaci\u00f3n<\/h1>\n\n\n\n<p>Conozca al instante el impacto de sus decisiones<\/p>\n\n\n\t<div class=\"hero-grad-nav\">\n\t\t\n\t\t<a href=\"\/es\/watch-demo\" class=\"btn-link btn-link--white\"  target=\"\"\t\t\t>\n\t\t\t<span>Descubre Board en acci\u00f3n<\/span>\n\t\t<\/a>\n\t\n\n\t\t<a href=\"https:\/\/wwwstg.board.com\/es\/solicitud-demo\" class=\"btn-link btn-link--white btn-link--arrow\"  target=\"\"\t\t\t>\n\t\t\t<span>Solicita una demostraci\u00f3n<\/span>\n\t\t\t<span class=\"ico icon-chevron-right\" aria-hidden=\"true\"><\/span>\n\t\t<\/a>\n\t\n\n\t<\/div>\n\n\n\n\t\t\t\t\n\t\t\t\t\t\t\t<\/div>\n\t\t<\/div>\n\t<\/div>\n\n\n\t\t\t<\/div>\n\t\t<\/div>\n\t<\/section>\n\t<section id=\"block_0012edfac9c7e0dd195520cdf4f72ab2-1\" class=\"block block--spc columns-block image-text\">\n\n\t\t\n\t\t<div class=\"container position-relative\">\n\t\t\t<div class=\"columns-block-row\">\n\t\t\t\t\t\t\t\t\n\t<div class=\"column-content \">\n\t\t\n\n<p>Board permite crear con facilidad y rapidez modelos de simulaci\u00f3n que reflejen los retos de su negocio para que disponga de inteligencia anal\u00edtica y pueda evaluar el impacto potencial de sus decisiones antes de que las ponga en pr\u00e1ctica. Innovadora tecnolog\u00eda que supera todas las limitaciones de las soluciones tradicionales y hace que los procesos de simulaci\u00f3n sean r\u00e1pidos, \u00e1giles y f\u00e1ciles de implementar. <\/p>\n\n\n\t<\/div>\n\n\n\t<div class=\"column-content \">\n\t\t\n\n<figure class=\"wp-block-image size-full\"><img loading=\"lazy\" decoding=\"async\" width=\"827\" height=\"465\" src=\"https:\/\/wwwstg.board.com\/wp-content\/uploads\/2024\/11\/Scenario-Comparison-Dashboard.jpg\" alt=\"A Board dashboard showing comparison of business scenarios.\" class=\"wp-image-6196\" srcset=\"https:\/\/wwwstg.board.com\/wp-content\/uploads\/2024\/11\/Scenario-Comparison-Dashboard.jpg 827w, https:\/\/wwwstg.board.com\/wp-content\/uploads\/2024\/11\/Scenario-Comparison-Dashboard-215x121.jpg 215w, https:\/\/wwwstg.board.com\/wp-content\/uploads\/2024\/11\/Scenario-Comparison-Dashboard-768x432.jpg 768w, https:\/\/wwwstg.board.com\/wp-content\/uploads\/2024\/11\/Scenario-Comparison-Dashboard-480x270.jpg 480w, https:\/\/wwwstg.board.com\/wp-content\/uploads\/2024\/11\/Scenario-Comparison-Dashboard-224x126.jpg 224w\" sizes=\"auto, (max-width: 827px) 100vw, 827px\" \/><\/figure>\n\n\t\n\t<\/div>\n\t\n\n\t\t\t<\/div>\n\t\t<\/div>\n\t<\/section>\n\n\t<section id=\"block_df3f20f98a6643393c823aa84c59ed47-2\" class=\"block block--spc columns-block image-text bg-neutral-50\">\n\n\t\t\n\t\t<div class=\"container position-relative\">\n\t\t\t<div class=\"columns-block-row\">\n\t\t\t\t\t\t\t\t\n\t<div class=\"column-content \">\n\t\t\n\n<figure class=\"wp-block-image size-full\"><img loading=\"lazy\" decoding=\"async\" width=\"827\" height=\"465\" src=\"https:\/\/wwwstg.board.com\/wp-content\/uploads\/2024\/11\/Local-Actual-Dashboard.jpg\" alt=\"Board dashboard showing actual financial performance\" class=\"wp-image-6184\" srcset=\"https:\/\/wwwstg.board.com\/wp-content\/uploads\/2024\/11\/Local-Actual-Dashboard.jpg 827w, https:\/\/wwwstg.board.com\/wp-content\/uploads\/2024\/11\/Local-Actual-Dashboard-215x121.jpg 215w, https:\/\/wwwstg.board.com\/wp-content\/uploads\/2024\/11\/Local-Actual-Dashboard-768x432.jpg 768w, https:\/\/wwwstg.board.com\/wp-content\/uploads\/2024\/11\/Local-Actual-Dashboard-480x270.jpg 480w, https:\/\/wwwstg.board.com\/wp-content\/uploads\/2024\/11\/Local-Actual-Dashboard-224x126.jpg 224w\" sizes=\"auto, (max-width: 827px) 100vw, 827px\" \/><\/figure>\n\n\t\n\t<\/div>\n\t\n\n\t<div class=\"column-content \">\n\t\t\n\n<h2 class=\"wp-block-heading\">Cree con facilidad sofisticados modelos de negocio<\/h2>\n\n\n\n<p>Board ofrece la posibilidad de convertir procesos de negocio en sofisticados modelos anal\u00edticos que permiten a los usuarios evaluar el impacto que tienen sus decisiones en los resultados de la organizaci\u00f3n.<br\/>Una potente combinaci\u00f3n de funciones nativas (agregaci\u00f3n, c\u00e1lculo y asignaci\u00f3n de datos en tiempo real, celdas procesando al mismo tiempo f\u00f3rmulas y valores , y reglas de negocio) permite conocer f\u00e1cilmente los resultados potenciales derivados de la variaci\u00f3n de suposiciones de impulsores de negocio clave (y viceversa). <\/p>\n\n\n\n<p>Por <strong>ejemplo<\/strong>, en un modelo Board cl\u00e1sico, se puede simular el modo en que un cambio de asignaci\u00f3n de costes fijos se refleja de inmediato en el c\u00e1lculo de ingresos antes de impuestos por productos, canales y clientes, y viceversa. Se pueden crear modelos parecidos para fines estrat\u00e9gicos, como la elaboraci\u00f3n de planificaci\u00f3n, la planificaci\u00f3n de escenarios y an\u00e1lisis de sensibilidad para aumentar la precisi\u00f3n y efectividad de los procesos de planificaci\u00f3n financiera, de personal y de ventas y operaciones (S&amp;OP).<\/p>\n\n\n\t<\/div>\n\n\n\t\t\t<\/div>\n\t\t<\/div>\n\t<\/section>\n\n\t<section id=\"block_0012edfac9c7e0dd195520cdf4f72ab2-3\" class=\"block block--spc columns-block image-text\">\n\n\t\t\n\t\t<div class=\"container position-relative\">\n\t\t\t<div class=\"columns-block-row\">\n\t\t\t\t\t\t\t\t\n\t<div class=\"column-content \">\n\t\t\n\n<h2 class=\"wp-block-heading\">Deje de esperar, pase al modelado en tiempo real<\/h2>\n\n\n\n<p>A diferencia de las soluciones tradicionales de simulaci\u00f3n y planificaci\u00f3n, caracterizadas por la rigidez estructural y la incapacidad de gestionar conjuntos de datos grandes o complejos de manera eficaz, Board ofrece la posibilidad de gestionar en tiempo real el cambio de modelos, la asignaci\u00f3n de datos entre dimensiones y jerarqu\u00edas, y el c\u00e1lculo y la agregaci\u00f3n de datos. Es posible introducir de manera controlada una nueva unidad de negocio, un nuevo producto, un nuevo mercado o una inversi\u00f3n diferente durante un proceso de simulaci\u00f3n o planificaci\u00f3n, reproduciendo el efecto de un nuevo escenario en todo el modelo de negocio. En la pr\u00e1ctica, los usuarios introducen datos num\u00e9ricos en cualquier nivel de agregaci\u00f3n (por ej., en ventas por l\u00edneas de producto) y los cambios se asignan autom\u00e1ticamente al resultado m\u00e1s amplio (ventas totales) y al nivel de detalle m\u00e1s bajo (c\u00f3digo de art\u00edculo), entre todas las dimensiones correlacionadas (es decir, cuando el usuario actualiza las ventas por l\u00edneas de producto, los cambios se distribuyen tambi\u00e9n a las zonas geogr\u00e1ficas, canales, clientes, etc.). <\/p>\n\n\n\t<\/div>\n\n\n\t<div class=\"column-content \">\n\t\t\n\n<figure class=\"wp-block-image size-full\"><img loading=\"lazy\" decoding=\"async\" width=\"827\" height=\"465\" src=\"https:\/\/wwwstg.board.com\/wp-content\/uploads\/2024\/11\/Create-Product-Dashboard.jpg\" alt=\"Board dashboard enabling the easy addition of a new product\" class=\"wp-image-6178\" srcset=\"https:\/\/wwwstg.board.com\/wp-content\/uploads\/2024\/11\/Create-Product-Dashboard.jpg 827w, https:\/\/wwwstg.board.com\/wp-content\/uploads\/2024\/11\/Create-Product-Dashboard-215x121.jpg 215w, https:\/\/wwwstg.board.com\/wp-content\/uploads\/2024\/11\/Create-Product-Dashboard-768x432.jpg 768w, https:\/\/wwwstg.board.com\/wp-content\/uploads\/2024\/11\/Create-Product-Dashboard-480x270.jpg 480w, https:\/\/wwwstg.board.com\/wp-content\/uploads\/2024\/11\/Create-Product-Dashboard-224x126.jpg 224w\" sizes=\"auto, (max-width: 827px) 100vw, 827px\" \/><\/figure>\n\n\t\n\t<\/div>\n\t\n\n\t\t\t<\/div>\n\t\t<\/div>\n\t<\/section>\n\n\t<section id=\"block_df3f20f98a6643393c823aa84c59ed47-4\" class=\"block block--spc columns-block image-text bg-neutral-50\">\n\n\t\t\n\t\t<div class=\"container position-relative\">\n\t\t\t<div class=\"columns-block-row\">\n\t\t\t\t\t\t\t\t\n\t<div class=\"column-content \">\n\t\t\n\n<figure class=\"wp-block-image size-full\"><img loading=\"lazy\" decoding=\"async\" width=\"827\" height=\"465\" src=\"https:\/\/wwwstg.board.com\/wp-content\/uploads\/2024\/11\/Promotion-Planning-Dashboard.jpg\" alt=\"Board promotion planning dashboard enabling comparison of potential scenario outcomes\" class=\"wp-image-6190\" srcset=\"https:\/\/wwwstg.board.com\/wp-content\/uploads\/2024\/11\/Promotion-Planning-Dashboard.jpg 827w, https:\/\/wwwstg.board.com\/wp-content\/uploads\/2024\/11\/Promotion-Planning-Dashboard-215x121.jpg 215w, https:\/\/wwwstg.board.com\/wp-content\/uploads\/2024\/11\/Promotion-Planning-Dashboard-768x432.jpg 768w, https:\/\/wwwstg.board.com\/wp-content\/uploads\/2024\/11\/Promotion-Planning-Dashboard-480x270.jpg 480w, https:\/\/wwwstg.board.com\/wp-content\/uploads\/2024\/11\/Promotion-Planning-Dashboard-224x126.jpg 224w\" sizes=\"auto, (max-width: 827px) 100vw, 827px\" \/><\/figure>\n\n\t\n\t<\/div>\n\t\n\n\t<div class=\"column-content \">\n\t\t\n\n<h2 class=\"wp-block-heading\">Revolucione los an\u00e1lisis what-if y what-for : utilice cualquier celda para la introducci\u00f3n de f\u00f3rmulas y datos.<\/h2>\n\n\n\n<p>La manera en la que Board lleva a cabo las simulaciones es m\u00e1s eficiente que la de sus competidores. No solo es posible asignar cualquier cambio de datos top-down, bottom-up o middle-out en todas las dimensiones (mientras que la mayor\u00eda de los competidores solo admiten la agregaci\u00f3n bottom-up desde el nivel de detalle m\u00e1s bajo), sino que adem\u00e1s, una funci\u00f3n exclusiva denominada Reverse Algorithm amplia esa capacidad a los campos calculados. Por lo tanto, si se cambia un valor de porcentaje, esa modificaci\u00f3n se refleja autom\u00e1ticamente en las cantidades con las que se ha calculado dicho porcentaje. Al permitir el uso de las mismas celdas para entrada y salida, Board supera uno de los l\u00edmites m\u00e1s evidentes de las hojas de c\u00e1lculo, en las que una celda puede gestionar un valor o una f\u00f3rmula, pero no ambas. Es un mecanismo b\u00e1sico que se aplica a cualquier valor, incluidos totales y subtotales, y que revolucionar\u00e1 su experiencia de usuario en los procesos de simulaci\u00f3n y planificaci\u00f3n. <\/p>\n\n\n\t<\/div>\n\n\n\t\t\t<\/div>\n\t\t<\/div>\n\t<\/section>\n\n\t<section id=\"block_0012edfac9c7e0dd195520cdf4f72ab2-5\" class=\"block block--spc columns-block image-text\">\n\n\t\t\n\t\t<div class=\"container position-relative\">\n\t\t\t<div class=\"columns-block-row\">\n\t\t\t\t\t\t\t\t\n\t<div class=\"column-content \">\n\t\t\n\n<h2 class=\"wp-block-heading\">Modelado predictivo automatizado<\/h2>\n\n\n\n<p>La capacidad de simulaci\u00f3n de Board est\u00e1 potenciada por Board BEAM, una soluci\u00f3n avanzada para el modelado predictivo automatizado. Board BEAM eval\u00faa autom\u00e1ticamente las caracter\u00edsticas de cualquier serie temporal para generar un modelo adecuado y ejecutar previsiones muy precisas mucho m\u00e1s r\u00e1pido que los productos de la competencia. Los resultados de las previsiones quedan inmediatamente disponibles como mediciones en el entorno Board, lo cual facilita la integraci\u00f3n de los an\u00e1lisis predictivos en cualquier aplicaci\u00f3n para simulaci\u00f3n. <\/p>\n\n\n\t<\/div>\n\n\n\t<div class=\"column-content \">\n\t\t\n\n<figure class=\"wp-block-image size-full is-resized\"><img loading=\"lazy\" decoding=\"async\" width=\"536\" height=\"524\" src=\"https:\/\/wwwstg.board.com\/wp-content\/uploads\/2024\/09\/thumbnail-beam-brochure.png\" alt=\"\" class=\"wp-image-717\" style=\"width:252px;height:auto\" srcset=\"https:\/\/wwwstg.board.com\/wp-content\/uploads\/2024\/09\/thumbnail-beam-brochure.png 536w, https:\/\/wwwstg.board.com\/wp-content\/uploads\/2024\/09\/thumbnail-beam-brochure-208x203.png 208w, https:\/\/wwwstg.board.com\/wp-content\/uploads\/2024\/09\/thumbnail-beam-brochure-480x469.png 480w\" sizes=\"auto, (max-width: 536px) 100vw, 536px\" \/><\/figure>\n\n\t\n\t<\/div>\n\t\n\n\t\t\t<\/div>\n\t\t<\/div>\n\t<\/section>\n\n\t<section id=\"block_88108fd37f5fc1e33a928881bcf37f81-6\" class=\"block block--spc columns-block \">\n\t\t<div class=\"container position-relative\">\n\t\t\t<div class=\"columns-block-row\">\n\t\t\t\t\t\t\t\t\n\t<div id=\"block_4653cbfb0e49bb698b83fb8c4cb60906\" class=\"column-content   text-center align-self-start column-center\">\n\t\t\n\t\t<a aria-label=\"Next capability: Reporting\" href=\"https:\/\/wwwstg.board.com\/es\/generacion-informes\/\" class=\"full-link full-link__icon\"  target=\"\"><\/a>\n\n\t\t<a href=\"https:\/\/wwwstg.board.com\/es\/generacion-informes\/\" class=\"btn-link btn-link--primary btn-link--icon\"  target=\"\"\t\t\t>\n\t\t\t<span>Next capability: Reporting<\/span>\n\t\t\t<span class=\"ico icon-chevron-right\" aria-hidden=\"true\"><\/span>\n\t\t<\/a>\n\t\n\n\t<\/div>\n\n\n\t\t\t<\/div>\n\t\t<\/div>\n\t<\/section>\n\n\t\t<section id=\"block_3a42db8135d07b975c5a9958804e058f-7\" class=\"block block--spc columns-block spacing-md footer-cta bg-violet-700\">\n\t\t\n\t\t\t<img loading=\"lazy\" decoding=\"async\" src=\"https:\/\/wwwstg.board.com\/wp-content\/uploads\/2024\/08\/pre-footersvg.svg\" class=\"shape-bg-image shape-bg-image-left\" alt=\"Background image shape - left\" height=\"510\" width=\"930\" aria-hidden=\"true\">\n\t\t\t<div class=\"overlay-gradient\"><\/div>\n\t\t<div class=\"container position-relative columns-70-30\">\n\t\t\t<div class=\"columns-block-row\">\n\t\t\t\t\t\t\t\t\n\t<div class=\"column-content \">\n\t\t\n\n<h2 class=\"wp-block-heading\">Descubre lo que Board puede hacer por ti.<\/h2>\n\n\n\n<p>Echa un vistazo a nuestra Plataforma de Planificaci\u00f3n Empresarial en acci\u00f3n.<\/p>\n\n\n\t<\/div>\n\n\n\t<div class=\"column-content \">\n\t\t\n\t\t<a href=\"https:\/\/wwwstg.board.com\/es\/solicitud-demo\" class=\"btn-link btn-link--white\"  target=\"\"\t\t\t>\n\t\t\t<span>Habla con un experto<\/span>\n\t\t<\/a>\n\t\n\n\t<\/div>\n\n\n\t\t\t<\/div>\n\t\t<\/div>\n\t<\/section>\n\n\t","protected":false},"excerpt":{"rendered":"","protected":false},"author":5,"featured_media":0,"parent":0,"menu_order":0,"comment_status":"closed","ping_status":"closed","template":"","meta":{"_acf_changed":false,"_themeisle_gutenberg_block_has_review":false,"footnotes":""},"line_of_business":[4387],"page_score_tier":[],"class_list":["post-10205","page","type-page","status-publish","hentry","line_of_business-not-assigned-es"],"acf":[],"yoast_head":"<!-- This site is optimized with the Yoast SEO plugin v27.4 - https:\/\/yoast.com\/product\/yoast-seo-wordpress\/ -->\n<title>Software de BI&amp;CPM para la simulaci\u00f3n y gesti\u00f3n de escenarios<\/title>\n<meta name=\"description\" content=\"La herramienta de desarrollo de modelos de negocio facilita la creaci\u00f3n de escenarios hipot\u00e9ticos con los que anticipar el impacto que tendr\u00edan sus decisiones.\" \/>\n<meta name=\"robots\" content=\"noindex, follow, max-snippet:-1, max-image-preview:large, max-video-preview:-1\" \/>\n<meta property=\"og:locale\" content=\"es_ES\" \/>\n<meta property=\"og:type\" content=\"article\" \/>\n<meta property=\"og:title\" content=\"Software de BI&amp;CPM para la simulaci\u00f3n y gesti\u00f3n de escenarios\" \/>\n<meta property=\"og:description\" content=\"La herramienta de desarrollo de modelos de negocio facilita la creaci\u00f3n de escenarios hipot\u00e9ticos con los que anticipar el impacto que tendr\u00edan sus decisiones.\" \/>\n<meta property=\"og:url\" content=\"https:\/\/wwwstg.board.com\/es\/simulacion\" \/>\n<meta property=\"og:site_name\" content=\"Board\" \/>\n<meta property=\"article:publisher\" content=\"https:\/\/www.facebook.com\/BOARD.International\" \/>\n<meta property=\"article:modified_time\" content=\"2025-02-26T20:38:22+00:00\" \/>\n<meta property=\"og:image\" content=\"https:\/\/wwwstg.board.com\/wp-content\/uploads\/2024\/10\/1200x627_opengraph_Board_Simulation-capability.jpg\" \/>\n<meta name=\"twitter:card\" content=\"summary_large_image\" \/>\n<meta name=\"twitter:site\" content=\"@BOARDSoftware\" \/>\n<meta name=\"twitter:label1\" content=\"Tiempo de lectura\" \/>\n\t<meta name=\"twitter:data1\" content=\"8 minutos\" \/>\n<script type=\"application\/ld+json\" class=\"yoast-schema-graph\">{\"@context\":\"https:\\\/\\\/schema.org\",\"@graph\":[{\"@type\":\"WebPage\",\"@id\":\"https:\\\/\\\/wwwstg.board.com\\\/es\\\/simulacion\",\"url\":\"https:\\\/\\\/wwwstg.board.com\\\/es\\\/simulacion\",\"name\":\"Software de BI&CPM para la simulaci\u00f3n y gesti\u00f3n de escenarios\",\"isPartOf\":{\"@id\":\"https:\\\/\\\/wwwstg.board.com\\\/es#website\"},\"primaryImageOfPage\":{\"@id\":\"https:\\\/\\\/wwwstg.board.com\\\/es\\\/simulacion#primaryimage\"},\"image\":{\"@id\":\"https:\\\/\\\/wwwstg.board.com\\\/es\\\/simulacion#primaryimage\"},\"thumbnailUrl\":\"https:\\\/\\\/wwwstg.board.com\\\/wp-content\\\/uploads\\\/2024\\\/11\\\/Scenario-Comparison-Dashboard.jpg\",\"datePublished\":\"2024-11-01T14:42:53+00:00\",\"dateModified\":\"2025-02-26T20:38:22+00:00\",\"description\":\"La herramienta de desarrollo de modelos de negocio facilita la creaci\u00f3n de escenarios hipot\u00e9ticos con los que anticipar el impacto que tendr\u00edan sus decisiones.\",\"breadcrumb\":{\"@id\":\"https:\\\/\\\/wwwstg.board.com\\\/es\\\/simulacion#breadcrumb\"},\"inLanguage\":\"es\",\"potentialAction\":[{\"@type\":\"ReadAction\",\"target\":[\"https:\\\/\\\/wwwstg.board.com\\\/es\\\/simulacion\"]}]},{\"@type\":\"ImageObject\",\"inLanguage\":\"es\",\"@id\":\"https:\\\/\\\/wwwstg.board.com\\\/es\\\/simulacion#primaryimage\",\"url\":\"https:\\\/\\\/wwwstg.board.com\\\/wp-content\\\/uploads\\\/2024\\\/11\\\/Scenario-Comparison-Dashboard.jpg\",\"contentUrl\":\"https:\\\/\\\/wwwstg.board.com\\\/wp-content\\\/uploads\\\/2024\\\/11\\\/Scenario-Comparison-Dashboard.jpg\"},{\"@type\":\"BreadcrumbList\",\"@id\":\"https:\\\/\\\/wwwstg.board.com\\\/es\\\/simulacion#breadcrumb\",\"itemListElement\":[{\"@type\":\"ListItem\",\"position\":1,\"name\":\"Home\",\"item\":\"https:\\\/\\\/wwwstg.board.com\\\/es\"},{\"@type\":\"ListItem\",\"position\":2,\"name\":\"Capacidades: Simulaci\u00f3n\"}]},{\"@type\":\"WebSite\",\"@id\":\"https:\\\/\\\/wwwstg.board.com\\\/es#website\",\"url\":\"https:\\\/\\\/wwwstg.board.com\\\/es\",\"name\":\"Board\",\"description\":\"The Enterprise Planning Platform\",\"publisher\":{\"@id\":\"https:\\\/\\\/wwwstg.board.com\\\/es#organization\"},\"potentialAction\":[{\"@type\":\"SearchAction\",\"target\":{\"@type\":\"EntryPoint\",\"urlTemplate\":\"https:\\\/\\\/wwwstg.board.com\\\/es?s={search_term_string}\"},\"query-input\":{\"@type\":\"PropertyValueSpecification\",\"valueRequired\":true,\"valueName\":\"search_term_string\"}}],\"inLanguage\":\"es\"},{\"@type\":\"Organization\",\"@id\":\"https:\\\/\\\/wwwstg.board.com\\\/es#organization\",\"name\":\"Board\",\"url\":\"https:\\\/\\\/wwwstg.board.com\\\/es\",\"logo\":{\"@type\":\"ImageObject\",\"inLanguage\":\"es\",\"@id\":\"https:\\\/\\\/wwwstg.board.com\\\/es#\\\/schema\\\/logo\\\/image\\\/\",\"url\":\"https:\\\/\\\/wwwstg.board.com\\\/wp-content\\\/uploads\\\/2024\\\/08\\\/board-footer-logo-grey-0-1.png\",\"contentUrl\":\"https:\\\/\\\/wwwstg.board.com\\\/wp-content\\\/uploads\\\/2024\\\/08\\\/board-footer-logo-grey-0-1.png\",\"width\":297,\"height\":103,\"caption\":\"Board\"},\"image\":{\"@id\":\"https:\\\/\\\/wwwstg.board.com\\\/es#\\\/schema\\\/logo\\\/image\\\/\"},\"sameAs\":[\"https:\\\/\\\/www.facebook.com\\\/BOARD.International\",\"https:\\\/\\\/x.com\\\/BOARDSoftware\",\"https:\\\/\\\/www.linkedin.com\\\/company\\\/board\\\/\",\"https:\\\/\\\/www.youtube.com\\\/user\\\/BOARDInternationalSA\",\"https:\\\/\\\/en.wikipedia.org\\\/wiki\\\/Board_International\"]}]}<\/script>\n<!-- \/ Yoast SEO plugin. -->","yoast_head_json":{"title":"Software de BI&CPM para la simulaci\u00f3n y gesti\u00f3n de escenarios","description":"La herramienta de desarrollo de modelos de negocio facilita la creaci\u00f3n de escenarios hipot\u00e9ticos con los que anticipar el impacto que tendr\u00edan sus decisiones.","robots":{"index":"noindex","follow":"follow","max-snippet":"max-snippet:-1","max-image-preview":"max-image-preview:large","max-video-preview":"max-video-preview:-1"},"og_locale":"es_ES","og_type":"article","og_title":"Software de BI&CPM para la simulaci\u00f3n y gesti\u00f3n de escenarios","og_description":"La herramienta de desarrollo de modelos de negocio facilita la creaci\u00f3n de escenarios hipot\u00e9ticos con los que anticipar el impacto que tendr\u00edan sus decisiones.","og_url":"https:\/\/wwwstg.board.com\/es\/simulacion","og_site_name":"Board","article_publisher":"https:\/\/www.facebook.com\/BOARD.International","article_modified_time":"2025-02-26T20:38:22+00:00","og_image":[{"url":"https:\/\/wwwstg.board.com\/wp-content\/uploads\/2024\/10\/1200x627_opengraph_Board_Simulation-capability.jpg","type":"","width":"","height":""}],"twitter_card":"summary_large_image","twitter_site":"@BOARDSoftware","twitter_misc":{"Tiempo de lectura":"8 minutos"},"schema":{"@context":"https:\/\/schema.org","@graph":[{"@type":"WebPage","@id":"https:\/\/wwwstg.board.com\/es\/simulacion","url":"https:\/\/wwwstg.board.com\/es\/simulacion","name":"Software de BI&CPM para la simulaci\u00f3n y gesti\u00f3n de escenarios","isPartOf":{"@id":"https:\/\/wwwstg.board.com\/es#website"},"primaryImageOfPage":{"@id":"https:\/\/wwwstg.board.com\/es\/simulacion#primaryimage"},"image":{"@id":"https:\/\/wwwstg.board.com\/es\/simulacion#primaryimage"},"thumbnailUrl":"https:\/\/wwwstg.board.com\/wp-content\/uploads\/2024\/11\/Scenario-Comparison-Dashboard.jpg","datePublished":"2024-11-01T14:42:53+00:00","dateModified":"2025-02-26T20:38:22+00:00","description":"La herramienta de desarrollo de modelos de negocio facilita la creaci\u00f3n de escenarios hipot\u00e9ticos con los que anticipar el impacto que tendr\u00edan sus decisiones.","breadcrumb":{"@id":"https:\/\/wwwstg.board.com\/es\/simulacion#breadcrumb"},"inLanguage":"es","potentialAction":[{"@type":"ReadAction","target":["https:\/\/wwwstg.board.com\/es\/simulacion"]}]},{"@type":"ImageObject","inLanguage":"es","@id":"https:\/\/wwwstg.board.com\/es\/simulacion#primaryimage","url":"https:\/\/wwwstg.board.com\/wp-content\/uploads\/2024\/11\/Scenario-Comparison-Dashboard.jpg","contentUrl":"https:\/\/wwwstg.board.com\/wp-content\/uploads\/2024\/11\/Scenario-Comparison-Dashboard.jpg"},{"@type":"BreadcrumbList","@id":"https:\/\/wwwstg.board.com\/es\/simulacion#breadcrumb","itemListElement":[{"@type":"ListItem","position":1,"name":"Home","item":"https:\/\/wwwstg.board.com\/es"},{"@type":"ListItem","position":2,"name":"Capacidades: Simulaci\u00f3n"}]},{"@type":"WebSite","@id":"https:\/\/wwwstg.board.com\/es#website","url":"https:\/\/wwwstg.board.com\/es","name":"Board","description":"The Enterprise Planning Platform","publisher":{"@id":"https:\/\/wwwstg.board.com\/es#organization"},"potentialAction":[{"@type":"SearchAction","target":{"@type":"EntryPoint","urlTemplate":"https:\/\/wwwstg.board.com\/es?s={search_term_string}"},"query-input":{"@type":"PropertyValueSpecification","valueRequired":true,"valueName":"search_term_string"}}],"inLanguage":"es"},{"@type":"Organization","@id":"https:\/\/wwwstg.board.com\/es#organization","name":"Board","url":"https:\/\/wwwstg.board.com\/es","logo":{"@type":"ImageObject","inLanguage":"es","@id":"https:\/\/wwwstg.board.com\/es#\/schema\/logo\/image\/","url":"https:\/\/wwwstg.board.com\/wp-content\/uploads\/2024\/08\/board-footer-logo-grey-0-1.png","contentUrl":"https:\/\/wwwstg.board.com\/wp-content\/uploads\/2024\/08\/board-footer-logo-grey-0-1.png","width":297,"height":103,"caption":"Board"},"image":{"@id":"https:\/\/wwwstg.board.com\/es#\/schema\/logo\/image\/"},"sameAs":["https:\/\/www.facebook.com\/BOARD.International","https:\/\/x.com\/BOARDSoftware","https:\/\/www.linkedin.com\/company\/board\/","https:\/\/www.youtube.com\/user\/BOARDInternationalSA","https:\/\/en.wikipedia.org\/wiki\/Board_International"]}]}},"_links":{"self":[{"href":"https:\/\/wwwstg.board.com\/es\/wp-json\/wp\/v2\/pages\/10205","targetHints":{"allow":["GET"]}}],"collection":[{"href":"https:\/\/wwwstg.board.com\/es\/wp-json\/wp\/v2\/pages"}],"about":[{"href":"https:\/\/wwwstg.board.com\/es\/wp-json\/wp\/v2\/types\/page"}],"author":[{"embeddable":true,"href":"https:\/\/wwwstg.board.com\/es\/wp-json\/wp\/v2\/users\/5"}],"replies":[{"embeddable":true,"href":"https:\/\/wwwstg.board.com\/es\/wp-json\/wp\/v2\/comments?post=10205"}],"version-history":[{"count":0,"href":"https:\/\/wwwstg.board.com\/es\/wp-json\/wp\/v2\/pages\/10205\/revisions"}],"wp:attachment":[{"href":"https:\/\/wwwstg.board.com\/es\/wp-json\/wp\/v2\/media?parent=10205"}],"wp:term":[{"taxonomy":"line_of_business","embeddable":true,"href":"https:\/\/wwwstg.board.com\/es\/wp-json\/wp\/v2\/line_of_business?post=10205"},{"taxonomy":"page_score_tier","embeddable":true,"href":"https:\/\/wwwstg.board.com\/es\/wp-json\/wp\/v2\/page_score_tier?post=10205"}],"curies":[{"name":"wp","href":"https:\/\/api.w.org\/{rel}","templated":true}]}}