{"id":91523,"date":"2025-06-18T11:03:02","date_gmt":"2025-06-18T11:03:02","guid":{"rendered":"https:\/\/www.board.com\/erklaerung-zur-barrierefreiheit"},"modified":"2025-11-14T16:20:25","modified_gmt":"2025-11-14T16:20:25","slug":"erklaerung-zur-barrierefreiheit","status":"publish","type":"page","link":"https:\/\/wwwstg.board.com\/de\/erklaerung-zur-barrierefreiheit","title":{"rendered":"Erkl\u00e4rung zur Barrierefreiheit"},"content":{"rendered":"  <section class=\"block bg-primary-gradient-02 board-hero board-hero-small wp-block-board-hero-small has-background has-primary-gradient-02-gradient-background\" id=\"block_537d0f99abf11b7014319508a395fab5\">\n    <div class=\"container\">\n\n              <div class=\"hero-background-shape shape-none\">\n          <img decoding=\"async\"\n            src=\"https:\/\/wwwstg.board.com\/wp-content\/themes\/board\/src\/blocks\/board\/hero\/assets\/images\/shape-none.svg\"\n            alt=\"\" \/>\n        <\/div>\n      \n      <div class=\"d-flex flex-column gap-2\">\n                              <nav aria-label=\"Breadcrumb\" class=\"d-flex flex-wrap list-unstyled mb-0 breadcrumbs\"><ol class=\"d-flex mb-0 align-items-center list-unstyled gap-1\"><li><a href=\"https:\/\/wwwstg.board.com\/de\">Home<\/a><\/li><\/ol><li class=\"mb-0 d-flex breadcrumb-back-to-link\"><a href=\"https:\/\/wwwstg.board.com\/de\">Zur\u00fcck zu Home<\/a><\/li><\/nav>        \n                  \n\n<div class=\"wp-block-columns is-layout-flex wp-container-core-columns-is-layout-9d6595d7 wp-block-columns-is-layout-flex\">\n<div class=\"wp-block-column is-vertically-aligned-center flex-grow-0 is-layout-flow wp-block-column-is-layout-flow\" style=\"flex-basis:60%\">\n<h1 class=\"wp-block-heading hero-title\">Erkl\u00e4rung zur Barrierefreiheit<\/h1>\n\n\n\n<p class=\"hero-content\">Diese Erkl\u00e4rung zur Barrierefreiheit gilt f\u00fcr wwwstg.board.com.<\/p>\n<\/div>\n<\/div>\n\n              <\/div>\n    <\/div>\n  <\/section>\n\n\t<section id=\"block_633d358b7b910b0ca1c9d7a220f61415-\" class=\"block block--spc columns-block \">\n\t\t<div class=\"container position-relative\">\n\t\t\t<div class=\"columns-block-row\">\n\t\t\t\t\t\t\t\t\n\t<div id=\"block_347cfd9d1562c1bc2f3cadeff75c2c1f\" class=\"column-content   text-start align-self-start\">\n\t\t\n\n<p>Wir bei Board haben uns verpflichtet, die digitale Barrierefreiheit f\u00fcr alle Nutzer, einschlie\u00dflich Menschen mit Behinderungen, zu gew\u00e4hrleisten. Wir arbeiten aktiv daran, dass unsere Website die Anforderungen des <strong>European Accessibility Act (EAA)<\/strong> erf\u00fcllt. <\/p>\n\n\n\n<p>Wir streben danach, ein integratives Online-Erlebnis zu bieten, indem wir die <strong>Web Content Accessibility Guidelines (WCAG) 2.1 Level AA<\/strong>, den international anerkannten Standard f\u00fcr digitale Zug\u00e4nglichkeit, einhalten.<\/p>\n\n\n\n<h2 class=\"wp-block-heading has-visual-h-6-font-size\"><strong>Unser Engagement<\/strong><\/h2>\n\n\n\n<p>Board ist sich bewusst, wie wichtig es ist, unsere digitalen Inhalte einem m\u00f6glichst breiten Publikum zug\u00e4nglich zu machen. Wir sind dazu verpflichtet: <\/p>\n\n\n\n<ul class=\"wp-block-list\">\n<li>Gestaltung, Entwicklung und Wartung von wwwstg.board.com in \u00dcbereinstimmung mit den WCAG 2.1 Level AA Standards.<\/li>\n\n\n\n<li>Gew\u00e4hrleistung der Zug\u00e4nglichkeit unserer Webinhalte und -dienste im Einklang mit den EU-Rechtsvorschriften zur Barrierefreiheit, einschlie\u00dflich des EAA.<\/li>\n\n\n\n<li>F\u00f6rderung des Bewusstseins f\u00fcr Barrierefreiheit in unseren Teams und Integration der Barrierefreiheit in unseren Entwicklungszyklus.<\/li>\n\n\n\n<li>Durchf\u00fchrung regelm\u00e4\u00dfiger Audits und Nutzbarkeitstests mit unterst\u00fctzenden Technologien, um potenzielle Hindernisse zu ermitteln und zu beseitigen.<\/li>\n<\/ul>\n\n\n\n<h2 class=\"wp-block-heading has-visual-h-6-font-size\"><strong>Barrierefreie Merkmale<\/strong><\/h2>\n\n\n\n<p>Die Website wwwstg.board.com enth\u00e4lt die folgenden barrierefreien Funktionen:<\/p>\n\n\n\n<ul class=\"wp-block-list\">\n<li>Volle Unterst\u00fctzung der Tastaturnavigation<\/li>\n\n\n\n<li>Kompatibilit\u00e4t mit Bildschirmlesern<\/li>\n\n\n\n<li>Aussagekr\u00e4ftiger und beschreibender Alternativtext f\u00fcr Bilder (siehe bekannte Probleme f\u00fcr weitere Details)<\/li>\n\n\n\n<li>Logische Inhaltsstruktur mit \u00dcberschriften und Orientierungspunkten<\/li>\n\n\n\n<li>Ausreichender Farbkontrast und skalierbarer Text<\/li>\n\n\n\n<li>Zug\u00e4ngliche Formulare mit entsprechenden Beschriftungen<\/li>\n<\/ul>\n\n\n\n<h2 class=\"wp-block-heading has-visual-h-6-font-size\"><strong>Bekannte Probleme und Beschr\u00e4nkungen<\/strong><\/h2>\n\n\n\n<p>Wir sind uns bewusst, dass einige Bereiche von wwwstg.board.com noch nicht vollst\u00e4ndig den erforderlichen Zug\u00e4nglichkeitsstandards entsprechen. Alle bekannten Probleme sind unten aufgef\u00fchrt. Wir arbeiten aktiv daran, diese Probleme zu beheben und die Benutzerfreundlichkeit f\u00fcr alle Besucher zu verbessern. <\/p>\n\n\n\n<ul class=\"wp-block-list\">\n<li><a>Die in einigen Website-Bl\u00f6cken\/Komponenten enthaltenen \u00dcberschriftenelemente sind nicht in einer sequentiell absteigenden Reihenfolge angeordnet. Wir sind dabei, die Struktur und Formatierung dieser Bl\u00f6cke anzupassen, um das Problem zu beheben. <\/a><\/li>\n\n\n\n<li>Einige Links in Grafiken, die unsere Ressourcen bewerben, haben keinen erkennbaren Namen. Wir sind dabei, den Code f\u00fcr diese Grafiken zu \u00fcberarbeiten, um das Problem zu beheben. <\/li>\n\n\n\n<li>Website-weite Fu\u00dfzeilen-Link-Touch-Ziele sind auf mobilen Ger\u00e4ten zu klein. Obwohl die Abst\u00e4nde den WCAG-Richtlinien entsprechen, arbeiten wir an einem alternativen Men\u00fc, das die Auswahl eines Links erleichtert. <\/li>\n\n\n\n<li>Das Ber\u00fchrungsfeld auf den Schaltfl\u00e4chen einiger Kacheln entspricht zwar den WCAG-Richtlinien, beeintr\u00e4chtigt aber die Benutzerfreundlichkeit. Wir arbeiten daran, die gesamte Kachel in allen F\u00e4llen klickbar zu machen, um dieses Problem zu beheben. <\/li>\n\n\n\n<li>Die \u00dcberschriftenelemente in den Akkordeonbl\u00f6cken sind nicht in absteigender Reihenfolge angeordnet, und die Ber\u00fchrungsfelder sind zu klein. Wir sind dabei, die Struktur und Formatierung dieser Bl\u00f6cke anzupassen, um das Problem zu beheben. <\/li>\n\n\n\n<li>ARIA-Fortschrittsleistenelemente auf bestimmten Seiten haben keine zug\u00e4nglichen Namen. Wir arbeiten an der \u00dcberarbeitung der Namen, um dieses Problem zu beheben. <\/li>\n\n\n\n<li>Bei einigen Bildern fehlt der ALT-Text. Dies wird bei dekorativen Bildern auch weiterhin der Fall sein, aber wir arbeiten daran, beschreibenden ALT-Text f\u00fcr Bilder hinzuzuf\u00fcgen, die seitenbezogene Informationen vermitteln. <\/li>\n<\/ul>\n\n\n\n<h2 class=\"wp-block-heading has-visual-h-6-font-size\"><strong>Inhalte und Funktionalit\u00e4ten von Drittanbietern<\/strong><\/h2>\n\n\n\n<p>Wir verwenden m\u00f6glicherweise Tools und\/oder Ressourcen Dritter, die Inhalte auf unserer Website einbetten. Wo immer m\u00f6glich, stellen wir sicher, dass diese mit den geltenden Richtlinien konform sind und die Zug\u00e4nglichkeit der Website nicht beeintr\u00e4chtigen. <\/p>\n\n\n\n<h2 class=\"wp-block-heading has-visual-h-6-font-size\"><strong>Ansatz f\u00fcr Compliance und \u00dcberwachung<\/strong><\/h2>\n\n\n\n<p>Wir \u00fcberpr\u00fcfen unsere Website und ihre Inhalte regelm\u00e4\u00dfig, um die Einhaltung des <strong>European Accessibility Act (EAA)<\/strong> zu gew\u00e4hrleisten, der insbesondere f\u00fcr Nutzer innerhalb der Europ\u00e4ischen Union relevant ist. <a>Unsere \u00dcberpr\u00fcfungen werden mit einer Kombination aus manuellen Kontrollen und automatischen Scans durch Tools wie Google Lighthouse durchgef\u00fchrt.<\/a> <\/p>\n\n\n\n<p>Wir investieren auch in zus\u00e4tzliche barrierefreie Tools, um diesen Ansatz zu erg\u00e4nzen, und werden diese Seite mit weiteren Details aktualisieren, sobald sie verf\u00fcgbar sind.<\/p>\n\n\n\n<h2 class=\"wp-block-heading has-visual-h-6-font-size\"><strong>Feedback und Kontaktinformationen<\/strong><\/h2>\n\n\n\n<p>Wir freuen uns \u00fcber Ihr Feedback zur Zug\u00e4nglichkeit von wwwstg.board.com. <\/p>\n\n\n\n<p>Sollten Sie auf Barrieren sto\u00dfen oder Hilfe ben\u00f6tigen, kontaktieren Sie uns bitte auf einem der unten aufgef\u00fchrten Wege:<\/p>\n\n\n\n<ul class=\"wp-block-list\">\n<li><strong>E-Mail:<\/strong> <a href=\"mailto:accessibility@board.com\">accessibility@board.com<\/a><\/li>\n\n\n\n<li><strong>Telefon:<\/strong> +41 91 697 54 10<\/li>\n\n\n\n<li><strong>Anschrift:<\/strong> Board International SA, Via Maestri Comacini, 46830 Chiasso, Schweiz<\/li>\n<\/ul>\n\n\n\n<p>Wir bem\u00fchen uns, alle Anfragen zur Zug\u00e4nglichkeit innerhalb von 5 Werktagen zu beantworten.<\/p>\n\n\n\n<p>Diese Erkl\u00e4rung wurde zuletzt am <strong>18. Juni 2025<\/strong> \u00fcberpr\u00fcft und wird mindestens einmal j\u00e4hrlich aktualisiert.<\/p>\n\n\n\t<\/div>\n\n\n\t\t\t<\/div>\n\t\t<\/div>\n\t<\/section>\n\n\t","protected":false},"excerpt":{"rendered":"","protected":false},"author":5,"featured_media":0,"parent":0,"menu_order":0,"comment_status":"closed","ping_status":"closed","template":"","meta":{"_acf_changed":false,"_themeisle_gutenberg_block_has_review":false,"footnotes":""},"line_of_business":[4386],"page_score_tier":[],"class_list":["post-91523","page","type-page","status-publish","hentry","line_of_business-not-assigned-de"],"acf":[],"yoast_head":"<!-- This site is optimized with the Yoast SEO plugin v27.4 - https:\/\/yoast.com\/product\/yoast-seo-wordpress\/ -->\n<title>Board | Erkl\u00e4rung zur Barrierefreiheit<\/title>\n<meta name=\"description\" content=\"Wir streben danach, ein inklusives Online-Erlebnis zu bieten, indem wir die Web Content Accessibility Guidelines (WCAG) 2.1 Level AA erf\u00fcllen.\" \/>\n<meta name=\"robots\" content=\"noindex, follow, max-snippet:-1, max-image-preview:large, max-video-preview:-1\" \/>\n<meta property=\"og:locale\" content=\"de_DE\" \/>\n<meta property=\"og:type\" content=\"article\" \/>\n<meta property=\"og:title\" content=\"Board | Erkl\u00e4rung zur Barrierefreiheit\" \/>\n<meta property=\"og:description\" content=\"Wir streben danach, ein inklusives Online-Erlebnis zu bieten, indem wir die Web Content Accessibility Guidelines (WCAG) 2.1 Level AA erf\u00fcllen.\" \/>\n<meta property=\"og:url\" content=\"https:\/\/wwwstg.board.com\/de\/erklaerung-zur-barrierefreiheit\" \/>\n<meta property=\"og:site_name\" content=\"Board\" \/>\n<meta property=\"article:publisher\" content=\"https:\/\/www.facebook.com\/BOARD.International\" \/>\n<meta property=\"article:modified_time\" content=\"2025-11-14T16:20:25+00:00\" \/>\n<meta name=\"twitter:card\" content=\"summary_large_image\" \/>\n<meta name=\"twitter:site\" content=\"@BOARDSoftware\" \/>\n<meta name=\"twitter:label1\" content=\"Gesch\u00e4tzte Lesezeit\" \/>\n\t<meta name=\"twitter:data1\" content=\"4 Minuten\" \/>\n<script type=\"application\/ld+json\" class=\"yoast-schema-graph\">{\"@context\":\"https:\\\/\\\/schema.org\",\"@graph\":[{\"@type\":\"WebPage\",\"@id\":\"https:\\\/\\\/wwwstg.board.com\\\/de\\\/erklaerung-zur-barrierefreiheit\",\"url\":\"https:\\\/\\\/wwwstg.board.com\\\/de\\\/erklaerung-zur-barrierefreiheit\",\"name\":\"Board | Erkl\u00e4rung zur Barrierefreiheit\",\"isPartOf\":{\"@id\":\"https:\\\/\\\/wwwstg.board.com\\\/de#website\"},\"datePublished\":\"2025-06-18T11:03:02+00:00\",\"dateModified\":\"2025-11-14T16:20:25+00:00\",\"description\":\"Wir streben danach, ein inklusives Online-Erlebnis zu bieten, indem wir die Web Content Accessibility Guidelines (WCAG) 2.1 Level AA erf\u00fcllen.\",\"breadcrumb\":{\"@id\":\"https:\\\/\\\/wwwstg.board.com\\\/de\\\/erklaerung-zur-barrierefreiheit#breadcrumb\"},\"inLanguage\":\"de-DE\",\"potentialAction\":[{\"@type\":\"ReadAction\",\"target\":[\"https:\\\/\\\/wwwstg.board.com\\\/de\\\/erklaerung-zur-barrierefreiheit\"]}]},{\"@type\":\"BreadcrumbList\",\"@id\":\"https:\\\/\\\/wwwstg.board.com\\\/de\\\/erklaerung-zur-barrierefreiheit#breadcrumb\",\"itemListElement\":[{\"@type\":\"ListItem\",\"position\":1,\"name\":\"Home\",\"item\":\"https:\\\/\\\/wwwstg.board.com\\\/de\"},{\"@type\":\"ListItem\",\"position\":2,\"name\":\"Erkl\u00e4rung zur Barrierefreiheit\"}]},{\"@type\":\"WebSite\",\"@id\":\"https:\\\/\\\/wwwstg.board.com\\\/de#website\",\"url\":\"https:\\\/\\\/wwwstg.board.com\\\/de\",\"name\":\"Board\",\"description\":\"The Enterprise Planning Platform\",\"publisher\":{\"@id\":\"https:\\\/\\\/wwwstg.board.com\\\/de#organization\"},\"potentialAction\":[{\"@type\":\"SearchAction\",\"target\":{\"@type\":\"EntryPoint\",\"urlTemplate\":\"https:\\\/\\\/wwwstg.board.com\\\/de?s={search_term_string}\"},\"query-input\":{\"@type\":\"PropertyValueSpecification\",\"valueRequired\":true,\"valueName\":\"search_term_string\"}}],\"inLanguage\":\"de-DE\"},{\"@type\":\"Organization\",\"@id\":\"https:\\\/\\\/wwwstg.board.com\\\/de#organization\",\"name\":\"Board\",\"url\":\"https:\\\/\\\/wwwstg.board.com\\\/de\",\"logo\":{\"@type\":\"ImageObject\",\"inLanguage\":\"de-DE\",\"@id\":\"https:\\\/\\\/wwwstg.board.com\\\/de#\\\/schema\\\/logo\\\/image\\\/\",\"url\":\"https:\\\/\\\/wwwstg.board.com\\\/wp-content\\\/uploads\\\/2024\\\/08\\\/board-footer-logo-grey-0-1.png\",\"contentUrl\":\"https:\\\/\\\/wwwstg.board.com\\\/wp-content\\\/uploads\\\/2024\\\/08\\\/board-footer-logo-grey-0-1.png\",\"width\":297,\"height\":103,\"caption\":\"Board\"},\"image\":{\"@id\":\"https:\\\/\\\/wwwstg.board.com\\\/de#\\\/schema\\\/logo\\\/image\\\/\"},\"sameAs\":[\"https:\\\/\\\/www.facebook.com\\\/BOARD.International\",\"https:\\\/\\\/x.com\\\/BOARDSoftware\",\"https:\\\/\\\/www.linkedin.com\\\/company\\\/board\\\/\",\"https:\\\/\\\/www.youtube.com\\\/user\\\/BOARDInternationalSA\",\"https:\\\/\\\/en.wikipedia.org\\\/wiki\\\/Board_International\"]}]}<\/script>\n<!-- \/ Yoast SEO plugin. -->","yoast_head_json":{"title":"Board | Erkl\u00e4rung zur Barrierefreiheit","description":"Wir streben danach, ein inklusives Online-Erlebnis zu bieten, indem wir die Web Content Accessibility Guidelines (WCAG) 2.1 Level AA erf\u00fcllen.","robots":{"index":"noindex","follow":"follow","max-snippet":"max-snippet:-1","max-image-preview":"max-image-preview:large","max-video-preview":"max-video-preview:-1"},"og_locale":"de_DE","og_type":"article","og_title":"Board | Erkl\u00e4rung zur Barrierefreiheit","og_description":"Wir streben danach, ein inklusives Online-Erlebnis zu bieten, indem wir die Web Content Accessibility Guidelines (WCAG) 2.1 Level AA erf\u00fcllen.","og_url":"https:\/\/wwwstg.board.com\/de\/erklaerung-zur-barrierefreiheit","og_site_name":"Board","article_publisher":"https:\/\/www.facebook.com\/BOARD.International","article_modified_time":"2025-11-14T16:20:25+00:00","twitter_card":"summary_large_image","twitter_site":"@BOARDSoftware","twitter_misc":{"Gesch\u00e4tzte Lesezeit":"4 Minuten"},"schema":{"@context":"https:\/\/schema.org","@graph":[{"@type":"WebPage","@id":"https:\/\/wwwstg.board.com\/de\/erklaerung-zur-barrierefreiheit","url":"https:\/\/wwwstg.board.com\/de\/erklaerung-zur-barrierefreiheit","name":"Board | Erkl\u00e4rung zur Barrierefreiheit","isPartOf":{"@id":"https:\/\/wwwstg.board.com\/de#website"},"datePublished":"2025-06-18T11:03:02+00:00","dateModified":"2025-11-14T16:20:25+00:00","description":"Wir streben danach, ein inklusives Online-Erlebnis zu bieten, indem wir die Web Content Accessibility Guidelines (WCAG) 2.1 Level AA erf\u00fcllen.","breadcrumb":{"@id":"https:\/\/wwwstg.board.com\/de\/erklaerung-zur-barrierefreiheit#breadcrumb"},"inLanguage":"de-DE","potentialAction":[{"@type":"ReadAction","target":["https:\/\/wwwstg.board.com\/de\/erklaerung-zur-barrierefreiheit"]}]},{"@type":"BreadcrumbList","@id":"https:\/\/wwwstg.board.com\/de\/erklaerung-zur-barrierefreiheit#breadcrumb","itemListElement":[{"@type":"ListItem","position":1,"name":"Home","item":"https:\/\/wwwstg.board.com\/de"},{"@type":"ListItem","position":2,"name":"Erkl\u00e4rung zur Barrierefreiheit"}]},{"@type":"WebSite","@id":"https:\/\/wwwstg.board.com\/de#website","url":"https:\/\/wwwstg.board.com\/de","name":"Board","description":"The Enterprise Planning Platform","publisher":{"@id":"https:\/\/wwwstg.board.com\/de#organization"},"potentialAction":[{"@type":"SearchAction","target":{"@type":"EntryPoint","urlTemplate":"https:\/\/wwwstg.board.com\/de?s={search_term_string}"},"query-input":{"@type":"PropertyValueSpecification","valueRequired":true,"valueName":"search_term_string"}}],"inLanguage":"de-DE"},{"@type":"Organization","@id":"https:\/\/wwwstg.board.com\/de#organization","name":"Board","url":"https:\/\/wwwstg.board.com\/de","logo":{"@type":"ImageObject","inLanguage":"de-DE","@id":"https:\/\/wwwstg.board.com\/de#\/schema\/logo\/image\/","url":"https:\/\/wwwstg.board.com\/wp-content\/uploads\/2024\/08\/board-footer-logo-grey-0-1.png","contentUrl":"https:\/\/wwwstg.board.com\/wp-content\/uploads\/2024\/08\/board-footer-logo-grey-0-1.png","width":297,"height":103,"caption":"Board"},"image":{"@id":"https:\/\/wwwstg.board.com\/de#\/schema\/logo\/image\/"},"sameAs":["https:\/\/www.facebook.com\/BOARD.International","https:\/\/x.com\/BOARDSoftware","https:\/\/www.linkedin.com\/company\/board\/","https:\/\/www.youtube.com\/user\/BOARDInternationalSA","https:\/\/en.wikipedia.org\/wiki\/Board_International"]}]}},"_links":{"self":[{"href":"https:\/\/wwwstg.board.com\/de\/wp-json\/wp\/v2\/pages\/91523","targetHints":{"allow":["GET"]}}],"collection":[{"href":"https:\/\/wwwstg.board.com\/de\/wp-json\/wp\/v2\/pages"}],"about":[{"href":"https:\/\/wwwstg.board.com\/de\/wp-json\/wp\/v2\/types\/page"}],"author":[{"embeddable":true,"href":"https:\/\/wwwstg.board.com\/de\/wp-json\/wp\/v2\/users\/5"}],"replies":[{"embeddable":true,"href":"https:\/\/wwwstg.board.com\/de\/wp-json\/wp\/v2\/comments?post=91523"}],"version-history":[{"count":0,"href":"https:\/\/wwwstg.board.com\/de\/wp-json\/wp\/v2\/pages\/91523\/revisions"}],"wp:attachment":[{"href":"https:\/\/wwwstg.board.com\/de\/wp-json\/wp\/v2\/media?parent=91523"}],"wp:term":[{"taxonomy":"line_of_business","embeddable":true,"href":"https:\/\/wwwstg.board.com\/de\/wp-json\/wp\/v2\/line_of_business?post=91523"},{"taxonomy":"page_score_tier","embeddable":true,"href":"https:\/\/wwwstg.board.com\/de\/wp-json\/wp\/v2\/page_score_tier?post=91523"}],"curies":[{"name":"wp","href":"https:\/\/api.w.org\/{rel}","templated":true}]}}