{"id":8203,"date":"2024-07-31T12:06:39","date_gmt":"2024-07-31T12:06:39","guid":{"rendered":"https:\/\/www.board.com\/datenschutzrichtlinie\/"},"modified":"2025-01-31T07:36:04","modified_gmt":"2025-01-31T07:36:04","slug":"datenschutzrichtlinie","status":"publish","type":"page","link":"https:\/\/wwwstg.board.com\/de\/datenschutzrichtlinie","title":{"rendered":"Datenschutzrichtlinie"},"content":{"rendered":"\t<section id=\"block_2d38bca1f34f5a40bae24ea9f1aae6de-\" class=\"block block--spc columns-block \">\n\t\t<div class=\"container position-relative\">\n\t\t\t<div class=\"columns-block-row\">\n\t\t\t\t\t\t\t\t\n\t<div id=\"block_853569f50eeb839a69ca15d8c6613d49\" class=\"column-content   text-start align-self-start\">\n\t\t\n\n<h1 class=\"wp-block-heading\">Datenschutzrichtlinie<\/h1>\n\n\n\n<p>Die Allgemeine Datenschutzverordnung (\u201e<strong>DSGVO<\/strong>\u201c), die am 25. Mai 2018 in Kraft getreten ist, und das Schweizerische Bundesgesetz \u00fcber den Datenschutz zielen darauf ab, zu gew\u00e4hrleisten, dass personenbezogene Daten nat\u00fcrlicher Personen unter Wahrung der Rechte, Grundfreiheiten und der W\u00fcrde von Personen verarbeitet werden, insbesondere in Bezug auf Vertraulichkeit und pers\u00f6nliche Identit\u00e4t. Board International SA und seine Tochtergesellschaften (\u201e<strong>Board<\/strong>\u201c oder \u201e<strong>Datenverantwortliche<\/strong>\u201c) achten besonders auf die Art und Weise, wie personenbezogene Daten verwendet und weitergegeben werden, und es ist daher wichtig, Sie \u00fcber die geltende Datenschutzrichtlinie zu informieren. <\/p>\n\n\n\n<p>Unter der Verarbeitung personenbezogener Daten versteht man das Sammeln, die Aufzeichnung, die Organisation, die Aufbewahrung, die Verarbeitung, die \u00c4nderung, die Auswahl, das Wiederauffinden, den Vergleich, die Verwendung, die Weitergabe, die L\u00f6schung, die Verbreitung, die Verkn\u00fcpfung und jede andere Verarbeitung, die f\u00fcr die Erbringung der angeforderten spezifischen Dienstleistung (die \u201e<strong>Dienstleistung<\/strong>\u201c) n\u00fctzlich ist.<\/p>\n\n\n\n<h2 class=\"wp-block-heading\">1. Personenbezogene Daten, die wir erfassen<\/h2>\n\n\n\n<p>1.1 Board erfasst die von den Nutzern zur Verf\u00fcgung gestellten pers\u00f6nlichen Daten:<\/p>\n\n\n\n<ol class=\"wp-block-list\">\n<li>Beim Absenden der Kontaktformulare auf der Website wwwstg.board.com (die \u201e<strong>Website<\/strong>\u201c) (z. B. im Zusammenhang mit den Bereichen \u201eKarriere\u201c, \u201eKostenlose Demo\u201c, \u201eSchulung und Support\u201c oder \u201eVeranstaltungen\u201c);<\/li>\n\n\n\n<li>f\u00fcr die Bereitstellung von Board-Diensten;<\/li>\n\n\n\n<li>f\u00fcr Produktunterst\u00fctzung;<\/li>\n\n\n\n<li>f\u00fcr die Teilnahme an Veranstaltungen und die Erbringung damit verbundener Dienstleistungen; oder<\/li>\n\n\n\n<li>zur Durchf\u00fchrung von Online-Kursen, Tests und zur Ausstellung von Zertifikaten.ts, and to issue certifications.<\/li>\n<\/ol>\n\n\n\n<p>1.2 Zu den vom Board verarbeiteten personenbezogenen Daten geh\u00f6ren unter anderem die folgenden Daten:<\/p>\n\n\n\n<ul class=\"wp-block-list\">\n<li>Name, Vorname und Berufsbezeichnung oder Kontaktinformationen einschlie\u00dflich E-Mail-Adresse und Telefonnummer;<\/li>\n\n\n\n<li>Name, Vorname und Berufsbezeichnung oder Kontaktinformationen einschlie\u00dflich E-Mail-Adresse und Telefonnummer;<\/li>\n\n\n\n<li>sonstige Informationen im Zusammenhang mit Umfragen oder Angeboten, die den Nutzern zugesandt werden.<\/li>\n<\/ul>\n\n\n\n<p>Diese Informationen fallen unter die Definition von personenbezogenen Daten, d. h. alle Informationen \u00fcber eine bestimmte oder bestimmbare nat\u00fcrliche Person (die \u201e<strong>betroffene Person<\/strong>\u201c); als bestimmbar wird eine nat\u00fcrliche Person angesehen, die direkt oder indirekt identifiziert werden kann, insbesondere durch Zuordnung zu Daten wie dem Namen, zu einer Identifikationsnummer, zu Standortdaten, zu einer Online-Kennung oder zu einem oder mehreren Merkmalen, die Ausdruck ihrer physischen, physiologischen, genetischen, psychischen, wirtschaftlichen, kulturellen oder sozialen Identit\u00e4t sind (die \u201e<strong>personenbezogenen Daten<\/strong>\u201c).<\/p>\n\n\n\n<p>1.3 Die Website verwendet Cookies, wie in der Cookie-Richtlinie n\u00e4her beschrieben.<\/p>\n\n\n\n<h2 class=\"wp-block-heading\">2. Zwecke der Datenverarbeitung<\/h2>\n\n\n\n<p>2.1 Die personenbezogenen Daten, die Sie bei der Registrierung f\u00fcr den Dienst angegeben haben oder die auf andere Weise im Rahmen der von uns durchgef\u00fchrten Aktivit\u00e4ten erworben wurden, k\u00f6nnen zu Zwecken verarbeitet werden, die mit der Bereitstellung des Dienstes zusammenh\u00e4ngen, beispielsweise um auf die von Ihnen an Board gesendeten Anfragen zu antworten (z. B. zur Zusendung von Informationsmaterial, zur Kontaktaufnahme oder f\u00fcr ein Demo- oder Verkaufsangebot usw.). Sie k\u00f6nnen der Zusendung von E-Mails jederzeit widersprechen. <\/p>\n\n\n\n<p>2.2 Die von Ihnen zur Verf\u00fcgung gestellten personenbezogenen Daten k\u00f6nnen auch verarbeitet werden, um die Online-Sicherheit der Board-Website und -Dienste zu gew\u00e4hrleisten und um den geltenden Gesetzen, Vorschriften, gerichtlichen Anordnungen, beh\u00f6rdlichen und strafverfolgungsbeh\u00f6rdlichen Aufforderungen nachzukommen, um Sicherheits- und Datenschutzvorf\u00e4lle zu untersuchen und um etwaige Kundenstreitigkeiten zu bearbeiten.<\/p>\n\n\n\n<p>2.3 Ihre pers\u00f6nlichen Daten werden verwendet, um regelm\u00e4\u00dfig Werbe-E-Mails zu versenden (unter Verwendung der von Ihnen angegebenen E-Mail-Adresse), wenn Sie diese Datenschutzrichtlinie beim Absenden des Formulars akzeptieren. Diese E-Mails k\u00f6nnen neue Produkte, Veranstaltungen, Sonderangebote oder andere Informationen betreffen, die nach Ansicht von Board f\u00fcr Sie von Interesse sein k\u00f6nnten. Die oben genannten  <\/p>\n\n\n\n<p>Mitteilungen k\u00f6nnen Ihnen auch von Dritten innerhalb der Board-Gruppe zugesandt werden, an die Board die von Ihnen zur Verf\u00fcgung gestellten pers\u00f6nlichen Daten weitergeben kann.<\/p>\n\n\n\n<p>2.4 Ihre personenbezogenen Daten k\u00f6nnen auch zur Profilerstellung verwendet werden, und zwar durch die Verwendung von Cookies und nach Ihrer Zustimmung in diesem Sinne. Die Zustimmung zur Verwendung von Cookies erfolgt zu Beginn durch Anklicken von \u201eCookies akzeptieren\u201c und Schlie\u00dfen des Banners, wie in der Cookie-Politik n\u00e4her erl\u00e4utert. <\/p>\n\n\n\n<h2 class=\"wp-block-heading\">3. Modalit\u00e4ten der Verarbeitung<\/h2>\n\n\n\n<p>3.1 Ihre personenbezogenen Daten werden von den unter Punkt 6 der vorliegenden Datenschutzrichtlinie genannten Stellen erhoben, und die damit verbundene Verarbeitung erfolgt mit manuellen oder automatisierten Instrumenten, deren Logik streng an die oben beschriebenen Zwecke gebunden ist und in jedem Fall die Sicherheit und Vertraulichkeit der personenbezogenen Daten gew\u00e4hrleistet.<\/p>\n\n\n\n<h2 class=\"wp-block-heading\">4. Rechtsgrundlage f\u00fcr die Verarbeitung von personenbezogenen Daten<\/h2>\n\n\n\n<p>4.1 Gem\u00e4\u00df der DSGVO verarbeitet Board personenbezogene Daten auf mehreren verschiedenen Rechtsgrundlagen, wie folgt:<\/p>\n\n\n\n<ul class=\"wp-block-list\">\n<li>Um den Vertrag mit Ihnen zu erf\u00fcllen und zu betreuen: Wenn Sie einen Vertrag mit Board abschlie\u00dfen, verarbeitet Board personenbezogene Daten, um die Dienstleistungen zu erbringen und das Vertragsverh\u00e4ltnis zu betreuen.<\/li>\n\n\n\n<li>Zur Erf\u00fcllung rechtlicher Verpflichtungen: Board verarbeitet Ihre personenbezogenen Daten, um die einschl\u00e4gigen Gesetze oder beh\u00f6rdlichen Anforderungen zu erf\u00fcllen und um auf rechtm\u00e4\u00dfige Anfragen, Gerichtsbeschl\u00fcsse und rechtliche Verfahren zu reagieren.<\/li>\n\n\n\n<li>Auf der Grundlage unserer berechtigten Interessen: Board verarbeitet personenbezogene Daten, um Mitteilungen oder Newsletter zu den entsprechenden Produkten und\/oder Dienstleistungen zu versenden.<\/li>\n\n\n\n<li>Auf der Grundlage Ihrer Einwilligung: In bestimmten Situationen verarbeitet Board personenbezogene Daten auf der Grundlage Ihrer Einwilligung. Sie haben das Recht, Ihre Einwilligung jederzeit zu widerrufen. <\/li>\n<\/ul>\n\n\n\n<p>4.2 Die Bereitstellung personenbezogener Daten durch Sie beim Absenden der Kontaktformulare ist absolut freiwillig und stellt keine rechtliche Verpflichtung dar.<\/p>\n\n\n\n<p>4.3 Bez\u00fcglich der Auswirkungen der Nichtannahme oder Deaktivierung von Cookies verweisen wir auf die Bestimmungen der Cookies Policy.<\/p>\n\n\n\n<h2 class=\"wp-block-heading\">5. Personengruppen, an die die personenbezogenen Daten weitergegeben werden d\u00fcrfen<\/h2>\n\n\n\n<p>5.1 Die pers\u00f6nlichen Daten, die zum Zweck der Bereitstellung des Dienstes gem\u00e4\u00df Klausel 2 erhoben werden, k\u00f6nnen an Unternehmen weitergegeben werden, die T\u00e4tigkeiten ausf\u00fchren, die eng mit der Bereitstellung des Dienstes verbunden und f\u00fcr diese notwendig sind. Diese personenbezogenen Daten k\u00f6nnen an verbundene Unternehmen und\/oder Unternehmen innerhalb der Board-Gruppe oder an Dritte, auch au\u00dferhalb der Europ\u00e4ischen Union, weitergegeben werden, wenn die von der Europ\u00e4ischen Kommission vorgeschriebenen angemessenen Schutzma\u00dfnahmen (Gew\u00e4hrleistung eines angemessenen Schutzniveaus) vorhanden sind. <\/p>\n\n\n\n<p>5.2 Die f\u00fcr die unter Punkt 2 genannten Zwecke erhobenen personenbezogenen Daten k\u00f6nnen an Dritte innerhalb der Board-Gruppe und\/oder an andere Dritte (mit Sitz innerhalb oder au\u00dferhalb der Europ\u00e4ischen Union) weitergegeben werden, auch zum Verkauf oder versuchten Verkauf, d.h. zu allen Zwecken, die rechtm\u00e4\u00dfigerweise kommerzieller und\/oder statistischer Natur sind. Die Liste der Dritten, an die Ihre pers\u00f6nlichen Daten weitergegeben wurden, kann bei Board \u00fcber die unter Punkt 7.4. angegebene E-Mail-Adresse angefordert werden. <\/p>\n\n\n\n<h2 class=\"wp-block-heading\">6. Verantwortlicher, Auftragsverarbeiter und Beauftragte<\/h2>\n\n\n\n<p>6.1 Der Begriff \u201eDatenverantwortlicher\u201c oder \u201eVerantwortlicher\u201c bezieht sich auf die nat\u00fcrliche oder juristische Person, Beh\u00f6rde, Dienststelle oder sonstige Einrichtung, die allein oder gemeinsam mit anderen \u00fcber die Zwecke und Mittel der Verarbeitung personenbezogener Daten entscheidet; werden die Zwecke und Mittel der Verarbeitung durch Rechtsvorschriften der Europ\u00e4ischen Union und der Mitgliedstaaten festgelegt, so k\u00f6nnen der Datenverantwortliche oder die f\u00fcr seine Ernennung geltenden spezifischen Kriterien durch Rechtsvorschriften der Europ\u00e4ischen Union und der Mitgliedstaaten bestimmt werden;<\/p>\n\n\n\n<p>6.1. Die Datenverantwortlichen sind Board International SA mit Sitz in Via Maestri Comacini 4, Chiasso, Ticino 6830, Schweiz, und die anderen Unternehmen der Board-Gruppe, die bei der Verarbeitung personenbezogener Daten autonom und unabh\u00e4ngig arbeiten.<\/p>\n\n\n\n<p>6.2 Die Datenverantwortlichen beauftragen externe Auftragsverarbeiter, um die unter Punkt 2 genannten Zwecke zu erreichen. Sie k\u00f6nnen eine vollst\u00e4ndige Liste der externen Auftragsverarbeiter anfordern, indem Sie eine E-Mail an die unter Punkt 7.4 dieser Richtlinie angegebene E-Mail-Adresse senden. <\/p>\n\n\n\n<p>6.3 Die Datenverantwortlichen haben ihre eigenen Angestellten und Mitarbeiter mit der Verarbeitung der Daten beauftragt.<\/p>\n\n\n\n<p>6.4 Die betroffenen Personen k\u00f6nnen ihre Rechte gegen\u00fcber jedem f\u00fcr die Verarbeitung Verantwortlichen geltend machen.<\/p>\n\n\n\n<h2 class=\"wp-block-heading\">7. Rechte der betroffenen Personen<\/h2>\n\n\n\n<p>7.1 Sie haben das Recht, jederzeit von dem Datenverantwortlichen eine Best\u00e4tigung dar\u00fcber zu erhalten, ob personenbezogene Daten, die Sie betreffen, verarbeitet werden, sowie deren Herkunft, den Zweck und die Modalit\u00e4ten der Verarbeitung zu erfahren; Sie haben ferner das Recht, die Aktualisierung, Berichtigung, Erg\u00e4nzung, L\u00f6schung, Umwandlung in anonyme Form oder Sperrung von Daten zu verlangen, die unter Verletzung der einschl\u00e4gigen Rechtsvorschriften verarbeitet werden, einschlie\u00dflich solcher, die f\u00fcr die Verfolgung der Zwecke, f\u00fcr die sie erhoben und\/oder sp\u00e4ter verarbeitet wurden, nicht mehr erforderlich sind.<\/p>\n\n\n\n<p>7.2 Sie haben das Recht, sich ganz oder teilweise der Verarbeitung Ihrer personenbezogenen Daten aus legitimen Gr\u00fcnden zu widersetzen, auch wenn diese f\u00fcr den Zweck, f\u00fcr den sie erhoben wurden, noch relevant sind, sowie der Verarbeitung Ihrer personenbezogenen Daten zum Zwecke der kommerziellen Information oder des Versands von Werbematerial oder des Direktverkaufs oder zur Durchf\u00fchrung von Marktforschung oder kommerziellen Mitteilungen.<\/p>\n\n\n\n<p>7.3 Sie haben das Recht, Ihre personenbezogenen Daten in einem strukturierten, g\u00e4ngigen und maschinenlesbaren Format zu erhalten und diese Daten an einen anderen Verantwortlichen zu \u00fcbermitteln.<\/p>\n\n\n\n<p>7.4 Um Ihre Rechte auszu\u00fcben, schreiben Sie bitte an die spezielle E-Mail-Adresse: <a href=\"mailto:privacy@board.com\">privacy@board.com<\/a>.<\/p>\n\n\n\n<p>7.5 Bitte beachten Sie, dass Sie auch das Recht haben, eine Beschwerde bei der zust\u00e4ndigen Aufsichtsbeh\u00f6rde einzureichen.<\/p>\n\n\n\n<p>7.6 Wenn Sie keine E-Mails mehr von Board erhalten m\u00f6chten und den Newsletter abbestellen m\u00f6chten, k\u00f6nnen Sie dies tun, indem Sie auf den Link \u201eAbbestellen\u201c am Ende jeder vom Board versandten E-Mail klicken.<\/p>\n\n\n\n<h2 class=\"wp-block-heading\">8. Zeitraum, in dem die personenbezogenen Daten verarbeitet werden<\/h2>\n\n\n\n<p>8.1 Ihre personenbezogenen Daten werden in Papierform und\/oder in elektronischer\/computergest\u00fctzter\/optischer Form so lange aufbewahrt, wie es zur Erf\u00fcllung der in Klausel 2 genannten Zwecke unbedingt erforderlich ist, und zwar in \u00dcbereinstimmung mit den geltenden Gesetzen und\/oder dem Vertragsverh\u00e4ltnis. Board hat die spezifische Dauer der Speicherung der pers\u00f6nlichen Daten f\u00fcr jede Art der gesammelten personenbezogenen Daten festgelegt. Nach Ablauf dieser Fristen wird Board Ihre personenbezogenen Daten endg\u00fcltig l\u00f6schen.  <\/p>\n\n\n\n<p>9. \u00c4nderungen<\/p>\n\n\n\n<p>9.1 Diese Datenschutzrichtlinie kann \u00c4nderungen unterworfen sein. Wenn wesentliche \u00c4nderungen in Bezug auf die Verwendung Ihrer personenbezogenen Daten vorgenommen werden, wird Board Sie durch Ver\u00f6ffentlichung einer Mitteilung auf der Website und\/oder durch Zusendung einer E-Mail benachrichtigen. <\/p>\n\n\n\n<h2 class=\"wp-block-heading\">10. Kontakt<\/h2>\n\n\n\n<p>F\u00fcr jegliche Informationen oder Anfragen, die sich auf diese Datenschutzrichtlinie beziehen, kontaktieren Sie uns bitte (Board International, Via Maestri Comacini 4, Chiasso, Ticino 6830, Schweiz) unter der E-Mail-Adresse <a style=\"pointer-events: none;\" href=\"mailto:privacy@board.com\">privacy@board.com<\/a>.<\/p>\n\n\n\t<\/div>\n\n\n\t\t\t<\/div>\n\t\t<\/div>\n\t<\/section>\n\n\t","protected":false},"excerpt":{"rendered":"","protected":false},"author":5,"featured_media":0,"parent":0,"menu_order":0,"comment_status":"closed","ping_status":"open","template":"","meta":{"_acf_changed":false,"_themeisle_gutenberg_block_has_review":false,"footnotes":""},"line_of_business":[4386],"page_score_tier":[],"class_list":["post-8203","page","type-page","status-publish","hentry","line_of_business-not-assigned-de"],"acf":[],"yoast_head":"<!-- This site is optimized with the Yoast SEO plugin v27.4 - https:\/\/yoast.com\/product\/yoast-seo-wordpress\/ -->\n<title>Datenschutzrichtlinie<\/title>\n<meta name=\"description\" content=\"Datenschutzrichtlinie Die Allgemeine Datenschutzverordnung (\u201eDSGVO\u201c), die am 25. Mai 2018 in Kraft getreten ist, und das Schweizerische...\" \/>\n<meta name=\"robots\" content=\"noindex, follow, max-snippet:-1, max-image-preview:large, max-video-preview:-1\" \/>\n<meta property=\"og:locale\" content=\"de_DE\" \/>\n<meta property=\"og:type\" content=\"article\" \/>\n<meta property=\"og:title\" content=\"Datenschutzrichtlinie\" \/>\n<meta property=\"og:description\" content=\"Datenschutzrichtlinie Die Allgemeine Datenschutzverordnung (\u201eDSGVO\u201c), die am 25. Mai 2018 in Kraft getreten ist, und das Schweizerische...\" \/>\n<meta property=\"og:url\" content=\"https:\/\/wwwstg.board.com\/de\/datenschutzrichtlinie\" \/>\n<meta property=\"og:site_name\" content=\"Board\" \/>\n<meta property=\"article:publisher\" content=\"https:\/\/www.facebook.com\/BOARD.International\" \/>\n<meta property=\"article:modified_time\" content=\"2025-01-31T07:36:04+00:00\" \/>\n<meta name=\"twitter:card\" content=\"summary_large_image\" \/>\n<meta name=\"twitter:site\" content=\"@BOARDSoftware\" \/>\n<meta name=\"twitter:label1\" content=\"Gesch\u00e4tzte Lesezeit\" \/>\n\t<meta name=\"twitter:data1\" content=\"7 Minuten\" \/>\n<script type=\"application\/ld+json\" class=\"yoast-schema-graph\">{\"@context\":\"https:\\\/\\\/schema.org\",\"@graph\":[{\"@type\":\"WebPage\",\"@id\":\"https:\\\/\\\/wwwstg.board.com\\\/de\\\/datenschutzrichtlinie\",\"url\":\"https:\\\/\\\/wwwstg.board.com\\\/de\\\/datenschutzrichtlinie\",\"name\":\"Datenschutzrichtlinie\",\"isPartOf\":{\"@id\":\"https:\\\/\\\/wwwstg.board.com\\\/de#website\"},\"datePublished\":\"2024-07-31T12:06:39+00:00\",\"dateModified\":\"2025-01-31T07:36:04+00:00\",\"description\":\"Datenschutzrichtlinie Die Allgemeine Datenschutzverordnung (\u201eDSGVO\u201c), die am 25. Mai 2018 in Kraft getreten ist, und das Schweizerische...\",\"breadcrumb\":{\"@id\":\"https:\\\/\\\/wwwstg.board.com\\\/de\\\/datenschutzrichtlinie#breadcrumb\"},\"inLanguage\":\"de-DE\",\"potentialAction\":[{\"@type\":\"ReadAction\",\"target\":[\"https:\\\/\\\/wwwstg.board.com\\\/de\\\/datenschutzrichtlinie\"]}]},{\"@type\":\"BreadcrumbList\",\"@id\":\"https:\\\/\\\/wwwstg.board.com\\\/de\\\/datenschutzrichtlinie#breadcrumb\",\"itemListElement\":[{\"@type\":\"ListItem\",\"position\":1,\"name\":\"Home\",\"item\":\"https:\\\/\\\/wwwstg.board.com\\\/de\"},{\"@type\":\"ListItem\",\"position\":2,\"name\":\"Datenschutzrichtlinie\"}]},{\"@type\":\"WebSite\",\"@id\":\"https:\\\/\\\/wwwstg.board.com\\\/de#website\",\"url\":\"https:\\\/\\\/wwwstg.board.com\\\/de\",\"name\":\"Board\",\"description\":\"The Enterprise Planning Platform\",\"publisher\":{\"@id\":\"https:\\\/\\\/wwwstg.board.com\\\/de#organization\"},\"potentialAction\":[{\"@type\":\"SearchAction\",\"target\":{\"@type\":\"EntryPoint\",\"urlTemplate\":\"https:\\\/\\\/wwwstg.board.com\\\/de?s={search_term_string}\"},\"query-input\":{\"@type\":\"PropertyValueSpecification\",\"valueRequired\":true,\"valueName\":\"search_term_string\"}}],\"inLanguage\":\"de-DE\"},{\"@type\":\"Organization\",\"@id\":\"https:\\\/\\\/wwwstg.board.com\\\/de#organization\",\"name\":\"Board\",\"url\":\"https:\\\/\\\/wwwstg.board.com\\\/de\",\"logo\":{\"@type\":\"ImageObject\",\"inLanguage\":\"de-DE\",\"@id\":\"https:\\\/\\\/wwwstg.board.com\\\/de#\\\/schema\\\/logo\\\/image\\\/\",\"url\":\"https:\\\/\\\/wwwstg.board.com\\\/wp-content\\\/uploads\\\/2024\\\/08\\\/board-footer-logo-grey-0-1.png\",\"contentUrl\":\"https:\\\/\\\/wwwstg.board.com\\\/wp-content\\\/uploads\\\/2024\\\/08\\\/board-footer-logo-grey-0-1.png\",\"width\":297,\"height\":103,\"caption\":\"Board\"},\"image\":{\"@id\":\"https:\\\/\\\/wwwstg.board.com\\\/de#\\\/schema\\\/logo\\\/image\\\/\"},\"sameAs\":[\"https:\\\/\\\/www.facebook.com\\\/BOARD.International\",\"https:\\\/\\\/x.com\\\/BOARDSoftware\",\"https:\\\/\\\/www.linkedin.com\\\/company\\\/board\\\/\",\"https:\\\/\\\/www.youtube.com\\\/user\\\/BOARDInternationalSA\",\"https:\\\/\\\/en.wikipedia.org\\\/wiki\\\/Board_International\"]}]}<\/script>\n<!-- \/ Yoast SEO plugin. -->","yoast_head_json":{"title":"Datenschutzrichtlinie","description":"Datenschutzrichtlinie Die Allgemeine Datenschutzverordnung (\u201eDSGVO\u201c), die am 25. Mai 2018 in Kraft getreten ist, und das Schweizerische...","robots":{"index":"noindex","follow":"follow","max-snippet":"max-snippet:-1","max-image-preview":"max-image-preview:large","max-video-preview":"max-video-preview:-1"},"og_locale":"de_DE","og_type":"article","og_title":"Datenschutzrichtlinie","og_description":"Datenschutzrichtlinie Die Allgemeine Datenschutzverordnung (\u201eDSGVO\u201c), die am 25. Mai 2018 in Kraft getreten ist, und das Schweizerische...","og_url":"https:\/\/wwwstg.board.com\/de\/datenschutzrichtlinie","og_site_name":"Board","article_publisher":"https:\/\/www.facebook.com\/BOARD.International","article_modified_time":"2025-01-31T07:36:04+00:00","twitter_card":"summary_large_image","twitter_site":"@BOARDSoftware","twitter_misc":{"Gesch\u00e4tzte Lesezeit":"7 Minuten"},"schema":{"@context":"https:\/\/schema.org","@graph":[{"@type":"WebPage","@id":"https:\/\/wwwstg.board.com\/de\/datenschutzrichtlinie","url":"https:\/\/wwwstg.board.com\/de\/datenschutzrichtlinie","name":"Datenschutzrichtlinie","isPartOf":{"@id":"https:\/\/wwwstg.board.com\/de#website"},"datePublished":"2024-07-31T12:06:39+00:00","dateModified":"2025-01-31T07:36:04+00:00","description":"Datenschutzrichtlinie Die Allgemeine Datenschutzverordnung (\u201eDSGVO\u201c), die am 25. Mai 2018 in Kraft getreten ist, und das Schweizerische...","breadcrumb":{"@id":"https:\/\/wwwstg.board.com\/de\/datenschutzrichtlinie#breadcrumb"},"inLanguage":"de-DE","potentialAction":[{"@type":"ReadAction","target":["https:\/\/wwwstg.board.com\/de\/datenschutzrichtlinie"]}]},{"@type":"BreadcrumbList","@id":"https:\/\/wwwstg.board.com\/de\/datenschutzrichtlinie#breadcrumb","itemListElement":[{"@type":"ListItem","position":1,"name":"Home","item":"https:\/\/wwwstg.board.com\/de"},{"@type":"ListItem","position":2,"name":"Datenschutzrichtlinie"}]},{"@type":"WebSite","@id":"https:\/\/wwwstg.board.com\/de#website","url":"https:\/\/wwwstg.board.com\/de","name":"Board","description":"The Enterprise Planning Platform","publisher":{"@id":"https:\/\/wwwstg.board.com\/de#organization"},"potentialAction":[{"@type":"SearchAction","target":{"@type":"EntryPoint","urlTemplate":"https:\/\/wwwstg.board.com\/de?s={search_term_string}"},"query-input":{"@type":"PropertyValueSpecification","valueRequired":true,"valueName":"search_term_string"}}],"inLanguage":"de-DE"},{"@type":"Organization","@id":"https:\/\/wwwstg.board.com\/de#organization","name":"Board","url":"https:\/\/wwwstg.board.com\/de","logo":{"@type":"ImageObject","inLanguage":"de-DE","@id":"https:\/\/wwwstg.board.com\/de#\/schema\/logo\/image\/","url":"https:\/\/wwwstg.board.com\/wp-content\/uploads\/2024\/08\/board-footer-logo-grey-0-1.png","contentUrl":"https:\/\/wwwstg.board.com\/wp-content\/uploads\/2024\/08\/board-footer-logo-grey-0-1.png","width":297,"height":103,"caption":"Board"},"image":{"@id":"https:\/\/wwwstg.board.com\/de#\/schema\/logo\/image\/"},"sameAs":["https:\/\/www.facebook.com\/BOARD.International","https:\/\/x.com\/BOARDSoftware","https:\/\/www.linkedin.com\/company\/board\/","https:\/\/www.youtube.com\/user\/BOARDInternationalSA","https:\/\/en.wikipedia.org\/wiki\/Board_International"]}]}},"_links":{"self":[{"href":"https:\/\/wwwstg.board.com\/de\/wp-json\/wp\/v2\/pages\/8203","targetHints":{"allow":["GET"]}}],"collection":[{"href":"https:\/\/wwwstg.board.com\/de\/wp-json\/wp\/v2\/pages"}],"about":[{"href":"https:\/\/wwwstg.board.com\/de\/wp-json\/wp\/v2\/types\/page"}],"author":[{"embeddable":true,"href":"https:\/\/wwwstg.board.com\/de\/wp-json\/wp\/v2\/users\/5"}],"replies":[{"embeddable":true,"href":"https:\/\/wwwstg.board.com\/de\/wp-json\/wp\/v2\/comments?post=8203"}],"version-history":[{"count":0,"href":"https:\/\/wwwstg.board.com\/de\/wp-json\/wp\/v2\/pages\/8203\/revisions"}],"wp:attachment":[{"href":"https:\/\/wwwstg.board.com\/de\/wp-json\/wp\/v2\/media?parent=8203"}],"wp:term":[{"taxonomy":"line_of_business","embeddable":true,"href":"https:\/\/wwwstg.board.com\/de\/wp-json\/wp\/v2\/line_of_business?post=8203"},{"taxonomy":"page_score_tier","embeddable":true,"href":"https:\/\/wwwstg.board.com\/de\/wp-json\/wp\/v2\/page_score_tier?post=8203"}],"curies":[{"name":"wp","href":"https:\/\/api.w.org\/{rel}","templated":true}]}}