{"id":8119,"date":"2024-10-23T09:07:30","date_gmt":"2024-10-23T09:07:30","guid":{"rendered":"https:\/\/www.board.com\/preisgestaltung\/"},"modified":"2025-06-18T10:19:33","modified_gmt":"2025-06-18T10:19:33","slug":"preisgestaltung","status":"publish","type":"page","link":"https:\/\/wwwstg.board.com\/de\/preisgestaltung","title":{"rendered":"Preisgestaltung"},"content":{"rendered":"\t<section id=\"block_f1590e8d8224f7b96cc5e8a7fe60c914-\" class=\"block block--spc columns-block block-hero-grad grid grid--2 bg-primary-gradient-02\">\n\t\t<div class=\"container\">\n\t\t\t<div class=\"columns-block-row\">\n\t\t\t\t\n\t<div class=\"column-content d-flex align-items-center\">\n\t\t<div class=\"hero-grad-left\">\n\t\t\t<div class=\"hero-grad-copy\">\n\t\t\t\t\t\t\t\t\n\n<h1 class=\"wp-block-heading\">Preisgestaltung<br\/><\/h1>\n\n\n\n<p>Wenn es um Planung geht, gibt es keine Einheitsgr\u00f6\u00dfe f\u00fcr alle. Gerne besprechen wir mit Ihnen Ihre spezifischen Herausforderungen und unterbreiten Ihnen ein individuelles Angebot, das Ihren Anforderungen entspricht. <\/p>\n\n\n\n\t\t\t\t\n\t\t\t\t\t\t\t<\/div>\n\t\t<\/div>\n\t<\/div>\n\n\n\t\t\t<\/div>\n\t\t<\/div>\n\t<\/section>\n\t<section id=\"block_ad9bbb508e3f5f4f3fd2b90b878d579c-1\" class=\"block block--spc columns-block pb-0 \">\n\t\t<div class=\"container position-relative\">\n\t\t\t<div class=\"columns-block-row\">\n\t\t\t\t\t\t\t\t\n\t<div id=\"block_f4602ac2bd492aeff8dc503a6a3adf05\" class=\"column-content   text-start align-self-start\">\n\t\t\n\n<h2 class=\"wp-block-heading\">Ich interessiere mich f\u00fcr L\u00f6sungen f\u00fcr\u2026<\/h2>\n\n\n\t<\/div>\n\n\n\t\t\t<\/div>\n\t\t<\/div>\n\t<\/section>\n\n\t\t\t<section id=\"block_775777c5e20061f133c3f63d465f88ab-2\" class=\"block block--spc columns-block block-pricing-card-grid grid grid--3\">\n\t\t\t<div class=\"container\">\n\t\t\t\t\t\t\t\t<div class=\"columns-block-row\">\n\t\t\t\t\t\n\t<article class=\"card card--pricing\">\n\t\t<a aria-label=\"Preis anfragen\" href=\"#form|10939|lineOfBusiness=FPA\" class=\"full-link full-link__pricing\"><\/a>\n\t\t<div class=\"pricing-card-top\">\n\t\t\t\t\t\t\t<img decoding=\"async\" src=\"https:\/\/wwwstg.board.com\/wp-content\/uploads\/2024\/10\/icon-finance.svg\" alt=\"\" \/>\n\t\t\t\t\t\t\t\t\t\t<p>Finanzen<\/p>\n\t\t\t\t\t<\/div>\n\t\t<div class=\"pricing-card-copy\">\n\t\t\t\t\t\t\t<p>Transformieren Sie Ihre Finanzplanung und -analyse durch schnellere und genauere Einblicke, beschleunigte monatliche Zyklen, ereignisgesteuerte Szenarienplanung und flexible Zusammenarbeit.<\/p>\n\t\t\t\t\t<\/div>\n\t\t\t\t\t<div class=\"pricing-card-nav\">\n\t\t\t\t<a class=\"btn-link btn-link--primary btn-link--icon\" href=\"#form|10939|lineOfBusiness=FPA\">\n\t\t\t\t\t<span>Preis anfragen<\/span>\n\t\t\t\t\t<span class=\"ico icon-chevron-right\" aria-hidden=\"true\"><\/span>\n\t\t\t\t<\/a>\n\t\t\t<\/div>\n\t\t\t<\/article>\n\t\n\n\t<article class=\"card card--pricing\">\n\t\t<a aria-label=\"Preis anfragen\" href=\"#form|10939|lineOfBusiness=SOP\" class=\"full-link full-link__pricing\"><\/a>\n\t\t<div class=\"pricing-card-top\">\n\t\t\t\t\t\t\t<img decoding=\"async\" src=\"https:\/\/wwwstg.board.com\/wp-content\/uploads\/2024\/10\/icon-supply-chain.svg\" alt=\"\" \/>\n\t\t\t\t\t\t\t\t\t\t<p>Supply chain<\/p>\n\t\t\t\t\t<\/div>\n\t\t<div class=\"pricing-card-copy\">\n\t\t\t\t\t\t\t<p>Treffen Sie schnelle, flexible Supply-Chain-Entscheidungen, optimieren Sie die Lagerbest\u00e4nde, f\u00fchren Sie eine realistische und rentable Szenarioplanung durch und arbeiten Sie unternehmens\u00fcbergreifend zusammen.<\/p>\n\t\t\t\t\t<\/div>\n\t\t\t\t\t<div class=\"pricing-card-nav\">\n\t\t\t\t<a class=\"btn-link btn-link--primary btn-link--icon\" href=\"#form|10939|lineOfBusiness=SOP\">\n\t\t\t\t\t<span>Preis anfragen<\/span>\n\t\t\t\t\t<span class=\"ico icon-chevron-right\" aria-hidden=\"true\"><\/span>\n\t\t\t\t<\/a>\n\t\t\t<\/div>\n\t\t\t<\/article>\n\t\n\n\t<article class=\"card card--pricing\">\n\t\t<a aria-label=\"Preis anfragen\" href=\"#form|10939|lineOfBusiness=MCP\" class=\"full-link full-link__pricing\"><\/a>\n\t\t<div class=\"pricing-card-top\">\n\t\t\t\t\t\t\t<img decoding=\"async\" src=\"https:\/\/wwwstg.board.com\/wp-content\/uploads\/2024\/10\/icon-retail.svg\" alt=\"\" \/>\n\t\t\t\t\t\t\t\t\t\t<p>Einzelhandel<\/p>\n\t\t\t\t\t<\/div>\n\t\t<div class=\"pricing-card-copy\">\n\t\t\t\t\t\t\t<p>Kombinieren Sie eine End-to-End-Merchandising-Strategie mit verbraucherorientierten Erkenntnissen, Omni-Channel-Einbindung und profitablem Vertrieb f\u00fcr eine wirklich intelligente Einzelhandelsplanung.<\/p>\n\t\t\t\t\t<\/div>\n\t\t\t\t\t<div class=\"pricing-card-nav\">\n\t\t\t\t<a class=\"btn-link btn-link--primary btn-link--icon\" href=\"#form|10939|lineOfBusiness=MCP\">\n\t\t\t\t\t<span>Preis anfragen<\/span>\n\t\t\t\t\t<span class=\"ico icon-chevron-right\" aria-hidden=\"true\"><\/span>\n\t\t\t\t<\/a>\n\t\t\t<\/div>\n\t\t\t<\/article>\n\t\n\n\t<article class=\"card card--pricing\">\n\t\t<a aria-label=\"Preis anfragen\" href=\"#form|10939|lineOfBusiness=SPM\" class=\"full-link full-link__pricing\"><\/a>\n\t\t<div class=\"pricing-card-top\">\n\t\t\t\t\t\t\t<img decoding=\"async\" src=\"https:\/\/wwwstg.board.com\/wp-content\/uploads\/2024\/10\/icon-sales.svg\" alt=\"\" \/>\n\t\t\t\t\t\t\t\t\t\t<p> Vertrieb<\/p>\n\t\t\t\t\t<\/div>\n\t\t<div class=\"pricing-card-copy\">\n\t\t\t\t\t\t\t<p>Erzielen Sie eine optimale Vertriebsabdeckung, konzentrieren Sie sich auf Ihr Team und Ihre Wachstumspl\u00e4ne, erstellen Sie eine vorhersehbare Umsatzprognose und verk\u00fcrzen Sie Ihre Vertriebszykluszeit.<\/p>\n\t\t\t\t\t<\/div>\n\t\t\t\t\t<div class=\"pricing-card-nav\">\n\t\t\t\t<a class=\"btn-link btn-link--primary btn-link--icon\" href=\"#form|10939|lineOfBusiness=SPM\">\n\t\t\t\t\t<span>Preis anfragen<\/span>\n\t\t\t\t\t<span class=\"ico icon-chevron-right\" aria-hidden=\"true\"><\/span>\n\t\t\t\t<\/a>\n\t\t\t<\/div>\n\t\t\t<\/article>\n\t\n\n\t<article class=\"card card--pricing\">\n\t\t<a aria-label=\"Preis anfragen\" href=\"#form|10939|lineOfBusiness=WFP\" class=\"full-link full-link__pricing\"><\/a>\n\t\t<div class=\"pricing-card-top\">\n\t\t\t\t\t\t\t<img decoding=\"async\" src=\"https:\/\/wwwstg.board.com\/wp-content\/uploads\/2024\/10\/icon-hr.svg\" alt=\"\" \/>\n\t\t\t\t\t\t\t\t\t\t<p>Personalwesen<\/p>\n\t\t\t\t\t<\/div>\n\t\t<div class=\"pricing-card-copy\">\n\t\t\t\t\t\t\t<p>Gewinnen, entwickeln und binden Sie Spitzentalente, schaffen Sie ausgewogene und vielf\u00e4ltige Teams, optimieren Sie Ihr Arbeitsmodell, und bauen Sie eine effiziente und produktive Belegschaft auf.<\/p>\n\t\t\t\t\t<\/div>\n\t\t\t\t\t<div class=\"pricing-card-nav\">\n\t\t\t\t<a class=\"btn-link btn-link--primary btn-link--icon\" href=\"#form|10939|lineOfBusiness=WFP\">\n\t\t\t\t\t<span>Preis anfragen<\/span>\n\t\t\t\t\t<span class=\"ico icon-chevron-right\" aria-hidden=\"true\"><\/span>\n\t\t\t\t<\/a>\n\t\t\t<\/div>\n\t\t\t<\/article>\n\t\n\n\t<article class=\"card card--pricing\">\n\t\t<a aria-label=\"Preis anfragen\" href=\"#form|10939|lineOfBusiness=NA\" class=\"full-link full-link__pricing\"><\/a>\n\t\t<div class=\"pricing-card-top\">\n\t\t\t\t\t\t\t<img decoding=\"async\" src=\"https:\/\/wwwstg.board.com\/wp-content\/uploads\/2024\/10\/icon-predictive-analytics.svg\" alt=\"\" \/>\n\t\t\t\t\t\t\t\t\t\t<p>Predictive Analytics<\/p>\n\t\t\t\t\t<\/div>\n\t\t<div class=\"pricing-card-copy\">\n\t\t\t\t\t\t\t<p>Heben Sie Ihre Prognosen mit Board Enterprise Analytics Modeling (BEAM) auf die n\u00e4chste Stufe und machen Sie Ihre Board-basierten Pl\u00e4ne durch KI\/ML-gesteuerte Erkenntnisse noch intelligenter.<\/p>\n\t\t\t\t\t<\/div>\n\t\t\t\t\t<div class=\"pricing-card-nav\">\n\t\t\t\t<a class=\"btn-link btn-link--primary btn-link--icon\" href=\"#form|10939|lineOfBusiness=NA\">\n\t\t\t\t\t<span>Preis anfragen<\/span>\n\t\t\t\t\t<span class=\"ico icon-chevron-right\" aria-hidden=\"true\"><\/span>\n\t\t\t\t<\/a>\n\t\t\t<\/div>\n\t\t\t<\/article>\n\t\n\n\t<article class=\"card card--pricing\">\n\t\t<a aria-label=\"Preis anfragen\" href=\"#form|10939|lineOfBusiness=NA\" class=\"full-link full-link__pricing\"><\/a>\n\t\t<div class=\"pricing-card-top\">\n\t\t\t\t\t\t\t<img decoding=\"async\" src=\"https:\/\/wwwstg.board.com\/wp-content\/uploads\/2024\/10\/icon-add-ins-and-integrations.svg\" alt=\"\" \/>\n\t\t\t\t\t\t\t\t\t\t<p>Board-Erweiterungen &amp; Integrationen<\/p>\n\t\t\t\t\t<\/div>\n\t\t<div class=\"pricing-card-copy\">\n\t\t\t\t\t\t\t<p>Erweitern Sie Ihre intelligenten Planungsl\u00f6sungen mit einer Reihe von zus\u00e4tzlichen Komponenten, darunter unser Office Add-In, SAP Connector, parallele Engines und das Broadcasting-Paket.<\/p>\n\t\t\t\t\t<\/div>\n\t\t\t\t\t<div class=\"pricing-card-nav\">\n\t\t\t\t<a class=\"btn-link btn-link--primary btn-link--icon\" href=\"#form|10939|lineOfBusiness=NA\">\n\t\t\t\t\t<span>Preis anfragen<\/span>\n\t\t\t\t\t<span class=\"ico icon-chevron-right\" aria-hidden=\"true\"><\/span>\n\t\t\t\t<\/a>\n\t\t\t<\/div>\n\t\t\t<\/article>\n\t\n\n\t<article class=\"card card--pricing\">\n\t\t<a aria-label=\"Preis anfragen\" href=\"#form|10939|lineOfBusiness=NA\" class=\"full-link full-link__pricing\"><\/a>\n\t\t<div class=\"pricing-card-top\">\n\t\t\t\t\t\t\t<img decoding=\"async\" src=\"https:\/\/wwwstg.board.com\/wp-content\/uploads\/2024\/10\/icon-premium-support.svg\" alt=\"\" \/>\n\t\t\t\t\t\t\t\t\t\t<p>Premium-Support<\/p>\n\t\t\t\t\t<\/div>\n\t\t<div class=\"pricing-card-copy\">\n\t\t\t\t\t\t\t<p>Ein Premium-Supportplan verschafft Ihnen den dauerhaften Wettbewerbsvorteil (und den Seelenfrieden), den Ihr Unternehmen verdient. Erfahren Sie mehr dar\u00fcber, wie unsere Experten f\u00fcr Customer Success und Support Sie dabei unterst\u00fctzen k\u00f6nnen, das Beste aus Ihrer Investition in intelligente Planung zu machen. <\/p>\n\t\t\t\t\t<\/div>\n\t\t\t\t\t<div class=\"pricing-card-nav\">\n\t\t\t\t<a class=\"btn-link btn-link--primary btn-link--icon\" href=\"#form|10939|lineOfBusiness=NA\">\n\t\t\t\t\t<span>Preis anfragen<\/span>\n\t\t\t\t\t<span class=\"ico icon-chevron-right\" aria-hidden=\"true\"><\/span>\n\t\t\t\t<\/a>\n\t\t\t<\/div>\n\t\t\t<\/article>\n\t\n\n\t\t\t\t<\/div>\n\t\t\t<\/div>\n\t\t<\/section>\n\t<div class=\"html-prevedere-home-page wp-block-acf-html-pricing-js-workaround\">\n\t\n\t<script>\n\t\tfunction boardflow__setLineOfBusinessOnForm() {\n\t\t\tif (!window.boardflow) return;\n\t\t\tif (!location.hash.startsWith('#form|10939|')) return;\n\n\t\t\t\/\/ Split the hash into its parts\n\t\t\tconst parts = location.hash.split('|');\n\t\t\tconst formId = parts[1];\n\t\t\tconst form = window.boardflow._getServiceProvider(\"MarketoService\").formsServiceProvider.getForms(formId)?.[0];\n\n\t\t\tif (!form) return;\n\n\t\t\t\/\/ Update the form with the additional params\n\t\t\tconst params = parts.slice(2).reduce((acc, part) => {\n\t\t\t\tconst [key, value] = part.split('=');\n\t\t\t\tacc[key] = value;\n\t\t\t\treturn acc;\n\t\t\t}, {});\n\n\t\t\t\/\/ Update the form with the additional params\n\t\t\tform.additionalParams = {\n\t\t\t\t...form.additionalParams,\n\t\t\t\t...params\n\t\t\t}\n\n\t\t\tlocation.hash = `#form`\n\t\t}\n\n\t\t\/* window.addEventListener('DOMContentLoaded', (e) => {\n\t\t\t\/\/boardflow__setLineOfBusinessOnForm()\n\t\t}) *\/\n\t\twindow.addEventListener('hashchange', (e) => {\n\t\t\tboardflow__setLineOfBusinessOnForm()\n\t\t})\n\t<\/script>\n<\/div>\t<section id=\"form\" class=\"block block--spc columns-block block-text-form\">\n\t\t<div class=\"container position-relative\">\n\t\t\t<div class=\"columns-block-row\">\n\t\t\t\t\t\t\t\t\n\t<div class=\"column-content \">\n\t\t\n\n<h2 class=\"wp-block-heading\" id=\"form\">Preis anfragen<\/h2>\n\n\n\n<p>Senden Sie Ihre Anfrage an unser Verkaufsteam<\/p>\n\n\n\t<\/div>\n\n\n\t<div class=\"column-content container \">\n\t\t\n\n\n\t\n\t<\/div>\n\t\n\n\t\t\t<\/div>\n\t\t<\/div>\n\t<\/section>\n\n\t\t<section id=\"block_e29d13d8af7a70ab4c1ae44f771c1d70-4\" class=\"block block--spc columns-block image-text bg-neutral-50\">\n\n\t\t\n\t\t<div class=\"container position-relative\">\n\t\t\t<div class=\"columns-block-row\">\n\t\t\t\t\t\t\t\t\n\t<div class=\"column-content \">\n\t\t\n\n<h2 class=\"wp-block-heading\">Board-Kunden erzielen 335% ROI<\/h2>\n\n\n\n<p>In der neuen Studie von Forrester berichten unsere Kunden, wie sehr &#8211; und wie schnell &#8211; sie von Board profitieren.<\/p>\n\n\n\t\t<a href=\"https:\/\/wwwstg.board.com\/de\/ressourcen\/forrester-total-economic-impact\/\" class=\"btn-link btn-link--primary\"  target=\"\"\t\t\t\t\t\t>\n\t\t\t<span>Holen Sie sich Ihr Exemplar<\/span>\n\t\t<\/a>\n\t\n\n\t<\/div>\n\n\n\t<div class=\"column-content \">\n\t\t\n\n<figure class=\"wp-block-image size-full\"><img loading=\"lazy\" decoding=\"async\" width=\"452\" height=\"397\" src=\"https:\/\/wwwstg.board.com\/wp-content\/uploads\/2024\/10\/tei-home-new.webp\" alt=\"\" class=\"wp-image-4199\" srcset=\"https:\/\/wwwstg.board.com\/wp-content\/uploads\/2024\/10\/tei-home-new.webp 452w, https:\/\/wwwstg.board.com\/wp-content\/uploads\/2024\/10\/tei-home-new-215x189.webp 215w\" sizes=\"auto, (max-width: 452px) 100vw, 452px\" \/><\/figure>\n\n\t\n\t<\/div>\n\t\n\n\t\t\t<\/div>\n\t\t<\/div>\n\t<\/section>\n\n\t<section id=\"block_efedec611bb79f84fb54df0e9bad8fc1-5\" class=\"block block--spc columns-block spacing-md footer-cta bg-violet-700\">\n\t\t\n\t\t\t<img loading=\"lazy\" decoding=\"async\" src=\"https:\/\/wwwstg.board.com\/wp-content\/uploads\/2024\/08\/pre-footersvg.svg\" class=\"shape-bg-image shape-bg-image-left\" alt=\"Background image shape - left\" height=\"510\" width=\"930\" aria-hidden=\"true\">\n\t\t\t<div class=\"overlay-gradient\"><\/div>\n\t\t<div class=\"container position-relative columns-70-30\">\n\t\t\t<div class=\"columns-block-row\">\n\t\t\t\t\t\t\t\t\n\t<div class=\"column-content \">\n\t\t\n\n<h2 class=\"wp-block-heading\">Sehen Sie selbst, was Board f\u00fcr Sie tun kann.<\/h2>\n\n\n\n<p>Sehen Sie sich unsere Enterprise Planning Platform in Aktion an.<\/p>\n\n\n\t<\/div>\n\n\n\t<div class=\"column-content \">\n\t\t\n\t\t<a href=\"https:\/\/wwwstg.board.com\/de\/demo-anfordern\" class=\"btn-link btn-link--white\"  target=\"\"\t\t\t>\n\t\t\t<span>Sprechen Sie mit einem Experten<\/span>\n\t\t<\/a>\n\t\n\n\t<\/div>\n\n\n\t\t\t<\/div>\n\t\t<\/div>\n\t<\/section>\n\n\t","protected":false},"excerpt":{"rendered":"","protected":false},"author":3,"featured_media":0,"parent":0,"menu_order":0,"comment_status":"closed","ping_status":"closed","template":"","meta":{"_acf_changed":false,"_themeisle_gutenberg_block_has_review":false,"footnotes":""},"line_of_business":[4386],"page_score_tier":[],"class_list":["post-8119","page","type-page","status-publish","hentry","line_of_business-not-assigned-de"],"acf":[],"yoast_head":"<!-- This site is optimized with the Yoast SEO plugin v27.4 - https:\/\/yoast.com\/product\/yoast-seo-wordpress\/ -->\n<title>Preise f\u00fcr Board-Software<\/title>\n<meta name=\"description\" content=\"Suchen Sie nach Preisen f\u00fcr unsere Unternehmensplanungsplattform und -l\u00f6sungen? Hier sind Sie richtig.\" \/>\n<meta name=\"robots\" content=\"noindex, follow, max-snippet:-1, max-image-preview:large, max-video-preview:-1\" \/>\n<meta property=\"og:locale\" content=\"de_DE\" \/>\n<meta property=\"og:type\" content=\"article\" \/>\n<meta property=\"og:title\" content=\"Preise f\u00fcr Board-Software\" \/>\n<meta property=\"og:description\" content=\"Suchen Sie nach Preisen f\u00fcr unsere Unternehmensplanungsplattform und -l\u00f6sungen? Hier sind Sie richtig.\" \/>\n<meta property=\"og:url\" content=\"https:\/\/wwwstg.board.com\/de\/preisgestaltung\" \/>\n<meta property=\"og:site_name\" content=\"Board\" \/>\n<meta property=\"article:publisher\" content=\"https:\/\/www.facebook.com\/BOARD.International\" \/>\n<meta property=\"article:modified_time\" content=\"2025-06-18T10:19:33+00:00\" \/>\n<meta property=\"og:image\" content=\"https:\/\/wwwstg.board.com\/wp-content\/uploads\/2025\/01\/1200x627_opengraph_board_pricing.jpg\" \/>\n<meta name=\"twitter:card\" content=\"summary_large_image\" \/>\n<meta name=\"twitter:site\" content=\"@BOARDSoftware\" \/>\n<meta name=\"twitter:label1\" content=\"Gesch\u00e4tzte Lesezeit\" \/>\n\t<meta name=\"twitter:data1\" content=\"1 Minute\" \/>\n<script type=\"application\/ld+json\" class=\"yoast-schema-graph\">{\"@context\":\"https:\\\/\\\/schema.org\",\"@graph\":[{\"@type\":\"WebPage\",\"@id\":\"https:\\\/\\\/wwwstg.board.com\\\/de\\\/preisgestaltung\",\"url\":\"https:\\\/\\\/wwwstg.board.com\\\/de\\\/preisgestaltung\",\"name\":\"Preise f\u00fcr Board-Software\",\"isPartOf\":{\"@id\":\"https:\\\/\\\/wwwstg.board.com\\\/de#website\"},\"datePublished\":\"2024-10-23T09:07:30+00:00\",\"dateModified\":\"2025-06-18T10:19:33+00:00\",\"description\":\"Suchen Sie nach Preisen f\u00fcr unsere Unternehmensplanungsplattform und -l\u00f6sungen? Hier sind Sie richtig.\",\"breadcrumb\":{\"@id\":\"https:\\\/\\\/wwwstg.board.com\\\/de\\\/preisgestaltung#breadcrumb\"},\"inLanguage\":\"de-DE\",\"potentialAction\":[{\"@type\":\"ReadAction\",\"target\":[\"https:\\\/\\\/wwwstg.board.com\\\/de\\\/preisgestaltung\"]}]},{\"@type\":\"BreadcrumbList\",\"@id\":\"https:\\\/\\\/wwwstg.board.com\\\/de\\\/preisgestaltung#breadcrumb\",\"itemListElement\":[{\"@type\":\"ListItem\",\"position\":1,\"name\":\"Home\",\"item\":\"https:\\\/\\\/wwwstg.board.com\\\/de\"},{\"@type\":\"ListItem\",\"position\":2,\"name\":\"Preisgestaltung\"}]},{\"@type\":\"WebSite\",\"@id\":\"https:\\\/\\\/wwwstg.board.com\\\/de#website\",\"url\":\"https:\\\/\\\/wwwstg.board.com\\\/de\",\"name\":\"Board\",\"description\":\"The Enterprise Planning Platform\",\"publisher\":{\"@id\":\"https:\\\/\\\/wwwstg.board.com\\\/de#organization\"},\"potentialAction\":[{\"@type\":\"SearchAction\",\"target\":{\"@type\":\"EntryPoint\",\"urlTemplate\":\"https:\\\/\\\/wwwstg.board.com\\\/de?s={search_term_string}\"},\"query-input\":{\"@type\":\"PropertyValueSpecification\",\"valueRequired\":true,\"valueName\":\"search_term_string\"}}],\"inLanguage\":\"de-DE\"},{\"@type\":\"Organization\",\"@id\":\"https:\\\/\\\/wwwstg.board.com\\\/de#organization\",\"name\":\"Board\",\"url\":\"https:\\\/\\\/wwwstg.board.com\\\/de\",\"logo\":{\"@type\":\"ImageObject\",\"inLanguage\":\"de-DE\",\"@id\":\"https:\\\/\\\/wwwstg.board.com\\\/de#\\\/schema\\\/logo\\\/image\\\/\",\"url\":\"https:\\\/\\\/wwwstg.board.com\\\/wp-content\\\/uploads\\\/2024\\\/08\\\/board-footer-logo-grey-0-1.png\",\"contentUrl\":\"https:\\\/\\\/wwwstg.board.com\\\/wp-content\\\/uploads\\\/2024\\\/08\\\/board-footer-logo-grey-0-1.png\",\"width\":297,\"height\":103,\"caption\":\"Board\"},\"image\":{\"@id\":\"https:\\\/\\\/wwwstg.board.com\\\/de#\\\/schema\\\/logo\\\/image\\\/\"},\"sameAs\":[\"https:\\\/\\\/www.facebook.com\\\/BOARD.International\",\"https:\\\/\\\/x.com\\\/BOARDSoftware\",\"https:\\\/\\\/www.linkedin.com\\\/company\\\/board\\\/\",\"https:\\\/\\\/www.youtube.com\\\/user\\\/BOARDInternationalSA\",\"https:\\\/\\\/en.wikipedia.org\\\/wiki\\\/Board_International\"]}]}<\/script>\n<!-- \/ Yoast SEO plugin. -->","yoast_head_json":{"title":"Preise f\u00fcr Board-Software","description":"Suchen Sie nach Preisen f\u00fcr unsere Unternehmensplanungsplattform und -l\u00f6sungen? Hier sind Sie richtig.","robots":{"index":"noindex","follow":"follow","max-snippet":"max-snippet:-1","max-image-preview":"max-image-preview:large","max-video-preview":"max-video-preview:-1"},"og_locale":"de_DE","og_type":"article","og_title":"Preise f\u00fcr Board-Software","og_description":"Suchen Sie nach Preisen f\u00fcr unsere Unternehmensplanungsplattform und -l\u00f6sungen? Hier sind Sie richtig.","og_url":"https:\/\/wwwstg.board.com\/de\/preisgestaltung","og_site_name":"Board","article_publisher":"https:\/\/www.facebook.com\/BOARD.International","article_modified_time":"2025-06-18T10:19:33+00:00","og_image":[{"url":"https:\/\/wwwstg.board.com\/wp-content\/uploads\/2025\/01\/1200x627_opengraph_board_pricing.jpg","type":"","width":"","height":""}],"twitter_card":"summary_large_image","twitter_site":"@BOARDSoftware","twitter_misc":{"Gesch\u00e4tzte Lesezeit":"1 Minute"},"schema":{"@context":"https:\/\/schema.org","@graph":[{"@type":"WebPage","@id":"https:\/\/wwwstg.board.com\/de\/preisgestaltung","url":"https:\/\/wwwstg.board.com\/de\/preisgestaltung","name":"Preise f\u00fcr Board-Software","isPartOf":{"@id":"https:\/\/wwwstg.board.com\/de#website"},"datePublished":"2024-10-23T09:07:30+00:00","dateModified":"2025-06-18T10:19:33+00:00","description":"Suchen Sie nach Preisen f\u00fcr unsere Unternehmensplanungsplattform und -l\u00f6sungen? Hier sind Sie richtig.","breadcrumb":{"@id":"https:\/\/wwwstg.board.com\/de\/preisgestaltung#breadcrumb"},"inLanguage":"de-DE","potentialAction":[{"@type":"ReadAction","target":["https:\/\/wwwstg.board.com\/de\/preisgestaltung"]}]},{"@type":"BreadcrumbList","@id":"https:\/\/wwwstg.board.com\/de\/preisgestaltung#breadcrumb","itemListElement":[{"@type":"ListItem","position":1,"name":"Home","item":"https:\/\/wwwstg.board.com\/de"},{"@type":"ListItem","position":2,"name":"Preisgestaltung"}]},{"@type":"WebSite","@id":"https:\/\/wwwstg.board.com\/de#website","url":"https:\/\/wwwstg.board.com\/de","name":"Board","description":"The Enterprise Planning Platform","publisher":{"@id":"https:\/\/wwwstg.board.com\/de#organization"},"potentialAction":[{"@type":"SearchAction","target":{"@type":"EntryPoint","urlTemplate":"https:\/\/wwwstg.board.com\/de?s={search_term_string}"},"query-input":{"@type":"PropertyValueSpecification","valueRequired":true,"valueName":"search_term_string"}}],"inLanguage":"de-DE"},{"@type":"Organization","@id":"https:\/\/wwwstg.board.com\/de#organization","name":"Board","url":"https:\/\/wwwstg.board.com\/de","logo":{"@type":"ImageObject","inLanguage":"de-DE","@id":"https:\/\/wwwstg.board.com\/de#\/schema\/logo\/image\/","url":"https:\/\/wwwstg.board.com\/wp-content\/uploads\/2024\/08\/board-footer-logo-grey-0-1.png","contentUrl":"https:\/\/wwwstg.board.com\/wp-content\/uploads\/2024\/08\/board-footer-logo-grey-0-1.png","width":297,"height":103,"caption":"Board"},"image":{"@id":"https:\/\/wwwstg.board.com\/de#\/schema\/logo\/image\/"},"sameAs":["https:\/\/www.facebook.com\/BOARD.International","https:\/\/x.com\/BOARDSoftware","https:\/\/www.linkedin.com\/company\/board\/","https:\/\/www.youtube.com\/user\/BOARDInternationalSA","https:\/\/en.wikipedia.org\/wiki\/Board_International"]}]}},"_links":{"self":[{"href":"https:\/\/wwwstg.board.com\/de\/wp-json\/wp\/v2\/pages\/8119","targetHints":{"allow":["GET"]}}],"collection":[{"href":"https:\/\/wwwstg.board.com\/de\/wp-json\/wp\/v2\/pages"}],"about":[{"href":"https:\/\/wwwstg.board.com\/de\/wp-json\/wp\/v2\/types\/page"}],"author":[{"embeddable":true,"href":"https:\/\/wwwstg.board.com\/de\/wp-json\/wp\/v2\/users\/3"}],"replies":[{"embeddable":true,"href":"https:\/\/wwwstg.board.com\/de\/wp-json\/wp\/v2\/comments?post=8119"}],"version-history":[{"count":0,"href":"https:\/\/wwwstg.board.com\/de\/wp-json\/wp\/v2\/pages\/8119\/revisions"}],"wp:attachment":[{"href":"https:\/\/wwwstg.board.com\/de\/wp-json\/wp\/v2\/media?parent=8119"}],"wp:term":[{"taxonomy":"line_of_business","embeddable":true,"href":"https:\/\/wwwstg.board.com\/de\/wp-json\/wp\/v2\/line_of_business?post=8119"},{"taxonomy":"page_score_tier","embeddable":true,"href":"https:\/\/wwwstg.board.com\/de\/wp-json\/wp\/v2\/page_score_tier?post=8119"}],"curies":[{"name":"wp","href":"https:\/\/api.w.org\/{rel}","templated":true}]}}