{"id":36276,"date":"2025-01-16T15:10:25","date_gmt":"2025-01-16T15:10:25","guid":{"rendered":"https:\/\/www.board.com\/retail-merchandising-maturity-assessment\/"},"modified":"2025-04-11T13:03:38","modified_gmt":"2025-04-11T13:03:38","slug":"retail-merchandising-maturity-assessment","status":"publish","type":"page","link":"https:\/\/wwwstg.board.com\/de\/retail-merchandising-maturity-assessment","title":{"rendered":"Retail Merchandising Maturity Assessment"},"content":{"rendered":"\t<section id=\"block_35cda4d507faa841f2184267bd6a366d-\" class=\"block block--spc columns-block block-hero-bubble grid grid--2\">\n\t\t<div class=\"breadcrumb-bar bg-brand-pearl\">\n\t\t\t<div class=\"container\">\n\t\t\t\t\t\t\t\t\t\t\t<nav aria-label=\"Breadcrumb\" class=\"d-flex flex-wrap list-unstyled mb-0 breadcrumbs\"><ol class=\"d-flex mb-0 align-items-center list-unstyled gap-1\"><li><a href=\"https:\/\/wwwstg.board.com\/de\">Home<\/a><\/li><\/ol><li class=\"mb-0 d-flex breadcrumb-back-to-link\"><a href=\"https:\/\/wwwstg.board.com\/de\">Zur\u00fcck zu Home<\/a><\/li><\/nav>\t\t\t\t\t\t\t\t\t<\/div>\n\t\t<\/div>\n\t\t<div class=\"container\">\n\t\t\t<div class=\"columns-block-row\">\n\t\t\t\t\t\t\t\t\n\t<div class=\"column-content d-flex align-items-center\">\n\t\t<div class=\"hero-grad-left\">\n\t\t\t<div class=\"hero-grad-copy\">\n\t\t\t\t\t\t\t\t\n\n<h1 class=\"wp-block-heading\">Optimieren Sie Ihr Merchandising<\/h1>\n\n\n\n<h2 class=\"wp-block-heading\">Finden Sie heraus, wo Ihre Einzelhandelsstrategie steht und wie Sie sie optimieren k\u00f6nnen.<\/h2>\n\n\n\n<p>Machen Sie unser 5-min\u00fctiges Retail Merchandising Maturity Assessment, um zu sehen, wo Sie stehen, und erhalten Sie individuelle Empfehlungen f\u00fcr die n\u00e4chsten Schritte.<\/p>\n\n\n\t<div class=\"hero-grad-nav\">\n\t\t\n\t\t<a href=\"https:\/\/wwwstg.board.com\/de\/retail-merchandising-maturity-assessment\/tool\" class=\"btn-link btn-link--blue\"  target=\"\"\t\t\t>\n\t\t\t<span>Assessment durchf\u00fchren<\/span>\n\t\t<\/a>\n\t\n\n\t<\/div>\n\n\n\n\t\t\t\t\n\t\t\t\t\t\t\t<\/div>\n\t\t<\/div>\n\t<\/div>\n\n\n\t<div class=\"column-content text-start align-self-start\">\n\t\t<div class=\"hero-grad-right\">\n\t\t\n\t\t\t\t\t<img decoding=\"async\" class=\"hero-bubbles-bg hero-bubbles-bg--small\" src=\"https:\/\/wwwstg.board.com\/wp-content\/themes\/board\/assets\/images\/bubbles--small.svg\" alt=\"\" \/>\n\t\t\n\t\t\n\t\t\t\t\t\n\t\t\t\n\t\t\t<img decoding=\"async\" class=\"hero-bubbles-feature \" src=\"https:\/\/wwwstg.board.com\/wp-content\/uploads\/2025\/01\/Integrated-Merchandise-Planning-Dashboard.png\" alt=\"\" \/>\n\t\t\t\n\n\t\t<\/div>\n\t<\/div>\n\t\n\n\t\t\t<\/div>\n\t\t<\/div>\n\t<\/section>\n\t\n\n\t<section id=\"block_06d7a4345d2f96d926f82dbc7a35e862-1\" class=\"block block--spc columns-block block-title-template pb-0 block-margin-top block-title-page\">\n\t\t<div class=\"container position-relative\">\n\t\t\t<div class=\"columns-block-row\">\n\t\t\t\t<div class=\"column-content text-start align-self-start\">\n\t\t\t\t\t\t\t\t\t\t\n\n<h3 class=\"wp-block-heading visual-h2\">Erhalten Sie umsetzbare Erkenntnisse in vier wichtigen Bereichen:<\/h3>\n\n\n\t\t\t\t<\/div>\n\t\t\t<\/div>\n\t\t<\/div>\n\t<\/section>\n\n\t\n\n\t<section id=\"block_98926f2af9accf9ae185d0b1ce6e77b8-2\" class=\"block block--spc columns-block columns-grid grid grid--4 columns\">\n\t\t<div class=\"container position-relative\">\n\t\t\t<div class=\"columns-block-row\">\n\t\t\t\t\t\t\t\t\n\t<article class=\"card card--column\">\n\t\t\t\t\t<div class=\"ratio ratio-1x1\">\n\t\t\t\t<img decoding=\"async\" src=\"https:\/\/wwwstg.board.com\/wp-content\/uploads\/2025\/01\/financial-strategy.svg\" alt=\"\" loading=\"lazy\">\n\t\t\t<\/div>\n\t\t\t\t<div class=\"card-body\">\n\t\t\t\n\n<h4 class=\"wp-block-heading card-title display-6\">Finanzstrategie<\/h4>\n\n\n\n<p class=\"card-text\">Ist Ihre Finanzstrategie auf Ihre Merchandising-Ziele und den realen Bedingungen im Markt abgestimmt, um die Profitabilit\u00e4t sicherzustellen?<\/p>\n\n\n\t\t<\/div>\t\t\n\t<\/article>\n\t\n\n\t<article class=\"card card--column\">\n\t\t\t\t\t<div class=\"ratio ratio-1x1\">\n\t\t\t\t<img decoding=\"async\" src=\"https:\/\/wwwstg.board.com\/wp-content\/uploads\/2025\/01\/merchandise-strategy.svg\" alt=\"\" loading=\"lazy\">\n\t\t\t<\/div>\n\t\t\t\t<div class=\"card-body\">\n\t\t\t\n\n<h4 class=\"wp-block-heading card-title display-6\">Merchandise-Strategie<\/h4>\n\n\n\n<p class=\"card-text\">Ist Ihre Merchandise-Strategie in die \u00fcbergeordneten Unternehmensziele integriert und flexibel genug, um auf Marktver\u00e4nderungen reagieren zu k\u00f6nnen?<\/p>\n\n\n\t\t<\/div>\t\t\n\t<\/article>\n\t\n\n\t<article class=\"card card--column\">\n\t\t\t\t\t<div class=\"ratio ratio-1x1\">\n\t\t\t\t<img decoding=\"async\" src=\"https:\/\/wwwstg.board.com\/wp-content\/uploads\/2025\/01\/wssi-icon.svg\" alt=\"\" loading=\"lazy\">\n\t\t\t<\/div>\n\t\t\t\t<div class=\"card-body\">\n\t\t\t\n\n<h4 class=\"wp-block-heading card-title display-6\">WSSI<\/h4>\n\n\n\n<p class=\"card-text\">Wie effizient verwalten Sie Lagerbest\u00e4nde, Verk\u00e4ufe und Wareneingang mithilfe datengest\u00fctzter Planung?<\/p>\n\n\n\t\t<\/div>\t\t\n\t<\/article>\n\t\n\n\t<article class=\"card card--column\">\n\t\t\t\t\t<div class=\"ratio ratio-1x1\">\n\t\t\t\t<img decoding=\"async\" src=\"https:\/\/wwwstg.board.com\/wp-content\/uploads\/2025\/01\/grade-cluster-icon.svg\" alt=\"\" loading=\"lazy\">\n\t\t\t<\/div>\n\t\t\t\t<div class=\"card-body\">\n\t\t\t\n\n<h4 class=\"wp-block-heading card-title display-6\">Kategorie &amp; Cluster<\/h4>\n\n\n\n<p class=\"card-text\">Ist Ihr Produktsortiment auf jedes einzelne Ladengesch\u00e4ft zugeschnitten, um den vorhandenen Platz optimal zu nutzen und die Kundennachfrage zu befriedigen?<\/p>\n\n\n\t\t<\/div>\t\t\n\t<\/article>\n\t\n\n\t\t\t<\/div>\n\t\t<\/div>\n\t<\/section>\n\n\n\t<section id=\"block_e937633eeaedd729b1855d71fa9337b7-4\" class=\"block block--spc columns-block bg-neutral-50 \">\n\t\t<div class=\"container position-relative\">\n\t\t\t<div class=\"columns-block-row\">\n\t\t\t\t\t\t\t\t\n\t<div id=\"block_5e45ab351995e14d7a4c646894b21ad4\" class=\"column-content   text-start align-self-start\">\n\t\t\n\n<figure class=\"wp-block-image aligncenter size-full is-resized\"><img decoding=\"async\" src=\"https:\/\/wwwstg.board.com\/wp-content\/uploads\/2024\/10\/very_grouplogo.svg\" alt=\"\" class=\"wp-image-5141\" style=\"width:245px;height:auto\"\/><\/figure>\n\n\n\t<section class=\"block wp-block-acf-testimonial-single pt-0 block--spc columns-block font-size-xl\" id=\"block_86f3593735def307249c3a3c8d1e5f74\"\t\tclass=\"\">\n\n\t\t\t\t\t<article class=\"card card--testimonial\">\n\t\t\t\t\n\t\t\t\t<div class=\"testimonial-quote\">\n\t\t\t\t\t<div class=\"testimonial-quote__wrap\">\n\t\t\t\t\t\t<p>Planung geh\u00f6rt zu den anspruchsvollsten Disziplinen, die es erfolgreich umzusetzen gilt. Als wir nach einem L\u00f6sungsanbieter suchten, war schnell klar, dass Board die richtige Wahl f\u00fcr uns ist \u2013 dank seiner Flexibilit\u00e4t. Unsere Teams f\u00fchlten sich zudem sofort mit der Benutzeroberfl\u00e4che wohl.\u201c<\/p>\n\t\t\t\t\t\t\n\t\t\t\t\t\t\t\t\t\t\t\t\t<div class=\"testimonial-info-bottom\">\n\t\t\t\t\t\t\t\t\t\t\t\t\t\t\t\t\t\t\t\t\t\t\t\t\t<div class=\"testimonial-data\">\n\t\t\t\t\t\t\t\t\t\t\t\t\t\t\t\t\t\t\t\t\t<p class=\"testimonial-name\">Tom Goulden<\/p>\n\t\t\t\t\t\t\t\t\t\t\t\t\t\t\t\t\t\t\t\t\t\t\t\t\t\t\t\t\t\t\t<div class=\"testimonial-job-info\">\n\t\t\t\t\t\t\t\t\t\t\t\t\t\t\t\t\t\t\t\t\t\t\t\t\t<span class=\"testimonial-role\">Product Director, Retail<\/span>\n\t\t\t\t\t\t\t\t\t\t\t\t\t\t\t\t\t\t\t\t\t\t\t\t\t\t\t\t\t\t\t\t\t\t\t<\/div>\n\t\t\t\t\t\t\t\t\t\t\t\t\t\t\t\t\t\t\t<\/div>\n\t\t\t\t\t\t\t\t\t\t\t\t\t\t\t<\/div>\n\t\t\t\t\t\t\n\t\t\t\t\t<\/div>\n\t\t\t\t<\/div>\n\t\t\t<\/article>\n\t\t\t<\/section>\n\n\n\n\t<\/div>\n\n\n\t\t\t<\/div>\n\t\t<\/div>\n\t<\/section>\n\n\t\n\n\t<section id=\"block_d7154f0d5cc23f4ee275f008776d226b-5\" class=\"block block--spc two-columns-block columns-block pb-0\">\n\t\t<div class=\"container position-relative columns-60-40\">\n\t\t\t<div class=\"columns-block-row\">\n\t\t\t\t\t\t\t\t\n\t<div id=\"block_5e45ab351995e14d7a4c646894b21ad4\" class=\"column-content   text-start align-self-start\">\n\t\t\n\n<h2 class=\"wp-block-heading\">Ihre Roadmap zum Best-in-Class-Merchandising<\/h2>\n\n\n\n<p>Die \u201eMaturity Matrix\u201c beschreibt f\u00fcnf Entwicklungsstufen, von \u201eInitial\u201c bis \u201eOptimized\u201c. Jedes Level bietet klare Aktionspunkte, die Ihnen helfen, Ihre Prozesse zu verbessern und sich dem Ziel einer vollst\u00e4ndig integrierten, datengesteuerten und skalierbaren Planung anzun\u00e4hern. <\/p>\n\n\n\t<\/div>\n\n\n\t<div id=\"block_bd53638580d06b5def277005fdd063a5\" class=\"column-content   text-start align-self-start\">\n\t\t\n\n\n\t<\/div>\n\n\n\t\t\t<\/div>\n\t\t<\/div>\n\t<\/section>\n\n\t\n\n\t<section id=\"block_c55407cd818f00b84c24f472abda2ac4-6\" class=\"block block--spc columns-block \">\n\t\t<div class=\"container position-relative\">\n\t\t\t<div class=\"columns-block-row\">\n\t\t\t\t\t\t\t\t\n\t<div id=\"block_313483a1bfec44776de358c6f5ee5968\" class=\"column-content   text-center align-self-start column-center\">\n\t\t\n\n<figure class=\"wp-block-image size-full\"><img loading=\"lazy\" decoding=\"async\" width=\"2544\" height=\"1536\" src=\"https:\/\/wwwstg.board.com\/wp-content\/uploads\/2025\/01\/Retail-Merchandising-Maturity-Levels.png\" alt=\"\" class=\"wp-image-10775\" srcset=\"https:\/\/wwwstg.board.com\/wp-content\/uploads\/2025\/01\/Retail-Merchandising-Maturity-Levels.png 2544w, https:\/\/wwwstg.board.com\/wp-content\/uploads\/2025\/01\/Retail-Merchandising-Maturity-Levels-768x464.png 768w, https:\/\/wwwstg.board.com\/wp-content\/uploads\/2025\/01\/Retail-Merchandising-Maturity-Levels-1600x966.png 1600w, https:\/\/wwwstg.board.com\/wp-content\/uploads\/2025\/01\/Retail-Merchandising-Maturity-Levels-1536x927.png 1536w, https:\/\/wwwstg.board.com\/wp-content\/uploads\/2025\/01\/Retail-Merchandising-Maturity-Levels-2048x1237.png 2048w, https:\/\/wwwstg.board.com\/wp-content\/uploads\/2025\/01\/Retail-Merchandising-Maturity-Levels-480x290.png 480w, https:\/\/wwwstg.board.com\/wp-content\/uploads\/2025\/01\/Retail-Merchandising-Maturity-Levels-215x130.png 215w\" sizes=\"auto, (max-width: 2544px) 100vw, 2544px\" \/><\/figure>\n\n\n\t\t<a href=\"https:\/\/wwwstg.board.com\/de\/retail-merchandising-maturity-assessment\/tool\" class=\"btn-link btn-link--blue\"  target=\"\"\t\t\t>\n\t\t\t<span>Assessment durchf\u00fchren<\/span>\n\t\t<\/a>\n\t\n\n\t<\/div>\n\n\n\t\t\t<\/div>\n\t\t<\/div>\n\t<\/section>\n\n\t\n\n\t<section id=\"block_d7154f0d5cc23f4ee275f008776d226b-7\" class=\"block block--spc two-columns-block columns-block pb-0\">\n\t\t<div class=\"container position-relative columns-60-40\">\n\t\t\t<div class=\"columns-block-row\">\n\t\t\t\t\t\t\t\t\n\t<div id=\"block_5e45ab351995e14d7a4c646894b21ad4\" class=\"column-content   text-start align-self-start\">\n\t\t\n\n<h2 class=\"wp-block-heading\">Erhalten Sie Zugang zu ma\u00dfgeschneiderten Ressourcen, um Ihr Merchandising zu verbessern.<\/h2>\n\n\n\n<p>Laden Sie Leitf\u00e4den und Fallstudien herunter, die Ihnen helfen, die notwendigen Schritte zum Erreichen der Reifegrade zu erkunden:<\/p>\n\n\n\t<\/div>\n\n\n\t<div id=\"block_5e45ab351995e14d7a4c646894b21ad4\" class=\"column-content   text-start align-self-start\">\n\t\t\n\n\n\t<\/div>\n\n\n\t\t\t<\/div>\n\t\t<\/div>\n\t<\/section>\n\n\t\n\n\t<section id=\"block_100045aecac0c10be8218a964d1702b3-8\" class=\"block block--spc block-resource-documents-guides-feed columns-block grid grid--3 spacing-md  \">\n\t\t<div class=\"container position-relative\">\n\t\t\t<div class=\"columns-block-row\">\n\t\t\t\t\t\t<article class=\"card card--resource\">\n\t\t\t\t\t\t\t\t<a href=\"https:\/\/wwwstg.board.com\/de\/ressourcen\/ai-merchandising-applications-implementation-and-benefits\" class=\"btn-link btn-link--primary btn-link--arrow\" aria-label=\"Download the Dokument\">\n\t\t\t\t<div class=\"ratio ratio-16x9\">\n\t\t\t<img decoding=\"async\" src=\"https:\/\/wwwstg.board.com\/wp-content\/uploads\/2025\/02\/400x300_board_teaser_document-coresight-research_0.jpg\" alt=\"AI f\u00fcr das Merchandising: Anwendungen, Implementierung und Vorteile\" loading=\"lazy\" aria-hidden=\"true\">\t\t<\/div>\n\n\t\t<div class=\"card-body\">\n\t\t\t\t\t\t\t<span class=\"card-cat\">\n\t\t\t\t\tDokument\t\t\t\t<\/span>\n\t\t\t\n\t\t\t<p class=\"card-title\">\n\t\t\t\tAI f\u00fcr das Merchandising: Anwendungen, Implementierung und Vorteile\t\t\t<\/p>\n\n\t\t\t<div class=\"card-nav\">\n\t\t\t\t\t\t\t\t\t\t\t\t\t\t<img loading=\"lazy\" decoding=\"async\" src=\"https:\/\/wwwstg.board.com\/wp-content\/themes\/board\/assets\/images\/icons\/document.svg\" alt=\"Download the Dokument\" height=\"22\" width=\"22\" aria-hidden=\"true\">\n\t\t\t\t\t\t\t\t\t\t<span>Download the Dokument<\/span>\n\t\t\t\t\t<span class=\"ico icon-chevron-right\" aria-hidden=\"true\"><\/span>\n\t\t\t\t\t\t\t<\/div>\n\t\t<\/div>\n\t\t<\/a>\n\t<\/article>\n\t\t<article class=\"card card--resource\">\n\t\t\t\t\t\t\t\t<a href=\"https:\/\/wwwstg.board.com\/resources\/gartner-market-guide-retail-assortment-management-applications\" class=\"btn-link btn-link--primary btn-link--arrow\" aria-label=\"Download the Analysten-Report\">\n\t\t\t\t<div class=\"ratio ratio-16x9\">\n\t\t\t<img decoding=\"async\" src=\"https:\/\/wwwstg.board.com\/wp-content\/uploads\/2025\/02\/400x300_teaser_board_gartner-rama-market-guide_report_3.jpg\" alt=\"Gartner\u00ae Market Guide for Retail Assortment Management Applications\" loading=\"lazy\" aria-hidden=\"true\">\t\t<\/div>\n\n\t\t<div class=\"card-body\">\n\t\t\t\t\t\t\t<span class=\"card-cat\">\n\t\t\t\t\tAnalysten-Report\t\t\t\t<\/span>\n\t\t\t\n\t\t\t<p class=\"card-title\">\n\t\t\t\tGartner\u00ae Market Guide for Retail Assortment Management Applications\t\t\t<\/p>\n\n\t\t\t<div class=\"card-nav\">\n\t\t\t\t\t\t\t\t\t\t\t\t\t\t<img loading=\"lazy\" decoding=\"async\" src=\"https:\/\/wwwstg.board.com\/wp-content\/themes\/board\/assets\/images\/icons\/document.svg\" alt=\"Download the Analysten-Report\" height=\"22\" width=\"22\" aria-hidden=\"true\">\n\t\t\t\t\t\t\t\t\t\t<span>Download the Analysten-Report<\/span>\n\t\t\t\t\t<span class=\"ico icon-chevron-right\" aria-hidden=\"true\"><\/span>\n\t\t\t\t\t\t\t<\/div>\n\t\t<\/div>\n\t\t<\/a>\n\t<\/article>\n\t\t\t\t\t\t\t<\/div>\n\t\t<\/div>\n\t\t\t<\/section>\n\n\n\t\t<section id=\"block_e6d57f92e197cdfe06993118bad76f3a-9\" class=\"block block--spc columns-block grid grid--2 columns bg-has-gradient bg-web-gradient-dark\">\n\t\t\t<div class=\"container position-relative\">\n\t\t\t\t<div class=\"columns-block-row\">\n\t\t\t\t\t\t\t\t\t\t\n\t<article class=\"card card--column card--column-alt\">\n\t\t<div class=\"card-body\">\n\t\t\t\n\n<h4 class=\"wp-block-heading card-sub-title visual-h6 display-6\">Assessment jetzt durchf\u00fchren<\/h4>\n\n\n\n<p class=\"card-text\">Ermitteln Sie Ihren aktuellen Reifegrad und verbessern Sie Ihre Einzelhandelsstrategie.<\/p>\n\n\n\t\t<a aria-label=\"Assessment jetzt durchf\u00fchren\" href=\"https:\/\/wwwstg.board.com\/de\/retail-merchandising-maturity-assessment\/tool\" class=\"full-link full-link__icon\"  target=\"\"><\/a>\n\n\t\t<a href=\"https:\/\/wwwstg.board.com\/de\/retail-merchandising-maturity-assessment\/tool\" class=\"btn-link btn-link--primary btn-link--icon\"  target=\"\"\t\t\t>\n\t\t\t<span>Assessment jetzt durchf\u00fchren<\/span>\n\t\t\t<span class=\"ico icon-chevron-right\" aria-hidden=\"true\"><\/span>\n\t\t<\/a>\n\t\n\n\t\t<\/div>\t\t\n\t<\/article>\n\t\n\n\t<article class=\"card card--column card--column-alt\">\n\t\t<div class=\"card-body\">\n\t\t\t\n\n<h4 class=\"wp-block-heading card-sub-title visual-h6 display-6\">Kontaktieren Sie uns f\u00fcr ein Beratungsgespr\u00e4ch<\/h4>\n\n\n\n<p class=\"card-text\">Nehmen Sie Kontakt mit einem unserer Merchandising-Experten auf.<\/p>\n\n\n\t\t<a aria-label=\"Kontaktieren Sie uns f\u00fcr ein Beratungsgespr\u00e4ch\" href=\"https:\/\/wwwstg.board.com\/de\/demo-anfordern\" class=\"full-link full-link__icon\"  target=\"\"><\/a>\n\n\t\t<a href=\"https:\/\/wwwstg.board.com\/de\/demo-anfordern\" class=\"btn-link btn-link--primary btn-link--icon\"  target=\"\"\t\t\t>\n\t\t\t<span>Kontaktieren Sie uns f\u00fcr ein Beratungsgespr\u00e4ch<\/span>\n\t\t\t<span class=\"ico icon-chevron-right\" aria-hidden=\"true\"><\/span>\n\t\t<\/a>\n\t\n\n\t\t<\/div>\t\t\n\t<\/article>\n\t\n\n\t\t\t\t<\/div>\n\t\t\t<\/div>\n\t\t<\/section>\n\t","protected":false},"excerpt":{"rendered":"","protected":false},"author":5,"featured_media":0,"parent":0,"menu_order":0,"comment_status":"closed","ping_status":"closed","template":"","meta":{"_acf_changed":false,"_themeisle_gutenberg_block_has_review":false,"footnotes":""},"line_of_business":[4395],"page_score_tier":[],"class_list":["post-36276","page","type-page","status-publish","hentry","line_of_business-merchandise-planning-de"],"acf":[],"yoast_head":"<!-- This site is optimized with the Yoast SEO plugin v27.2 - https:\/\/yoast.com\/product\/yoast-seo-wordpress\/ -->\n<title>Board | Retail Merchandising Maturity Assessment<\/title>\n<meta name=\"description\" content=\"Machen Sie unser 5-min\u00fctiges Retail Merchandising Maturity Assessment, um herauszufinden, wo Ihre Einzelhandelsstrategie steht und wie Sie sie optimieren k\u00f6nnen.\" \/>\n<meta name=\"robots\" content=\"noindex, follow, max-snippet:-1, max-image-preview:large, max-video-preview:-1\" \/>\n<meta property=\"og:locale\" content=\"de_DE\" \/>\n<meta property=\"og:type\" content=\"article\" \/>\n<meta property=\"og:title\" content=\"Board | Retail Merchandising Maturity Assessment\" \/>\n<meta property=\"og:description\" content=\"Machen Sie unser 5-min\u00fctiges Retail Merchandising Maturity Assessment, um herauszufinden, wo Ihre Einzelhandelsstrategie steht und wie Sie sie optimieren k\u00f6nnen.\" \/>\n<meta property=\"og:url\" content=\"https:\/\/wwwstg.board.com\/de\/retail-merchandising-maturity-assessment\" \/>\n<meta property=\"og:site_name\" content=\"Board\" \/>\n<meta property=\"article:publisher\" content=\"https:\/\/www.facebook.com\/BOARD.International\" \/>\n<meta property=\"article:modified_time\" content=\"2025-04-11T13:03:38+00:00\" \/>\n<meta property=\"og:image\" content=\"https:\/\/wwwstg.board.com\/wp-content\/uploads\/2025\/01\/1200x627_Board_opengraph_webpage_Retail-Maturity-Assessment-Tool.jpg\" \/>\n<meta name=\"twitter:card\" content=\"summary_large_image\" \/>\n<meta name=\"twitter:site\" content=\"@BOARDSoftware\" \/>\n<meta name=\"twitter:label1\" content=\"Gesch\u00e4tzte Lesezeit\" \/>\n\t<meta name=\"twitter:data1\" content=\"2 Minuten\" \/>\n<script type=\"application\/ld+json\" class=\"yoast-schema-graph\">{\"@context\":\"https:\/\/schema.org\",\"@graph\":[{\"@type\":\"WebPage\",\"@id\":\"https:\/\/wwwstg.board.com\/de\/retail-merchandising-maturity-assessment\",\"url\":\"https:\/\/wwwstg.board.com\/de\/retail-merchandising-maturity-assessment\",\"name\":\"Board | Retail Merchandising Maturity Assessment\",\"isPartOf\":{\"@id\":\"https:\/\/wwwstg.board.com\/de#website\"},\"primaryImageOfPage\":{\"@id\":\"https:\/\/wwwstg.board.com\/de\/retail-merchandising-maturity-assessment#primaryimage\"},\"image\":{\"@id\":\"https:\/\/wwwstg.board.com\/de\/retail-merchandising-maturity-assessment#primaryimage\"},\"thumbnailUrl\":\"https:\/\/wwwstg.board.com\/wp-content\/uploads\/2024\/10\/very_grouplogo.svg\",\"datePublished\":\"2025-01-16T15:10:25+00:00\",\"dateModified\":\"2025-04-11T13:03:38+00:00\",\"description\":\"Machen Sie unser 5-min\u00fctiges Retail Merchandising Maturity Assessment, um herauszufinden, wo Ihre Einzelhandelsstrategie steht und wie Sie sie optimieren k\u00f6nnen.\",\"breadcrumb\":{\"@id\":\"https:\/\/wwwstg.board.com\/de\/retail-merchandising-maturity-assessment#breadcrumb\"},\"inLanguage\":\"de-DE\",\"potentialAction\":[{\"@type\":\"ReadAction\",\"target\":[\"https:\/\/wwwstg.board.com\/de\/retail-merchandising-maturity-assessment\"]}]},{\"@type\":\"ImageObject\",\"inLanguage\":\"de-DE\",\"@id\":\"https:\/\/wwwstg.board.com\/de\/retail-merchandising-maturity-assessment#primaryimage\",\"url\":\"https:\/\/wwwstg.board.com\/wp-content\/uploads\/2024\/10\/very_grouplogo.svg\",\"contentUrl\":\"https:\/\/wwwstg.board.com\/wp-content\/uploads\/2024\/10\/very_grouplogo.svg\"},{\"@type\":\"BreadcrumbList\",\"@id\":\"https:\/\/wwwstg.board.com\/de\/retail-merchandising-maturity-assessment#breadcrumb\",\"itemListElement\":[{\"@type\":\"ListItem\",\"position\":1,\"name\":\"Home\",\"item\":\"https:\/\/wwwstg.board.com\/de\"},{\"@type\":\"ListItem\",\"position\":2,\"name\":\"Retail Merchandising Maturity Assessment\"}]},{\"@type\":\"WebSite\",\"@id\":\"https:\/\/wwwstg.board.com\/de#website\",\"url\":\"https:\/\/wwwstg.board.com\/de\",\"name\":\"Board\",\"description\":\"The Enterprise Planning Platform\",\"publisher\":{\"@id\":\"https:\/\/wwwstg.board.com\/de#organization\"},\"potentialAction\":[{\"@type\":\"SearchAction\",\"target\":{\"@type\":\"EntryPoint\",\"urlTemplate\":\"https:\/\/wwwstg.board.com\/de?s={search_term_string}\"},\"query-input\":{\"@type\":\"PropertyValueSpecification\",\"valueRequired\":true,\"valueName\":\"search_term_string\"}}],\"inLanguage\":\"de-DE\"},{\"@type\":\"Organization\",\"@id\":\"https:\/\/wwwstg.board.com\/de#organization\",\"name\":\"Board\",\"url\":\"https:\/\/wwwstg.board.com\/de\",\"logo\":{\"@type\":\"ImageObject\",\"inLanguage\":\"de-DE\",\"@id\":\"https:\/\/wwwstg.board.com\/de#\/schema\/logo\/image\/\",\"url\":\"https:\/\/wwwstg.board.com\/wp-content\/uploads\/2024\/08\/board-footer-logo-grey-0-1.png\",\"contentUrl\":\"https:\/\/wwwstg.board.com\/wp-content\/uploads\/2024\/08\/board-footer-logo-grey-0-1.png\",\"width\":297,\"height\":103,\"caption\":\"Board\"},\"image\":{\"@id\":\"https:\/\/wwwstg.board.com\/de#\/schema\/logo\/image\/\"},\"sameAs\":[\"https:\/\/www.facebook.com\/BOARD.International\",\"https:\/\/x.com\/BOARDSoftware\",\"https:\/\/www.linkedin.com\/company\/board\/\",\"https:\/\/www.youtube.com\/user\/BOARDInternationalSA\",\"https:\/\/en.wikipedia.org\/wiki\/Board_International\"]}]}<\/script>\n<!-- \/ Yoast SEO plugin. -->","yoast_head_json":{"title":"Board | Retail Merchandising Maturity Assessment","description":"Machen Sie unser 5-min\u00fctiges Retail Merchandising Maturity Assessment, um herauszufinden, wo Ihre Einzelhandelsstrategie steht und wie Sie sie optimieren k\u00f6nnen.","robots":{"index":"noindex","follow":"follow","max-snippet":"max-snippet:-1","max-image-preview":"max-image-preview:large","max-video-preview":"max-video-preview:-1"},"og_locale":"de_DE","og_type":"article","og_title":"Board | Retail Merchandising Maturity Assessment","og_description":"Machen Sie unser 5-min\u00fctiges Retail Merchandising Maturity Assessment, um herauszufinden, wo Ihre Einzelhandelsstrategie steht und wie Sie sie optimieren k\u00f6nnen.","og_url":"https:\/\/wwwstg.board.com\/de\/retail-merchandising-maturity-assessment","og_site_name":"Board","article_publisher":"https:\/\/www.facebook.com\/BOARD.International","article_modified_time":"2025-04-11T13:03:38+00:00","og_image":[{"url":"https:\/\/wwwstg.board.com\/wp-content\/uploads\/2025\/01\/1200x627_Board_opengraph_webpage_Retail-Maturity-Assessment-Tool.jpg","type":"","width":"","height":""}],"twitter_card":"summary_large_image","twitter_site":"@BOARDSoftware","twitter_misc":{"Gesch\u00e4tzte Lesezeit":"2 Minuten"},"schema":{"@context":"https:\/\/schema.org","@graph":[{"@type":"WebPage","@id":"https:\/\/wwwstg.board.com\/de\/retail-merchandising-maturity-assessment","url":"https:\/\/wwwstg.board.com\/de\/retail-merchandising-maturity-assessment","name":"Board | Retail Merchandising Maturity Assessment","isPartOf":{"@id":"https:\/\/wwwstg.board.com\/de#website"},"primaryImageOfPage":{"@id":"https:\/\/wwwstg.board.com\/de\/retail-merchandising-maturity-assessment#primaryimage"},"image":{"@id":"https:\/\/wwwstg.board.com\/de\/retail-merchandising-maturity-assessment#primaryimage"},"thumbnailUrl":"https:\/\/wwwstg.board.com\/wp-content\/uploads\/2024\/10\/very_grouplogo.svg","datePublished":"2025-01-16T15:10:25+00:00","dateModified":"2025-04-11T13:03:38+00:00","description":"Machen Sie unser 5-min\u00fctiges Retail Merchandising Maturity Assessment, um herauszufinden, wo Ihre Einzelhandelsstrategie steht und wie Sie sie optimieren k\u00f6nnen.","breadcrumb":{"@id":"https:\/\/wwwstg.board.com\/de\/retail-merchandising-maturity-assessment#breadcrumb"},"inLanguage":"de-DE","potentialAction":[{"@type":"ReadAction","target":["https:\/\/wwwstg.board.com\/de\/retail-merchandising-maturity-assessment"]}]},{"@type":"ImageObject","inLanguage":"de-DE","@id":"https:\/\/wwwstg.board.com\/de\/retail-merchandising-maturity-assessment#primaryimage","url":"https:\/\/wwwstg.board.com\/wp-content\/uploads\/2024\/10\/very_grouplogo.svg","contentUrl":"https:\/\/wwwstg.board.com\/wp-content\/uploads\/2024\/10\/very_grouplogo.svg"},{"@type":"BreadcrumbList","@id":"https:\/\/wwwstg.board.com\/de\/retail-merchandising-maturity-assessment#breadcrumb","itemListElement":[{"@type":"ListItem","position":1,"name":"Home","item":"https:\/\/wwwstg.board.com\/de"},{"@type":"ListItem","position":2,"name":"Retail Merchandising Maturity Assessment"}]},{"@type":"WebSite","@id":"https:\/\/wwwstg.board.com\/de#website","url":"https:\/\/wwwstg.board.com\/de","name":"Board","description":"The Enterprise Planning Platform","publisher":{"@id":"https:\/\/wwwstg.board.com\/de#organization"},"potentialAction":[{"@type":"SearchAction","target":{"@type":"EntryPoint","urlTemplate":"https:\/\/wwwstg.board.com\/de?s={search_term_string}"},"query-input":{"@type":"PropertyValueSpecification","valueRequired":true,"valueName":"search_term_string"}}],"inLanguage":"de-DE"},{"@type":"Organization","@id":"https:\/\/wwwstg.board.com\/de#organization","name":"Board","url":"https:\/\/wwwstg.board.com\/de","logo":{"@type":"ImageObject","inLanguage":"de-DE","@id":"https:\/\/wwwstg.board.com\/de#\/schema\/logo\/image\/","url":"https:\/\/wwwstg.board.com\/wp-content\/uploads\/2024\/08\/board-footer-logo-grey-0-1.png","contentUrl":"https:\/\/wwwstg.board.com\/wp-content\/uploads\/2024\/08\/board-footer-logo-grey-0-1.png","width":297,"height":103,"caption":"Board"},"image":{"@id":"https:\/\/wwwstg.board.com\/de#\/schema\/logo\/image\/"},"sameAs":["https:\/\/www.facebook.com\/BOARD.International","https:\/\/x.com\/BOARDSoftware","https:\/\/www.linkedin.com\/company\/board\/","https:\/\/www.youtube.com\/user\/BOARDInternationalSA","https:\/\/en.wikipedia.org\/wiki\/Board_International"]}]}},"_links":{"self":[{"href":"https:\/\/wwwstg.board.com\/de\/wp-json\/wp\/v2\/pages\/36276","targetHints":{"allow":["GET"]}}],"collection":[{"href":"https:\/\/wwwstg.board.com\/de\/wp-json\/wp\/v2\/pages"}],"about":[{"href":"https:\/\/wwwstg.board.com\/de\/wp-json\/wp\/v2\/types\/page"}],"author":[{"embeddable":true,"href":"https:\/\/wwwstg.board.com\/de\/wp-json\/wp\/v2\/users\/5"}],"replies":[{"embeddable":true,"href":"https:\/\/wwwstg.board.com\/de\/wp-json\/wp\/v2\/comments?post=36276"}],"version-history":[{"count":0,"href":"https:\/\/wwwstg.board.com\/de\/wp-json\/wp\/v2\/pages\/36276\/revisions"}],"wp:attachment":[{"href":"https:\/\/wwwstg.board.com\/de\/wp-json\/wp\/v2\/media?parent=36276"}],"wp:term":[{"taxonomy":"line_of_business","embeddable":true,"href":"https:\/\/wwwstg.board.com\/de\/wp-json\/wp\/v2\/line_of_business?post=36276"},{"taxonomy":"page_score_tier","embeddable":true,"href":"https:\/\/wwwstg.board.com\/de\/wp-json\/wp\/v2\/page_score_tier?post=36276"}],"curies":[{"name":"wp","href":"https:\/\/api.w.org\/{rel}","templated":true}]}}