{"id":3112,"date":"2024-10-15T14:45:26","date_gmt":"2024-10-15T14:45:26","guid":{"rendered":"https:\/\/www.board.com\/?page_id=3112"},"modified":"2025-12-02T16:15:39","modified_gmt":"2025-12-02T16:15:39","slug":"capabilities-predictive-and-advanced-analytics","status":"publish","type":"page","link":"https:\/\/wwwstg.board.com\/de\/capabilities-predictive-and-advanced-analytics","title":{"rendered":"Board-Funktion: Pr\u00e4diktive und erweiterte Analysen"},"content":{"rendered":"\t<section id=\"block_96b3a0eb652e2f2041c48a70b8ff2001-\" class=\"block block--spc columns-block block-hero-grad grid grid--2 bg-primary-gradient-02\">\n\t\t<div class=\"container\">\n\t\t\t<div class=\"columns-block-row\">\n\t\t\t\t\n\t<div class=\"column-content d-flex align-items-center\">\n\t\t<div class=\"hero-grad-left\">\n\t\t\t<div class=\"hero-grad-copy\">\n\t\t\t\t\t\t\t\t\n\n<h1 class=\"wp-block-heading\">Board-Funktion: Pr\u00e4diktive und erweiterte Analysen<\/h1>\n\n\n\n<p>Treffen Sie bessere Entscheidungen und planen Sie kontinuierlich die n\u00e4chsten Schritte<br\/>Sehen Sie Board in Aktion.<\/p>\n\n\n\t<div class=\"hero-grad-nav\">\n\t\t\n\t\t<a href=\"https:\/\/wwwstg.board.com\/de\/watch-demo\" class=\"btn-link btn-link--white\"  target=\"\"\t\t\t>\n\t\t\t<span>Sehen Sie Board in Aktion<\/span>\n\t\t<\/a>\n\t\n\n\t\t<a href=\"https:\/\/wwwstg.board.com\/de\/demo-anfordern\" class=\"btn-link btn-link--white btn-link--arrow\"  target=\"\"\t\t\t>\n\t\t\t<span>Demo anfordern<\/span>\n\t\t\t<span class=\"ico icon-chevron-right\" aria-hidden=\"true\"><\/span>\n\t\t<\/a>\n\t\n\n\t<\/div>\n\n\n\n\t\t\t\t\n\t\t\t\t\t\t\t<\/div>\n\t\t<\/div>\n\t<\/div>\n\n\n\t\t\t<\/div>\n\t\t<\/div>\n\t<\/section>\n\t<section id=\"block_13aad007514b4da468d6f6af14ee32cd-1\" class=\"block block--spc columns-block image-text\">\n\n\t\t\n\t\t<div class=\"container position-relative\">\n\t\t\t<div class=\"columns-block-row\">\n\t\t\t\t\t\t\t\t\n\t<div class=\"column-content \">\n\t\t\n\n<p>Board l\u00f6st zwei bislang unzureichend adressierte Anforderungen auf einmal. Erstens k\u00f6nnen Sie mit dem neuen Modul Advanced und Predictive Analytics, also Prognosen, Data Mining oder Big Data- Analysen, direkt in Ihre Gesch\u00e4ftsprozesse einbinden und damit die Agilit\u00e4t sicherstellen, die Ihr Unternehmen ben\u00f6tigt, um erfolgreich in der schnelllebigen Wirtschaft zu agieren. Zweitens ist die Nutzung dieser Funktionen so einfach und intuitiv, dass keine tiefreichenden Statistik-Kenntnisse notwendig sind. Im Gegensatz zu traditionellen Data Mining- und Analytics- Werkzeugen, in denen analytische Modelle manuell von Experten aufgebaut werden m\u00fcssen, k\u00f6nnen Fachanwender mit BEAM von Anfang an selbst\u00e4ndig arbeiten. <\/p>\n\n\n\t<\/div>\n\n\n\t<div class=\"column-content \">\n\t\t\n\n<figure class=\"wp-block-image size-full is-resized\"><img loading=\"lazy\" decoding=\"async\" width=\"1176\" height=\"821\" src=\"https:\/\/wwwstg.board.com\/wp-content\/uploads\/2024\/09\/board-dashboard-screens-laptop.png\" alt=\"\" class=\"wp-image-712\" style=\"width:410px;height:auto\" srcset=\"https:\/\/wwwstg.board.com\/wp-content\/uploads\/2024\/09\/board-dashboard-screens-laptop.png 1176w, https:\/\/wwwstg.board.com\/wp-content\/uploads\/2024\/09\/board-dashboard-screens-laptop-215x150.png 215w, https:\/\/wwwstg.board.com\/wp-content\/uploads\/2024\/09\/board-dashboard-screens-laptop-768x536.png 768w, https:\/\/wwwstg.board.com\/wp-content\/uploads\/2024\/09\/board-dashboard-screens-laptop-480x335.png 480w\" sizes=\"auto, (max-width: 1176px) 100vw, 1176px\" \/><\/figure>\n\n\t\n\t<\/div>\n\t\n\n\t\t\t<\/div>\n\t\t<\/div>\n\t<\/section>\n\n\t<section id=\"block_a19458286aa863478af9ca98f0a19b3a-2\" class=\"block block--spc columns-block image-text bg-neutral-50\">\n\n\t\t\n\t\t<div class=\"container position-relative\">\n\t\t\t<div class=\"columns-block-row\">\n\t\t\t\t\t\t\t\t\n\t<div class=\"column-content \">\n\t\t\n\n<figure class=\"wp-block-image size-full is-resized\"><img decoding=\"async\" src=\"https:\/\/wwwstg.board.com\/wp-content\/uploads\/2024\/09\/business-prediction.svg\" alt=\"\" class=\"wp-image-713\" style=\"width:362px;height:auto\"\/><\/figure>\n\n\t\n\t<\/div>\n\t\n\n\t<div class=\"column-content \">\n\t\t\n\n<h3 class=\"wp-block-heading\">Gewinnen Sie aus Ihren Gesch\u00e4ftsdaten zuverl\u00e4ssige Prognosen<\/h3>\n\n\n\n<p>Board nutzt automatisierte Predictive-Modeling-Verfahren, um hochpr\u00e4zise Prognosen schnell und effizient zu erstellen. Durch die Bewertung der Eigenschaften jeder einzelnen Zeitreihe erzeugt Board passende Modelle und f\u00fchrt Prognosen deutlich schneller aus als herk\u00f6mmliche L\u00f6sungen. Diese Vorausschau l\u00e4sst sich durch die Einbindung externer Variablen (Kovariaten) weiter verbessern, um die Prognosen zu verfeinern.  <\/p>\n\n\n\t<\/div>\n\n\n\t\t\t<\/div>\n\t\t<\/div>\n\t<\/section>\n\n\t<section id=\"block_13aad007514b4da468d6f6af14ee32cd-3\" class=\"block block--spc columns-block image-text\">\n\n\t\t\n\t\t<div class=\"container position-relative\">\n\t\t\t<div class=\"columns-block-row\">\n\t\t\t\t\t\t\t\t\n\t<div class=\"column-content \">\n\t\t\n\n<h3 class=\"wp-block-heading\">F\u00fchren Sie Cluster- und Segmentierungsanalyen durch<\/h3>\n\n\n\n<p> Board erm\u00f6glicht das automatische Clustering \u00e4hnlicher Objekte mit Hilfe der k-means-Methodik. Fachanwender k\u00f6nnen die Anzahl der Gruppen und die Beobachtungss\u00e4tze (z. B. Profitabilit\u00e4t und Umsatz) festlegen, und Board erzeugt sofort k-means-Cluster, die als Dimensionen f\u00fcr weiterf\u00fchrende Analysen zur Verf\u00fcgung stehen. Durch diese Integration lassen sich umgehend Berichte, Diagramme und Self-Service-Analysen auf Basis der Cluster erstellen, die zudem als Prognose- oder Planungseinheiten genutzt werden k\u00f6nnen.  <\/p>\n\n\n\t<\/div>\n\n\n\t<div class=\"column-content \">\n\t\t\n\n<figure class=\"wp-block-image size-full is-resized\"><img loading=\"lazy\" decoding=\"async\" width=\"705\" height=\"599\" src=\"https:\/\/wwwstg.board.com\/wp-content\/uploads\/2024\/09\/clustering.png\" alt=\"\" class=\"wp-image-714\" style=\"width:410px;height:auto\" srcset=\"https:\/\/wwwstg.board.com\/wp-content\/uploads\/2024\/09\/clustering.png 705w, https:\/\/wwwstg.board.com\/wp-content\/uploads\/2024\/09\/clustering-215x183.png 215w, https:\/\/wwwstg.board.com\/wp-content\/uploads\/2024\/09\/clustering-480x408.png 480w\" sizes=\"auto, (max-width: 705px) 100vw, 705px\" \/><\/figure>\n\n\t\n\t<\/div>\n\t\n\n\t\t\t<\/div>\n\t\t<\/div>\n\t<\/section>\n\n\t<section id=\"block_a19458286aa863478af9ca98f0a19b3a-4\" class=\"block block--spc columns-block image-text bg-neutral-50\">\n\n\t\t\n\t\t<div class=\"container position-relative\">\n\t\t\t<div class=\"columns-block-row\">\n\t\t\t\t\t\t\t\t\n\t<div class=\"column-content \">\n\t\t\n\n<figure class=\"wp-block-image size-full is-resized\"><img loading=\"lazy\" decoding=\"async\" width=\"1041\" height=\"657\" src=\"https:\/\/wwwstg.board.com\/wp-content\/uploads\/2024\/09\/predictive_analytics_statistical_functions.png\" alt=\"\" class=\"wp-image-716\" style=\"width:362px;height:auto\" srcset=\"https:\/\/wwwstg.board.com\/wp-content\/uploads\/2024\/09\/predictive_analytics_statistical_functions.png 1041w, https:\/\/wwwstg.board.com\/wp-content\/uploads\/2024\/09\/predictive_analytics_statistical_functions-215x136.png 215w, https:\/\/wwwstg.board.com\/wp-content\/uploads\/2024\/09\/predictive_analytics_statistical_functions-768x485.png 768w, https:\/\/wwwstg.board.com\/wp-content\/uploads\/2024\/09\/predictive_analytics_statistical_functions-480x303.png 480w\" sizes=\"auto, (max-width: 1041px) 100vw, 1041px\" \/><\/figure>\n\n\t\n\t<\/div>\n\t\n\n\t<div class=\"column-content \">\n\t\t\n\n<h3 class=\"wp-block-heading\">Nutzen Sie die analytische Power von Board<\/h3>\n\n\n\n<p>Board stellt ein umfassendes Set sofort einsetzbarer statistischer Funktionen bereit, darunter klassische Kennzahlen wie Minimum\/Maximum, Durchschnitt und Standardabweichung sowie gesch\u00e4ftsspezifische Algorithmen f\u00fcr Frequency, Recency, Dormancy und Nascency. Nahtlos in die Board-Plattform integriert, erm\u00f6glichen diese Funktionen den Anwendern, im Handumdrehen belastbare Analysen, Dashboards und Berichte zu erstellen. <\/p>\n\n\n\t<\/div>\n\n\n\t\t\t<\/div>\n\t\t<\/div>\n\t<\/section>\n\n\t<section id=\"block_7c6a7bedae6e7f2672687a113d1581fa-5\" class=\"block block--spc columns-block \">\n\t\t<div class=\"container position-relative\">\n\t\t\t<div class=\"columns-block-row\">\n\t\t\t\t\t\t\t\t\n\t<div id=\"block_b0c089c2d19b8c404f09af7677ec7c21\" class=\"column-content   text-center align-self-center column-center\">\n\t\t\n\t\t<a aria-label=\"N\u00e4chste Funktion: MS Office\u00ae integration\" href=\"https:\/\/wwwstg.board.com\/de\/ms-office-integration\" class=\"full-link full-link__icon\"  target=\"\"><\/a>\n\n\t\t<a href=\"https:\/\/wwwstg.board.com\/de\/ms-office-integration\" class=\"btn-link btn-link--primary btn-link--icon\"  target=\"\"\t\t\t>\n\t\t\t<span>N\u00e4chste Funktion: MS Office\u00ae integration<\/span>\n\t\t\t<span class=\"ico icon-chevron-right\" aria-hidden=\"true\"><\/span>\n\t\t<\/a>\n\t\n\n\t<\/div>\n\n\n\t\t\t<\/div>\n\t\t<\/div>\n\t<\/section>\n\n\t\t<section id=\"block_6fc649be5acf9d9851318cde282f73ce-6\" class=\"block block--spc columns-block spacing-md footer-cta bg-violet-700\">\n\t\t\n\t\t\t<img loading=\"lazy\" decoding=\"async\" src=\"https:\/\/wwwstg.board.com\/wp-content\/uploads\/2024\/08\/pre-footersvg.svg\" class=\"shape-bg-image shape-bg-image-left\" alt=\"Background image shape - left\" height=\"510\" width=\"930\" aria-hidden=\"true\">\n\t\t\t<div class=\"overlay-gradient\"><\/div>\n\t\t<div class=\"container position-relative columns-70-30\">\n\t\t\t<div class=\"columns-block-row\">\n\t\t\t\t\t\t\t\t\n\t<div class=\"column-content \">\n\t\t\n\n<h2 class=\"wp-block-heading\">Sehen Sie selbst, was Board f\u00fcr Sie tun kann.<\/h2>\n\n\n\n<p>Sehen Sie sich unsere Enterprise Planning Platform in Aktion an.<\/p>\n\n\n\t<\/div>\n\n\n\t<div class=\"column-content \">\n\t\t\n\t\t<a href=\"https:\/\/wwwstg.board.com\/de\/demo-anfordern\" class=\"btn-link btn-link--white\"  target=\"\"\t\t\t>\n\t\t\t<span>Sprechen Sie mit einem Experten<\/span>\n\t\t<\/a>\n\t\n\n\t<\/div>\n\n\n\t\t\t<\/div>\n\t\t<\/div>\n\t<\/section>\n\n\t","protected":false},"excerpt":{"rendered":"","protected":false},"author":5,"featured_media":0,"parent":0,"menu_order":0,"comment_status":"closed","ping_status":"closed","template":"","meta":{"_acf_changed":false,"_themeisle_gutenberg_block_has_review":false,"footnotes":""},"line_of_business":[4386],"page_score_tier":[],"class_list":["post-3112","page","type-page","status-publish","hentry","line_of_business-not-assigned-de"],"acf":[],"yoast_head":"<!-- This site is optimized with the Yoast SEO plugin v27.4 - https:\/\/yoast.com\/product\/yoast-seo-wordpress\/ -->\n<title>Predictive Analytics-Tools und Advanced Analytics-Software<\/title>\n<meta name=\"description\" content=\"Nutzen Sie die M\u00f6glichkeiten der pr\u00e4diktiven Analyse im Tagesgesch\u00e4ft f\u00fcr eine intelligentere Planung mit Board BEAM.\" \/>\n<meta name=\"robots\" content=\"noindex, follow, max-snippet:-1, max-image-preview:large, max-video-preview:-1\" \/>\n<meta property=\"og:locale\" content=\"de_DE\" \/>\n<meta property=\"og:type\" content=\"article\" \/>\n<meta property=\"og:title\" content=\"Predictive Analytics-Tools und Advanced Analytics-Software\" \/>\n<meta property=\"og:description\" content=\"Nutzen Sie die M\u00f6glichkeiten der pr\u00e4diktiven Analyse im Tagesgesch\u00e4ft f\u00fcr eine intelligentere Planung mit Board BEAM.\" \/>\n<meta property=\"og:url\" content=\"https:\/\/wwwstg.board.com\/de\/capabilities-predictive-and-advanced-analytics\" \/>\n<meta property=\"og:site_name\" content=\"Board\" \/>\n<meta property=\"article:publisher\" content=\"https:\/\/www.facebook.com\/BOARD.International\" \/>\n<meta property=\"article:modified_time\" content=\"2025-12-02T16:15:39+00:00\" \/>\n<meta property=\"og:image\" content=\"https:\/\/wwwstg.board.com\/wp-content\/uploads\/2024\/09\/1200x627_opengraph_Board_Predictive-and-advanced-analytics-capability.jpg\" \/>\n<meta name=\"twitter:card\" content=\"summary_large_image\" \/>\n<meta name=\"twitter:site\" content=\"@BOARDSoftware\" \/>\n<meta name=\"twitter:label1\" content=\"Gesch\u00e4tzte Lesezeit\" \/>\n\t<meta name=\"twitter:data1\" content=\"6 Minuten\" \/>\n<script type=\"application\/ld+json\" class=\"yoast-schema-graph\">{\"@context\":\"https:\\\/\\\/schema.org\",\"@graph\":[{\"@type\":\"WebPage\",\"@id\":\"https:\\\/\\\/wwwstg.board.com\\\/de\\\/capabilities-predictive-and-advanced-analytics\",\"url\":\"https:\\\/\\\/wwwstg.board.com\\\/de\\\/capabilities-predictive-and-advanced-analytics\",\"name\":\"Predictive Analytics-Tools und Advanced Analytics-Software\",\"isPartOf\":{\"@id\":\"https:\\\/\\\/wwwstg.board.com\\\/de#website\"},\"primaryImageOfPage\":{\"@id\":\"https:\\\/\\\/wwwstg.board.com\\\/de\\\/capabilities-predictive-and-advanced-analytics#primaryimage\"},\"image\":{\"@id\":\"https:\\\/\\\/wwwstg.board.com\\\/de\\\/capabilities-predictive-and-advanced-analytics#primaryimage\"},\"thumbnailUrl\":\"https:\\\/\\\/wwwstg.board.com\\\/wp-content\\\/uploads\\\/2024\\\/09\\\/board-dashboard-screens-laptop.png\",\"datePublished\":\"2024-10-15T14:45:26+00:00\",\"dateModified\":\"2025-12-02T16:15:39+00:00\",\"description\":\"Nutzen Sie die M\u00f6glichkeiten der pr\u00e4diktiven Analyse im Tagesgesch\u00e4ft f\u00fcr eine intelligentere Planung mit Board BEAM.\",\"breadcrumb\":{\"@id\":\"https:\\\/\\\/wwwstg.board.com\\\/de\\\/capabilities-predictive-and-advanced-analytics#breadcrumb\"},\"inLanguage\":\"de-DE\",\"potentialAction\":[{\"@type\":\"ReadAction\",\"target\":[\"https:\\\/\\\/wwwstg.board.com\\\/de\\\/capabilities-predictive-and-advanced-analytics\"]}]},{\"@type\":\"ImageObject\",\"inLanguage\":\"de-DE\",\"@id\":\"https:\\\/\\\/wwwstg.board.com\\\/de\\\/capabilities-predictive-and-advanced-analytics#primaryimage\",\"url\":\"https:\\\/\\\/wwwstg.board.com\\\/wp-content\\\/uploads\\\/2024\\\/09\\\/board-dashboard-screens-laptop.png\",\"contentUrl\":\"https:\\\/\\\/wwwstg.board.com\\\/wp-content\\\/uploads\\\/2024\\\/09\\\/board-dashboard-screens-laptop.png\"},{\"@type\":\"BreadcrumbList\",\"@id\":\"https:\\\/\\\/wwwstg.board.com\\\/de\\\/capabilities-predictive-and-advanced-analytics#breadcrumb\",\"itemListElement\":[{\"@type\":\"ListItem\",\"position\":1,\"name\":\"Home\",\"item\":\"https:\\\/\\\/wwwstg.board.com\\\/de\"},{\"@type\":\"ListItem\",\"position\":2,\"name\":\"Board-Funktion: Pr\u00e4diktive und erweiterte Analysen\"}]},{\"@type\":\"WebSite\",\"@id\":\"https:\\\/\\\/wwwstg.board.com\\\/de#website\",\"url\":\"https:\\\/\\\/wwwstg.board.com\\\/de\",\"name\":\"Board\",\"description\":\"The Enterprise Planning Platform\",\"publisher\":{\"@id\":\"https:\\\/\\\/wwwstg.board.com\\\/de#organization\"},\"potentialAction\":[{\"@type\":\"SearchAction\",\"target\":{\"@type\":\"EntryPoint\",\"urlTemplate\":\"https:\\\/\\\/wwwstg.board.com\\\/de?s={search_term_string}\"},\"query-input\":{\"@type\":\"PropertyValueSpecification\",\"valueRequired\":true,\"valueName\":\"search_term_string\"}}],\"inLanguage\":\"de-DE\"},{\"@type\":\"Organization\",\"@id\":\"https:\\\/\\\/wwwstg.board.com\\\/de#organization\",\"name\":\"Board\",\"url\":\"https:\\\/\\\/wwwstg.board.com\\\/de\",\"logo\":{\"@type\":\"ImageObject\",\"inLanguage\":\"de-DE\",\"@id\":\"https:\\\/\\\/wwwstg.board.com\\\/de#\\\/schema\\\/logo\\\/image\\\/\",\"url\":\"https:\\\/\\\/wwwstg.board.com\\\/wp-content\\\/uploads\\\/2024\\\/08\\\/board-footer-logo-grey-0-1.png\",\"contentUrl\":\"https:\\\/\\\/wwwstg.board.com\\\/wp-content\\\/uploads\\\/2024\\\/08\\\/board-footer-logo-grey-0-1.png\",\"width\":297,\"height\":103,\"caption\":\"Board\"},\"image\":{\"@id\":\"https:\\\/\\\/wwwstg.board.com\\\/de#\\\/schema\\\/logo\\\/image\\\/\"},\"sameAs\":[\"https:\\\/\\\/www.facebook.com\\\/BOARD.International\",\"https:\\\/\\\/x.com\\\/BOARDSoftware\",\"https:\\\/\\\/www.linkedin.com\\\/company\\\/board\\\/\",\"https:\\\/\\\/www.youtube.com\\\/user\\\/BOARDInternationalSA\",\"https:\\\/\\\/en.wikipedia.org\\\/wiki\\\/Board_International\"]}]}<\/script>\n<!-- \/ Yoast SEO plugin. -->","yoast_head_json":{"title":"Predictive Analytics-Tools und Advanced Analytics-Software","description":"Nutzen Sie die M\u00f6glichkeiten der pr\u00e4diktiven Analyse im Tagesgesch\u00e4ft f\u00fcr eine intelligentere Planung mit Board BEAM.","robots":{"index":"noindex","follow":"follow","max-snippet":"max-snippet:-1","max-image-preview":"max-image-preview:large","max-video-preview":"max-video-preview:-1"},"og_locale":"de_DE","og_type":"article","og_title":"Predictive Analytics-Tools und Advanced Analytics-Software","og_description":"Nutzen Sie die M\u00f6glichkeiten der pr\u00e4diktiven Analyse im Tagesgesch\u00e4ft f\u00fcr eine intelligentere Planung mit Board BEAM.","og_url":"https:\/\/wwwstg.board.com\/de\/capabilities-predictive-and-advanced-analytics","og_site_name":"Board","article_publisher":"https:\/\/www.facebook.com\/BOARD.International","article_modified_time":"2025-12-02T16:15:39+00:00","og_image":[{"url":"https:\/\/wwwstg.board.com\/wp-content\/uploads\/2024\/09\/1200x627_opengraph_Board_Predictive-and-advanced-analytics-capability.jpg","type":"","width":"","height":""}],"twitter_card":"summary_large_image","twitter_site":"@BOARDSoftware","twitter_misc":{"Gesch\u00e4tzte Lesezeit":"6 Minuten"},"schema":{"@context":"https:\/\/schema.org","@graph":[{"@type":"WebPage","@id":"https:\/\/wwwstg.board.com\/de\/capabilities-predictive-and-advanced-analytics","url":"https:\/\/wwwstg.board.com\/de\/capabilities-predictive-and-advanced-analytics","name":"Predictive Analytics-Tools und Advanced Analytics-Software","isPartOf":{"@id":"https:\/\/wwwstg.board.com\/de#website"},"primaryImageOfPage":{"@id":"https:\/\/wwwstg.board.com\/de\/capabilities-predictive-and-advanced-analytics#primaryimage"},"image":{"@id":"https:\/\/wwwstg.board.com\/de\/capabilities-predictive-and-advanced-analytics#primaryimage"},"thumbnailUrl":"https:\/\/wwwstg.board.com\/wp-content\/uploads\/2024\/09\/board-dashboard-screens-laptop.png","datePublished":"2024-10-15T14:45:26+00:00","dateModified":"2025-12-02T16:15:39+00:00","description":"Nutzen Sie die M\u00f6glichkeiten der pr\u00e4diktiven Analyse im Tagesgesch\u00e4ft f\u00fcr eine intelligentere Planung mit Board BEAM.","breadcrumb":{"@id":"https:\/\/wwwstg.board.com\/de\/capabilities-predictive-and-advanced-analytics#breadcrumb"},"inLanguage":"de-DE","potentialAction":[{"@type":"ReadAction","target":["https:\/\/wwwstg.board.com\/de\/capabilities-predictive-and-advanced-analytics"]}]},{"@type":"ImageObject","inLanguage":"de-DE","@id":"https:\/\/wwwstg.board.com\/de\/capabilities-predictive-and-advanced-analytics#primaryimage","url":"https:\/\/wwwstg.board.com\/wp-content\/uploads\/2024\/09\/board-dashboard-screens-laptop.png","contentUrl":"https:\/\/wwwstg.board.com\/wp-content\/uploads\/2024\/09\/board-dashboard-screens-laptop.png"},{"@type":"BreadcrumbList","@id":"https:\/\/wwwstg.board.com\/de\/capabilities-predictive-and-advanced-analytics#breadcrumb","itemListElement":[{"@type":"ListItem","position":1,"name":"Home","item":"https:\/\/wwwstg.board.com\/de"},{"@type":"ListItem","position":2,"name":"Board-Funktion: Pr\u00e4diktive und erweiterte Analysen"}]},{"@type":"WebSite","@id":"https:\/\/wwwstg.board.com\/de#website","url":"https:\/\/wwwstg.board.com\/de","name":"Board","description":"The Enterprise Planning Platform","publisher":{"@id":"https:\/\/wwwstg.board.com\/de#organization"},"potentialAction":[{"@type":"SearchAction","target":{"@type":"EntryPoint","urlTemplate":"https:\/\/wwwstg.board.com\/de?s={search_term_string}"},"query-input":{"@type":"PropertyValueSpecification","valueRequired":true,"valueName":"search_term_string"}}],"inLanguage":"de-DE"},{"@type":"Organization","@id":"https:\/\/wwwstg.board.com\/de#organization","name":"Board","url":"https:\/\/wwwstg.board.com\/de","logo":{"@type":"ImageObject","inLanguage":"de-DE","@id":"https:\/\/wwwstg.board.com\/de#\/schema\/logo\/image\/","url":"https:\/\/wwwstg.board.com\/wp-content\/uploads\/2024\/08\/board-footer-logo-grey-0-1.png","contentUrl":"https:\/\/wwwstg.board.com\/wp-content\/uploads\/2024\/08\/board-footer-logo-grey-0-1.png","width":297,"height":103,"caption":"Board"},"image":{"@id":"https:\/\/wwwstg.board.com\/de#\/schema\/logo\/image\/"},"sameAs":["https:\/\/www.facebook.com\/BOARD.International","https:\/\/x.com\/BOARDSoftware","https:\/\/www.linkedin.com\/company\/board\/","https:\/\/www.youtube.com\/user\/BOARDInternationalSA","https:\/\/en.wikipedia.org\/wiki\/Board_International"]}]}},"_links":{"self":[{"href":"https:\/\/wwwstg.board.com\/de\/wp-json\/wp\/v2\/pages\/3112","targetHints":{"allow":["GET"]}}],"collection":[{"href":"https:\/\/wwwstg.board.com\/de\/wp-json\/wp\/v2\/pages"}],"about":[{"href":"https:\/\/wwwstg.board.com\/de\/wp-json\/wp\/v2\/types\/page"}],"author":[{"embeddable":true,"href":"https:\/\/wwwstg.board.com\/de\/wp-json\/wp\/v2\/users\/5"}],"replies":[{"embeddable":true,"href":"https:\/\/wwwstg.board.com\/de\/wp-json\/wp\/v2\/comments?post=3112"}],"version-history":[{"count":0,"href":"https:\/\/wwwstg.board.com\/de\/wp-json\/wp\/v2\/pages\/3112\/revisions"}],"wp:attachment":[{"href":"https:\/\/wwwstg.board.com\/de\/wp-json\/wp\/v2\/media?parent=3112"}],"wp:term":[{"taxonomy":"line_of_business","embeddable":true,"href":"https:\/\/wwwstg.board.com\/de\/wp-json\/wp\/v2\/line_of_business?post=3112"},{"taxonomy":"page_score_tier","embeddable":true,"href":"https:\/\/wwwstg.board.com\/de\/wp-json\/wp\/v2\/page_score_tier?post=3112"}],"curies":[{"name":"wp","href":"https:\/\/api.w.org\/{rel}","templated":true}]}}