{"id":2743,"date":"2024-09-26T08:31:19","date_gmt":"2024-09-26T08:31:19","guid":{"rendered":"https:\/\/www.board.com\/ms-office-integration\/"},"modified":"2025-02-26T20:50:09","modified_gmt":"2025-02-26T20:50:09","slug":"ms-office-integration","status":"publish","type":"page","link":"https:\/\/wwwstg.board.com\/de\/ms-office-integration","title":{"rendered":"Board-Funktion: <br>MS Office\u00ae Integration"},"content":{"rendered":"\t<section id=\"block_2c7ce50aa959bec0d6b0c44d739ea8bb-\" class=\"block block--spc columns-block block-hero-grad grid grid--2 bg-primary-gradient-02\">\n\t\t<div class=\"container\">\n\t\t\t<div class=\"columns-block-row\">\n\t\t\t\t\n\t<div class=\"column-content d-flex align-items-center\">\n\t\t<div class=\"hero-grad-left\">\n\t\t\t<div class=\"hero-grad-copy\">\n\t\t\t\t\t\t\t\t\n\n<h1 class=\"wp-block-heading\">Board-Funktion: <br\/>MS Office\u00ae Integration<\/h1>\n\n\n\n<p>Die volle Leistungsf\u00e4higkeit von Board in MS Office aussch\u00f6pfen<\/p>\n\n\n\t<div class=\"hero-grad-nav\">\n\t\t\n\t\t<a href=\"\/de\/watch-demo\" class=\"btn-link btn-link--white\"  target=\"\"\t\t\t>\n\t\t\t<span>Sehen Sie Board in Aktion<\/span>\n\t\t<\/a>\n\t\n\n\t\t<a href=\"https:\/\/wwwstg.board.com\/de\/demo-anfordern\" class=\"btn-link btn-link--white btn-link--arrow\"  target=\"\"\t\t\t>\n\t\t\t<span>Demo anfordern<\/span>\n\t\t\t<span class=\"ico icon-chevron-right\" aria-hidden=\"true\"><\/span>\n\t\t<\/a>\n\t\n\n\t<\/div>\n\n\n\n\t\t\t\t\n\t\t\t\t\t\t\t<\/div>\n\t\t<\/div>\n\t<\/div>\n\n\n\t\t\t<\/div>\n\t\t<\/div>\n\t<\/section>\n\t<section id=\"block_815e306232f9e8d735d0e3c760b8681c-1\" class=\"block block--spc columns-block\">\n\t\t<div class=\"container position-relative\">\n\t\t\t<div class=\"columns-block-row\">\n\t\t\t\t\t\t\t\t\n\t<div id=\"block_346c572bf9946dd1053eb5747ce56edc\" class=\"column-content   text-start align-self-start column-narrow column-narrow-extra\">\n\t\t\n\n<p>Greifen Sie mit dem Board Office Add-in direkt aus Ihren Microsoft Excel-, PowerPoint- und Word-Anwendungen auf die multidimensionalen Datenmodelle von Board zu. F\u00fchren Sie Drill-Down-, Drill-Anywhere-, Slice-and-Dice- und Ad-hoc-Abfragen direkt aus Excel-Tabellen aus oder verwenden Sie Board-Tabellen, -Diagramme und -Analysen, um dynamische, sich selbst aktualisierende Word-Dokumente und PowerPoint-Folien zu erstellen. <\/p>\n\n\n\t<\/div>\n\n\n\t\t\t<\/div>\n\t\t<\/div>\n\t<\/section>\n\n\t\t<section id=\"block_d0d83f6d69aae1ec5e0240f39cbff227-2\" class=\"block block--spc columns-block image-text bg-neutral-50\">\n\n\t\t\n\t\t<div class=\"container position-relative\">\n\t\t\t<div class=\"columns-block-row\">\n\t\t\t\t\t\t\t\t\n\t<div class=\"column-content \">\n\t\t\n\n<h5 class=\"wp-block-heading\"><strong>Excel\u00ae als Board Client nutzen<\/strong><\/h5>\n\n\n\n<p>Das Board Office Add-in bietet die M\u00f6glichkeit, \u00fcber die standardm\u00e4\u00dfigen Excel-Berichtstools hinauszugehen und direkt auf Board-Berichte zuzugreifen und sie in der vertrauten Excel-Umgebung zu verwenden. Ein Live-Link zu den in Board gespeicherten Quelldaten erm\u00f6glicht es den Benutzern, \u00c4nderungen an den Zahlen vorzunehmen, die Analysedimensionen zu \u00e4ndern und weitere Informationen aufzuschl\u00fcsseln, wobei die Integrit\u00e4t der urspr\u00fcnglichen Datenquelle erhalten bleibt. <\/p>\n\n\n\n<p>Dar\u00fcber hinaus unterst\u00fctzt das Board Office Add-in sowohl die Online- als auch die Offline-Dateneingabe in Excel. Mit seiner Offline-F\u00e4higkeit macht das Add-in die Datenerfassung effizienter: Benutzer k\u00f6nnen arbeiten, ohne mit Board verbunden zu sein, und k\u00f6nnen die Daten automatisch synchronisieren, wenn sie die Verbindung wiederherstellen, ohne dass die Integrit\u00e4t, Konsistenz und Nachvollziehbarkeit der Daten beeintr\u00e4chtigt wird. <\/p>\n\n\n\t<\/div>\n\n\n\t<div class=\"column-content \">\n\t\t\n\n<figure class=\"wp-block-image size-large\"><img loading=\"lazy\" decoding=\"async\" width=\"1600\" height=\"866\" src=\"https:\/\/wwwstg.board.com\/wp-content\/uploads\/2024\/09\/board_office_plugin_-_excel-1600x866.jpg\" alt=\"\" class=\"wp-image-1722\" srcset=\"https:\/\/wwwstg.board.com\/wp-content\/uploads\/2024\/09\/board_office_plugin_-_excel-1600x866.jpg 1600w, https:\/\/wwwstg.board.com\/wp-content\/uploads\/2024\/09\/board_office_plugin_-_excel-215x116.jpg 215w, https:\/\/wwwstg.board.com\/wp-content\/uploads\/2024\/09\/board_office_plugin_-_excel-768x415.jpg 768w, https:\/\/wwwstg.board.com\/wp-content\/uploads\/2024\/09\/board_office_plugin_-_excel-1536x831.jpg 1536w, https:\/\/wwwstg.board.com\/wp-content\/uploads\/2024\/09\/board_office_plugin_-_excel-480x260.jpg 480w, https:\/\/wwwstg.board.com\/wp-content\/uploads\/2024\/09\/board_office_plugin_-_excel.jpg 1917w\" sizes=\"auto, (max-width: 1600px) 100vw, 1600px\" \/><\/figure>\n\n\t\n\t<\/div>\n\t\n\n\t\t\t<\/div>\n\t\t<\/div>\n\t<\/section>\n\n\t<section id=\"block_8c3b270b6fffafdfa203455f800e910d-3\" class=\"block block--spc columns-block image-text\">\n\n\t\t\n\t\t<div class=\"container position-relative\">\n\t\t\t<div class=\"columns-block-row\">\n\t\t\t\t\t\t\t\t\n\t<div class=\"column-content \">\n\t\t\n\n<figure class=\"wp-block-image size-large\"><img loading=\"lazy\" decoding=\"async\" width=\"1600\" height=\"866\" src=\"https:\/\/wwwstg.board.com\/wp-content\/uploads\/2024\/09\/board_office_plugin_-_word-1600x866.jpg\" alt=\"\" class=\"wp-image-1728\" srcset=\"https:\/\/wwwstg.board.com\/wp-content\/uploads\/2024\/09\/board_office_plugin_-_word-1600x866.jpg 1600w, https:\/\/wwwstg.board.com\/wp-content\/uploads\/2024\/09\/board_office_plugin_-_word-215x116.jpg 215w, https:\/\/wwwstg.board.com\/wp-content\/uploads\/2024\/09\/board_office_plugin_-_word-768x415.jpg 768w, https:\/\/wwwstg.board.com\/wp-content\/uploads\/2024\/09\/board_office_plugin_-_word-1536x831.jpg 1536w, https:\/\/wwwstg.board.com\/wp-content\/uploads\/2024\/09\/board_office_plugin_-_word-480x260.jpg 480w, https:\/\/wwwstg.board.com\/wp-content\/uploads\/2024\/09\/board_office_plugin_-_word.jpg 1917w\" sizes=\"auto, (max-width: 1600px) 100vw, 1600px\" \/><\/figure>\n\n\t\n\t<\/div>\n\t\n\n\t<div class=\"column-content \">\n\t\t\n\n<h5 class=\"wp-block-heading\"><strong>Reichern Sie Word-Dokumenten mit Analysen an<\/strong><\/h5>\n\n\n\n<p>Mit dem Board Office Add-in k\u00f6nnen Sie ganz einfach hochprofessionelle Word-Dokumente erstellen, die live aufbereitete Tabellen, Diagramme und Messwerte enthalten. Dank der M\u00f6glichkeit, eine Live-Verkn\u00fcpfung zu den Quelldaten herzustellen, k\u00f6nnen Sie m\u00fchelos gesetzlich vorgeschriebene Berichte und Managementberichte oder Brosch\u00fcren erstellen, die in Sekundenschnelle mit den neuesten Daten aktualisiert werden. <\/p>\n\n\n\n<p>Sparen Sie viel Zeit, indem Sie die Informationen nicht mehr manuell aus verschiedenen Quellen zusammenstellen, in eine Berichtsvorlage eingeben und die Daten doppelt \u00fcberpr\u00fcfen m\u00fcssen. Mit Board geschieht dies alles auf Knopfdruck. Dadurch werden Unternehmensressourcen f\u00fcr wertsch\u00f6pfende Aufgaben freigesetzt und es wird sichergestellt, dass die Berichte immer aktuell sind. <\/p>\n\n\n\t<\/div>\n\n\n\t\t\t<\/div>\n\t\t<\/div>\n\t<\/section>\n\n\t<section id=\"block_d0d83f6d69aae1ec5e0240f39cbff227-4\" class=\"block block--spc columns-block image-text bg-neutral-50\">\n\n\t\t\n\t\t<div class=\"container position-relative\">\n\t\t\t<div class=\"columns-block-row\">\n\t\t\t\t\t\t\t\t\n\t<div class=\"column-content \">\n\t\t\n\n<h5 class=\"wp-block-heading\"><strong>Pr\u00e4sentieren Sie Ihre Datenanalysen in PowerPoint<\/strong><\/h5>\n\n\n\n<p>Mit dem Board Office Add-in f\u00fcr PowerPoint geh\u00f6rt die langwierige Vorbereitung von Pr\u00e4sentationen der Vergangenheit an. F\u00fcgen Sie Board-Charts, Datenansichten, Cockpits, Blasendiagramme und Karten in Ihre Folien ein, um beeindruckende Pr\u00e4sentationen zu erstellen, die dank einer Live-Verbindung mit den zugrunde liegenden Daten automatisch aktualisiert werden k\u00f6nnen. <\/p>\n\n\n\n<p>Regelm\u00e4\u00dfig erstellte Pr\u00e4sentationen, wie z. B. monatliche Abteilungs-Updates, k\u00f6nnen sofort mit den neuesten Zahlen aktualisiert werden, so dass Ihnen mehr Zeit bleibt, sich auf Ihre Argumente bez\u00fcglich der Ergebnisse zu konzentrieren.<\/p>\n\n\n\t<\/div>\n\n\n\t<div class=\"column-content \">\n\t\t\n\n<figure class=\"wp-block-image size-large\"><img loading=\"lazy\" decoding=\"async\" width=\"1600\" height=\"866\" src=\"https:\/\/wwwstg.board.com\/wp-content\/uploads\/2024\/09\/board_office_plugin_-_powerpoint-1600x866.jpg\" alt=\"\" class=\"wp-image-1734\" srcset=\"https:\/\/wwwstg.board.com\/wp-content\/uploads\/2024\/09\/board_office_plugin_-_powerpoint-1600x866.jpg 1600w, https:\/\/wwwstg.board.com\/wp-content\/uploads\/2024\/09\/board_office_plugin_-_powerpoint-215x116.jpg 215w, https:\/\/wwwstg.board.com\/wp-content\/uploads\/2024\/09\/board_office_plugin_-_powerpoint-768x416.jpg 768w, https:\/\/wwwstg.board.com\/wp-content\/uploads\/2024\/09\/board_office_plugin_-_powerpoint-1536x832.jpg 1536w, https:\/\/wwwstg.board.com\/wp-content\/uploads\/2024\/09\/board_office_plugin_-_powerpoint-480x260.jpg 480w, https:\/\/wwwstg.board.com\/wp-content\/uploads\/2024\/09\/board_office_plugin_-_powerpoint.jpg 1919w\" sizes=\"auto, (max-width: 1600px) 100vw, 1600px\" \/><\/figure>\n\n\t\n\t<\/div>\n\t\n\n\t\t\t<\/div>\n\t\t<\/div>\n\t<\/section>\n\n\t<section id=\"block_815e306232f9e8d735d0e3c760b8681c-5\" class=\"block block--spc columns-block\">\n\t\t<div class=\"container position-relative\">\n\t\t\t<div class=\"columns-block-row\">\n\t\t\t\t\t\t\t\t\n\t<div id=\"block_346c572bf9946dd1053eb5747ce56edc\" class=\"column-content   text-start align-self-start column-narrow column-narrow-extra\">\n\t\t\n\n<h5 class=\"wp-block-heading\"><strong>Kinderleicht Dokumente aktualisieren<\/strong><\/h5>\n\n\n\n<p>Board bietet Funktionen zur Planung automatischer Aktualisierungen. So k\u00f6nnen Sie gew\u00e4hrleisten, dass all ihre Excel, Word und PowerPoint Dokumente mit Board Berichten und Daten stets auf dem neuesten Stand sind, f\u00fcr eine zeitnahe gemeinsame Nutzung bzw. Verteilung zur Verf\u00fcgung stehen und jederzeit den aktuellen zugrunde liegenden Daten entsprechen.<\/p>\n\n\n\t<\/div>\n\n\n\t\t\t<\/div>\n\t\t<\/div>\n\t<\/section>\n\n\t\t<section id=\"block_71e792f74636d998675ae9dddee952f4-6\" class=\"block block--spc columns-block pt-0\">\n\t\t<div class=\"container position-relative\">\n\t\t\t<div class=\"columns-block-row\">\n\t\t\t\t\t\t\t\t\n\t<div id=\"block_86c13699f3f05fe5cd6d236e96235607\" class=\"column-content   text-center align-self-start column-narrow column-narrow-extra column-center\">\n\t\t\n\t\t<a aria-label=\"N\u00e4chste Funktion: Planung\" href=\"\/de\/planung\" class=\"full-link full-link__icon\"  target=\"\"><\/a>\n\n\t\t<a href=\"\/de\/planung\" class=\"btn-link btn-link--primary btn-link--icon\"  target=\"\"\t\t\t>\n\t\t\t<span>N\u00e4chste Funktion: Planung<\/span>\n\t\t\t<span class=\"ico icon-chevron-right\" aria-hidden=\"true\"><\/span>\n\t\t<\/a>\n\t\n\n\t<\/div>\n\n\n\t\t\t<\/div>\n\t\t<\/div>\n\t<\/section>\n\n\t\t<section id=\"block_5291dd59f8c627980969a4d21d178e32-7\" class=\"block block--spc columns-block spacing-md footer-cta bg-violet-700\">\n\t\t\n\t\t\t<img loading=\"lazy\" decoding=\"async\" src=\"https:\/\/wwwstg.board.com\/wp-content\/uploads\/2024\/08\/pre-footersvg.svg\" class=\"shape-bg-image shape-bg-image-left\" alt=\"Background image shape - left\" height=\"510\" width=\"930\" aria-hidden=\"true\">\n\t\t\t<div class=\"overlay-gradient\"><\/div>\n\t\t<div class=\"container position-relative columns-70-30\">\n\t\t\t<div class=\"columns-block-row\">\n\t\t\t\t\t\t\t\t\n\t<div class=\"column-content \">\n\t\t\n\n<h2 class=\"wp-block-heading\">Sehen Sie selbst, was Board f\u00fcr Sie tun kann.<\/h2>\n\n\n\n<p>Sehen Sie sich unsere Enterprise Planning Platform in Aktion an.<\/p>\n\n\n\t<\/div>\n\n\n\t<div class=\"column-content \">\n\t\t\n\t\t<a href=\"https:\/\/wwwstg.board.com\/de\/demo-anfordern\" class=\"btn-link btn-link--white\"  target=\"\"\t\t\t>\n\t\t\t<span>Sprechen Sie mit einem Experten<\/span>\n\t\t<\/a>\n\t\n\n\t<\/div>\n\n\n\t\t\t<\/div>\n\t\t<\/div>\n\t<\/section>\n\n\t","protected":false},"excerpt":{"rendered":"","protected":false},"author":3,"featured_media":0,"parent":0,"menu_order":0,"comment_status":"closed","ping_status":"closed","template":"","meta":{"_acf_changed":false,"_themeisle_gutenberg_block_has_review":false,"footnotes":""},"line_of_business":[4386],"page_score_tier":[],"class_list":["post-2743","page","type-page","status-publish","hentry","line_of_business-not-assigned-de"],"acf":[],"yoast_head":"<!-- This site is optimized with the Yoast SEO plugin v27.4 - https:\/\/yoast.com\/product\/yoast-seo-wordpress\/ -->\n<title>BI-Software mit Microsoft Office-Integration<\/title>\n<meta name=\"description\" content=\"Die einheitliche Board Entscheidungsfindungsplattform \u2013 ein neuer Standard f\u00fcr Analyse- und Excel-gest\u00fctzte BI-Software mit voller Office-Integration\" \/>\n<meta name=\"robots\" content=\"noindex, follow, max-snippet:-1, max-image-preview:large, max-video-preview:-1\" \/>\n<meta property=\"og:locale\" content=\"de_DE\" \/>\n<meta property=\"og:type\" content=\"article\" \/>\n<meta property=\"og:title\" content=\"BI-Software mit Microsoft Office-Integration\" \/>\n<meta property=\"og:description\" content=\"Die einheitliche Board Entscheidungsfindungsplattform \u2013 ein neuer Standard f\u00fcr Analyse- und Excel-gest\u00fctzte BI-Software mit voller Office-Integration\" \/>\n<meta property=\"og:url\" content=\"https:\/\/wwwstg.board.com\/de\/ms-office-integration\" \/>\n<meta property=\"og:site_name\" content=\"Board\" \/>\n<meta property=\"article:publisher\" content=\"https:\/\/www.facebook.com\/BOARD.International\" \/>\n<meta property=\"article:modified_time\" content=\"2025-02-26T20:50:09+00:00\" \/>\n<meta property=\"og:image\" content=\"https:\/\/wwwstg.board.com\/wp-content\/uploads\/2025\/01\/1200x627_opengraph_board_ms-officer-integration-capability.jpg\" \/>\n<meta name=\"twitter:card\" content=\"summary_large_image\" \/>\n<meta name=\"twitter:site\" content=\"@BOARDSoftware\" \/>\n<meta name=\"twitter:label1\" content=\"Gesch\u00e4tzte Lesezeit\" \/>\n\t<meta name=\"twitter:data1\" content=\"5 Minuten\" \/>\n<script type=\"application\/ld+json\" class=\"yoast-schema-graph\">{\"@context\":\"https:\\\/\\\/schema.org\",\"@graph\":[{\"@type\":\"WebPage\",\"@id\":\"https:\\\/\\\/wwwstg.board.com\\\/de\\\/ms-office-integration\",\"url\":\"https:\\\/\\\/wwwstg.board.com\\\/de\\\/ms-office-integration\",\"name\":\"BI-Software mit Microsoft Office-Integration\",\"isPartOf\":{\"@id\":\"https:\\\/\\\/wwwstg.board.com\\\/de#website\"},\"primaryImageOfPage\":{\"@id\":\"https:\\\/\\\/wwwstg.board.com\\\/de\\\/ms-office-integration#primaryimage\"},\"image\":{\"@id\":\"https:\\\/\\\/wwwstg.board.com\\\/de\\\/ms-office-integration#primaryimage\"},\"thumbnailUrl\":\"https:\\\/\\\/wwwstg.board.com\\\/wp-content\\\/uploads\\\/2024\\\/09\\\/board_office_plugin_-_excel-1600x866.jpg\",\"datePublished\":\"2024-09-26T08:31:19+00:00\",\"dateModified\":\"2025-02-26T20:50:09+00:00\",\"description\":\"Die einheitliche Board Entscheidungsfindungsplattform \u2013 ein neuer Standard f\u00fcr Analyse- und Excel-gest\u00fctzte BI-Software mit voller Office-Integration\",\"breadcrumb\":{\"@id\":\"https:\\\/\\\/wwwstg.board.com\\\/de\\\/ms-office-integration#breadcrumb\"},\"inLanguage\":\"de-DE\",\"potentialAction\":[{\"@type\":\"ReadAction\",\"target\":[\"https:\\\/\\\/wwwstg.board.com\\\/de\\\/ms-office-integration\"]}]},{\"@type\":\"ImageObject\",\"inLanguage\":\"de-DE\",\"@id\":\"https:\\\/\\\/wwwstg.board.com\\\/de\\\/ms-office-integration#primaryimage\",\"url\":\"https:\\\/\\\/wwwstg.board.com\\\/wp-content\\\/uploads\\\/2024\\\/09\\\/board_office_plugin_-_excel-1600x866.jpg\",\"contentUrl\":\"https:\\\/\\\/wwwstg.board.com\\\/wp-content\\\/uploads\\\/2024\\\/09\\\/board_office_plugin_-_excel-1600x866.jpg\"},{\"@type\":\"BreadcrumbList\",\"@id\":\"https:\\\/\\\/wwwstg.board.com\\\/de\\\/ms-office-integration#breadcrumb\",\"itemListElement\":[{\"@type\":\"ListItem\",\"position\":1,\"name\":\"Home\",\"item\":\"https:\\\/\\\/wwwstg.board.com\\\/de\"},{\"@type\":\"ListItem\",\"position\":2,\"name\":\"Board-Funktion: MS Office\u00ae Integration\"}]},{\"@type\":\"WebSite\",\"@id\":\"https:\\\/\\\/wwwstg.board.com\\\/de#website\",\"url\":\"https:\\\/\\\/wwwstg.board.com\\\/de\",\"name\":\"Board\",\"description\":\"The Enterprise Planning Platform\",\"publisher\":{\"@id\":\"https:\\\/\\\/wwwstg.board.com\\\/de#organization\"},\"potentialAction\":[{\"@type\":\"SearchAction\",\"target\":{\"@type\":\"EntryPoint\",\"urlTemplate\":\"https:\\\/\\\/wwwstg.board.com\\\/de?s={search_term_string}\"},\"query-input\":{\"@type\":\"PropertyValueSpecification\",\"valueRequired\":true,\"valueName\":\"search_term_string\"}}],\"inLanguage\":\"de-DE\"},{\"@type\":\"Organization\",\"@id\":\"https:\\\/\\\/wwwstg.board.com\\\/de#organization\",\"name\":\"Board\",\"url\":\"https:\\\/\\\/wwwstg.board.com\\\/de\",\"logo\":{\"@type\":\"ImageObject\",\"inLanguage\":\"de-DE\",\"@id\":\"https:\\\/\\\/wwwstg.board.com\\\/de#\\\/schema\\\/logo\\\/image\\\/\",\"url\":\"https:\\\/\\\/wwwstg.board.com\\\/wp-content\\\/uploads\\\/2024\\\/08\\\/board-footer-logo-grey-0-1.png\",\"contentUrl\":\"https:\\\/\\\/wwwstg.board.com\\\/wp-content\\\/uploads\\\/2024\\\/08\\\/board-footer-logo-grey-0-1.png\",\"width\":297,\"height\":103,\"caption\":\"Board\"},\"image\":{\"@id\":\"https:\\\/\\\/wwwstg.board.com\\\/de#\\\/schema\\\/logo\\\/image\\\/\"},\"sameAs\":[\"https:\\\/\\\/www.facebook.com\\\/BOARD.International\",\"https:\\\/\\\/x.com\\\/BOARDSoftware\",\"https:\\\/\\\/www.linkedin.com\\\/company\\\/board\\\/\",\"https:\\\/\\\/www.youtube.com\\\/user\\\/BOARDInternationalSA\",\"https:\\\/\\\/en.wikipedia.org\\\/wiki\\\/Board_International\"]}]}<\/script>\n<!-- \/ Yoast SEO plugin. -->","yoast_head_json":{"title":"BI-Software mit Microsoft Office-Integration","description":"Die einheitliche Board Entscheidungsfindungsplattform \u2013 ein neuer Standard f\u00fcr Analyse- und Excel-gest\u00fctzte BI-Software mit voller Office-Integration","robots":{"index":"noindex","follow":"follow","max-snippet":"max-snippet:-1","max-image-preview":"max-image-preview:large","max-video-preview":"max-video-preview:-1"},"og_locale":"de_DE","og_type":"article","og_title":"BI-Software mit Microsoft Office-Integration","og_description":"Die einheitliche Board Entscheidungsfindungsplattform \u2013 ein neuer Standard f\u00fcr Analyse- und Excel-gest\u00fctzte BI-Software mit voller Office-Integration","og_url":"https:\/\/wwwstg.board.com\/de\/ms-office-integration","og_site_name":"Board","article_publisher":"https:\/\/www.facebook.com\/BOARD.International","article_modified_time":"2025-02-26T20:50:09+00:00","og_image":[{"url":"https:\/\/wwwstg.board.com\/wp-content\/uploads\/2025\/01\/1200x627_opengraph_board_ms-officer-integration-capability.jpg","type":"","width":"","height":""}],"twitter_card":"summary_large_image","twitter_site":"@BOARDSoftware","twitter_misc":{"Gesch\u00e4tzte Lesezeit":"5 Minuten"},"schema":{"@context":"https:\/\/schema.org","@graph":[{"@type":"WebPage","@id":"https:\/\/wwwstg.board.com\/de\/ms-office-integration","url":"https:\/\/wwwstg.board.com\/de\/ms-office-integration","name":"BI-Software mit Microsoft Office-Integration","isPartOf":{"@id":"https:\/\/wwwstg.board.com\/de#website"},"primaryImageOfPage":{"@id":"https:\/\/wwwstg.board.com\/de\/ms-office-integration#primaryimage"},"image":{"@id":"https:\/\/wwwstg.board.com\/de\/ms-office-integration#primaryimage"},"thumbnailUrl":"https:\/\/wwwstg.board.com\/wp-content\/uploads\/2024\/09\/board_office_plugin_-_excel-1600x866.jpg","datePublished":"2024-09-26T08:31:19+00:00","dateModified":"2025-02-26T20:50:09+00:00","description":"Die einheitliche Board Entscheidungsfindungsplattform \u2013 ein neuer Standard f\u00fcr Analyse- und Excel-gest\u00fctzte BI-Software mit voller Office-Integration","breadcrumb":{"@id":"https:\/\/wwwstg.board.com\/de\/ms-office-integration#breadcrumb"},"inLanguage":"de-DE","potentialAction":[{"@type":"ReadAction","target":["https:\/\/wwwstg.board.com\/de\/ms-office-integration"]}]},{"@type":"ImageObject","inLanguage":"de-DE","@id":"https:\/\/wwwstg.board.com\/de\/ms-office-integration#primaryimage","url":"https:\/\/wwwstg.board.com\/wp-content\/uploads\/2024\/09\/board_office_plugin_-_excel-1600x866.jpg","contentUrl":"https:\/\/wwwstg.board.com\/wp-content\/uploads\/2024\/09\/board_office_plugin_-_excel-1600x866.jpg"},{"@type":"BreadcrumbList","@id":"https:\/\/wwwstg.board.com\/de\/ms-office-integration#breadcrumb","itemListElement":[{"@type":"ListItem","position":1,"name":"Home","item":"https:\/\/wwwstg.board.com\/de"},{"@type":"ListItem","position":2,"name":"Board-Funktion: MS Office\u00ae Integration"}]},{"@type":"WebSite","@id":"https:\/\/wwwstg.board.com\/de#website","url":"https:\/\/wwwstg.board.com\/de","name":"Board","description":"The Enterprise Planning Platform","publisher":{"@id":"https:\/\/wwwstg.board.com\/de#organization"},"potentialAction":[{"@type":"SearchAction","target":{"@type":"EntryPoint","urlTemplate":"https:\/\/wwwstg.board.com\/de?s={search_term_string}"},"query-input":{"@type":"PropertyValueSpecification","valueRequired":true,"valueName":"search_term_string"}}],"inLanguage":"de-DE"},{"@type":"Organization","@id":"https:\/\/wwwstg.board.com\/de#organization","name":"Board","url":"https:\/\/wwwstg.board.com\/de","logo":{"@type":"ImageObject","inLanguage":"de-DE","@id":"https:\/\/wwwstg.board.com\/de#\/schema\/logo\/image\/","url":"https:\/\/wwwstg.board.com\/wp-content\/uploads\/2024\/08\/board-footer-logo-grey-0-1.png","contentUrl":"https:\/\/wwwstg.board.com\/wp-content\/uploads\/2024\/08\/board-footer-logo-grey-0-1.png","width":297,"height":103,"caption":"Board"},"image":{"@id":"https:\/\/wwwstg.board.com\/de#\/schema\/logo\/image\/"},"sameAs":["https:\/\/www.facebook.com\/BOARD.International","https:\/\/x.com\/BOARDSoftware","https:\/\/www.linkedin.com\/company\/board\/","https:\/\/www.youtube.com\/user\/BOARDInternationalSA","https:\/\/en.wikipedia.org\/wiki\/Board_International"]}]}},"_links":{"self":[{"href":"https:\/\/wwwstg.board.com\/de\/wp-json\/wp\/v2\/pages\/2743","targetHints":{"allow":["GET"]}}],"collection":[{"href":"https:\/\/wwwstg.board.com\/de\/wp-json\/wp\/v2\/pages"}],"about":[{"href":"https:\/\/wwwstg.board.com\/de\/wp-json\/wp\/v2\/types\/page"}],"author":[{"embeddable":true,"href":"https:\/\/wwwstg.board.com\/de\/wp-json\/wp\/v2\/users\/3"}],"replies":[{"embeddable":true,"href":"https:\/\/wwwstg.board.com\/de\/wp-json\/wp\/v2\/comments?post=2743"}],"version-history":[{"count":0,"href":"https:\/\/wwwstg.board.com\/de\/wp-json\/wp\/v2\/pages\/2743\/revisions"}],"wp:attachment":[{"href":"https:\/\/wwwstg.board.com\/de\/wp-json\/wp\/v2\/media?parent=2743"}],"wp:term":[{"taxonomy":"line_of_business","embeddable":true,"href":"https:\/\/wwwstg.board.com\/de\/wp-json\/wp\/v2\/line_of_business?post=2743"},{"taxonomy":"page_score_tier","embeddable":true,"href":"https:\/\/wwwstg.board.com\/de\/wp-json\/wp\/v2\/page_score_tier?post=2743"}],"curies":[{"name":"wp","href":"https:\/\/api.w.org\/{rel}","templated":true}]}}